{"id":49069,"date":"2023-04-19T16:48:01","date_gmt":"2023-04-19T14:48:01","guid":{"rendered":"http:\/\/www.gltfoundation.com\/?page_id=49069"},"modified":"2024-02-09T17:51:55","modified_gmt":"2024-02-09T16:51:55","slug":"app-coscient-independant","status":"publish","type":"page","link":"https:\/\/www.gltfoundation.com\/fr\/les-femmes-et-les-familles\/app-coscient-independant\/","title":{"rendered":"APP &#8211; Conscient et ind\u00e9pendant"},"content":{"rendered":"   \n\n      <!-- INTRO INNER PAGE -->\n   <section class=\"intro-part-1\">\n       <div class=\"intro-inner-page bg-green-light glt-top-space\">\n           <!-- rounded box -->\n           <div class=\"container\">\n               <div class=\"row\">\n                   <div class=\"col\">\n                       <div class=\"el-rounded has-shadow-big bg-white\">\n                           <p class=\"breadcrumbs\" id=\"breadcrumbs\"><span><span><a href=\"https:\/\/www.gltfoundation.com\/fr\/\">Home<\/a><\/span><\/span><\/p>\n                           <div class=\"row justify-content-center\">\n                               <div class=\"col mb-4\">\n                                                                          <h2>APP &#8211; Conscient et ind\u00e9pendant<\/h2>\n                                                                                                             <h5 class=\"mt-5\"><p>L&rsquo;APP Conscient et ind\u00e9pendant permet d&rsquo;acc\u00e9der directement et gratuitement \u00e0 tous les contenus mis \u00e0 disposition par la Global Thinking Foundation : du Glossaire de l&rsquo;\u00e9ducation financi\u00e8re aux Mots de l&rsquo;\u00e9conomie et de la finance, en passant par les Publications pour la pr\u00e9vention de la violence \u00e9conomique et les autres plates-formes de projets avec podcasts et manuels d&rsquo;enseignement.<\/p>\n<p>Mais surtout, il vous permet de vous inscrire aux formations gratuites Donne al Quadrato et d&rsquo;\u00eatre tenu au courant des \u00e9v\u00e9nements. Entrez dans un monde de prise de conscience pour une ind\u00e9pendance \u00e9conomique totale !<\/p>\n<\/h5>\n                                                                  <\/div>\n                                                                  <div class=\"col-auto\">\n                                       <img decoding=\"async\" src=\"https:\/\/www.gltfoundation.com\/wp-content\/uploads\/2024\/02\/pagina-app-1-scaled-e1707496987792.jpg\" class=\"is-svg card-ill el-rounded\" alt=\"\">\n                                   <\/div>\n                                                          <\/div>\n                                                          <div class=\"share-box mt-8\">\n                                   <span>Partager<\/span>\n                                   <div class=\"a2a_kit a2a_kit_size_ addtoany_list\" data-a2a-url=\"https:\/\/www.gltfoundation.com\/fr\/les-femmes-et-les-familles\/app-coscient-independant\/\" data-a2a-title=\"APP \u2013 Conscient et ind\u00e9pendant\"><a class=\"a2a_button_facebook\" href=\"https:\/\/www.addtoany.com\/add_to\/facebook?linkurl=https%3A%2F%2Fwww.gltfoundation.com%2Ffr%2Fles-femmes-et-les-familles%2Fapp-coscient-independant%2F&amp;linkname=APP%20%E2%80%93%20Conscient%20et%20ind%C3%A9pendant\" title=\"Facebook\" rel=\"nofollow noopener\" target=\"_blank\"><img decoding=\"async\" src=\"\/wp-content\/themes\/GLT\/images\/icons\/facebook.png\" width=\"24\" alt=\"Facebook\"><\/a><a class=\"a2a_button_whatsapp\" href=\"https:\/\/www.addtoany.com\/add_to\/whatsapp?linkurl=https%3A%2F%2Fwww.gltfoundation.com%2Ffr%2Fles-femmes-et-les-familles%2Fapp-coscient-independant%2F&amp;linkname=APP%20%E2%80%93%20Conscient%20et%20ind%C3%A9pendant\" title=\"WhatsApp\" rel=\"nofollow noopener\" target=\"_blank\"><img decoding=\"async\" src=\"\/wp-content\/themes\/GLT\/images\/icons\/whatsapp.png\" width=\"24\" alt=\"WhatsApp\"><\/a><a class=\"a2a_button_telegram\" href=\"https:\/\/www.addtoany.com\/add_to\/telegram?linkurl=https%3A%2F%2Fwww.gltfoundation.com%2Ffr%2Fles-femmes-et-les-familles%2Fapp-coscient-independant%2F&amp;linkname=APP%20%E2%80%93%20Conscient%20et%20ind%C3%A9pendant\" title=\"Telegram\" rel=\"nofollow noopener\" target=\"_blank\"><img decoding=\"async\" src=\"\/wp-content\/themes\/GLT\/images\/icons\/telegram.png\" width=\"24\" alt=\"Telegram\"><\/a><a class=\"a2a_button_twitter\" href=\"https:\/\/www.addtoany.com\/add_to\/twitter?linkurl=https%3A%2F%2Fwww.gltfoundation.com%2Ffr%2Fles-femmes-et-les-familles%2Fapp-coscient-independant%2F&amp;linkname=APP%20%E2%80%93%20Conscient%20et%20ind%C3%A9pendant\" title=\"Twitter\" rel=\"nofollow noopener\" target=\"_blank\"><img decoding=\"async\" src=\"\/wp-content\/themes\/GLT\/images\/icons\/twitter.png\" width=\"24\" alt=\"Twitter\"><\/a><a class=\"a2a_button_linkedin\" href=\"https:\/\/www.addtoany.com\/add_to\/linkedin?linkurl=https%3A%2F%2Fwww.gltfoundation.com%2Ffr%2Fles-femmes-et-les-familles%2Fapp-coscient-independant%2F&amp;linkname=APP%20%E2%80%93%20Conscient%20et%20ind%C3%A9pendant\" title=\"LinkedIn\" rel=\"nofollow noopener\" target=\"_blank\"><img decoding=\"async\" src=\"\/wp-content\/themes\/GLT\/images\/icons\/linkedin.png\" width=\"24\" alt=\"LinkedIn\"><\/a><\/div>                               <\/div>\n                                                  <\/div>\n                   <\/div>\n               <\/div>\n           <\/div>\n           <!-- \/\/ rounded box -->\n       <\/div>\n   <\/section>\n   <!-- \/\/ INTRO INNER PAGE -->\n\n                    \r\n<!-- APP IMAGE -->\r\n<section>\r\n    <div class=\"container\">\r\n        <div class=\"row\">\r\n            <div class=\"col text-center\">\r\n                <img decoding=\"async\" src=\"https:\/\/www.gltfoundation.com\/wp-content\/uploads\/2023\/04\/all_app-1.png\" alt=\"\">\r\n            <\/div>\r\n        <\/div>\r\n    <\/div>\r\n<\/section>\r\n<!-- \/\/ APP IMAGE -->\r\n\n\n <!-- APP DESCR -->\r\n <section>\r\n     <div class=\"container\">\r\n         <div class=\"row\">\r\n             <div class=\"col text-center\">\r\n                                    <h2>Notre nouvelle APP. Atteignez vos objectifs \u00e9conomiques et construisez votre bien-\u00eatre<\/h2>\r\n                              <\/div>\r\n         <\/div>\r\n         <div class=\"row mt-5\">\r\n             <div class=\"col text-center\">\r\n                                 <div class=\"app-descr-text\"><p style=\"text-align: justify;\">L&rsquo;innovation num\u00e9rique a contribu\u00e9 \u00e0 rendre les services financiers et les solutions d&rsquo;investissement plus accessibles et plus r\u00e9pandus, mais l&rsquo;\u00e9ducation financi\u00e8re continue d&rsquo;\u00eatre de plus en plus cruciale pour faire des choix \u00e9clair\u00e9s. L&rsquo;acc\u00e8s \u00e0 une gestion consciente de l&rsquo;\u00e9pargne avec l&rsquo;utilisation d&rsquo;une APP d\u00e9di\u00e9e permet de se prot\u00e9ger en termes de retraites compl\u00e9mentaires et de saisir des opportunit\u00e9s sur des nouveaut\u00e9s, telles que les Green Bonds et Green Loans, et des produits, tels que les ETF, ou des services tels que les roboadvisors qui s&rsquo;adressent aussi bien aux Seniors qu&rsquo;aux jeunes, qui repr\u00e9sentent aujourd&rsquo;hui les principaux utilisateurs de la technologie et de ses applications et qui font preuve d&rsquo;une grande curiosit\u00e9 en voulant apprendre en tant qu&rsquo;investisseurs et \u00e9pargnants \u00e9volu\u00e9s. Malheureusement, la persistance d&rsquo;un foss\u00e9 entre les sexes dans ce type de comp\u00e9tences, tant financi\u00e8res que num\u00e9riques, p\u00e9nalise les femmes et les jeunes filles, surtout dans un pays o\u00f9, selon l&rsquo;indice DESI, seulement 50 % de la population poss\u00e8de des comp\u00e9tences num\u00e9riques de base et o\u00f9 les 50 % restants doivent \u00e9galement apprendre \u00e0 se prot\u00e9ger contre les risques li\u00e9s aux cyberviolences. C&rsquo;est pourquoi l&rsquo;inclusion dans les programmes scolaires d&rsquo;une \u00e9ducation financi\u00e8re et num\u00e9rique, cette derni\u00e8re \u00e9tant encore absente, peut favoriser une large participation future des femmes dans les sujets li\u00e9s aux sciences de l&rsquo;environnement. La g\u00e9n\u00e9ralisation de l&rsquo;\u00e9ducation financi\u00e8re par le biais de l&rsquo;APP n\u00e9cessite donc des propositions de projet tr\u00e8s cibl\u00e9es, \u00e0 la fois pour les minorit\u00e9s moins \u00e9duqu\u00e9es et pour les retrait\u00e9s qui sont plus expos\u00e9s \u00e0 la fraude financi\u00e8re. Nos efforts visent donc \u00e0 combler les lacunes actuelles en mati\u00e8re de comp\u00e9tences.<\/p>\n<\/div>\r\n                              <\/div>\r\n         <\/div>\r\n\r\n         <!-- CTA WRAPPER -->\r\n         <div class=\"app-cta-wrapper text-center\">\r\n             <div class=\"row mt-5 align-items-end\">\r\n\r\n                 <div class=\"col\">\r\n                                         <div class=\"mt-10\">\r\n                         <img decoding=\"async\" src=\"https:\/\/www.gltfoundation.com\/wp-content\/themes\/GLT\/images\/cta-app-store-big.png\" alt=\"\">\r\n                     <\/div>\r\n                     <div class=\"mt-10\">\r\n                         <img decoding=\"async\" src=\"https:\/\/www.gltfoundation.com\/wp-content\/uploads\/2023\/07\/APP-GLT-app-store-en.png\" alt=\"\">\r\n                     <\/div>\r\n                                      <\/div>\r\n\r\n                                  <div class=\"col hidden-mobile\">\r\n                     <img decoding=\"async\" src=\"https:\/\/www.gltfoundation.com\/wp-content\/uploads\/2024\/02\/Pagina-APP-2.png\" class=\"is-svg\" alt=\"\">\r\n                 <\/div>\r\n                 \r\n                 <div class=\"col\">\r\n                                          <div class=\"mt-10\">\r\n                         <img decoding=\"async\" src=\"https:\/\/www.gltfoundation.com\/wp-content\/themes\/GLT\/images\/cta-play-store-big.png\" alt=\"\">\r\n                     <\/div>\r\n                                          <div class=\"mt-10\">\r\n                         <img decoding=\"async\" src=\"https:\/\/www.gltfoundation.com\/wp-content\/uploads\/2023\/07\/APP-GLT-google-play-en.png\" alt=\"\">\r\n                     <\/div>\r\n                 <\/div>\r\n\r\n             <\/div>\r\n             <div class=\"row mt-15\">\r\n                              <div class=\"col visible-mobile mb-15\">\r\n                     <img decoding=\"async\" src=\"https:\/\/www.gltfoundation.com\/wp-content\/themes\/GLT\/images\/meditating-ill.svg\" class=\"is-svg\" alt=\"\">\r\n                 <\/div>\r\n                 \r\n                 <div class=\"col\">\r\n                                     <h3><p>Rendez-vous dans votre magasin ou scannez le code QR pour t\u00e9l\u00e9charger notre APP<\/p>\n<\/h3>\r\n                                  <\/div>\r\n             <\/div>\r\n         <\/div>\r\n         <!-- \/\/ CTA WRAPPER -->\r\n\r\n     <\/div>\r\n <\/section>\r\n <!-- \/\/ APP DESCR -->\r\n ","protected":false},"excerpt":{"rendered":"","protected":false},"author":7,"featured_media":59140,"parent":54600,"menu_order":0,"comment_status":"closed","ping_status":"closed","template":"page-app.php","meta":{"_acf_changed":false,"inline_featured_image":false,"_themeisle_gutenberg_block_has_review":false,"footnotes":""},"categories":[],"class_list":["post-49069","page","type-page","status-publish","has-post-thumbnail","hentry"],"acf":[],"yoast_head":"<!-- This site is optimized with the Yoast SEO plugin v23.6 - https:\/\/yoast.com\/wordpress\/plugins\/seo\/ -->\n<title>APP - Conscient et ind\u00e9pendant - GLT Foundation<\/title>\n<meta name=\"robots\" content=\"index, follow, max-snippet:-1, max-image-preview:large, max-video-preview:-1\" \/>\n<link rel=\"canonical\" href=\"https:\/\/www.gltfoundation.com\/fr\/les-femmes-et-les-familles\/app-coscient-independant\/\" \/>\n<meta property=\"og:locale\" content=\"fr_FR\" \/>\n<meta property=\"og:type\" content=\"article\" \/>\n<meta property=\"og:title\" content=\"APP - Conscient et ind\u00e9pendant - GLT Foundation\" \/>\n<meta property=\"og:url\" content=\"https:\/\/www.gltfoundation.com\/fr\/les-femmes-et-les-familles\/app-coscient-independant\/\" \/>\n<meta property=\"og:site_name\" content=\"GLT Foundation\" \/>\n<meta property=\"article:publisher\" content=\"https:\/\/www.facebook.com\/GlobalThinkingFoundation\/\" \/>\n<meta property=\"article:modified_time\" content=\"2024-02-09T16:51:55+00:00\" \/>\n<meta property=\"og:image\" content=\"https:\/\/www.gltfoundation.com\/wp-content\/uploads\/2024\/02\/pagina-app-1-scaled-e1707496987792.jpg\" \/>\n\t<meta property=\"og:image:width\" content=\"2560\" \/>\n\t<meta property=\"og:image:height\" content=\"1810\" \/>\n\t<meta property=\"og:image:type\" content=\"image\/jpeg\" \/>\n<meta name=\"twitter:card\" content=\"summary_large_image\" \/>\n<meta name=\"twitter:site\" content=\"@GltFoundation\" \/>\n<meta name=\"twitter:label1\" content=\"Dur\u00e9e de lecture estim\u00e9e\" \/>\n\t<meta name=\"twitter:data1\" content=\"4 minutes\" \/>\n<script type=\"application\/ld+json\" class=\"yoast-schema-graph\">{\"@context\":\"https:\/\/schema.org\",\"@graph\":[{\"@type\":\"WebPage\",\"@id\":\"https:\/\/www.gltfoundation.com\/fr\/les-femmes-et-les-familles\/app-coscient-independant\/\",\"url\":\"https:\/\/www.gltfoundation.com\/fr\/les-femmes-et-les-familles\/app-coscient-independant\/\",\"name\":\"APP - Conscient et ind\u00e9pendant - GLT Foundation\",\"isPartOf\":{\"@id\":\"https:\/\/www.gltfoundation.com\/#website\"},\"primaryImageOfPage\":{\"@id\":\"https:\/\/www.gltfoundation.com\/fr\/les-femmes-et-les-familles\/app-coscient-independant\/#primaryimage\"},\"image\":{\"@id\":\"https:\/\/www.gltfoundation.com\/fr\/les-femmes-et-les-familles\/app-coscient-independant\/#primaryimage\"},\"thumbnailUrl\":\"https:\/\/www.gltfoundation.com\/wp-content\/uploads\/2024\/02\/pagina-app-1-scaled-e1707496987792.jpg\",\"datePublished\":\"2023-04-19T14:48:01+00:00\",\"dateModified\":\"2024-02-09T16:51:55+00:00\",\"breadcrumb\":{\"@id\":\"https:\/\/www.gltfoundation.com\/fr\/les-femmes-et-les-familles\/app-coscient-independant\/#breadcrumb\"},\"inLanguage\":\"fr-FR\",\"potentialAction\":[{\"@type\":\"ReadAction\",\"target\":[\"https:\/\/www.gltfoundation.com\/fr\/les-femmes-et-les-familles\/app-coscient-independant\/\"]}]},{\"@type\":\"ImageObject\",\"inLanguage\":\"fr-FR\",\"@id\":\"https:\/\/www.gltfoundation.com\/fr\/les-femmes-et-les-familles\/app-coscient-independant\/#primaryimage\",\"url\":\"https:\/\/www.gltfoundation.com\/wp-content\/uploads\/2024\/02\/pagina-app-1-scaled-e1707496987792.jpg\",\"contentUrl\":\"https:\/\/www.gltfoundation.com\/wp-content\/uploads\/2024\/02\/pagina-app-1-scaled-e1707496987792.jpg\",\"width\":2560,\"height\":1810},{\"@type\":\"BreadcrumbList\",\"@id\":\"https:\/\/www.gltfoundation.com\/fr\/les-femmes-et-les-familles\/app-coscient-independant\/#breadcrumb\",\"itemListElement\":[{\"@type\":\"ListItem\",\"position\":1,\"name\":\"Home\",\"item\":\"https:\/\/www.gltfoundation.com\/fr\/\"},{\"@type\":\"ListItem\",\"position\":2,\"name\":\"Les femmes et les familles\",\"item\":\"https:\/\/www.gltfoundation.com\/fr\/les-femmes-et-les-familles\/\"},{\"@type\":\"ListItem\",\"position\":3,\"name\":\"APP &#8211; Conscient et ind\u00e9pendant\"}]},{\"@type\":\"WebSite\",\"@id\":\"https:\/\/www.gltfoundation.com\/#website\",\"url\":\"https:\/\/www.gltfoundation.com\/\",\"name\":\"GLT Foundation\",\"description\":\"\",\"publisher\":{\"@id\":\"https:\/\/www.gltfoundation.com\/#organization\"},\"potentialAction\":[{\"@type\":\"SearchAction\",\"target\":{\"@type\":\"EntryPoint\",\"urlTemplate\":\"https:\/\/www.gltfoundation.com\/?s={search_term_string}\"},\"query-input\":{\"@type\":\"PropertyValueSpecification\",\"valueRequired\":true,\"valueName\":\"search_term_string\"}}],\"inLanguage\":\"fr-FR\"},{\"@type\":\"Organization\",\"@id\":\"https:\/\/www.gltfoundation.com\/#organization\",\"name\":\"GLT Foundation\",\"url\":\"https:\/\/www.gltfoundation.com\/\",\"logo\":{\"@type\":\"ImageObject\",\"inLanguage\":\"fr-FR\",\"@id\":\"https:\/\/www.gltfoundation.com\/#\/schema\/logo\/image\/\",\"url\":\"https:\/\/www.gltfoundation.com\/wp-content\/uploads\/2023\/05\/logo-glt.png\",\"contentUrl\":\"https:\/\/www.gltfoundation.com\/wp-content\/uploads\/2023\/05\/logo-glt.png\",\"width\":152,\"height\":67,\"caption\":\"GLT Foundation\"},\"image\":{\"@id\":\"https:\/\/www.gltfoundation.com\/#\/schema\/logo\/image\/\"},\"sameAs\":[\"https:\/\/www.facebook.com\/GlobalThinkingFoundation\/\",\"https:\/\/x.com\/GltFoundation\",\"https:\/\/www.youtube.com\/channel\/UCDNBF4vXJH618xaFlqdyYhw\",\"https:\/\/www.linkedin.com\/company\/10678527\/\",\"https:\/\/www.instagram.com\/globalthinkingfoundation\/\"]}]}<\/script>\n<!-- \/ Yoast SEO plugin. -->","yoast_head_json":{"title":"APP - Conscient et ind\u00e9pendant - GLT Foundation","robots":{"index":"index","follow":"follow","max-snippet":"max-snippet:-1","max-image-preview":"max-image-preview:large","max-video-preview":"max-video-preview:-1"},"canonical":"https:\/\/www.gltfoundation.com\/fr\/les-femmes-et-les-familles\/app-coscient-independant\/","og_locale":"fr_FR","og_type":"article","og_title":"APP - Conscient et ind\u00e9pendant - GLT Foundation","og_url":"https:\/\/www.gltfoundation.com\/fr\/les-femmes-et-les-familles\/app-coscient-independant\/","og_site_name":"GLT Foundation","article_publisher":"https:\/\/www.facebook.com\/GlobalThinkingFoundation\/","article_modified_time":"2024-02-09T16:51:55+00:00","og_image":[{"width":2560,"height":1810,"url":"https:\/\/www.gltfoundation.com\/wp-content\/uploads\/2024\/02\/pagina-app-1-scaled-e1707496987792.jpg","type":"image\/jpeg"}],"twitter_card":"summary_large_image","twitter_site":"@GltFoundation","twitter_misc":{"Dur\u00e9e de lecture estim\u00e9e":"4 minutes"},"schema":{"@context":"https:\/\/schema.org","@graph":[{"@type":"WebPage","@id":"https:\/\/www.gltfoundation.com\/fr\/les-femmes-et-les-familles\/app-coscient-independant\/","url":"https:\/\/www.gltfoundation.com\/fr\/les-femmes-et-les-familles\/app-coscient-independant\/","name":"APP - Conscient et ind\u00e9pendant - GLT Foundation","isPartOf":{"@id":"https:\/\/www.gltfoundation.com\/#website"},"primaryImageOfPage":{"@id":"https:\/\/www.gltfoundation.com\/fr\/les-femmes-et-les-familles\/app-coscient-independant\/#primaryimage"},"image":{"@id":"https:\/\/www.gltfoundation.com\/fr\/les-femmes-et-les-familles\/app-coscient-independant\/#primaryimage"},"thumbnailUrl":"https:\/\/www.gltfoundation.com\/wp-content\/uploads\/2024\/02\/pagina-app-1-scaled-e1707496987792.jpg","datePublished":"2023-04-19T14:48:01+00:00","dateModified":"2024-02-09T16:51:55+00:00","breadcrumb":{"@id":"https:\/\/www.gltfoundation.com\/fr\/les-femmes-et-les-familles\/app-coscient-independant\/#breadcrumb"},"inLanguage":"fr-FR","potentialAction":[{"@type":"ReadAction","target":["https:\/\/www.gltfoundation.com\/fr\/les-femmes-et-les-familles\/app-coscient-independant\/"]}]},{"@type":"ImageObject","inLanguage":"fr-FR","@id":"https:\/\/www.gltfoundation.com\/fr\/les-femmes-et-les-familles\/app-coscient-independant\/#primaryimage","url":"https:\/\/www.gltfoundation.com\/wp-content\/uploads\/2024\/02\/pagina-app-1-scaled-e1707496987792.jpg","contentUrl":"https:\/\/www.gltfoundation.com\/wp-content\/uploads\/2024\/02\/pagina-app-1-scaled-e1707496987792.jpg","width":2560,"height":1810},{"@type":"BreadcrumbList","@id":"https:\/\/www.gltfoundation.com\/fr\/les-femmes-et-les-familles\/app-coscient-independant\/#breadcrumb","itemListElement":[{"@type":"ListItem","position":1,"name":"Home","item":"https:\/\/www.gltfoundation.com\/fr\/"},{"@type":"ListItem","position":2,"name":"Les femmes et les familles","item":"https:\/\/www.gltfoundation.com\/fr\/les-femmes-et-les-familles\/"},{"@type":"ListItem","position":3,"name":"APP &#8211; Conscient et ind\u00e9pendant"}]},{"@type":"WebSite","@id":"https:\/\/www.gltfoundation.com\/#website","url":"https:\/\/www.gltfoundation.com\/","name":"GLT Foundation","description":"","publisher":{"@id":"https:\/\/www.gltfoundation.com\/#organization"},"potentialAction":[{"@type":"SearchAction","target":{"@type":"EntryPoint","urlTemplate":"https:\/\/www.gltfoundation.com\/?s={search_term_string}"},"query-input":{"@type":"PropertyValueSpecification","valueRequired":true,"valueName":"search_term_string"}}],"inLanguage":"fr-FR"},{"@type":"Organization","@id":"https:\/\/www.gltfoundation.com\/#organization","name":"GLT Foundation","url":"https:\/\/www.gltfoundation.com\/","logo":{"@type":"ImageObject","inLanguage":"fr-FR","@id":"https:\/\/www.gltfoundation.com\/#\/schema\/logo\/image\/","url":"https:\/\/www.gltfoundation.com\/wp-content\/uploads\/2023\/05\/logo-glt.png","contentUrl":"https:\/\/www.gltfoundation.com\/wp-content\/uploads\/2023\/05\/logo-glt.png","width":152,"height":67,"caption":"GLT Foundation"},"image":{"@id":"https:\/\/www.gltfoundation.com\/#\/schema\/logo\/image\/"},"sameAs":["https:\/\/www.facebook.com\/GlobalThinkingFoundation\/","https:\/\/x.com\/GltFoundation","https:\/\/www.youtube.com\/channel\/UCDNBF4vXJH618xaFlqdyYhw","https:\/\/www.linkedin.com\/company\/10678527\/","https:\/\/www.instagram.com\/globalthinkingfoundation\/"]}]}},"_links":{"self":[{"href":"https:\/\/www.gltfoundation.com\/fr\/wp-json\/wp\/v2\/pages\/49069"}],"collection":[{"href":"https:\/\/www.gltfoundation.com\/fr\/wp-json\/wp\/v2\/pages"}],"about":[{"href":"https:\/\/www.gltfoundation.com\/fr\/wp-json\/wp\/v2\/types\/page"}],"author":[{"embeddable":true,"href":"https:\/\/www.gltfoundation.com\/fr\/wp-json\/wp\/v2\/users\/7"}],"replies":[{"embeddable":true,"href":"https:\/\/www.gltfoundation.com\/fr\/wp-json\/wp\/v2\/comments?post=49069"}],"version-history":[{"count":16,"href":"https:\/\/www.gltfoundation.com\/fr\/wp-json\/wp\/v2\/pages\/49069\/revisions"}],"predecessor-version":[{"id":59154,"href":"https:\/\/www.gltfoundation.com\/fr\/wp-json\/wp\/v2\/pages\/49069\/revisions\/59154"}],"up":[{"embeddable":true,"href":"https:\/\/www.gltfoundation.com\/fr\/wp-json\/wp\/v2\/pages\/54600"}],"wp:featuredmedia":[{"embeddable":true,"href":"https:\/\/www.gltfoundation.com\/fr\/wp-json\/wp\/v2\/media\/59140"}],"wp:attachment":[{"href":"https:\/\/www.gltfoundation.com\/fr\/wp-json\/wp\/v2\/media?parent=49069"}],"wp:term":[{"taxonomy":"category","embeddable":true,"href":"https:\/\/www.gltfoundation.com\/fr\/wp-json\/wp\/v2\/categories?post=49069"}],"curies":[{"name":"wp","href":"https:\/\/api.w.org\/{rel}","templated":true}]}}