{"id":53970,"date":"2023-04-20T14:42:51","date_gmt":"2023-04-20T12:42:51","guid":{"rendered":"https:\/\/www.gltfoundation.com\/?page_id=53970"},"modified":"2025-07-23T15:41:09","modified_gmt":"2025-07-23T13:41:09","slug":"entreprises-et-citoyennete","status":"publish","type":"page","link":"https:\/\/www.gltfoundation.com\/fr\/entreprises-et-citoyennete\/","title":{"rendered":"Entreprises et citoyennet\u00e9"},"content":{"rendered":"   \n\n      <!-- INTRO INNER PAGE -->\n   <section class=\"intro-part-1\">\n       <div class=\"intro-inner-page bg-green-light glt-top-space\">\n           <!-- rounded box -->\n           <div class=\"container\">\n               <div class=\"row\">\n                   <div class=\"col\">\n                       <div class=\"el-rounded has-shadow-big bg-white\">\n                           <p class=\"breadcrumbs\" id=\"breadcrumbs\"><span><span><a href=\"https:\/\/www.gltfoundation.com\/fr\/\">Home<\/a><\/span><\/span><\/p>\n                           <div class=\"row justify-content-center\">\n                               <div class=\"col mb-4\">\n                                                                          <h2>Entreprises et citoyennet\u00e9<\/h2>\n                                                                                                             <h5 class=\"mt-5\"><p>Nous travaillons pour les familles et les entreprises, en offrant des solutions num\u00e9riques et hybrides qui comprennent des textes en fran\u00e7ais et en anglais ainsi que des vid\u00e9os en langue des signes (LIS) couvrant tous les sujets de l&rsquo;\u00e9ducation financi\u00e8re \u00e9galement explor\u00e9s dans notre glossaire.<\/p>\n<p>\u00catre citoyen aujourd&rsquo;hui, c&rsquo;est aussi pouvoir faire la diff\u00e9rence par son propre engagement, en abordant l&rsquo;\u00e9ducation financi\u00e8re et num\u00e9rique avec la certitude de faire sa part dans la pleine autod\u00e9termination et en se prot\u00e9geant de la violence \u00e9conomique et des abus financiers en utilisant notre contenu par l&rsquo;interm\u00e9diaire de l&rsquo;APP et du site web.<\/p>\n<\/h5>\n                                                                  <\/div>\n                                                                  <div class=\"col-auto\">\n                                       <img decoding=\"async\" src=\"https:\/\/www.gltfoundation.com\/wp-content\/uploads\/2023\/10\/hp-imprese-e-cittadinanza.jpg\" class=\"is-svg card-ill el-rounded\" alt=\"\">\n                                   <\/div>\n                                                          <\/div>\n                                                          <div class=\"share-box mt-8\">\n                                   <span>Partager<\/span>\n                                   <div class=\"a2a_kit a2a_kit_size_ addtoany_list\" data-a2a-url=\"https:\/\/www.gltfoundation.com\/fr\/entreprises-et-citoyennete\/\" data-a2a-title=\"Entreprises et citoyennet\u00e9\"><a class=\"a2a_button_facebook\" href=\"https:\/\/www.addtoany.com\/add_to\/facebook?linkurl=https%3A%2F%2Fwww.gltfoundation.com%2Ffr%2Fentreprises-et-citoyennete%2F&amp;linkname=Entreprises%20et%20citoyennet%C3%A9\" title=\"Facebook\" rel=\"nofollow noopener\" target=\"_blank\"><img decoding=\"async\" src=\"\/wp-content\/themes\/GLT\/images\/icons\/facebook.png\" width=\"24\" alt=\"Facebook\"><\/a><a class=\"a2a_button_whatsapp\" href=\"https:\/\/www.addtoany.com\/add_to\/whatsapp?linkurl=https%3A%2F%2Fwww.gltfoundation.com%2Ffr%2Fentreprises-et-citoyennete%2F&amp;linkname=Entreprises%20et%20citoyennet%C3%A9\" title=\"WhatsApp\" rel=\"nofollow noopener\" target=\"_blank\"><img decoding=\"async\" src=\"\/wp-content\/themes\/GLT\/images\/icons\/whatsapp.png\" width=\"24\" alt=\"WhatsApp\"><\/a><a class=\"a2a_button_telegram\" href=\"https:\/\/www.addtoany.com\/add_to\/telegram?linkurl=https%3A%2F%2Fwww.gltfoundation.com%2Ffr%2Fentreprises-et-citoyennete%2F&amp;linkname=Entreprises%20et%20citoyennet%C3%A9\" title=\"Telegram\" rel=\"nofollow noopener\" target=\"_blank\"><img decoding=\"async\" src=\"\/wp-content\/themes\/GLT\/images\/icons\/telegram.png\" width=\"24\" alt=\"Telegram\"><\/a><a class=\"a2a_button_twitter\" href=\"https:\/\/www.addtoany.com\/add_to\/twitter?linkurl=https%3A%2F%2Fwww.gltfoundation.com%2Ffr%2Fentreprises-et-citoyennete%2F&amp;linkname=Entreprises%20et%20citoyennet%C3%A9\" title=\"Twitter\" rel=\"nofollow noopener\" target=\"_blank\"><img decoding=\"async\" src=\"\/wp-content\/themes\/GLT\/images\/icons\/twitter.png\" width=\"24\" alt=\"Twitter\"><\/a><a class=\"a2a_button_linkedin\" href=\"https:\/\/www.addtoany.com\/add_to\/linkedin?linkurl=https%3A%2F%2Fwww.gltfoundation.com%2Ffr%2Fentreprises-et-citoyennete%2F&amp;linkname=Entreprises%20et%20citoyennet%C3%A9\" title=\"LinkedIn\" rel=\"nofollow noopener\" target=\"_blank\"><img decoding=\"async\" src=\"\/wp-content\/themes\/GLT\/images\/icons\/linkedin.png\" width=\"24\" alt=\"LinkedIn\"><\/a><\/div>                               <\/div>\n                                                  <\/div>\n                   <\/div>\n               <\/div>\n           <\/div>\n           <!-- \/\/ rounded box -->\n       <\/div>\n   <\/section>\n   <!-- \/\/ INTRO INNER PAGE -->\n\n    <!-- MACRO BOX -->\r\n    <section class=\"section-macro-box\">\r\n        <div class=\"container\">\r\n                        <!-- row -->\r\n            <div class=\"row\">\r\n                <div class=\"col mb-5 text-center\">\r\n                    <h2>Nos projets<\/h2>\r\n                <\/div>\r\n            <\/div>\r\n            <!-- \/\/ row -->\r\n                                    <!-- row -->\r\n            <div class=\"row\">\r\n                <div class=\"col mb-10 text-center text-tab-start\">\r\n                    <div class=\"h5\"><p><span class=\"HwtZe\" lang=\"fr\"><span class=\"jCAhz ChMk0b\"><span class=\"ryNqvb\">Nous travaillons depuis 2017 pour les familles avec des solutions num\u00e9riques comprenant des textes en fran\u00e7ais et en anglais mais aussi des vid\u00e9os en langue des signes (LIS), embrassant tous les th\u00e8mes de l&rsquo;\u00e9ducation financi\u00e8re d\u00e9taill\u00e9s dans notre Glossaire et pr\u00eatant progressivement attention aux \u00e9pargnants avertis abord\u00e9s avec une grande actualit\u00e9. des questions telles que la s\u00e9curit\u00e9 num\u00e9rique et la d\u00e9pendance aux jeux num\u00e9riques en vue de pr\u00e9venir le surendettement.<\/span><\/span> <span class=\"jCAhz ChMk0b\"><span class=\"ryNqvb\">Sans n\u00e9gliger le soutien aux centres de sport et de lutte contre les violences ainsi que tous ces projets vertueux qui ont besoin d&rsquo;\u00eatre accompagn\u00e9s pour d\u00e9marrer et devenir \u00e9volutifs.<\/span><\/span><\/span><\/p>\n<\/div>\r\n                <\/div>\r\n            <\/div>\r\n            <!-- \/\/ row -->\r\n                                    <!-- row -->\r\n            <div class=\"row macro-box\">\r\n                                <!-- col -->\r\n                <div class=\"col-auto mb-20 mb-tab-10\">\r\n                                       <img decoding=\"async\" src=\"https:\/\/www.gltfoundation.com\/wp-content\/uploads\/2023\/09\/GLT-ThinkTank-logo-1.png\" class=\"el-rounded has-shadow-big\" alt=\"\">\r\n                    <h4>Empower Your Life Think Tank<\/h4>\r\n                    <p>Empower Your Life : le groupe de r\u00e9flexion sur la diversit\u00e9, l&rsquo;inclusion et le d\u00e9veloppement durable<br \/>\nLa Fondation GLT et dix grandes soci\u00e9t\u00e9s de gestion d&rsquo;actifs travaillent ensemble sur des initiatives d&rsquo;\u00e9ducation financi\u00e8re et d&rsquo;inclusion sociale et de genre.<\/p>\n                     \r\n                    <a href=\"\/fr\/entreprises-et-citoyennete\/think-thank\/\" target=\"\" class=\"btn btn-large btn-hover-blue-fluo\">EN SAVOIR PLUS<\/a>\r\n                                    <\/div>\r\n                <!-- \/\/ col -->\r\n                                <!-- col -->\r\n                <div class=\"col-auto mb-20 mb-tab-10\">\r\n                                       <img decoding=\"async\" src=\"https:\/\/www.gltfoundation.com\/wp-content\/uploads\/2020\/04\/OFS_logo_RGB-768x534.png\" class=\"el-rounded has-shadow-big\" alt=\"\">\r\n                    <h4>Observatory on Fintech for Sustainability<\/h4>\r\n                    <p><span class=\"HwtZe\" lang=\"fr\"><span class=\"jCAhz ChMk0b\"><span class=\"ryNqvb\">\u2022 L&rsquo;\u00e9ducation financi\u00e8re et la r\u00e9g\u00e9n\u00e9ration urbaine comme cl\u00e9s de la prosp\u00e9rit\u00e9 partag\u00e9e, \u00e0 travers le prisme de l&rsquo;\u00e9galit\u00e9 des sexes, en mettant l&rsquo;accent sur les secteurs de la technologie f\u00e9minine et de la long\u00e9vit\u00e9 ;<\/span><\/span><\/span><br \/>\n<span class=\"HwtZe\" lang=\"fr\"><span class=\"jCAhz ChMk0b\"><span class=\"ryNqvb\">\u2022 S<\/span><\/span><\/span>e tourner vers l&rsquo;avenir pour construire le present<span class=\"HwtZe\" lang=\"fr\"><span class=\"jCAhz ChMk0b\"><span class=\"ryNqvb\">;<br \/>\n<\/span><\/span> <span class=\"jCAhz ChMk0b\"><span class=\"ryNqvb\">\u2022 L&rsquo;innovation num\u00e9rique dans la finance au service du d\u00e9veloppement durable.<\/span><\/span><\/span><\/p>\n                     \r\n                    <a href=\"\/fr\/entreprises-et-citoyennete\/observatoire\/\" target=\"\" class=\"btn btn-large btn-hover-blue-fluo\">EN SAVOIR PLUS<\/a>\r\n                                    <\/div>\r\n                <!-- \/\/ col -->\r\n                                <!-- col -->\r\n                <div class=\"col-auto mb-20 mb-tab-10\">\r\n                                       <img decoding=\"async\" src=\"https:\/\/www.gltfoundation.com\/wp-content\/uploads\/2023\/09\/FamilyMe_logo-768x768.png\" class=\"el-rounded has-shadow-big\" alt=\"\">\r\n                    <h4>FamilyMi<\/h4>\r\n                    <p>La premi\u00e8re plateforme d&rsquo;\u00e9ducation financi\u00e8re pour les familles qui, avec plus de 25 vid\u00e9os anim\u00e9es sous-titr\u00e9es en anglais et en fran\u00e7ais, offre \u00e9galement la possibilit\u00e9 de simuler son propre budget familial et de tester ses comp\u00e9tences sans n\u00e9gliger un regard approfondi sur les assurances et les bonnes pratiques. Les vid\u00e9os du LIS le rendent vraiment inclusif et complet.<\/p>\n<p>Les t\u00e9moignages vid\u00e9o sont \u00e9galement parmi les plus utilis\u00e9s dans les \u00e9coles italiennes pour aborder les concepts de base d&rsquo;une mani\u00e8re accessible et attrayante.<\/p>\n                     \r\n                    <a href=\"\/fr\/les-femmes-et-la-familles\/familymi\/\" target=\"\" class=\"btn btn-large btn-hover-blue-fluo\">EN SAVOIR PLUS<\/a>\r\n                                    <\/div>\r\n                <!-- \/\/ col -->\r\n                                <!-- col -->\r\n                <div class=\"col-auto mb-20 mb-tab-10\">\r\n                                       <img decoding=\"async\" src=\"https:\/\/www.gltfoundation.com\/wp-content\/uploads\/2025\/07\/Copertina-glossario-2025-fra-e1753278058925-768x782.png\" class=\"el-rounded has-shadow-big\" alt=\"\">\r\n                    <h4>Glossario<\/h4>\r\n                    <p>Le glossaire \u00a0\u00bb Mots de l&rsquo;\u00e9conomie et de la finance\u00a0\u00bb est le plus r\u00e9pandu en Italie avec plus de 150 000 exemplaires papier et est d\u00e9sormais disponible en version num\u00e9rique en italien et en anglais sur le site web, avec plus de 600 mots de vocabulaire expliqu\u00e9s et contextualis\u00e9s, car aborder l&rsquo;\u00e9ducation financi\u00e8re n&rsquo;a jamais \u00e9t\u00e9 aussi facile et int\u00e9ressant.<\/p>\n<p>La nouvelle section Fintech va ensuite jusqu&rsquo;\u00e0 la finance d\u00e9centralis\u00e9e et offre un panorama vraiment complet du monde de la finance et du syst\u00e8me \u00e9conomique.<\/p>\n                     \r\n                    <a href=\"\/fr\/ecole\/glossaire-pour-leducation-financiere\/\" target=\"\" class=\"btn btn-large btn-hover-blue-fluo\">EN SAVOIR PLUS<\/a>\r\n                                    <\/div>\r\n                <!-- \/\/ col -->\r\n                                <!-- col -->\r\n                <div class=\"col-auto mb-20 mb-tab-10\">\r\n                                       <img decoding=\"async\" src=\"https:\/\/www.gltfoundation.com\/wp-content\/uploads\/2023\/09\/focus-sud-logo-25-big.png\" class=\"el-rounded has-shadow-big\" alt=\"\">\r\n                    <h4>Focus Sud<\/h4>\r\n                    <p>\u00catre \u00e0 l&rsquo;\u00e9coute du territoire et travailler en particulier dans les r\u00e9gions du sud est un engagement que nous avons pris afin que les \u00e9v\u00e9nements, les initiatives et les projets puissent atteindre tout le monde et avoir un impact social concret et mesurable. Les activit\u00e9s destin\u00e9es aux \u00e9coles et \u00e0 la citoyennet\u00e9 ne n\u00e9gligent pas l&rsquo;entrepreneuriat f\u00e9minin et toutes les r\u00e9alit\u00e9s \u00e9conomiques et productives qui cherchent \u00e0 faire la diff\u00e9rence en travaillant pour les femmes et en favorisant la durabilit\u00e9.<\/p>\n                     \r\n                    <a href=\"\/fr\/entreprises-et-citoyennete\/focus-sud\/\" target=\"\" class=\"btn btn-large btn-hover-blue-fluo\">EN SAVOIR PLUS<\/a>\r\n                                    <\/div>\r\n                <!-- \/\/ col -->\r\n                                <!-- col -->\r\n                <div class=\"col-auto mb-20 mb-tab-10\">\r\n                                       <img decoding=\"async\" src=\"https:\/\/www.gltfoundation.com\/wp-content\/uploads\/2023\/09\/sport-inclusione.png\" class=\"el-rounded has-shadow-big\" alt=\"\">\r\n                    <h4>Sport et Inclusion<\/h4>\r\n                    <p>Le sport et l&rsquo;activit\u00e9 physique \u00e0 tous les \u00e2ges favorisent non seulement le bien-\u00eatre personnel, mais aussi la sant\u00e9 mentale, et surtout le partage de valeurs de respect, d&rsquo;inclusion, de tol\u00e9rance et de solidarit\u00e9 qui permettent et favorisent un dialogue interg\u00e9n\u00e9rationnel important. Et un sentiment commun envers la lutte contre la violence dans le sport et la d\u00e9fense des fondements de communaut\u00e9s r\u00e9silientes et r\u00e9g\u00e9n\u00e9r\u00e9es. \u00c0 cela s&rsquo;ajoutent nos bourses et prix r\u00e9compensant le m\u00e9rite sportif et scolaire.<\/p>\n                     \r\n                    <a href=\"\/fr\/entreprises-et-citoyennete\/glt-et-le-sport-solidarite\/\" target=\"\" class=\"btn btn-large btn-hover-blue-fluo\">En savoir plus<\/a>\r\n                                    <\/div>\r\n                <!-- \/\/ col -->\r\n                                <!-- col -->\r\n                <div class=\"col-auto mb-20 mb-tab-10\">\r\n                                       <img decoding=\"async\" src=\"https:\/\/www.gltfoundation.com\/wp-content\/uploads\/2023\/09\/Logo-D2-1.png\" class=\"el-rounded has-shadow-big\" alt=\"\">\r\n                    <h4>Donne al Quadrato<\/h4>\r\n                    <p>L&rsquo;\u00e9ducation n&rsquo;a jamais \u00e9t\u00e9 aussi cruciale et centrale dans nos vies qu&rsquo;en cette p\u00e9riode de grands changements dans le monde du travail. Au travers de 4 modules adapt\u00e9s aux besoins des hommes et des femmes qui travaillent, des \u00e9tudiants qui abordent le monde du travail et des seniors qui cherchent \u00e0 g\u00e9rer efficacement leur long\u00e9vit\u00e9, l&rsquo;\u00e9ducation financi\u00e8re et num\u00e9rique devient un outil de pleine participation sociale et de citoyennet\u00e9 mondiale active.<\/p>\n                     \r\n                    <a href=\"\/fr\/les-femmes-et-la-familles\/donne-al-quadrato\/\" target=\"\" class=\"btn btn-large btn-hover-blue-fluo\">EN SAVOIR PLUS<\/a>\r\n                                    <\/div>\r\n                <!-- \/\/ col -->\r\n                            <\/div>\r\n            <!-- \/\/ row -->\r\n                    <\/div>\r\n    <\/section>\r\n    <!-- \/\/ MACRO BOX -->\r\n","protected":false},"excerpt":{"rendered":"","protected":false},"author":7,"featured_media":56872,"parent":0,"menu_order":0,"comment_status":"closed","ping_status":"closed","template":"page-macro-category.php","meta":{"_acf_changed":false,"inline_featured_image":false,"_themeisle_gutenberg_block_has_review":false,"footnotes":""},"categories":[67],"class_list":["post-53970","page","type-page","status-publish","has-post-thumbnail","hentry","category-entreprises-et-citoyennete"],"acf":[],"yoast_head":"<!-- This site is optimized with the Yoast SEO plugin v23.6 - https:\/\/yoast.com\/wordpress\/plugins\/seo\/ -->\n<title>Entreprises et citoyennet\u00e9 - GLT Foundation<\/title>\n<meta name=\"robots\" content=\"index, follow, max-snippet:-1, max-image-preview:large, max-video-preview:-1\" \/>\n<link rel=\"canonical\" href=\"https:\/\/www.gltfoundation.com\/fr\/entreprises-et-citoyennete\/\" \/>\n<meta property=\"og:locale\" content=\"fr_FR\" \/>\n<meta property=\"og:type\" content=\"article\" \/>\n<meta property=\"og:title\" content=\"Entreprises et citoyennet\u00e9 - GLT Foundation\" \/>\n<meta property=\"og:url\" content=\"https:\/\/www.gltfoundation.com\/fr\/entreprises-et-citoyennete\/\" \/>\n<meta property=\"og:site_name\" content=\"GLT Foundation\" \/>\n<meta property=\"article:publisher\" content=\"https:\/\/www.facebook.com\/GlobalThinkingFoundation\/\" \/>\n<meta property=\"article:modified_time\" content=\"2025-07-23T13:41:09+00:00\" \/>\n<meta property=\"og:image\" content=\"https:\/\/www.gltfoundation.com\/wp-content\/uploads\/2023\/10\/hp-imprese-e-cittadinanza.jpg\" \/>\n\t<meta property=\"og:image:width\" content=\"350\" \/>\n\t<meta property=\"og:image:height\" content=\"320\" \/>\n\t<meta property=\"og:image:type\" content=\"image\/jpeg\" \/>\n<meta name=\"twitter:card\" content=\"summary_large_image\" \/>\n<meta name=\"twitter:site\" content=\"@GltFoundation\" \/>\n<meta name=\"twitter:label1\" content=\"Dur\u00e9e de lecture estim\u00e9e\" \/>\n\t<meta name=\"twitter:data1\" content=\"6 minutes\" \/>\n<script type=\"application\/ld+json\" class=\"yoast-schema-graph\">{\"@context\":\"https:\/\/schema.org\",\"@graph\":[{\"@type\":\"WebPage\",\"@id\":\"https:\/\/www.gltfoundation.com\/fr\/entreprises-et-citoyennete\/\",\"url\":\"https:\/\/www.gltfoundation.com\/fr\/entreprises-et-citoyennete\/\",\"name\":\"Entreprises et citoyennet\u00e9 - GLT Foundation\",\"isPartOf\":{\"@id\":\"https:\/\/www.gltfoundation.com\/#website\"},\"primaryImageOfPage\":{\"@id\":\"https:\/\/www.gltfoundation.com\/fr\/entreprises-et-citoyennete\/#primaryimage\"},\"image\":{\"@id\":\"https:\/\/www.gltfoundation.com\/fr\/entreprises-et-citoyennete\/#primaryimage\"},\"thumbnailUrl\":\"https:\/\/www.gltfoundation.com\/wp-content\/uploads\/2023\/10\/hp-imprese-e-cittadinanza.jpg\",\"datePublished\":\"2023-04-20T12:42:51+00:00\",\"dateModified\":\"2025-07-23T13:41:09+00:00\",\"breadcrumb\":{\"@id\":\"https:\/\/www.gltfoundation.com\/fr\/entreprises-et-citoyennete\/#breadcrumb\"},\"inLanguage\":\"fr-FR\",\"potentialAction\":[{\"@type\":\"ReadAction\",\"target\":[\"https:\/\/www.gltfoundation.com\/fr\/entreprises-et-citoyennete\/\"]}]},{\"@type\":\"ImageObject\",\"inLanguage\":\"fr-FR\",\"@id\":\"https:\/\/www.gltfoundation.com\/fr\/entreprises-et-citoyennete\/#primaryimage\",\"url\":\"https:\/\/www.gltfoundation.com\/wp-content\/uploads\/2023\/10\/hp-imprese-e-cittadinanza.jpg\",\"contentUrl\":\"https:\/\/www.gltfoundation.com\/wp-content\/uploads\/2023\/10\/hp-imprese-e-cittadinanza.jpg\",\"width\":350,\"height\":320,\"caption\":\"home glt foundation\"},{\"@type\":\"BreadcrumbList\",\"@id\":\"https:\/\/www.gltfoundation.com\/fr\/entreprises-et-citoyennete\/#breadcrumb\",\"itemListElement\":[{\"@type\":\"ListItem\",\"position\":1,\"name\":\"Home\",\"item\":\"https:\/\/www.gltfoundation.com\/fr\/\"},{\"@type\":\"ListItem\",\"position\":2,\"name\":\"Entreprises et citoyennet\u00e9\"}]},{\"@type\":\"WebSite\",\"@id\":\"https:\/\/www.gltfoundation.com\/#website\",\"url\":\"https:\/\/www.gltfoundation.com\/\",\"name\":\"GLT Foundation\",\"description\":\"\",\"publisher\":{\"@id\":\"https:\/\/www.gltfoundation.com\/#organization\"},\"potentialAction\":[{\"@type\":\"SearchAction\",\"target\":{\"@type\":\"EntryPoint\",\"urlTemplate\":\"https:\/\/www.gltfoundation.com\/?s={search_term_string}\"},\"query-input\":{\"@type\":\"PropertyValueSpecification\",\"valueRequired\":true,\"valueName\":\"search_term_string\"}}],\"inLanguage\":\"fr-FR\"},{\"@type\":\"Organization\",\"@id\":\"https:\/\/www.gltfoundation.com\/#organization\",\"name\":\"GLT Foundation\",\"url\":\"https:\/\/www.gltfoundation.com\/\",\"logo\":{\"@type\":\"ImageObject\",\"inLanguage\":\"fr-FR\",\"@id\":\"https:\/\/www.gltfoundation.com\/#\/schema\/logo\/image\/\",\"url\":\"https:\/\/www.gltfoundation.com\/wp-content\/uploads\/2023\/05\/logo-glt.png\",\"contentUrl\":\"https:\/\/www.gltfoundation.com\/wp-content\/uploads\/2023\/05\/logo-glt.png\",\"width\":152,\"height\":67,\"caption\":\"GLT Foundation\"},\"image\":{\"@id\":\"https:\/\/www.gltfoundation.com\/#\/schema\/logo\/image\/\"},\"sameAs\":[\"https:\/\/www.facebook.com\/GlobalThinkingFoundation\/\",\"https:\/\/x.com\/GltFoundation\",\"https:\/\/www.youtube.com\/channel\/UCDNBF4vXJH618xaFlqdyYhw\",\"https:\/\/www.linkedin.com\/company\/10678527\/\",\"https:\/\/www.instagram.com\/globalthinkingfoundation\/\"]}]}<\/script>\n<!-- \/ Yoast SEO plugin. -->","yoast_head_json":{"title":"Entreprises et citoyennet\u00e9 - GLT Foundation","robots":{"index":"index","follow":"follow","max-snippet":"max-snippet:-1","max-image-preview":"max-image-preview:large","max-video-preview":"max-video-preview:-1"},"canonical":"https:\/\/www.gltfoundation.com\/fr\/entreprises-et-citoyennete\/","og_locale":"fr_FR","og_type":"article","og_title":"Entreprises et citoyennet\u00e9 - GLT Foundation","og_url":"https:\/\/www.gltfoundation.com\/fr\/entreprises-et-citoyennete\/","og_site_name":"GLT Foundation","article_publisher":"https:\/\/www.facebook.com\/GlobalThinkingFoundation\/","article_modified_time":"2025-07-23T13:41:09+00:00","og_image":[{"width":350,"height":320,"url":"https:\/\/www.gltfoundation.com\/wp-content\/uploads\/2023\/10\/hp-imprese-e-cittadinanza.jpg","type":"image\/jpeg"}],"twitter_card":"summary_large_image","twitter_site":"@GltFoundation","twitter_misc":{"Dur\u00e9e de lecture estim\u00e9e":"6 minutes"},"schema":{"@context":"https:\/\/schema.org","@graph":[{"@type":"WebPage","@id":"https:\/\/www.gltfoundation.com\/fr\/entreprises-et-citoyennete\/","url":"https:\/\/www.gltfoundation.com\/fr\/entreprises-et-citoyennete\/","name":"Entreprises et citoyennet\u00e9 - GLT Foundation","isPartOf":{"@id":"https:\/\/www.gltfoundation.com\/#website"},"primaryImageOfPage":{"@id":"https:\/\/www.gltfoundation.com\/fr\/entreprises-et-citoyennete\/#primaryimage"},"image":{"@id":"https:\/\/www.gltfoundation.com\/fr\/entreprises-et-citoyennete\/#primaryimage"},"thumbnailUrl":"https:\/\/www.gltfoundation.com\/wp-content\/uploads\/2023\/10\/hp-imprese-e-cittadinanza.jpg","datePublished":"2023-04-20T12:42:51+00:00","dateModified":"2025-07-23T13:41:09+00:00","breadcrumb":{"@id":"https:\/\/www.gltfoundation.com\/fr\/entreprises-et-citoyennete\/#breadcrumb"},"inLanguage":"fr-FR","potentialAction":[{"@type":"ReadAction","target":["https:\/\/www.gltfoundation.com\/fr\/entreprises-et-citoyennete\/"]}]},{"@type":"ImageObject","inLanguage":"fr-FR","@id":"https:\/\/www.gltfoundation.com\/fr\/entreprises-et-citoyennete\/#primaryimage","url":"https:\/\/www.gltfoundation.com\/wp-content\/uploads\/2023\/10\/hp-imprese-e-cittadinanza.jpg","contentUrl":"https:\/\/www.gltfoundation.com\/wp-content\/uploads\/2023\/10\/hp-imprese-e-cittadinanza.jpg","width":350,"height":320,"caption":"home glt foundation"},{"@type":"BreadcrumbList","@id":"https:\/\/www.gltfoundation.com\/fr\/entreprises-et-citoyennete\/#breadcrumb","itemListElement":[{"@type":"ListItem","position":1,"name":"Home","item":"https:\/\/www.gltfoundation.com\/fr\/"},{"@type":"ListItem","position":2,"name":"Entreprises et citoyennet\u00e9"}]},{"@type":"WebSite","@id":"https:\/\/www.gltfoundation.com\/#website","url":"https:\/\/www.gltfoundation.com\/","name":"GLT Foundation","description":"","publisher":{"@id":"https:\/\/www.gltfoundation.com\/#organization"},"potentialAction":[{"@type":"SearchAction","target":{"@type":"EntryPoint","urlTemplate":"https:\/\/www.gltfoundation.com\/?s={search_term_string}"},"query-input":{"@type":"PropertyValueSpecification","valueRequired":true,"valueName":"search_term_string"}}],"inLanguage":"fr-FR"},{"@type":"Organization","@id":"https:\/\/www.gltfoundation.com\/#organization","name":"GLT Foundation","url":"https:\/\/www.gltfoundation.com\/","logo":{"@type":"ImageObject","inLanguage":"fr-FR","@id":"https:\/\/www.gltfoundation.com\/#\/schema\/logo\/image\/","url":"https:\/\/www.gltfoundation.com\/wp-content\/uploads\/2023\/05\/logo-glt.png","contentUrl":"https:\/\/www.gltfoundation.com\/wp-content\/uploads\/2023\/05\/logo-glt.png","width":152,"height":67,"caption":"GLT Foundation"},"image":{"@id":"https:\/\/www.gltfoundation.com\/#\/schema\/logo\/image\/"},"sameAs":["https:\/\/www.facebook.com\/GlobalThinkingFoundation\/","https:\/\/x.com\/GltFoundation","https:\/\/www.youtube.com\/channel\/UCDNBF4vXJH618xaFlqdyYhw","https:\/\/www.linkedin.com\/company\/10678527\/","https:\/\/www.instagram.com\/globalthinkingfoundation\/"]}]}},"_links":{"self":[{"href":"https:\/\/www.gltfoundation.com\/fr\/wp-json\/wp\/v2\/pages\/53970"}],"collection":[{"href":"https:\/\/www.gltfoundation.com\/fr\/wp-json\/wp\/v2\/pages"}],"about":[{"href":"https:\/\/www.gltfoundation.com\/fr\/wp-json\/wp\/v2\/types\/page"}],"author":[{"embeddable":true,"href":"https:\/\/www.gltfoundation.com\/fr\/wp-json\/wp\/v2\/users\/7"}],"replies":[{"embeddable":true,"href":"https:\/\/www.gltfoundation.com\/fr\/wp-json\/wp\/v2\/comments?post=53970"}],"version-history":[{"count":17,"href":"https:\/\/www.gltfoundation.com\/fr\/wp-json\/wp\/v2\/pages\/53970\/revisions"}],"predecessor-version":[{"id":67759,"href":"https:\/\/www.gltfoundation.com\/fr\/wp-json\/wp\/v2\/pages\/53970\/revisions\/67759"}],"wp:featuredmedia":[{"embeddable":true,"href":"https:\/\/www.gltfoundation.com\/fr\/wp-json\/wp\/v2\/media\/56872"}],"wp:attachment":[{"href":"https:\/\/www.gltfoundation.com\/fr\/wp-json\/wp\/v2\/media?parent=53970"}],"wp:term":[{"taxonomy":"category","embeddable":true,"href":"https:\/\/www.gltfoundation.com\/fr\/wp-json\/wp\/v2\/categories?post=53970"}],"curies":[{"name":"wp","href":"https:\/\/api.w.org\/{rel}","templated":true}]}}