{"id":54179,"date":"2023-04-20T11:33:51","date_gmt":"2023-04-20T09:33:51","guid":{"rendered":"https:\/\/www.gltfoundation.com\/?page_id=54179"},"modified":"2023-09-27T18:20:35","modified_gmt":"2023-09-27T16:20:35","slug":"familymi","status":"publish","type":"page","link":"https:\/\/www.gltfoundation.com\/fr\/les-femmes-et-les-familles\/familymi\/","title":{"rendered":"FAMILYMI"},"content":{"rendered":"   \n\n      <!-- INTRO INNER PAGE -->\n   <section class=\"intro-part-1\">\n       <div class=\"intro-inner-page bg-pink glt-top-space\">\n           <!-- rounded box -->\n           <div class=\"container\">\n               <div class=\"row\">\n                   <div class=\"col\">\n                       <div class=\"el-rounded has-shadow-big bg-white\">\n                           <p class=\"breadcrumbs\" id=\"breadcrumbs\"><span><span><a href=\"https:\/\/www.gltfoundation.com\/fr\/\">Home<\/a><\/span><\/span><\/p>\n                           <div class=\"row justify-content-center\">\n                               <div class=\"col mb-4\">\n                                                                          <h2>FAMILYMI<\/h2>\n                                                                                                             <h5 class=\"mt-5\"><p>La plateforme digitale pour la famille<\/p>\n<\/h5>\n                                                                  <\/div>\n                                                          <\/div>\n                                                          <div class=\"share-box mt-8\">\n                                   <span>Partager<\/span>\n                                   <div class=\"a2a_kit a2a_kit_size_ addtoany_list\" data-a2a-url=\"https:\/\/www.gltfoundation.com\/fr\/les-femmes-et-les-familles\/familymi\/\" data-a2a-title=\"FAMILYMI\"><a class=\"a2a_button_facebook\" href=\"https:\/\/www.addtoany.com\/add_to\/facebook?linkurl=https%3A%2F%2Fwww.gltfoundation.com%2Ffr%2Fles-femmes-et-les-familles%2Ffamilymi%2F&amp;linkname=FAMILYMI\" title=\"Facebook\" rel=\"nofollow noopener\" target=\"_blank\"><img decoding=\"async\" src=\"\/wp-content\/themes\/GLT\/images\/icons\/facebook.png\" width=\"24\" alt=\"Facebook\"><\/a><a class=\"a2a_button_whatsapp\" href=\"https:\/\/www.addtoany.com\/add_to\/whatsapp?linkurl=https%3A%2F%2Fwww.gltfoundation.com%2Ffr%2Fles-femmes-et-les-familles%2Ffamilymi%2F&amp;linkname=FAMILYMI\" title=\"WhatsApp\" rel=\"nofollow noopener\" target=\"_blank\"><img decoding=\"async\" src=\"\/wp-content\/themes\/GLT\/images\/icons\/whatsapp.png\" width=\"24\" alt=\"WhatsApp\"><\/a><a class=\"a2a_button_telegram\" href=\"https:\/\/www.addtoany.com\/add_to\/telegram?linkurl=https%3A%2F%2Fwww.gltfoundation.com%2Ffr%2Fles-femmes-et-les-familles%2Ffamilymi%2F&amp;linkname=FAMILYMI\" title=\"Telegram\" rel=\"nofollow noopener\" target=\"_blank\"><img decoding=\"async\" src=\"\/wp-content\/themes\/GLT\/images\/icons\/telegram.png\" width=\"24\" alt=\"Telegram\"><\/a><a class=\"a2a_button_twitter\" href=\"https:\/\/www.addtoany.com\/add_to\/twitter?linkurl=https%3A%2F%2Fwww.gltfoundation.com%2Ffr%2Fles-femmes-et-les-familles%2Ffamilymi%2F&amp;linkname=FAMILYMI\" title=\"Twitter\" rel=\"nofollow noopener\" target=\"_blank\"><img decoding=\"async\" src=\"\/wp-content\/themes\/GLT\/images\/icons\/twitter.png\" width=\"24\" alt=\"Twitter\"><\/a><a class=\"a2a_button_linkedin\" href=\"https:\/\/www.addtoany.com\/add_to\/linkedin?linkurl=https%3A%2F%2Fwww.gltfoundation.com%2Ffr%2Fles-femmes-et-les-familles%2Ffamilymi%2F&amp;linkname=FAMILYMI\" title=\"LinkedIn\" rel=\"nofollow noopener\" target=\"_blank\"><img decoding=\"async\" src=\"\/wp-content\/themes\/GLT\/images\/icons\/linkedin.png\" width=\"24\" alt=\"LinkedIn\"><\/a><\/div>                               <\/div>\n                                                  <\/div>\n                   <\/div>\n               <\/div>\n           <\/div>\n           <!-- \/\/ rounded box -->\n       <\/div>\n   <\/section>\n   <!-- \/\/ INTRO INNER PAGE -->\n\n    <section class=\"intro-part-2 bg-pink\">\r\n        <div class=\"intro-inner-page\">\r\n            <!-- custom content -->\r\n            <div class=\"custom-content left\">\r\n                <div class=\"row\">\r\n                    <div class=\"col-auto mt-8 img-wrapper\">\r\n                        <img decoding=\"async\" class=\"el-rounded has-shadow-big\" src=\"https:\/\/www.gltfoundation.com\/wp-content\/uploads\/2023\/09\/page-FamilyMi-1-1024x945.jpg\" alt=\"\">\r\n                    <\/div>\r\n                    <div class=\"col-auto mt-8 content-wrapper\">\r\n                                                                            <p>\r\n                                <p>Le projet <strong>FamilyMI<\/strong>, realis\u00e9 par <strong>Global Thinking Foundation<\/strong>, avec la <a href=\"https:\/\/www.fondazionecariplo.it\/it\/index.html\">Fondation Cariplo<\/a> de Milan na\u00eet de l\u2019exigence d\u2019offrir un support au d\u00e9bat sur l\u2019\u00e9volution financi\u00e8re et sur l\u2019 \u00ab <strong>inclusion financi\u00e8re<\/strong> \u00bb aux familles des Millennials (n\u00e9s entre le 1980 et le 2000). FamilyMI propose un parcours informatif innovant et intuitif. L\u2019utilisateur commence ce parcours avec un questionnaire online sur les concepts principaux de l\u2019\u00e9pargne et investissement conscient, compos\u00e9 de sept tests, chacun d\u00e9di\u00e9 \u00e0 un sujet:<\/p>\n<ul>\n<li>Compte Courant;<\/li>\n<li>Assurances;<\/li>\n<li>Obligations;<\/li>\n<li>Actions;<\/li>\n<li>Fonds d\u2019investissement;<\/li>\n<li>SICAV et ETF;<\/li>\n<li>\u00c9changes;<\/li>\n<li>Certificates.<\/li>\n<\/ul>\n<p>&nbsp;<\/p>\n<p>Le r\u00e9sultat de chaque test se joint, comme d\u00e9crit par la suite, aux vid\u00e9o\/animations (d\u00e9nommez Pilules Formatives et Pilules Testimonial) de diff\u00e9rente dur\u00e9e et contenu, pour informer l\u2019utilisateur de mani\u00e8re passionnante et interactive.<\/p>\n                            <\/p>\r\n                                            <\/div>\r\n                <\/div>\r\n            <\/div>\r\n            <!-- \/\/ custom content -->\r\n        <\/div>\r\n    <\/section>\r\n\n\n<!-- INTRO INNER PAGE -->\r\n<section>\r\n    <div class=\"intro-inner-page\">\r\n        <!-- rounded box -->\r\n        <div class=\"container\">\r\n           \r\n                    <div class=\"el-rounded  bg-white\">\r\n                    \n    <div class=\"glt-flex-content-editor\">\n            <div class=\"row\">\n            <div class=\"col\">\n\n                    <div><p>D\u00e8s juillet 2020 la plateforme FamilyMI s\u2019est enrichie de la section \u201cvideo LIS\u201d, avec l\u2019objectif d\u2019\u00e9largir ult\u00e9rieurement les modalit\u00e9s de fruition des mat\u00e9riels. En fait, gr\u00e2ce \u00e0 la collaboration de <strong>Mauro Santacroce<\/strong>, <strong>Moira Pompili<\/strong> e <strong>Claudia Guarino<\/strong>, toutes les Pililes Testimonial et les Pilules Formatives sont disponibles m\u00eame avec l\u2019insertion de la Langue Italienne des Signes pour donner aux personnes sourdes la possibilit\u00e9 d\u2019acc\u00e9der aux contenus et de s\u2019informer et de se tester avec les concepts de la finance d\u2019aujourd\u2019hui. Avec cette int\u00e9gration la Fondation veut adresser son engagement pour l\u2019inclusion sociale aussi envers les personnes sourdes, comme on l\u2019a d\u00e9j\u00e0 fait avec les cours physiques en salle.<\/p>\n<\/div>\r\n            <\/div>\n        <\/div>\n\n        <\/div>\n\n    \n                    <\/div>\r\n              \r\n        <\/div>\r\n        <!-- \/\/ rounded box -->\r\n    <\/div>\r\n<\/section>\r\n<!-- \/\/ INTRO INNER PAGE -->\r\n\n\n \r\n <!-- VIDEO CONTAINER -->\r\n <section class=\"mt-10 glt-video-slider\">\r\n     <div class=\"container\">\r\n         \r\n                      <div class=\"row\">\r\n                 <div class=\"col\">\r\n                     <div class=\"common-container el-rounded bg-green mt-4\">\r\n\r\n                         <!-- VIDEO SLIDER -->\r\n                         \r\n                         <div class=\"swiper common-slider video-slider single-element\">\r\n\r\n                             <div class=\"swiper-wrapper\">\r\n\r\n                                                                      <!-- slide -->\r\n                                     <div class=\"swiper-slide\">\r\n                                         <div class=\"video-sizer\">\r\n                                             <iframe loading=\"lazy\" title=\"#1 FamilyMI - L&#039;Economia in Famiglia (sub ita)\" width=\"640\" height=\"360\" src=\"https:\/\/www.youtube.com\/embed\/Ot2-eQJUn7c?feature=oembed\" frameborder=\"0\" allow=\"accelerometer; autoplay; clipboard-write; encrypted-media; gyroscope; picture-in-picture; web-share\" referrerpolicy=\"strict-origin-when-cross-origin\" allowfullscreen><\/iframe>                                         <\/div>\r\n                                                                              <\/div>\r\n                                     <!-- \/\/ slide -->\r\n                                 \r\n                             <\/div>\r\n\r\n                             <div class=\"swiper-button-prev\"><\/div>\r\n                             <div class=\"swiper-button-next\"><\/div>\r\n                         <\/div>\r\n                         <!-- \/\/ VIDEO SLIDER -->\r\n\r\n                         <!-- div class=\"text-center mt-5\">\r\n                             <p><strong>Non riesci a scaricare o utilizzare<\/strong> la Nostra App? Scarica il nostro tutorial!<\/p>\r\n\r\n                             <a href=\"#\" class=\"btn btn-large mt-3\">\r\n                                 <img decoding=\"async\" src=\"images\/ico-download.svg\" class=\"is-svg me-2\" alt=\"\">\r\n                                 Scarica il nostro tutorial\r\n                             <\/a>\r\n                         <\/div-->\r\n\r\n                     <\/div>\r\n                 <\/div>\r\n             <\/div>\r\n              <\/div>\r\n <\/section>\r\n <!-- \/\/ VIDEO CONTAINER -->\n\n\r\n    <section class=\"cards-alternate\">\r\n        \r\n                <!-- custom content -->\r\n                <div class=\"custom-content left\">\r\n                    <div class=\"row mb-5\">\r\n                        <div class=\"col-auto mt-8 img-wrapper\">\r\n                                                            <img decoding=\"async\" class=\"el-rounded is-logo\" src=\"https:\/\/www.gltfoundation.com\/wp-content\/uploads\/2023\/06\/logo_familymi.jpg\" alt=\"\">\r\n                            \r\n                        <\/div>\r\n                        <div class=\"col-auto mt-8 content-wrapper text-center text-tab-start\">\r\n                            <h4>Faites vos preuves gr\u00e2ce aux questionnaires et d\u00e9couvrez les secrets de formation<\/h4>\r\n                            <p>Portail de formation pour rendre conscientes les familles \u00e0 propos de leurs connaissances en mati\u00e8re de <strong>finance<\/strong>, d\u2019<strong>assurance<\/strong>, de <strong>pr\u00e9voyance<\/strong> et pour favoriser la passage de g\u00e9n\u00e9rations des <strong>comp\u00e9tences \u00e9conomiques et financi\u00e8res<\/strong>.<\/p>\n                                                            <div class=\"d-flex justify-content-center justify-content-tab-end mt-5 mt-tab-auto\">\r\n                                    <a href=\"https:\/\/www.familymi.com\/fr\/\" target=\"_blank\" class=\"btn btn-large btn-hover-blue-fluo\">EN SAVOIR PLUS<\/a>\r\n                                <\/div>\r\n                                                    <\/div>\r\n                    <\/div>\r\n                <\/div>\r\n                <!-- \/\/ custom content -->\r\n\r\n\r\n        \r\n    <\/section>\r\n\r\n","protected":false},"excerpt":{"rendered":"","protected":false},"author":7,"featured_media":0,"parent":54600,"menu_order":0,"comment_status":"closed","ping_status":"closed","template":"","meta":{"_acf_changed":false,"inline_featured_image":false,"_themeisle_gutenberg_block_has_review":false,"footnotes":""},"categories":[69],"class_list":["post-54179","page","type-page","status-publish","hentry","category-les-femmes-et-la-famille"],"acf":[],"yoast_head":"<!-- This site is optimized with the Yoast SEO plugin v23.6 - https:\/\/yoast.com\/wordpress\/plugins\/seo\/ -->\n<title>FAMILYMI - GLT Foundation<\/title>\n<meta name=\"robots\" content=\"index, follow, max-snippet:-1, max-image-preview:large, max-video-preview:-1\" \/>\n<link rel=\"canonical\" href=\"https:\/\/www.gltfoundation.com\/fr\/les-femmes-et-les-familles\/familymi\/\" \/>\n<meta property=\"og:locale\" content=\"fr_FR\" \/>\n<meta property=\"og:type\" content=\"article\" \/>\n<meta property=\"og:title\" content=\"FAMILYMI - GLT Foundation\" \/>\n<meta property=\"og:url\" content=\"https:\/\/www.gltfoundation.com\/fr\/les-femmes-et-les-familles\/familymi\/\" \/>\n<meta property=\"og:site_name\" content=\"GLT Foundation\" \/>\n<meta property=\"article:publisher\" content=\"https:\/\/www.facebook.com\/GlobalThinkingFoundation\/\" \/>\n<meta property=\"article:modified_time\" content=\"2023-09-27T16:20:35+00:00\" \/>\n<meta name=\"twitter:card\" content=\"summary_large_image\" \/>\n<meta name=\"twitter:site\" content=\"@GltFoundation\" \/>\n<script type=\"application\/ld+json\" class=\"yoast-schema-graph\">{\"@context\":\"https:\/\/schema.org\",\"@graph\":[{\"@type\":\"WebPage\",\"@id\":\"https:\/\/www.gltfoundation.com\/fr\/les-femmes-et-les-familles\/familymi\/\",\"url\":\"https:\/\/www.gltfoundation.com\/fr\/les-femmes-et-les-familles\/familymi\/\",\"name\":\"FAMILYMI - GLT Foundation\",\"isPartOf\":{\"@id\":\"https:\/\/www.gltfoundation.com\/#website\"},\"datePublished\":\"2023-04-20T09:33:51+00:00\",\"dateModified\":\"2023-09-27T16:20:35+00:00\",\"breadcrumb\":{\"@id\":\"https:\/\/www.gltfoundation.com\/fr\/les-femmes-et-les-familles\/familymi\/#breadcrumb\"},\"inLanguage\":\"fr-FR\",\"potentialAction\":[{\"@type\":\"ReadAction\",\"target\":[\"https:\/\/www.gltfoundation.com\/fr\/les-femmes-et-les-familles\/familymi\/\"]}]},{\"@type\":\"BreadcrumbList\",\"@id\":\"https:\/\/www.gltfoundation.com\/fr\/les-femmes-et-les-familles\/familymi\/#breadcrumb\",\"itemListElement\":[{\"@type\":\"ListItem\",\"position\":1,\"name\":\"Home\",\"item\":\"https:\/\/www.gltfoundation.com\/fr\/\"},{\"@type\":\"ListItem\",\"position\":2,\"name\":\"Les femmes et les familles\",\"item\":\"https:\/\/www.gltfoundation.com\/fr\/les-femmes-et-les-familles\/\"},{\"@type\":\"ListItem\",\"position\":3,\"name\":\"FAMILYMI\"}]},{\"@type\":\"WebSite\",\"@id\":\"https:\/\/www.gltfoundation.com\/#website\",\"url\":\"https:\/\/www.gltfoundation.com\/\",\"name\":\"GLT Foundation\",\"description\":\"\",\"publisher\":{\"@id\":\"https:\/\/www.gltfoundation.com\/#organization\"},\"potentialAction\":[{\"@type\":\"SearchAction\",\"target\":{\"@type\":\"EntryPoint\",\"urlTemplate\":\"https:\/\/www.gltfoundation.com\/?s={search_term_string}\"},\"query-input\":{\"@type\":\"PropertyValueSpecification\",\"valueRequired\":true,\"valueName\":\"search_term_string\"}}],\"inLanguage\":\"fr-FR\"},{\"@type\":\"Organization\",\"@id\":\"https:\/\/www.gltfoundation.com\/#organization\",\"name\":\"GLT Foundation\",\"url\":\"https:\/\/www.gltfoundation.com\/\",\"logo\":{\"@type\":\"ImageObject\",\"inLanguage\":\"fr-FR\",\"@id\":\"https:\/\/www.gltfoundation.com\/#\/schema\/logo\/image\/\",\"url\":\"https:\/\/www.gltfoundation.com\/wp-content\/uploads\/2023\/05\/logo-glt.png\",\"contentUrl\":\"https:\/\/www.gltfoundation.com\/wp-content\/uploads\/2023\/05\/logo-glt.png\",\"width\":152,\"height\":67,\"caption\":\"GLT Foundation\"},\"image\":{\"@id\":\"https:\/\/www.gltfoundation.com\/#\/schema\/logo\/image\/\"},\"sameAs\":[\"https:\/\/www.facebook.com\/GlobalThinkingFoundation\/\",\"https:\/\/x.com\/GltFoundation\",\"https:\/\/www.youtube.com\/channel\/UCDNBF4vXJH618xaFlqdyYhw\",\"https:\/\/www.linkedin.com\/company\/10678527\/\",\"https:\/\/www.instagram.com\/globalthinkingfoundation\/\"]}]}<\/script>\n<!-- \/ Yoast SEO plugin. -->","yoast_head_json":{"title":"FAMILYMI - GLT Foundation","robots":{"index":"index","follow":"follow","max-snippet":"max-snippet:-1","max-image-preview":"max-image-preview:large","max-video-preview":"max-video-preview:-1"},"canonical":"https:\/\/www.gltfoundation.com\/fr\/les-femmes-et-les-familles\/familymi\/","og_locale":"fr_FR","og_type":"article","og_title":"FAMILYMI - GLT Foundation","og_url":"https:\/\/www.gltfoundation.com\/fr\/les-femmes-et-les-familles\/familymi\/","og_site_name":"GLT Foundation","article_publisher":"https:\/\/www.facebook.com\/GlobalThinkingFoundation\/","article_modified_time":"2023-09-27T16:20:35+00:00","twitter_card":"summary_large_image","twitter_site":"@GltFoundation","schema":{"@context":"https:\/\/schema.org","@graph":[{"@type":"WebPage","@id":"https:\/\/www.gltfoundation.com\/fr\/les-femmes-et-les-familles\/familymi\/","url":"https:\/\/www.gltfoundation.com\/fr\/les-femmes-et-les-familles\/familymi\/","name":"FAMILYMI - GLT Foundation","isPartOf":{"@id":"https:\/\/www.gltfoundation.com\/#website"},"datePublished":"2023-04-20T09:33:51+00:00","dateModified":"2023-09-27T16:20:35+00:00","breadcrumb":{"@id":"https:\/\/www.gltfoundation.com\/fr\/les-femmes-et-les-familles\/familymi\/#breadcrumb"},"inLanguage":"fr-FR","potentialAction":[{"@type":"ReadAction","target":["https:\/\/www.gltfoundation.com\/fr\/les-femmes-et-les-familles\/familymi\/"]}]},{"@type":"BreadcrumbList","@id":"https:\/\/www.gltfoundation.com\/fr\/les-femmes-et-les-familles\/familymi\/#breadcrumb","itemListElement":[{"@type":"ListItem","position":1,"name":"Home","item":"https:\/\/www.gltfoundation.com\/fr\/"},{"@type":"ListItem","position":2,"name":"Les femmes et les familles","item":"https:\/\/www.gltfoundation.com\/fr\/les-femmes-et-les-familles\/"},{"@type":"ListItem","position":3,"name":"FAMILYMI"}]},{"@type":"WebSite","@id":"https:\/\/www.gltfoundation.com\/#website","url":"https:\/\/www.gltfoundation.com\/","name":"GLT Foundation","description":"","publisher":{"@id":"https:\/\/www.gltfoundation.com\/#organization"},"potentialAction":[{"@type":"SearchAction","target":{"@type":"EntryPoint","urlTemplate":"https:\/\/www.gltfoundation.com\/?s={search_term_string}"},"query-input":{"@type":"PropertyValueSpecification","valueRequired":true,"valueName":"search_term_string"}}],"inLanguage":"fr-FR"},{"@type":"Organization","@id":"https:\/\/www.gltfoundation.com\/#organization","name":"GLT Foundation","url":"https:\/\/www.gltfoundation.com\/","logo":{"@type":"ImageObject","inLanguage":"fr-FR","@id":"https:\/\/www.gltfoundation.com\/#\/schema\/logo\/image\/","url":"https:\/\/www.gltfoundation.com\/wp-content\/uploads\/2023\/05\/logo-glt.png","contentUrl":"https:\/\/www.gltfoundation.com\/wp-content\/uploads\/2023\/05\/logo-glt.png","width":152,"height":67,"caption":"GLT Foundation"},"image":{"@id":"https:\/\/www.gltfoundation.com\/#\/schema\/logo\/image\/"},"sameAs":["https:\/\/www.facebook.com\/GlobalThinkingFoundation\/","https:\/\/x.com\/GltFoundation","https:\/\/www.youtube.com\/channel\/UCDNBF4vXJH618xaFlqdyYhw","https:\/\/www.linkedin.com\/company\/10678527\/","https:\/\/www.instagram.com\/globalthinkingfoundation\/"]}]}},"_links":{"self":[{"href":"https:\/\/www.gltfoundation.com\/fr\/wp-json\/wp\/v2\/pages\/54179"}],"collection":[{"href":"https:\/\/www.gltfoundation.com\/fr\/wp-json\/wp\/v2\/pages"}],"about":[{"href":"https:\/\/www.gltfoundation.com\/fr\/wp-json\/wp\/v2\/types\/page"}],"author":[{"embeddable":true,"href":"https:\/\/www.gltfoundation.com\/fr\/wp-json\/wp\/v2\/users\/7"}],"replies":[{"embeddable":true,"href":"https:\/\/www.gltfoundation.com\/fr\/wp-json\/wp\/v2\/comments?post=54179"}],"version-history":[{"count":8,"href":"https:\/\/www.gltfoundation.com\/fr\/wp-json\/wp\/v2\/pages\/54179\/revisions"}],"predecessor-version":[{"id":54192,"href":"https:\/\/www.gltfoundation.com\/fr\/wp-json\/wp\/v2\/pages\/54179\/revisions\/54192"}],"up":[{"embeddable":true,"href":"https:\/\/www.gltfoundation.com\/fr\/wp-json\/wp\/v2\/pages\/54600"}],"wp:attachment":[{"href":"https:\/\/www.gltfoundation.com\/fr\/wp-json\/wp\/v2\/media?parent=54179"}],"wp:term":[{"taxonomy":"category","embeddable":true,"href":"https:\/\/www.gltfoundation.com\/fr\/wp-json\/wp\/v2\/categories?post=54179"}],"curies":[{"name":"wp","href":"https:\/\/api.w.org\/{rel}","templated":true}]}}