{"id":54384,"date":"2023-04-20T12:55:32","date_gmt":"2023-04-20T10:55:32","guid":{"rendered":"https:\/\/www.gltfoundation.com\/?page_id=54384"},"modified":"2025-09-26T16:38:42","modified_gmt":"2025-09-26T14:38:42","slug":"a-propos-de-glt","status":"publish","type":"page","link":"https:\/\/www.gltfoundation.com\/fr\/a-propos-de-glt\/","title":{"rendered":"A PROPOS DE GLT"},"content":{"rendered":"<div id=\"dflip_post_meta_box_shortcode\" class=\"postbox \">\n<div class=\"inside\">\n<div style=\"text-align: center;\"><strong>NOTRE PR\u00c9SENTATION INSTITUTIONNELLE:<\/strong><\/div>\n<div>\u00a0<\/div>\n<div class=\"dflip-tabs normal-tabs\">\n<div id=\"dflip-tab-content-thumb\" class=\"dflip-tab-content dflip-active\" style=\"text-align: center;\"><code><div class=\"_df_thumb \" id=\"df_65398\"  wpoptions=\"true\" thumb=\"https:\/\/www.gltfoundation.com\/wp-content\/uploads\/2025\/02\/Screenshot-2025-02-17-alle-17.42.21.png\" >NOTRE PR\u00c9SENTATION INSTITUTIONNELLE  &#8211; FR<\/div><script data-cfasync=\"false\">var option_df_65398 = {\"outline\":[],\"forceFit\":\"true\",\"autoEnableOutline\":\"false\",\"autoEnableThumbnail\":\"false\",\"overwritePDFOutline\":\"false\",\"enableDownload\":\"false\",\"direction\":\"1\",\"pageMode\":\"0\",\"source\":\"https:\\\/\\\/www.gltfoundation.com\\\/wp-content\\\/uploads\\\/2025\\\/02\\\/PRESENTAZIONE-GLT-2025-compresso_1-1.pdf\",\"wpOptions\":\"true\"}; if(window.DFLIP && DFLIP.parseBooks){DFLIP.parseBooks();}<\/script><\/code><\/div>\n<\/div>\n<\/div>\n<\/div>\n<div id=\"submitdiv\" class=\"postbox \">\n<div class=\"postbox-header\">\n<div class=\"handle-actions hide-if-no-js\">\u00a0<\/div>\n<\/div>\n<\/div>\n\n<!-- INTRO INNER PAGE -->\r\n<section>\r\n    <div class=\"intro-inner-page\">\r\n        <!-- rounded box -->\r\n        <div class=\"container\">\r\n           \r\n                    <div class=\"el-rounded has-shadow-big bg-white\">\r\n                    \n    <div class=\"glt-flex-content-editor\">\n            <div class=\"row\">\n            <div class=\"col\">\n\n                    <div><p><strong>Global Thinking Foundation ETS<\/strong> a \u00e9t\u00e9 cr\u00e9\u00e9e en <strong>2016<\/strong> pour soutenir, parrainer et organiser des initiatives et des projets visant \u00e0 pr\u00e9venir la <strong>violence \u00e9conomique<\/strong> et les abus financiers par la diffusion de connaissances financi\u00e8res et num\u00e9riques destin\u00e9es aux femmes, aux familles, aux pauvres, aux entreprises engag\u00e9es dans la poursuite de l&rsquo;\u00e9galit\u00e9 des sexes et aux segments les plus faibles de la soci\u00e9t\u00e9.<\/p>\n<p style=\"text-align: justify;\">Dans le cadre des <a href=\"https:\/\/www.agenziacoesione.gov.it\/comunicazione\/agenda-2030-per-lo-sviluppo-sostenibile\/\" target=\"_blank\" rel=\"noopener\">17 objectifs de d\u00e9veloppement<\/a> durable d\u00e9finis par les Nations Unies,(ODD) la Fondation d\u00e9veloppe des projets d\u00e9di\u00e9s \u00e0 l\u2019inclusion \u00e9conomique et sociale de tous les citoyens, soutient une <strong>instruction de qualit\u00e9<\/strong>, accorde des bourses d\u2019\u00e9tudes et d\u00e9cerne des prix aux \u00e9tudiants m\u00e9ritants et d\u00e9favoris\u00e9s, pr\u00f4ne l\u2019<strong>\u00e9galit\u00e9 entre les sexes<\/strong>, en favorisant la diffusion de l\u2019\u00e9ducation financi\u00e8re par le biais de cours propos\u00e9s aux femmes et de <strong>projets de citoyennet\u00e9 \u00e9conomique<\/strong>. <strong>Global Thinking Foundation<\/strong> favorise donc la diffusion de l\u2019<strong>\u00e9ducation financi\u00e8re<\/strong> pour une culture consciente de l\u2019\u00e9pargne et de sa gestion \u00e0 travers des projets de citoyennet\u00e9 \u00e9conomique, selon une approche des valeurs \u00e0 l\u2019\u00e9conomie et la finance pour les sujets d\u00e9munis et pour les groupes les plus faibles.<\/p>\n<\/div>\r\n            <\/div>\n        <\/div>\n\n            <div class=\"row\">\n            <div class=\"col\">\n\n                    <img decoding=\"async\" src=\"https:\/\/www.gltfoundation.com\/wp-content\/uploads\/2023\/09\/fr-ico-about.png\" class=\"\" alt=\"\">\r\n            <\/div>\n        <\/div>\n\n            <div class=\"row\">\n            <div class=\"col\">\n\n                    <div><p>&nbsp;<\/p>\n<h4 style=\"text-align: justify;\">\u201cAujourd\u2019hui le syst\u00e8me financier a besoin d\u2019\u00e9ducation financi\u00e8re, pour \u00e9tablir \u00e0 nouveau la confiance dans un esprit de s\u00e9curit\u00e9 et de transparence.\u201d<\/h4>\n<p style=\"text-align: justify;\">Global Thinking Foundation met donc \u00e0 disposition ses ressources pour aider les familles et chaque \u00e9pargnant \u00e0 d\u00e9velopper ses propres connaissances et acqu\u00e9rir des comp\u00e9tences financi\u00e8res. La Fondation op\u00e8re ainsi sur tout le territoire italien et d\u00e9bute sur le territoire fran\u00e7ais \u00e0 travers diff\u00e9rentes initiatives et projets. La fondation intervient dans un but d\u2019utilit\u00e9 publique et sociale.<\/p>\n<\/div>\r\n            <\/div>\n        <\/div>\n\n        <\/div>\n\n    \n                    <\/div>\r\n              \r\n        <\/div>\r\n        <!-- \/\/ rounded box -->\r\n    <\/div>\r\n<\/section>\r\n<!-- \/\/ INTRO INNER PAGE -->\r\n\n\n<section class=\"alternate-text-block\">\r\n    <div class=\"container\">\r\n        <div class=\"row\">\r\n            <div class=\"col\">\r\n\r\n                <!-- ALT TEXT -->\r\n                <div class=\"alternate-text\">\r\n                                        <!-- ITEM -->\r\n                    <div class=\"alternate-text-item\">\r\n                        <h5 class=\"pre-title\"><\/h5>\r\n                        <div class=\"text-box\">\r\n                            <div class=\"img-wrapper\">\r\n                                <img decoding=\"async\" class=\"\" src=\"https:\/\/www.gltfoundation.com\/wp-content\/uploads\/2023\/07\/box-02-300x219.jpg\" alt=\"\">\r\n                            <\/div>\r\n                            <div class=\"content-wrapper\">\r\n                                <h3 class=\"text-title\"><\/h3>\r\n                                <h4 class=\"text-subtitle\"><\/h4>\r\n                                <div class=\"text-content\">\r\n                                    <p style=\"text-align: justify;\">Toute d\u00e9cision financi\u00e8re affecte directement le bien-\u00eatre personnel et familial, des \u00e9tudes jusqu\u2019 \u00e0 la retraite.<br \/>\nUn choix conscient, une consommation intelligente et inform\u00e9e, un jugement objectif sont les cl\u00e9s pour acqu\u00e9rir des comp\u00e9tences financi\u00e8res dans le but de g\u00e9rer au mieux son \u00e9conomie personnelle et familiale.<\/p>\n<p><a href=\"https:\/\/www.gltfoundation.com\/fr\/credits-fr\/\" target=\"_blank\" rel=\"noopener\"><img loading=\"lazy\" decoding=\"async\" class=\"size-medium wp-image-64967 alignleft\" src=\"https:\/\/www.gltfoundation.com\/wp-content\/uploads\/2025\/01\/bottoni-sito-e1738245501474-300x68.png\" alt=\"\" width=\"300\" height=\"68\" srcset=\"https:\/\/www.gltfoundation.com\/wp-content\/uploads\/2025\/01\/bottoni-sito-e1738245501474-300x68.png 300w, https:\/\/www.gltfoundation.com\/wp-content\/uploads\/2025\/01\/bottoni-sito-e1738245501474-1024x231.png 1024w, https:\/\/www.gltfoundation.com\/wp-content\/uploads\/2025\/01\/bottoni-sito-e1738245501474-768x174.png 768w, https:\/\/www.gltfoundation.com\/wp-content\/uploads\/2025\/01\/bottoni-sito-e1738245501474-500x113.png 500w, https:\/\/www.gltfoundation.com\/wp-content\/uploads\/2025\/01\/bottoni-sito-e1738245501474.png 1080w\" sizes=\"(max-width: 300px) 100vw, 300px\" \/><\/a><\/p>\n                                <\/div>\r\n                            <\/div>\r\n                        <\/div>\r\n                    <\/div>\r\n                    <!-- \/\/ ITEM -->\r\n                                    <\/div>\r\n                <!-- \/\/ ALT TEXT -->\r\n\r\n            <\/div>\r\n        <\/div>\r\n    <\/div>\r\n<\/section>\r\n\n\n\r\n\r\n    \r\n        <section class=\"container mt-6\">\r\n                    <\/section>\r\n\r\n                    <section class=\"container component-cards\">\r\n                <div class=\"row\">\r\n                                            <div class=\"col mb-10 mb-tab-3 glt-publication-card\">\r\n\r\n                                                            \r\n                                <div class=\"_df_thumb \" id=\"df_68465\"  wpoptions=\"true\" thumb=\"https:\/\/www.gltfoundation.com\/wp-content\/uploads\/2025\/09\/Screenshot-2025-09-26-alle-16.36.37.png\" >Bilancio Sociale 2025 &#8211; FR<\/div><script data-cfasync=\"false\">var option_df_68465 = {\"outline\":[],\"forceFit\":\"true\",\"autoEnableOutline\":\"false\",\"autoEnableThumbnail\":\"false\",\"overwritePDFOutline\":\"false\",\"enableDownload\":\"false\",\"direction\":\"1\",\"pageMode\":\"0\",\"source\":\"https:\\\/\\\/www.gltfoundation.com\\\/wp-content\\\/uploads\\\/2025\\\/09\\\/BILAN-SOCIAL-2024.pdf\",\"wpOptions\":\"true\"}; if(window.DFLIP && DFLIP.parseBooks){DFLIP.parseBooks();}<\/script>                                                                    <div class=\"description\">Bilan Social 2024<\/div>\r\n                                                                                    <\/div>\r\n                                            <div class=\"col mb-10 mb-tab-3 glt-publication-card\">\r\n\r\n                                                            \r\n                                <div class=\"_df_thumb \" id=\"df_62380\"  wpoptions=\"true\" thumb=\"https:\/\/www.gltfoundation.com\/wp-content\/uploads\/2024\/07\/Schermata-2024-07-02-alle-09.06.01.png\" >Code d\u2019\u00e9thique de la Fondation<\/div><script data-cfasync=\"false\">var option_df_62380 = {\"outline\":[],\"forceFit\":\"true\",\"autoEnableOutline\":\"false\",\"autoEnableThumbnail\":\"false\",\"overwritePDFOutline\":\"false\",\"enableDownload\":\"false\",\"direction\":\"1\",\"pageMode\":\"0\",\"source\":\"https:\\\/\\\/www.gltfoundation.com\\\/wp-content\\\/uploads\\\/2024\\\/07\\\/Code-dethique-de-la-Fondation-Global-Thinking-Foundation-ETS-fr.pdf\",\"wpOptions\":\"true\"}; if(window.DFLIP && DFLIP.parseBooks){DFLIP.parseBooks();}<\/script>                                                                    <div class=\"description\">Code d&rsquo;\u00e9thique de la Fondation<\/div>\r\n                                                                                    <\/div>\r\n                                            <div class=\"col mb-10 mb-tab-3 glt-publication-card\">\r\n\r\n                                                            \r\n                                <div class=\"_df_thumb \" id=\"df_16964\"  wpoptions=\"true\" thumb=\"https:\/\/www.gltfoundation.com\/wp-content\/uploads\/2020\/03\/Screenshot-2026-04-15-alle-12.22.40.png\" >GLT Modello Organizzativo &#8211; agg. marzo 2026<\/div><script data-cfasync=\"false\">var option_df_16964 = {\"outline\":[],\"forceFit\":\"true\",\"autoEnableOutline\":\"false\",\"autoEnableThumbnail\":\"false\",\"overwritePDFOutline\":\"false\",\"enableDownload\":\"false\",\"direction\":\"1\",\"pageMode\":\"0\",\"source\":\"https:\\\/\\\/www.gltfoundation.com\\\/wp-content\\\/uploads\\\/2020\\\/03\\\/GLT__Modello-Organizzativo-Parte-Generale-aggiornata.pdf\",\"wpOptions\":\"true\"}; if(window.DFLIP && DFLIP.parseBooks){DFLIP.parseBooks();}<\/script>                                                                    <div class=\"description\">Mod\u00e8le d&rsquo;organisation, de gestion et\r\nContr\u00f4le GLT ed. 2024 \u2013 D\u00e9cret l\u00e9gislatif 231\/2001<\/div>\r\n                                                                                    <\/div>\r\n                                            <div class=\"col mb-10 mb-tab-3 glt-publication-card\">\r\n\r\n                                                            \r\n                                <div class=\"_df_thumb \" id=\"df_60349\"  wpoptions=\"true\" thumb=\"https:\/\/www.gltfoundation.com\/wp-content\/uploads\/2020\/07\/Statuto-Definitivo-2020_website_cover-1.jpg\" >Statuto_2024<\/div><script data-cfasync=\"false\">var option_df_60349 = {\"outline\":[],\"forceFit\":\"true\",\"autoEnableOutline\":\"false\",\"autoEnableThumbnail\":\"false\",\"overwritePDFOutline\":\"false\",\"enableDownload\":\"false\",\"direction\":\"1\",\"pageMode\":\"0\",\"source\":\"https:\\\/\\\/www.gltfoundation.com\\\/wp-content\\\/uploads\\\/2024\\\/03\\\/Nuovo-Statuto-Global-Thinking-Foundation-15.02.202453.pdf\",\"wpOptions\":\"true\"}; if(window.DFLIP && DFLIP.parseBooks){DFLIP.parseBooks();}<\/script>                                                                    <div class=\"description\">Loi<\/div>\r\n                                                                                    <\/div>\r\n                                            <div class=\"col mb-10 mb-tab-3 glt-publication-card\">\r\n\r\n                                                            \r\n                                <div class=\"_df_thumb \" id=\"df_18748\"  wpoptions=\"true\" thumb=\"https:\/\/www.gltfoundation.com\/wp-content\/uploads\/2020\/09\/policy_tutela_minori_cover.jpg\" >Policy per la tutela dei minori<\/div><script data-cfasync=\"false\">var option_df_18748 = {\"outline\":[],\"forceFit\":\"true\",\"autoEnableOutline\":\"false\",\"autoEnableThumbnail\":\"false\",\"overwritePDFOutline\":\"false\",\"enableDownload\":\"false\",\"direction\":\"1\",\"pageMode\":\"0\",\"source\":\"https:\\\/\\\/www.gltfoundation.com\\\/wp-content\\\/uploads\\\/2020\\\/09\\\/Policy_Tutela_dei_Minori_GLT_Carta_intestata_V1.pdf\",\"wpOptions\":\"true\"}; if(window.DFLIP && DFLIP.parseBooks){DFLIP.parseBooks();}<\/script>                                                                    <div class=\"description\">Politique de protection des mineurs<\/div>\r\n                                                                                    <\/div>\r\n                                    <\/div>\r\n            <\/section>\r\n\r\n    \n\n\n\n<p><!-- rounded box --><\/p>\n<div class=\"container mt-0 mb-2\">\n<div class=\"row\">\n<div class=\"col text-center\"><a class=\"h4 btn btn-large bg-green btn-hover-green me-2 ms-2\" href=\"https:\/\/www.gltfoundation.com\/fr\/a-propos-de-glt\/bourses-et-prix\/\" target=\"_self\" rel=\"noopener\">Bourses et prix d&rsquo;\u00e9tudes<\/a><\/div>\n<\/div>\n<\/div>\n<p><!-- \/\/ rounded box --><\/p>\n\n    <!-- CUSTOM CONTAINER -->\r\n    <section class=\"banners-grid\">\r\n        \r\n        <!-- custom content -->\r\n        <div class=\"custom-content\">\r\n            <div class=\"row\">\r\n\r\n                \r\n                        <div class=\"col-auto mt-8 img-wrapper custom-content-descr\">\r\n                            <div class=\"el-rounded\">\r\n                                <h4>MISSION<\/h4>\r\n                                                                    <a href=\"https:\/\/www.gltfoundation.com\/fr\/mission\/\" target=\"\" class=\"btn btn-large btn-hover-green extend-link\">EN SAVOIR PLUS<\/a>\r\n                                                            <\/div>\r\n                            <img decoding=\"async\" class=\"el-rounded has-shadow-big\" src=\"https:\/\/www.gltfoundation.com\/wp-content\/uploads\/2023\/07\/26-e1613990684136-720x380.jpg\" alt=\"\">\r\n                        <\/div>\r\n                \r\n                        <div class=\"col-auto mt-8 img-wrapper custom-content-descr\">\r\n                            <div class=\"el-rounded\">\r\n                                <h4>\u00c9V\u00c9NEMENTS GLT<\/h4>\r\n                                                                    <a href=\"https:\/\/www.gltfoundation.com\/eventi-annuali-glt\/\" target=\"\" class=\"btn btn-large btn-hover-green extend-link\">EN SAVOIR PLUS<\/a>\r\n                                                            <\/div>\r\n                            <img decoding=\"async\" class=\"el-rounded has-shadow-big\" src=\"https:\/\/www.gltfoundation.com\/wp-content\/uploads\/2023\/06\/20221214_nl_00-1-640x380.jpg\" alt=\"\">\r\n                        <\/div>\r\n                \r\n            <\/div>\r\n        <\/div>\r\n        <!-- \/\/ custom content -->\r\n\r\n    <\/section>\r\n    <!-- \/\/ CUSTOM CONTAINER -->\r\n","protected":false},"excerpt":{"rendered":"<p>NOTRE PR\u00c9SENTATION INSTITUTIONNELLE: \u00a0 \u00a0 Bourses et prix d&rsquo;\u00e9tudes<\/p>\n","protected":false},"author":7,"featured_media":0,"parent":0,"menu_order":0,"comment_status":"closed","ping_status":"closed","template":"","meta":{"_acf_changed":false,"inline_featured_image":false,"_themeisle_gutenberg_block_has_review":false,"footnotes":""},"categories":[],"class_list":["post-54384","page","type-page","status-publish","hentry"],"acf":[],"yoast_head":"<!-- This site is optimized with the Yoast SEO plugin v23.6 - https:\/\/yoast.com\/wordpress\/plugins\/seo\/ -->\n<title>A PROPOS DE GLT - GLT Foundation<\/title>\n<meta name=\"robots\" content=\"index, follow, max-snippet:-1, max-image-preview:large, max-video-preview:-1\" \/>\n<link rel=\"canonical\" href=\"https:\/\/www.gltfoundation.com\/fr\/a-propos-de-glt\/\" \/>\n<meta property=\"og:locale\" content=\"fr_FR\" \/>\n<meta property=\"og:type\" content=\"article\" \/>\n<meta property=\"og:title\" content=\"A PROPOS DE GLT - GLT Foundation\" \/>\n<meta property=\"og:description\" content=\"NOTRE PR\u00c9SENTATION INSTITUTIONNELLE: \u00a0 \u00a0 Bourses et prix d&rsquo;\u00e9tudes\" \/>\n<meta property=\"og:url\" content=\"https:\/\/www.gltfoundation.com\/fr\/a-propos-de-glt\/\" \/>\n<meta property=\"og:site_name\" content=\"GLT Foundation\" \/>\n<meta property=\"article:publisher\" content=\"https:\/\/www.facebook.com\/GlobalThinkingFoundation\/\" \/>\n<meta property=\"article:modified_time\" content=\"2025-09-26T14:38:42+00:00\" \/>\n<meta name=\"twitter:card\" content=\"summary_large_image\" \/>\n<meta name=\"twitter:site\" content=\"@GltFoundation\" \/>\n<meta name=\"twitter:label1\" content=\"Dur\u00e9e de lecture estim\u00e9e\" \/>\n\t<meta name=\"twitter:data1\" content=\"6 minutes\" \/>\n<script type=\"application\/ld+json\" class=\"yoast-schema-graph\">{\"@context\":\"https:\/\/schema.org\",\"@graph\":[{\"@type\":\"WebPage\",\"@id\":\"https:\/\/www.gltfoundation.com\/fr\/a-propos-de-glt\/\",\"url\":\"https:\/\/www.gltfoundation.com\/fr\/a-propos-de-glt\/\",\"name\":\"A PROPOS DE GLT - GLT Foundation\",\"isPartOf\":{\"@id\":\"https:\/\/www.gltfoundation.com\/#website\"},\"datePublished\":\"2023-04-20T10:55:32+00:00\",\"dateModified\":\"2025-09-26T14:38:42+00:00\",\"breadcrumb\":{\"@id\":\"https:\/\/www.gltfoundation.com\/fr\/a-propos-de-glt\/#breadcrumb\"},\"inLanguage\":\"fr-FR\",\"potentialAction\":[{\"@type\":\"ReadAction\",\"target\":[\"https:\/\/www.gltfoundation.com\/fr\/a-propos-de-glt\/\"]}]},{\"@type\":\"BreadcrumbList\",\"@id\":\"https:\/\/www.gltfoundation.com\/fr\/a-propos-de-glt\/#breadcrumb\",\"itemListElement\":[{\"@type\":\"ListItem\",\"position\":1,\"name\":\"Home\",\"item\":\"https:\/\/www.gltfoundation.com\/fr\/\"},{\"@type\":\"ListItem\",\"position\":2,\"name\":\"A PROPOS DE GLT\"}]},{\"@type\":\"WebSite\",\"@id\":\"https:\/\/www.gltfoundation.com\/#website\",\"url\":\"https:\/\/www.gltfoundation.com\/\",\"name\":\"GLT Foundation\",\"description\":\"\",\"publisher\":{\"@id\":\"https:\/\/www.gltfoundation.com\/#organization\"},\"potentialAction\":[{\"@type\":\"SearchAction\",\"target\":{\"@type\":\"EntryPoint\",\"urlTemplate\":\"https:\/\/www.gltfoundation.com\/?s={search_term_string}\"},\"query-input\":{\"@type\":\"PropertyValueSpecification\",\"valueRequired\":true,\"valueName\":\"search_term_string\"}}],\"inLanguage\":\"fr-FR\"},{\"@type\":\"Organization\",\"@id\":\"https:\/\/www.gltfoundation.com\/#organization\",\"name\":\"GLT Foundation\",\"url\":\"https:\/\/www.gltfoundation.com\/\",\"logo\":{\"@type\":\"ImageObject\",\"inLanguage\":\"fr-FR\",\"@id\":\"https:\/\/www.gltfoundation.com\/#\/schema\/logo\/image\/\",\"url\":\"https:\/\/www.gltfoundation.com\/wp-content\/uploads\/2023\/05\/logo-glt.png\",\"contentUrl\":\"https:\/\/www.gltfoundation.com\/wp-content\/uploads\/2023\/05\/logo-glt.png\",\"width\":152,\"height\":67,\"caption\":\"GLT Foundation\"},\"image\":{\"@id\":\"https:\/\/www.gltfoundation.com\/#\/schema\/logo\/image\/\"},\"sameAs\":[\"https:\/\/www.facebook.com\/GlobalThinkingFoundation\/\",\"https:\/\/x.com\/GltFoundation\",\"https:\/\/www.youtube.com\/channel\/UCDNBF4vXJH618xaFlqdyYhw\",\"https:\/\/www.linkedin.com\/company\/10678527\/\",\"https:\/\/www.instagram.com\/globalthinkingfoundation\/\"]}]}<\/script>\n<!-- \/ Yoast SEO plugin. -->","yoast_head_json":{"title":"A PROPOS DE GLT - GLT Foundation","robots":{"index":"index","follow":"follow","max-snippet":"max-snippet:-1","max-image-preview":"max-image-preview:large","max-video-preview":"max-video-preview:-1"},"canonical":"https:\/\/www.gltfoundation.com\/fr\/a-propos-de-glt\/","og_locale":"fr_FR","og_type":"article","og_title":"A PROPOS DE GLT - GLT Foundation","og_description":"NOTRE PR\u00c9SENTATION INSTITUTIONNELLE: \u00a0 \u00a0 Bourses et prix d&rsquo;\u00e9tudes","og_url":"https:\/\/www.gltfoundation.com\/fr\/a-propos-de-glt\/","og_site_name":"GLT Foundation","article_publisher":"https:\/\/www.facebook.com\/GlobalThinkingFoundation\/","article_modified_time":"2025-09-26T14:38:42+00:00","twitter_card":"summary_large_image","twitter_site":"@GltFoundation","twitter_misc":{"Dur\u00e9e de lecture estim\u00e9e":"6 minutes"},"schema":{"@context":"https:\/\/schema.org","@graph":[{"@type":"WebPage","@id":"https:\/\/www.gltfoundation.com\/fr\/a-propos-de-glt\/","url":"https:\/\/www.gltfoundation.com\/fr\/a-propos-de-glt\/","name":"A PROPOS DE GLT - GLT Foundation","isPartOf":{"@id":"https:\/\/www.gltfoundation.com\/#website"},"datePublished":"2023-04-20T10:55:32+00:00","dateModified":"2025-09-26T14:38:42+00:00","breadcrumb":{"@id":"https:\/\/www.gltfoundation.com\/fr\/a-propos-de-glt\/#breadcrumb"},"inLanguage":"fr-FR","potentialAction":[{"@type":"ReadAction","target":["https:\/\/www.gltfoundation.com\/fr\/a-propos-de-glt\/"]}]},{"@type":"BreadcrumbList","@id":"https:\/\/www.gltfoundation.com\/fr\/a-propos-de-glt\/#breadcrumb","itemListElement":[{"@type":"ListItem","position":1,"name":"Home","item":"https:\/\/www.gltfoundation.com\/fr\/"},{"@type":"ListItem","position":2,"name":"A PROPOS DE GLT"}]},{"@type":"WebSite","@id":"https:\/\/www.gltfoundation.com\/#website","url":"https:\/\/www.gltfoundation.com\/","name":"GLT Foundation","description":"","publisher":{"@id":"https:\/\/www.gltfoundation.com\/#organization"},"potentialAction":[{"@type":"SearchAction","target":{"@type":"EntryPoint","urlTemplate":"https:\/\/www.gltfoundation.com\/?s={search_term_string}"},"query-input":{"@type":"PropertyValueSpecification","valueRequired":true,"valueName":"search_term_string"}}],"inLanguage":"fr-FR"},{"@type":"Organization","@id":"https:\/\/www.gltfoundation.com\/#organization","name":"GLT Foundation","url":"https:\/\/www.gltfoundation.com\/","logo":{"@type":"ImageObject","inLanguage":"fr-FR","@id":"https:\/\/www.gltfoundation.com\/#\/schema\/logo\/image\/","url":"https:\/\/www.gltfoundation.com\/wp-content\/uploads\/2023\/05\/logo-glt.png","contentUrl":"https:\/\/www.gltfoundation.com\/wp-content\/uploads\/2023\/05\/logo-glt.png","width":152,"height":67,"caption":"GLT Foundation"},"image":{"@id":"https:\/\/www.gltfoundation.com\/#\/schema\/logo\/image\/"},"sameAs":["https:\/\/www.facebook.com\/GlobalThinkingFoundation\/","https:\/\/x.com\/GltFoundation","https:\/\/www.youtube.com\/channel\/UCDNBF4vXJH618xaFlqdyYhw","https:\/\/www.linkedin.com\/company\/10678527\/","https:\/\/www.instagram.com\/globalthinkingfoundation\/"]}]}},"_links":{"self":[{"href":"https:\/\/www.gltfoundation.com\/fr\/wp-json\/wp\/v2\/pages\/54384"}],"collection":[{"href":"https:\/\/www.gltfoundation.com\/fr\/wp-json\/wp\/v2\/pages"}],"about":[{"href":"https:\/\/www.gltfoundation.com\/fr\/wp-json\/wp\/v2\/types\/page"}],"author":[{"embeddable":true,"href":"https:\/\/www.gltfoundation.com\/fr\/wp-json\/wp\/v2\/users\/7"}],"replies":[{"embeddable":true,"href":"https:\/\/www.gltfoundation.com\/fr\/wp-json\/wp\/v2\/comments?post=54384"}],"version-history":[{"count":26,"href":"https:\/\/www.gltfoundation.com\/fr\/wp-json\/wp\/v2\/pages\/54384\/revisions"}],"predecessor-version":[{"id":68472,"href":"https:\/\/www.gltfoundation.com\/fr\/wp-json\/wp\/v2\/pages\/54384\/revisions\/68472"}],"wp:attachment":[{"href":"https:\/\/www.gltfoundation.com\/fr\/wp-json\/wp\/v2\/media?parent=54384"}],"wp:term":[{"taxonomy":"category","embeddable":true,"href":"https:\/\/www.gltfoundation.com\/fr\/wp-json\/wp\/v2\/categories?post=54384"}],"curies":[{"name":"wp","href":"https:\/\/api.w.org\/{rel}","templated":true}]}}