{"id":54504,"date":"2023-06-21T17:45:02","date_gmt":"2023-06-21T15:45:02","guid":{"rendered":"https:\/\/www.gltfoundation.com\/?page_id=54504"},"modified":"2023-09-27T10:38:27","modified_gmt":"2023-09-27T08:38:27","slug":"infe-ocde-global-financial-literacy-survey-2020","status":"publish","type":"page","link":"https:\/\/www.gltfoundation.com\/fr\/credits-fr\/infe-ocde-global-financial-literacy-survey-2020\/","title":{"rendered":"INFE\/OCDE Global Financial Literacy Survey 2020"},"content":{"rendered":"<!-- INTRO INNER PAGE -->\r\n<section>\r\n    <div class=\"intro-inner-page\">\r\n        <!-- rounded box -->\r\n        <div class=\"container\">\r\n           \r\n                    <div class=\"el-rounded has-shadow-big bg-white\">\r\n                    \n    <div class=\"glt-flex-content-editor\">\n            <div class=\"row\">\n            <div class=\"col\">\n\n                                        <h3>INFE\/OCDE Global Financial Literacy Survey 2020<\/h3>\r\n                            <\/div>\n        <\/div>\n\n            <div class=\"row\">\n            <div class=\"col\">\n\n                    <div><p align=\"justify\">Les r\u00e9sultats de la <strong>Global Financial Literacy Survey<\/strong>, qui ont \u00e9t\u00e9 pr\u00e9sent\u00e9 le 25 juin par l\u2019OCDE, pr\u00e9sentent une <strong>terrible performance de l\u2019Italie<\/strong> en termes d\u2019alphab\u00e9tisation financi\u00e8re. Avec seulement 11.1 points dans le Financial Literacy Score, l\u2019Italie gagne la derni\u00e8re position dans le classement, au-dessous de la moyenne des pays OCDE (13 points), ainsi que des autres 26 \u00e9tats qui ont particip\u00e9 \u00e0 l\u2019enqu\u00eate (12.7).<\/p>\n<p align=\"justify\">L\u2019\u00e9l\u00e9ment qui a principalement affect\u00e9 le r\u00e9sultat absolu a \u00e9t\u00e9 <strong>insuffisante connaissance financi\u00e8re<\/strong>: avec 3.9 points sur 7, le score des adultes italiens est le pire parmi les pays de l\u2019Europe centrale en second lieu seulement \u00e0 la Roumanie.<br \/>\nEnfin, un autre <strong>primat n\u00e9gatif domestique concerne (malheureusement) la disparit\u00e9 entre les sexes<\/strong> dans les r\u00e9sultats g\u00e9n\u00e9raux: les femmes italiennes, avec celles colombiennes, ont collect\u00e9 les pires scores parmi les participants.<\/p>\n<p align=\"justify\">Avec l\u2019engagement pour <strong>combler les in\u00e9galit\u00e9s entre les sexes et la fracture num\u00e9rique<\/strong>, Global Thinking Foundation travaille chaque jour pour am\u00e9liorer la <strong>r\u00e9silience, le bien-\u00eatre et l\u2019inclusion financi\u00e8re, afin de pr\u00e9venir l\u2019abus \u00e9conomique<\/strong>. La Fondation va participer pour la troisi\u00e8me ann\u00e9e au <strong>Mois de l\u2019\u00e9ducation financi\u00e8re<\/strong>, organis\u00e9 par le <strong>Comit\u00e9 italien pour la programmation et la coordination des activit\u00e9s d\u2019\u00e9ducation financi\u00e8re<\/strong>.<\/p>\n<p>&nbsp;<\/p>\n<p><a href=\"https:\/\/www.oecd.org\/financial\/education\/oecd-infe-2020-international-survey-of-adult-financial-literacy.pdf\" target=\"_blank\" rel=\"noopener noreferrer\">Cliquez ici pour consulter le Report (version anglaise)<\/a><\/p>\n<\/div>\r\n            <\/div>\n        <\/div>\n\n            <div class=\"row\">\n            <div class=\"col\">\n\n                                        <h3>Troisi\u00e8me r\u00e9v\u00e9lation \u2013 Le 2020 commence en mont\u00e9 pour l\u2019EDUFIN en Italie<\/h3>\r\n                            <\/div>\n        <\/div>\n\n            <div class=\"row\">\n            <div class=\"col\">\n\n                    <div><p align=\"justify\">Le 7 mai ont \u00e9t\u00e9 pr\u00e9sent\u00e9 \u00e0 Paris les r\u00e9sultats de 2018 de la troisi\u00e8me enqu\u00eate du Programme for International Students Assessment sur le <strong>niveau d\u2019\u00e9ducation financi\u00e8re des \u00e9tudiants de 15<\/strong> ans pr\u00e9venants des 20 pays qui y ont adh\u00e9r\u00e9.<br \/>\nEn observant <strong>le classement PISA 2018, l\u2019Estonie<\/strong> gagne la premi\u00e8re position, <strong>l\u2019Indon\u00e9sie<\/strong> se colloque en derni\u00e8re position et <strong>l\u2019Italie<\/strong> se positionne au-dessous de la moyenne OCDE (505 points), avec 476 points. En plus, <strong>20% des \u00e9tudiants italiens n\u2019attendent pas le niveau de base<\/strong> qui pr\u00e9suppose la compensions de l\u2019importance d\u2019un simple budget personnel.<\/p>\n<p>Dans tous les pays on appr\u00e9cie <strong>un fort lien<\/strong> entre les r\u00e9sultats d\u2019<strong>alphab\u00e9tisation financi\u00e8re<\/strong> et ceux en <strong>math\u00e9matiques et lecture<\/strong>, mais aussi en ce cas <strong>l\u2019Italie fait exception<\/strong>, o\u00f9 la performance en financial literacy est de bien 15 points moindre de celle en math\u00e9matiques et lecture.<br \/>\nDe la photographie de 2018 <strong>n\u2019\u00e9mergent pas compulsivement des larges diff\u00e9rences de genre<\/strong>: seulement 2% des gar\u00e7ons a obtenu des r\u00e9sultats meilleures des filles, mais on enregistre une autre <strong>exception italienne, avec une moyenne des gar\u00e7ons sup\u00e9rieur de 15 points de celle des femmes<\/strong>.<\/p>\n<p align=\"justify\"><strong>La Didactique \u00e0 distance en famille et le choix multidisciplinaire.<\/strong><br \/>\nLa performance des \u00e9tudiants n\u2019a pas n\u00e9cessairement un lien positif avec le PIB du pays ou avec la possibilit\u00e9 d\u2019acc\u00e9der \u00e0 des produits financiers de base. Il devient donc important d\u2019analyser d\u2019autres aspects comme <strong>l\u2019inclusion de l\u2019\u00e9ducation financi\u00e8re dans les programmes didactiques<\/strong> et d\u2019autres aspects comportementales et d\u2019aptitude en mati\u00e8re d\u2019argent. En ce sens, <strong>l\u2019Italie est \u00e0 l\u2019avant derni\u00e8re place pour l\u2019exposition des \u00e9l\u00e8ves \u00e0 l\u2019enseignement des concepts financi\u00e8res \u00e0 l\u2019\u00e9cole.<\/strong><\/p>\n<h3 align=\"justify\"><b>Diff\u00e9rences de genre en math\u00e9matique et science<\/b><\/h3>\n<p align=\"justify\"><strong>1) Les diff\u00e9rences entre filles et gar\u00e7ons en math\u00e9matique.<\/strong><br \/>\nDans les Pays OCDE, la diff\u00e9rence moyenne entre filles et gar\u00e7ons en math\u00e9matique est de 5 points en faveur de ces derniers. En Italie, cette diff\u00e9rence est majeure : 16 points. Il parait que l\u2019\u00e9cart entre gar\u00e7on et filles soit pr\u00e9sent surtout dans les tranches moyennes et \u00e9lev\u00e9es de r\u00e9sultat, plut\u00f4t que dans celles plus baisses.<\/p>\n<p align=\"justify\"><strong>2) Les diff\u00e9rences entre filles et gar\u00e7ons en sciences.<\/strong><br \/>\nDans PISA 2018, pour la premi\u00e8re fois par rapport aux cycles dans lesquelles les sciences ont \u00e9t\u00e9 le majeur domaine d\u2019enqu\u00eate, l\u2019\u00e9cart de genre dans les r\u00e9sultats de l\u2019alphab\u00e9tisation de genre change de signe et, conform\u00e9ment \u00e0 la moyenne internationale, les filles obtiennent un r\u00e9sultat moyen de 2 points sup\u00e9rieur \u00e0 ceux des gar\u00e7ons. En Italie, les r\u00e9sultats de 2018 de filles et gar\u00e7ons ne sont pas statistiquement diff\u00e9rents (gar\u00e7ons 470 vs filles 466). Toutefois, par rapport aux diff\u00e9rents fili\u00e8res d\u2019\u00e9tude, l\u2019\u00e9cart est significatif et assez marqu\u00e9 au sein des lyc\u00e9es ou les gar\u00e7ons obtiennent en moyen 25 points plus des filles; il est aussi significatif m\u00eame si plus contenu dans les Instituts techniques (14 points en moyenne). Au contraire, dans les autres fili\u00e8res d\u2019\u00e9tude filles et gar\u00e7ons r\u00e9alisent, en moyenne, des r\u00e9sultats statistiquement non diff\u00e9rents entre eux.<\/p>\n\n\t\t<!-- MasterSlider -->\n\t\t<div id=\"P_MS69d769901542b\" class=\"master-slider-parent ms-tabs-template ms-parent-id-5\" style=\"\" >\n\n\t\t\t\n\t\t\t<!-- MasterSlider Main -->\n\t\t\t<div id=\"MS69d769901542b\" class=\"master-slider ms-skin-default\" >\n\t\t\t\t \t\t\t\t \n\t\t\t<div  class=\"ms-slide\" data-delay=\"3\" data-fill-mode=\"fit\"   >\n\t\t\t\t\t<img decoding=\"async\" src=\"https:\/\/www.gltfoundation.com\/wp-content\/plugins\/masterslider\/public\/assets\/css\/blank.gif\" alt=\"\" title=\"pisa_a\" data-src=\"https:\/\/www.gltfoundation.com\/wp-content\/uploads\/2020\/05\/pisa_a.png\" \/>\n\n\t\t\t\t\t<div class=\"ms-info ms-info-empty\">&nbsp;<\/div>\n\n\n\t\t\t\t<\/div>\n\t\t\t<div  class=\"ms-slide\" data-delay=\"3\" data-fill-mode=\"fit\"   >\n\t\t\t\t\t<img decoding=\"async\" src=\"https:\/\/www.gltfoundation.com\/wp-content\/plugins\/masterslider\/public\/assets\/css\/blank.gif\" alt=\"\" title=\"pisa_b\" data-src=\"https:\/\/www.gltfoundation.com\/wp-content\/uploads\/2020\/05\/pisa_b.png\" \/>\n\n\t\t\t\t\t<div class=\"ms-info\"><h3 style=\"text-align: center;\">\u00a0<\/h3><\/div>\n\n\n\t\t\t\t<\/div>\n\t\t\t<div  class=\"ms-slide\" data-delay=\"3\" data-fill-mode=\"fit\"   >\n\t\t\t\t\t<img decoding=\"async\" src=\"https:\/\/www.gltfoundation.com\/wp-content\/plugins\/masterslider\/public\/assets\/css\/blank.gif\" alt=\"\" title=\"pisa_c\" data-src=\"https:\/\/www.gltfoundation.com\/wp-content\/uploads\/2020\/05\/pisa_c.png\" \/>\n\n\t\t\t\t\t<div class=\"ms-info ms-info-empty\">&nbsp;<\/div>\n\n\n\t\t\t\t<\/div>\n\t\t\t<div  class=\"ms-slide\" data-delay=\"3\" data-fill-mode=\"fit\"   >\n\t\t\t\t\t<img decoding=\"async\" src=\"https:\/\/www.gltfoundation.com\/wp-content\/plugins\/masterslider\/public\/assets\/css\/blank.gif\" alt=\"\" title=\"pisa_d\" data-src=\"https:\/\/www.gltfoundation.com\/wp-content\/uploads\/2020\/05\/pisa_d.png\" \/>\n\n\t\t\t\t\t<div class=\"ms-info ms-info-empty\">&nbsp;<\/div>\n\n\n\t\t\t\t<\/div>\n\t\t\t<div  class=\"ms-slide\" data-delay=\"3\" data-fill-mode=\"fit\"   >\n\t\t\t\t\t<img decoding=\"async\" src=\"https:\/\/www.gltfoundation.com\/wp-content\/plugins\/masterslider\/public\/assets\/css\/blank.gif\" alt=\"\" title=\"pisa_e\" data-src=\"https:\/\/www.gltfoundation.com\/wp-content\/uploads\/2020\/05\/pisa_e.png\" \/>\n\n\t\t\t\t\t<div class=\"ms-info ms-info-empty\">&nbsp;<\/div>\n\n\n\t\t\t\t<\/div>\n\n\t\t\t<\/div>\n\t\t\t<!-- END MasterSlider Main -->\n\n\t\t\t \n\t\t<\/div>\n\t\t<!-- END MasterSlider -->\n\n\t\t<script>\n\t\t( window.MSReady = window.MSReady || [] ).push( function( $ ) {\n\n\t\t\t\"use strict\";\n\t\t\tvar masterslider_542b = new MasterSlider();\n\n\t\t\t\/\/ slider controls\n\t\t\tmasterslider_542b.control('arrows'     ,{ autohide:true, overVideo:true  });\n\t\t\tmasterslider_542b.control('slideinfo'  ,{ autohide:false, overVideo:false, dir:'h', align:'bottom',inset:false , margin:10   });\n\t\t\t\/\/ slider setup\n\t\t\tmasterslider_542b.setup(\"MS69d769901542b\", {\n\t\t\t\twidth           : 1000,\n\t\t\t\theight          : 500,\n\t\t\t\tminHeight       : 0,\n\t\t\t\tspace           : 0,\n\t\t\t\tstart           : 1,\n\t\t\t\tgrabCursor      : true,\n\t\t\t\tswipe           : true,\n\t\t\t\tmouse           : true,\n\t\t\t\tkeyboard        : false,\n\t\t\t\tlayout          : \"fullwidth\",\n\t\t\t\twheel           : false,\n\t\t\t\tautoplay        : true,\n                instantStartLayers:false,\n\t\t\t\tmobileBGVideo:false,\n\t\t\t\tloop            : false,\n\t\t\t\tshuffle         : false,\n\t\t\t\tpreload         : 0,\n\t\t\t\theightLimit     : true,\n\t\t\t\tautoHeight      : false,\n\t\t\t\tsmoothHeight    : true,\n\t\t\t\tendPause        : false,\n\t\t\t\toverPause       : true,\n\t\t\t\tfillMode        : \"fill\",\n\t\t\t\tcenterControls  : true,\n\t\t\t\tstartOnAppear   : false,\n\t\t\t\tlayersMode      : \"center\",\n\t\t\t\tautofillTarget  : \"\",\n\t\t\t\thideLayers      : false,\n\t\t\t\tfullscreenMargin: 0,\n\t\t\t\tspeed           : 20,\n\t\t\t\tdir             : \"h\",\n\t\t\t\tresponsive      : true,\n\t\t\t\ttabletWidth     : 768,\n\t\t\t\ttabletHeight    : null,\n\t\t\t\tphoneWidth      : 480,\n\t\t\t\tphoneHeight    : null,\n\t\t\t\tsizingReference : window,\n\t\t\t\tparallaxMode    : 'swipe',\n\t\t\t\tview            : \"fadeBasic\"\n\t\t\t});\n\n\t\t\t\n\t\t\twindow.masterslider_instances = window.masterslider_instances || [];\n\t\t\twindow.masterslider_instances.push( masterslider_542b );\n\t\t});\n\t\t<\/script>\n\n\n<\/div>\r\n            <\/div>\n        <\/div>\n\n        <\/div>\n\n    \n                    <\/div>\r\n              \r\n        <\/div>\r\n        <!-- \/\/ rounded box -->\r\n    <\/div>\r\n<\/section>\r\n<!-- \/\/ INTRO INNER PAGE -->\r\n","protected":false},"excerpt":{"rendered":"","protected":false},"author":7,"featured_media":0,"parent":54492,"menu_order":0,"comment_status":"closed","ping_status":"closed","template":"","meta":{"_acf_changed":false,"inline_featured_image":false,"_themeisle_gutenberg_block_has_review":false,"footnotes":""},"categories":[],"class_list":["post-54504","page","type-page","status-publish","hentry"],"acf":[],"yoast_head":"<!-- This site is optimized with the Yoast SEO plugin v23.6 - https:\/\/yoast.com\/wordpress\/plugins\/seo\/ -->\n<title>INFE\/OCDE Global Financial Literacy Survey 2020 - GLT Foundation<\/title>\n<meta name=\"robots\" content=\"index, follow, max-snippet:-1, max-image-preview:large, max-video-preview:-1\" \/>\n<link rel=\"canonical\" href=\"https:\/\/www.gltfoundation.com\/fr\/credits-fr\/infe-ocde-global-financial-literacy-survey-2020\/\" \/>\n<meta property=\"og:locale\" content=\"fr_FR\" \/>\n<meta property=\"og:type\" content=\"article\" \/>\n<meta property=\"og:title\" content=\"INFE\/OCDE Global Financial Literacy Survey 2020 - GLT Foundation\" \/>\n<meta property=\"og:url\" content=\"https:\/\/www.gltfoundation.com\/fr\/credits-fr\/infe-ocde-global-financial-literacy-survey-2020\/\" \/>\n<meta property=\"og:site_name\" content=\"GLT Foundation\" \/>\n<meta property=\"article:publisher\" content=\"https:\/\/www.facebook.com\/GlobalThinkingFoundation\/\" \/>\n<meta property=\"article:modified_time\" content=\"2023-09-27T08:38:27+00:00\" \/>\n<meta name=\"twitter:card\" content=\"summary_large_image\" \/>\n<meta name=\"twitter:site\" content=\"@GltFoundation\" \/>\n<script type=\"application\/ld+json\" class=\"yoast-schema-graph\">{\"@context\":\"https:\/\/schema.org\",\"@graph\":[{\"@type\":\"WebPage\",\"@id\":\"https:\/\/www.gltfoundation.com\/fr\/credits-fr\/infe-ocde-global-financial-literacy-survey-2020\/\",\"url\":\"https:\/\/www.gltfoundation.com\/fr\/credits-fr\/infe-ocde-global-financial-literacy-survey-2020\/\",\"name\":\"INFE\/OCDE Global Financial Literacy Survey 2020 - GLT Foundation\",\"isPartOf\":{\"@id\":\"https:\/\/www.gltfoundation.com\/#website\"},\"datePublished\":\"2023-06-21T15:45:02+00:00\",\"dateModified\":\"2023-09-27T08:38:27+00:00\",\"breadcrumb\":{\"@id\":\"https:\/\/www.gltfoundation.com\/fr\/credits-fr\/infe-ocde-global-financial-literacy-survey-2020\/#breadcrumb\"},\"inLanguage\":\"fr-FR\",\"potentialAction\":[{\"@type\":\"ReadAction\",\"target\":[\"https:\/\/www.gltfoundation.com\/fr\/credits-fr\/infe-ocde-global-financial-literacy-survey-2020\/\"]}]},{\"@type\":\"BreadcrumbList\",\"@id\":\"https:\/\/www.gltfoundation.com\/fr\/credits-fr\/infe-ocde-global-financial-literacy-survey-2020\/#breadcrumb\",\"itemListElement\":[{\"@type\":\"ListItem\",\"position\":1,\"name\":\"Home\",\"item\":\"https:\/\/www.gltfoundation.com\/fr\/\"},{\"@type\":\"ListItem\",\"position\":2,\"name\":\"Cr\u00e9dits\",\"item\":\"https:\/\/www.gltfoundation.com\/fr\/credits-fr\/\"},{\"@type\":\"ListItem\",\"position\":3,\"name\":\"INFE\/OCDE Global Financial Literacy Survey 2020\"}]},{\"@type\":\"WebSite\",\"@id\":\"https:\/\/www.gltfoundation.com\/#website\",\"url\":\"https:\/\/www.gltfoundation.com\/\",\"name\":\"GLT Foundation\",\"description\":\"\",\"publisher\":{\"@id\":\"https:\/\/www.gltfoundation.com\/#organization\"},\"potentialAction\":[{\"@type\":\"SearchAction\",\"target\":{\"@type\":\"EntryPoint\",\"urlTemplate\":\"https:\/\/www.gltfoundation.com\/?s={search_term_string}\"},\"query-input\":{\"@type\":\"PropertyValueSpecification\",\"valueRequired\":true,\"valueName\":\"search_term_string\"}}],\"inLanguage\":\"fr-FR\"},{\"@type\":\"Organization\",\"@id\":\"https:\/\/www.gltfoundation.com\/#organization\",\"name\":\"GLT Foundation\",\"url\":\"https:\/\/www.gltfoundation.com\/\",\"logo\":{\"@type\":\"ImageObject\",\"inLanguage\":\"fr-FR\",\"@id\":\"https:\/\/www.gltfoundation.com\/#\/schema\/logo\/image\/\",\"url\":\"https:\/\/www.gltfoundation.com\/wp-content\/uploads\/2023\/05\/logo-glt.png\",\"contentUrl\":\"https:\/\/www.gltfoundation.com\/wp-content\/uploads\/2023\/05\/logo-glt.png\",\"width\":152,\"height\":67,\"caption\":\"GLT Foundation\"},\"image\":{\"@id\":\"https:\/\/www.gltfoundation.com\/#\/schema\/logo\/image\/\"},\"sameAs\":[\"https:\/\/www.facebook.com\/GlobalThinkingFoundation\/\",\"https:\/\/x.com\/GltFoundation\",\"https:\/\/www.youtube.com\/channel\/UCDNBF4vXJH618xaFlqdyYhw\",\"https:\/\/www.linkedin.com\/company\/10678527\/\",\"https:\/\/www.instagram.com\/globalthinkingfoundation\/\"]}]}<\/script>\n<!-- \/ Yoast SEO plugin. -->","yoast_head_json":{"title":"INFE\/OCDE Global Financial Literacy Survey 2020 - GLT Foundation","robots":{"index":"index","follow":"follow","max-snippet":"max-snippet:-1","max-image-preview":"max-image-preview:large","max-video-preview":"max-video-preview:-1"},"canonical":"https:\/\/www.gltfoundation.com\/fr\/credits-fr\/infe-ocde-global-financial-literacy-survey-2020\/","og_locale":"fr_FR","og_type":"article","og_title":"INFE\/OCDE Global Financial Literacy Survey 2020 - GLT Foundation","og_url":"https:\/\/www.gltfoundation.com\/fr\/credits-fr\/infe-ocde-global-financial-literacy-survey-2020\/","og_site_name":"GLT Foundation","article_publisher":"https:\/\/www.facebook.com\/GlobalThinkingFoundation\/","article_modified_time":"2023-09-27T08:38:27+00:00","twitter_card":"summary_large_image","twitter_site":"@GltFoundation","schema":{"@context":"https:\/\/schema.org","@graph":[{"@type":"WebPage","@id":"https:\/\/www.gltfoundation.com\/fr\/credits-fr\/infe-ocde-global-financial-literacy-survey-2020\/","url":"https:\/\/www.gltfoundation.com\/fr\/credits-fr\/infe-ocde-global-financial-literacy-survey-2020\/","name":"INFE\/OCDE Global Financial Literacy Survey 2020 - GLT Foundation","isPartOf":{"@id":"https:\/\/www.gltfoundation.com\/#website"},"datePublished":"2023-06-21T15:45:02+00:00","dateModified":"2023-09-27T08:38:27+00:00","breadcrumb":{"@id":"https:\/\/www.gltfoundation.com\/fr\/credits-fr\/infe-ocde-global-financial-literacy-survey-2020\/#breadcrumb"},"inLanguage":"fr-FR","potentialAction":[{"@type":"ReadAction","target":["https:\/\/www.gltfoundation.com\/fr\/credits-fr\/infe-ocde-global-financial-literacy-survey-2020\/"]}]},{"@type":"BreadcrumbList","@id":"https:\/\/www.gltfoundation.com\/fr\/credits-fr\/infe-ocde-global-financial-literacy-survey-2020\/#breadcrumb","itemListElement":[{"@type":"ListItem","position":1,"name":"Home","item":"https:\/\/www.gltfoundation.com\/fr\/"},{"@type":"ListItem","position":2,"name":"Cr\u00e9dits","item":"https:\/\/www.gltfoundation.com\/fr\/credits-fr\/"},{"@type":"ListItem","position":3,"name":"INFE\/OCDE Global Financial Literacy Survey 2020"}]},{"@type":"WebSite","@id":"https:\/\/www.gltfoundation.com\/#website","url":"https:\/\/www.gltfoundation.com\/","name":"GLT Foundation","description":"","publisher":{"@id":"https:\/\/www.gltfoundation.com\/#organization"},"potentialAction":[{"@type":"SearchAction","target":{"@type":"EntryPoint","urlTemplate":"https:\/\/www.gltfoundation.com\/?s={search_term_string}"},"query-input":{"@type":"PropertyValueSpecification","valueRequired":true,"valueName":"search_term_string"}}],"inLanguage":"fr-FR"},{"@type":"Organization","@id":"https:\/\/www.gltfoundation.com\/#organization","name":"GLT Foundation","url":"https:\/\/www.gltfoundation.com\/","logo":{"@type":"ImageObject","inLanguage":"fr-FR","@id":"https:\/\/www.gltfoundation.com\/#\/schema\/logo\/image\/","url":"https:\/\/www.gltfoundation.com\/wp-content\/uploads\/2023\/05\/logo-glt.png","contentUrl":"https:\/\/www.gltfoundation.com\/wp-content\/uploads\/2023\/05\/logo-glt.png","width":152,"height":67,"caption":"GLT Foundation"},"image":{"@id":"https:\/\/www.gltfoundation.com\/#\/schema\/logo\/image\/"},"sameAs":["https:\/\/www.facebook.com\/GlobalThinkingFoundation\/","https:\/\/x.com\/GltFoundation","https:\/\/www.youtube.com\/channel\/UCDNBF4vXJH618xaFlqdyYhw","https:\/\/www.linkedin.com\/company\/10678527\/","https:\/\/www.instagram.com\/globalthinkingfoundation\/"]}]}},"_links":{"self":[{"href":"https:\/\/www.gltfoundation.com\/fr\/wp-json\/wp\/v2\/pages\/54504"}],"collection":[{"href":"https:\/\/www.gltfoundation.com\/fr\/wp-json\/wp\/v2\/pages"}],"about":[{"href":"https:\/\/www.gltfoundation.com\/fr\/wp-json\/wp\/v2\/types\/page"}],"author":[{"embeddable":true,"href":"https:\/\/www.gltfoundation.com\/fr\/wp-json\/wp\/v2\/users\/7"}],"replies":[{"embeddable":true,"href":"https:\/\/www.gltfoundation.com\/fr\/wp-json\/wp\/v2\/comments?post=54504"}],"version-history":[{"count":3,"href":"https:\/\/www.gltfoundation.com\/fr\/wp-json\/wp\/v2\/pages\/54504\/revisions"}],"predecessor-version":[{"id":54507,"href":"https:\/\/www.gltfoundation.com\/fr\/wp-json\/wp\/v2\/pages\/54504\/revisions\/54507"}],"up":[{"embeddable":true,"href":"https:\/\/www.gltfoundation.com\/fr\/wp-json\/wp\/v2\/pages\/54492"}],"wp:attachment":[{"href":"https:\/\/www.gltfoundation.com\/fr\/wp-json\/wp\/v2\/media?parent=54504"}],"wp:term":[{"taxonomy":"category","embeddable":true,"href":"https:\/\/www.gltfoundation.com\/fr\/wp-json\/wp\/v2\/categories?post=54504"}],"curies":[{"name":"wp","href":"https:\/\/api.w.org\/{rel}","templated":true}]}}