{"id":54508,"date":"2023-06-21T17:38:40","date_gmt":"2023-06-21T15:38:40","guid":{"rendered":"https:\/\/www.gltfoundation.com\/?page_id=54508"},"modified":"2023-09-27T10:56:32","modified_gmt":"2023-09-27T08:56:32","slug":"infe-ocse-education-financiere-en-italy-2021","status":"publish","type":"page","link":"https:\/\/www.gltfoundation.com\/fr\/credits-fr\/infe-ocse-education-financiere-en-italy-2021\/","title":{"rendered":"INFE\/OCSE \u00e9ducation financi\u00e8re en Italy, 2021"},"content":{"rendered":"<!-- INTRO INNER PAGE -->\r\n<section>\r\n    <div class=\"intro-inner-page\">\r\n        <!-- rounded box -->\r\n        <div class=\"container\">\r\n           \r\n                    <div class=\"el-rounded has-shadow-big bg-white\">\r\n                    \n    <div class=\"glt-flex-content-editor\">\n            <div class=\"row\">\n            <div class=\"col\">\n\n                                        <h3>18\/01\/2021 R\u00c9SOLUTION SUR LA LITT\u00c9RATIE FINANCI\u00c8RE EN ITALIE<\/h3>\r\n                            <\/div>\n        <\/div>\n\n            <div class=\"row\">\n            <div class=\"col\">\n\n                    <div><h4><em>Thematic notes of the interventions:<\/em><\/h4>\n<h3 style=\"text-align: left;\" align=\"justify\">Pier Paolo Beretta \u2013 Sous-secr\u00e9taire du minist\u00e8re de l\u2019\u00c9conomie et des Finances<\/h3>\n<ul>\n<li>Les niveaux de litt\u00e9rature financi\u00e8re en Italie sont encore faibles, en particulier par rapport aux autres pays de l\u2019OCDE<\/li>\n<li>Diff\u00e9rence de niveaux, y compris le sexe<\/li>\n<li>Les mesures sur la jeunesse et l\u2019\u00e9galit\u00e9 des sexes doivent \u00eatre gard\u00e9es \u00e0 l\u2019esprit<\/li>\n<li>Des niveaux ad\u00e9quats de connaissances financi\u00e8res sont n\u00e9cessaires pour le d\u00e9veloppement social et \u00e9conomique<\/li>\n<li>Corr\u00e9lation directe entre connaissances financi\u00e8res et r\u00e9silience<\/li>\n<li>L\u2019urgence COVID nous met \u00e0 l\u2019\u00e9preuve \u2013 nous sommes tous plus expos\u00e9s aux cons\u00e9quences, notamment \u00e9conomiques et financi\u00e8res<\/li>\n<li>COVID has had a very strong impact on Italian poverty\n<ul>\n<li>Augmentation de 105% des nouvelles personnes demandant de l\u2019aide<\/li>\n<li>Augmentation des in\u00e9galit\u00e9s<\/li>\n<li>Augmentation de l\u2019\u00e9pargne personnelle \u2013 accumulation qui d\u00e9passe la norme qui, si elle se prolonge, pr\u00e9sente un risque<\/li>\n<\/ul>\n<\/li>\n<\/ul>\n<p><em>L\u2019\u00e9ducation financi\u00e8re doit \u00eatre trait\u00e9e comme notre sant\u00e9<\/em><\/p>\n<h3 style=\"text-align: left;\" align=\"justify\">Prof. Annamaria Lusardi \u2013 Directrice du Comit\u00e9 minist\u00e9riel pour la planification et la coordination des activit\u00e9s d\u2019\u00e9ducation financi\u00e8re<\/h3>\n<ul>\n<li>Les initiatives sociales nous ont montr\u00e9 le pouvoir des \u00e9coles qui transforment les jeunes en champions financiers<\/li>\n<li>Exp\u00e9rimenter de nouveaux projets<\/li>\n<li>Suivre les objectifs et les r\u00e9sultats atteints<\/li>\n<li>Les enjeux ESG sont encore plus importants aujourd\u2019hui<\/li>\n<li>Nous devons parler d\u2019\u00e9quit\u00e9 pour le d\u00e9veloppement social<\/li>\n<li>La pand\u00e9mie change le monde qui nous entoure mais souligne l\u2019importance de la litt\u00e9rature financi\u00e8re<\/li>\n<\/ul>\n<p>&nbsp;<\/p>\n<p><em>Similitude des effets entre une maladie et de faibles niveaux de connaissances financi\u00e8res, car elle touche les plus pauvres et les plus expos\u00e9s<\/em><\/p>\n<h3 align=\"justify\">Chiara Monticone \u2013 Senior Analyst OECD<\/h3>\n<ul>\n<li>\n<ul>\n<li><strong>Strat\u00e9gies nationales d\u2019\u00e9ducation financi\u00e8re<\/strong><br \/>\n\u00ba Donn\u00e9es, analyse, cartographie<br \/>\n\u00ba Coordination et gouvernance<br \/>\n\u00ba Ind\u00e9pendance, comp\u00e9tences, capacit\u00e9 personnelle, ressources et \u00e9ventuellement pouvoirs ex\u00e9cutifs<br \/>\n\u00ba Des ressources appropri\u00e9es et durables<br \/>\n\u00ba R\u00f4le des entit\u00e9s publiques, priv\u00e9es et \u00e0 but non lucratif<br \/>\n\u00ba Suivi et \u00e9valuation de la strat\u00e9gie par rapport aux objectifs fix\u00e9s<\/li>\n<\/ul>\n<ul>\n<li><strong>La litt\u00e9rature financi\u00e8re et les diff\u00e9rents secteurs du paysage financier<\/strong><\/li>\n<\/ul>\n<ul>\n<li><strong>Mise en \u0153uvre efficace des programmes d\u2019\u00e9ducation financi\u00e8re<\/strong><br \/>\n\u00ba Directives de comp\u00e9tence<br \/>\n\u00ba Capacit\u00e9 des destinataires<br \/>\n\u00ba Commencer \u00e0 petite \u00e9chelle<br \/>\n\u00ba Moments sensibles<br \/>\n\u00ba Enrichir les connaissances financi\u00e8res mais surtout encourager les changements de comportements et d\u2019attitudes<br \/>\n\u00ba Tenir compte des biais psychologiques et du comportement r\u00e9el des personnes<br \/>\n\u00ba \u00c9valuer l\u2019impact et l\u2019efficacit\u00e9<\/li>\n<\/ul>\n<ul>\n<li><strong>D\u00e9but d\u2019un nouveau processus<\/strong><br \/>\n\u00ba Engagement politique de mise en \u0153uvre<\/li>\n<\/ul>\n<\/li>\n<\/ul>\n<p><em>Les co\u00fbts de l\u2019inaction et de l\u2019ignorance sont tr\u00e8s \u00e9lev\u00e9s<\/em><\/p>\n<\/div>\r\n            <\/div>\n        <\/div>\n\n        <\/div>\n\n    \n                    <\/div>\r\n              \r\n        <\/div>\r\n        <!-- \/\/ rounded box -->\r\n    <\/div>\r\n<\/section>\r\n<!-- \/\/ INTRO INNER PAGE -->\r\n","protected":false},"excerpt":{"rendered":"","protected":false},"author":7,"featured_media":0,"parent":54492,"menu_order":0,"comment_status":"closed","ping_status":"closed","template":"","meta":{"_acf_changed":false,"inline_featured_image":false,"_themeisle_gutenberg_block_has_review":false,"footnotes":""},"categories":[],"class_list":["post-54508","page","type-page","status-publish","hentry"],"acf":[],"yoast_head":"<!-- This site is optimized with the Yoast SEO plugin v23.6 - https:\/\/yoast.com\/wordpress\/plugins\/seo\/ -->\n<title>INFE\/OCSE \u00e9ducation financi\u00e8re en Italy, 2021 - GLT Foundation<\/title>\n<meta name=\"robots\" content=\"index, follow, max-snippet:-1, max-image-preview:large, max-video-preview:-1\" \/>\n<link rel=\"canonical\" href=\"https:\/\/www.gltfoundation.com\/fr\/credits-fr\/infe-ocse-education-financiere-en-italy-2021\/\" \/>\n<meta property=\"og:locale\" content=\"fr_FR\" \/>\n<meta property=\"og:type\" content=\"article\" \/>\n<meta property=\"og:title\" content=\"INFE\/OCSE \u00e9ducation financi\u00e8re en Italy, 2021 - GLT Foundation\" \/>\n<meta property=\"og:url\" content=\"https:\/\/www.gltfoundation.com\/fr\/credits-fr\/infe-ocse-education-financiere-en-italy-2021\/\" \/>\n<meta property=\"og:site_name\" content=\"GLT Foundation\" \/>\n<meta property=\"article:publisher\" content=\"https:\/\/www.facebook.com\/GlobalThinkingFoundation\/\" \/>\n<meta property=\"article:modified_time\" content=\"2023-09-27T08:56:32+00:00\" \/>\n<meta name=\"twitter:card\" content=\"summary_large_image\" \/>\n<meta name=\"twitter:site\" content=\"@GltFoundation\" \/>\n<script type=\"application\/ld+json\" class=\"yoast-schema-graph\">{\"@context\":\"https:\/\/schema.org\",\"@graph\":[{\"@type\":\"WebPage\",\"@id\":\"https:\/\/www.gltfoundation.com\/fr\/credits-fr\/infe-ocse-education-financiere-en-italy-2021\/\",\"url\":\"https:\/\/www.gltfoundation.com\/fr\/credits-fr\/infe-ocse-education-financiere-en-italy-2021\/\",\"name\":\"INFE\/OCSE \u00e9ducation financi\u00e8re en Italy, 2021 - GLT Foundation\",\"isPartOf\":{\"@id\":\"https:\/\/www.gltfoundation.com\/#website\"},\"datePublished\":\"2023-06-21T15:38:40+00:00\",\"dateModified\":\"2023-09-27T08:56:32+00:00\",\"breadcrumb\":{\"@id\":\"https:\/\/www.gltfoundation.com\/fr\/credits-fr\/infe-ocse-education-financiere-en-italy-2021\/#breadcrumb\"},\"inLanguage\":\"fr-FR\",\"potentialAction\":[{\"@type\":\"ReadAction\",\"target\":[\"https:\/\/www.gltfoundation.com\/fr\/credits-fr\/infe-ocse-education-financiere-en-italy-2021\/\"]}]},{\"@type\":\"BreadcrumbList\",\"@id\":\"https:\/\/www.gltfoundation.com\/fr\/credits-fr\/infe-ocse-education-financiere-en-italy-2021\/#breadcrumb\",\"itemListElement\":[{\"@type\":\"ListItem\",\"position\":1,\"name\":\"Home\",\"item\":\"https:\/\/www.gltfoundation.com\/fr\/\"},{\"@type\":\"ListItem\",\"position\":2,\"name\":\"Cr\u00e9dits\",\"item\":\"https:\/\/www.gltfoundation.com\/fr\/credits-fr\/\"},{\"@type\":\"ListItem\",\"position\":3,\"name\":\"INFE\/OCSE \u00e9ducation financi\u00e8re en Italy, 2021\"}]},{\"@type\":\"WebSite\",\"@id\":\"https:\/\/www.gltfoundation.com\/#website\",\"url\":\"https:\/\/www.gltfoundation.com\/\",\"name\":\"GLT Foundation\",\"description\":\"\",\"publisher\":{\"@id\":\"https:\/\/www.gltfoundation.com\/#organization\"},\"potentialAction\":[{\"@type\":\"SearchAction\",\"target\":{\"@type\":\"EntryPoint\",\"urlTemplate\":\"https:\/\/www.gltfoundation.com\/?s={search_term_string}\"},\"query-input\":{\"@type\":\"PropertyValueSpecification\",\"valueRequired\":true,\"valueName\":\"search_term_string\"}}],\"inLanguage\":\"fr-FR\"},{\"@type\":\"Organization\",\"@id\":\"https:\/\/www.gltfoundation.com\/#organization\",\"name\":\"GLT Foundation\",\"url\":\"https:\/\/www.gltfoundation.com\/\",\"logo\":{\"@type\":\"ImageObject\",\"inLanguage\":\"fr-FR\",\"@id\":\"https:\/\/www.gltfoundation.com\/#\/schema\/logo\/image\/\",\"url\":\"https:\/\/www.gltfoundation.com\/wp-content\/uploads\/2023\/05\/logo-glt.png\",\"contentUrl\":\"https:\/\/www.gltfoundation.com\/wp-content\/uploads\/2023\/05\/logo-glt.png\",\"width\":152,\"height\":67,\"caption\":\"GLT Foundation\"},\"image\":{\"@id\":\"https:\/\/www.gltfoundation.com\/#\/schema\/logo\/image\/\"},\"sameAs\":[\"https:\/\/www.facebook.com\/GlobalThinkingFoundation\/\",\"https:\/\/x.com\/GltFoundation\",\"https:\/\/www.youtube.com\/channel\/UCDNBF4vXJH618xaFlqdyYhw\",\"https:\/\/www.linkedin.com\/company\/10678527\/\",\"https:\/\/www.instagram.com\/globalthinkingfoundation\/\"]}]}<\/script>\n<!-- \/ Yoast SEO plugin. -->","yoast_head_json":{"title":"INFE\/OCSE \u00e9ducation financi\u00e8re en Italy, 2021 - GLT Foundation","robots":{"index":"index","follow":"follow","max-snippet":"max-snippet:-1","max-image-preview":"max-image-preview:large","max-video-preview":"max-video-preview:-1"},"canonical":"https:\/\/www.gltfoundation.com\/fr\/credits-fr\/infe-ocse-education-financiere-en-italy-2021\/","og_locale":"fr_FR","og_type":"article","og_title":"INFE\/OCSE \u00e9ducation financi\u00e8re en Italy, 2021 - GLT Foundation","og_url":"https:\/\/www.gltfoundation.com\/fr\/credits-fr\/infe-ocse-education-financiere-en-italy-2021\/","og_site_name":"GLT Foundation","article_publisher":"https:\/\/www.facebook.com\/GlobalThinkingFoundation\/","article_modified_time":"2023-09-27T08:56:32+00:00","twitter_card":"summary_large_image","twitter_site":"@GltFoundation","schema":{"@context":"https:\/\/schema.org","@graph":[{"@type":"WebPage","@id":"https:\/\/www.gltfoundation.com\/fr\/credits-fr\/infe-ocse-education-financiere-en-italy-2021\/","url":"https:\/\/www.gltfoundation.com\/fr\/credits-fr\/infe-ocse-education-financiere-en-italy-2021\/","name":"INFE\/OCSE \u00e9ducation financi\u00e8re en Italy, 2021 - GLT Foundation","isPartOf":{"@id":"https:\/\/www.gltfoundation.com\/#website"},"datePublished":"2023-06-21T15:38:40+00:00","dateModified":"2023-09-27T08:56:32+00:00","breadcrumb":{"@id":"https:\/\/www.gltfoundation.com\/fr\/credits-fr\/infe-ocse-education-financiere-en-italy-2021\/#breadcrumb"},"inLanguage":"fr-FR","potentialAction":[{"@type":"ReadAction","target":["https:\/\/www.gltfoundation.com\/fr\/credits-fr\/infe-ocse-education-financiere-en-italy-2021\/"]}]},{"@type":"BreadcrumbList","@id":"https:\/\/www.gltfoundation.com\/fr\/credits-fr\/infe-ocse-education-financiere-en-italy-2021\/#breadcrumb","itemListElement":[{"@type":"ListItem","position":1,"name":"Home","item":"https:\/\/www.gltfoundation.com\/fr\/"},{"@type":"ListItem","position":2,"name":"Cr\u00e9dits","item":"https:\/\/www.gltfoundation.com\/fr\/credits-fr\/"},{"@type":"ListItem","position":3,"name":"INFE\/OCSE \u00e9ducation financi\u00e8re en Italy, 2021"}]},{"@type":"WebSite","@id":"https:\/\/www.gltfoundation.com\/#website","url":"https:\/\/www.gltfoundation.com\/","name":"GLT Foundation","description":"","publisher":{"@id":"https:\/\/www.gltfoundation.com\/#organization"},"potentialAction":[{"@type":"SearchAction","target":{"@type":"EntryPoint","urlTemplate":"https:\/\/www.gltfoundation.com\/?s={search_term_string}"},"query-input":{"@type":"PropertyValueSpecification","valueRequired":true,"valueName":"search_term_string"}}],"inLanguage":"fr-FR"},{"@type":"Organization","@id":"https:\/\/www.gltfoundation.com\/#organization","name":"GLT Foundation","url":"https:\/\/www.gltfoundation.com\/","logo":{"@type":"ImageObject","inLanguage":"fr-FR","@id":"https:\/\/www.gltfoundation.com\/#\/schema\/logo\/image\/","url":"https:\/\/www.gltfoundation.com\/wp-content\/uploads\/2023\/05\/logo-glt.png","contentUrl":"https:\/\/www.gltfoundation.com\/wp-content\/uploads\/2023\/05\/logo-glt.png","width":152,"height":67,"caption":"GLT Foundation"},"image":{"@id":"https:\/\/www.gltfoundation.com\/#\/schema\/logo\/image\/"},"sameAs":["https:\/\/www.facebook.com\/GlobalThinkingFoundation\/","https:\/\/x.com\/GltFoundation","https:\/\/www.youtube.com\/channel\/UCDNBF4vXJH618xaFlqdyYhw","https:\/\/www.linkedin.com\/company\/10678527\/","https:\/\/www.instagram.com\/globalthinkingfoundation\/"]}]}},"_links":{"self":[{"href":"https:\/\/www.gltfoundation.com\/fr\/wp-json\/wp\/v2\/pages\/54508"}],"collection":[{"href":"https:\/\/www.gltfoundation.com\/fr\/wp-json\/wp\/v2\/pages"}],"about":[{"href":"https:\/\/www.gltfoundation.com\/fr\/wp-json\/wp\/v2\/types\/page"}],"author":[{"embeddable":true,"href":"https:\/\/www.gltfoundation.com\/fr\/wp-json\/wp\/v2\/users\/7"}],"replies":[{"embeddable":true,"href":"https:\/\/www.gltfoundation.com\/fr\/wp-json\/wp\/v2\/comments?post=54508"}],"version-history":[{"count":6,"href":"https:\/\/www.gltfoundation.com\/fr\/wp-json\/wp\/v2\/pages\/54508\/revisions"}],"predecessor-version":[{"id":54517,"href":"https:\/\/www.gltfoundation.com\/fr\/wp-json\/wp\/v2\/pages\/54508\/revisions\/54517"}],"up":[{"embeddable":true,"href":"https:\/\/www.gltfoundation.com\/fr\/wp-json\/wp\/v2\/pages\/54492"}],"wp:attachment":[{"href":"https:\/\/www.gltfoundation.com\/fr\/wp-json\/wp\/v2\/media?parent=54508"}],"wp:term":[{"taxonomy":"category","embeddable":true,"href":"https:\/\/www.gltfoundation.com\/fr\/wp-json\/wp\/v2\/categories?post=54508"}],"curies":[{"name":"wp","href":"https:\/\/api.w.org\/{rel}","templated":true}]}}