{"id":54543,"date":"2023-04-20T12:57:37","date_gmt":"2023-04-20T10:57:37","guid":{"rendered":"https:\/\/www.gltfoundation.com\/?page_id=54543"},"modified":"2025-07-24T10:44:41","modified_gmt":"2025-07-24T08:44:41","slug":"iso-90012015-certification","status":"publish","type":"page","link":"https:\/\/www.gltfoundation.com\/fr\/iso-90012015-certification\/","title":{"rendered":"CERTIFICATS ISO"},"content":{"rendered":"<!-- INTRO INNER PAGE -->\r\n<section>\r\n    <div class=\"intro-inner-page\">\r\n        <!-- rounded box -->\r\n        <div class=\"container\">\r\n           \r\n                    <div class=\"el-rounded has-shadow-big bg-white\">\r\n                    \n    <div class=\"glt-flex-content-editor\">\n            <div class=\"row\">\n            <div class=\"col\">\n\n                    <div><p data-start=\"67\" data-end=\"519\">Global Thinking Foundation, jusqu\u2019en 2024, a fonctionn\u00e9 avec son propre Syst\u00e8me de Gestion de la Qualit\u00e9 certifi\u00e9 selon la norme <strong data-start=\"200\" data-end=\"217\">ISO 9001:2015<\/strong>, d\u00e9livr\u00e9e par l\u2019<strong data-start=\"234\" data-end=\"308\">Association Suisse pour les Syst\u00e8mes de Qualit\u00e9 et de Management (SQS)<\/strong>. Cette norme internationale d\u00e9finit les exigences d\u2019un Syst\u00e8me de Gestion de la Qualit\u00e9 efficace, promouvant une approche syst\u00e9matique de la qualit\u00e9, que notre organisation a adopt\u00e9e avec rigueur et d\u00e9vouement.<\/p>\n<p data-start=\"521\" data-end=\"840\">Gr\u00e2ce \u00e0 la mise en \u0153uvre conforme \u00e0 la norme ISO 9001:2015, Global Thinking Foundation s\u2019engage \u00e0 garantir que ses services r\u00e9pondent aux exigences des b\u00e9n\u00e9ficiaires et maintiennent un niveau \u00e9lev\u00e9 de qualit\u00e9. Cette certification est \u00e9galement <strong>reconnue au niveau international<\/strong> dans les pays membres du r\u00e9seau <strong data-start=\"830\" data-end=\"839\">IQNet<\/strong>.<\/p>\n<p data-start=\"842\" data-end=\"1103\">Nous sommes fiers d\u2019annoncer qu\u2019\u00e0 partir de <strong>2025<\/strong>, notre engagement se renforce encore avec l\u2019obtention du <strong data-start=\"948\" data-end=\"976\">Certificat n\u00b0 007.210\/25<\/strong>, qui atteste de la conformit\u00e9 de notre Syst\u00e8me de Gestion pour les Organisations \u00c9ducatives \u00e0 la norme <strong data-start=\"1080\" data-end=\"1102\">UNI ISO 21001:2019<\/strong>.<\/p>\n<p data-start=\"1105\" data-end=\"1438\">Cette nouvelle certification, d\u00e9livr\u00e9e \u00e0 <strong data-start=\"1146\" data-end=\"1180\">GLOBAL THINKING FOUNDATION ETS<\/strong>, reconna\u00eet la valeur des pratiques \u00e9ducatives que nous appliquons dans nos projets \u00e0 impact social, renfor\u00e7ant la mission de la Fondation qui vise \u00e0 promouvoir l\u2019<strong>\u00e9ducation \u00e9conomique et financi\u00e8re, l\u2019inclusion, l\u2019autonomisation et l\u2019entrepreneuriat f\u00e9minin.<\/strong><\/p>\n<p data-start=\"1440\" data-end=\"1683\">Le syst\u00e8me <strong data-start=\"1451\" data-end=\"1473\">UNI ISO 21001:2019<\/strong> est con\u00e7u pour les organisations offrant des services \u00e9ducatifs, et garantit une <strong>gestion efficace, inclusive et coh\u00e9rente avec les objectifs p\u00e9dagogiques<\/strong>, en accord avec les valeurs que notre Fondation d\u00e9fend.<\/p>\n<p data-start=\"1685\" data-end=\"1915\">Nous sommes fi\u00e8res de ces certifications, qui t\u00e9moignent de notre rigueur m\u00e9thodologique, du respect des normes internationales et de notre engagement quotidien \u00e0 am\u00e9liorer la qualit\u00e9 de nos programmes et de notre offre \u00e9ducative.<\/p>\n<\/div>\r\n            <\/div>\n        <\/div>\n\n            <div class=\"row\">\n            <div class=\"col\">\n\n                    <div><div class=\"row text-center\">\n<div class=\"col\" style=\"text-align: center;\"><div class=\"_df_thumb \" id=\"df_67709\"  wpoptions=\"true\" thumb=\"https:\/\/www.gltfoundation.com\/wp-content\/uploads\/2025\/07\/CERTIFICAZIONE-ISO.png\" >CERTIFICATO ICDQ 2025<\/div><script data-cfasync=\"false\">var option_df_67709 = {\"outline\":[],\"forceFit\":\"true\",\"autoEnableOutline\":\"false\",\"autoEnableThumbnail\":\"false\",\"overwritePDFOutline\":\"false\",\"enableDownload\":\"false\",\"direction\":\"1\",\"pageMode\":\"0\",\"source\":\"https:\\\/\\\/www.gltfoundation.com\\\/wp-content\\\/uploads\\\/2025\\\/07\\\/CERTIFICAZIONE-ISO.png\",\"wpOptions\":\"true\"}; if(window.DFLIP && DFLIP.parseBooks){DFLIP.parseBooks();}<\/script><br \/>\nCertificat ICDQ 2025-2028<\/div>\n<div class=\"col\"><div class=\"_df_thumb \" id=\"df_32107\"  wpoptions=\"true\" thumb=\"\/wp-content\/uploads\/2023\/04\/copertina-certificato-SQS.png\" >Certificato SQS<\/div><script data-cfasync=\"false\">var option_df_32107 = {\"outline\":[],\"forceFit\":\"true\",\"autoEnableOutline\":\"false\",\"autoEnableThumbnail\":\"false\",\"overwritePDFOutline\":\"false\",\"direction\":\"1\",\"pageMode\":\"0\",\"source\":\"\\\/wp-content\\\/uploads\\\/2023\\\/04\\\/Certificato-SQS.pdf\",\"wpOptions\":\"true\"}; if(window.DFLIP && DFLIP.parseBooks){DFLIP.parseBooks();}<\/script><br \/>\nCertificat SQS 2023<\/div>\n<div class=\"col\"><div class=\"_df_thumb \" id=\"df_32108\"  wpoptions=\"true\" thumb=\"\/wp-content\/uploads\/2023\/04\/copertina-Certificato-SQS-IQNET.png\" >Certificato SQS &#8211; IQNET<\/div><script data-cfasync=\"false\">var option_df_32108 = {\"outline\":[],\"forceFit\":\"true\",\"autoEnableOutline\":\"false\",\"autoEnableThumbnail\":\"false\",\"overwritePDFOutline\":\"false\",\"direction\":\"1\",\"pageMode\":\"0\",\"source\":\"\\\/wp-content\\\/uploads\\\/2023\\\/04\\\/Certificato-SQS-IQNET-.pdf\",\"wpOptions\":\"true\"}; if(window.DFLIP && DFLIP.parseBooks){DFLIP.parseBooks();}<\/script><br \/>\nCertificat IQ NET 2023<\/div>\n<\/div>\n<div class=\"row text-center\">\n<div class=\"col\"><div class=\"_df_thumb \" id=\"df_18232\"  wpoptions=\"true\" thumb=\"https:\/\/www.gltfoundation.com\/wp-content\/uploads\/2020\/06\/Schermata-2020-06-22-alle-17.55.09.png\" >CERTIFICATO<\/div><script data-cfasync=\"false\">var option_df_18232 = {\"outline\":[],\"forceFit\":\"true\",\"autoEnableOutline\":\"false\",\"autoEnableThumbnail\":\"false\",\"overwritePDFOutline\":\"false\",\"enableDownload\":\"false\",\"direction\":\"1\",\"pageMode\":\"0\",\"source\":\"https:\\\/\\\/www.gltfoundation.com\\\/wp-content\\\/uploads\\\/2020\\\/06\\\/905715_it_9001_20.pdf\",\"wpOptions\":\"true\"}; if(window.DFLIP && DFLIP.parseBooks){DFLIP.parseBooks();}<\/script><br \/>\nCertificat SQS 2020<\/div>\n<div class=\"col\"><div class=\"_df_thumb \" id=\"df_18241\"  wpoptions=\"true\" thumb=\"https:\/\/www.gltfoundation.com\/wp-content\/uploads\/2020\/06\/Schermata-2020-06-22-alle-18.03.48.png\" >Certificato IQ NET<\/div><script data-cfasync=\"false\">var option_df_18241 = {\"outline\":[],\"forceFit\":\"true\",\"autoEnableOutline\":\"false\",\"autoEnableThumbnail\":\"false\",\"overwritePDFOutline\":\"false\",\"enableDownload\":\"false\",\"direction\":\"1\",\"pageMode\":\"0\",\"source\":\"https:\\\/\\\/www.gltfoundation.com\\\/wp-content\\\/uploads\\\/2020\\\/06\\\/905715_iq_9001_20.pdf\",\"wpOptions\":\"true\"}; if(window.DFLIP && DFLIP.parseBooks){DFLIP.parseBooks();}<\/script><br \/>\nCertificat IQ NET 2020<\/div>\n<\/div>\n<\/div>\r\n            <\/div>\n        <\/div>\n\n        <\/div>\n\n    \n                    <\/div>\r\n              \r\n        <\/div>\r\n        <!-- \/\/ rounded box -->\r\n    <\/div>\r\n<\/section>\r\n<!-- \/\/ INTRO INNER PAGE -->\r\n","protected":false},"excerpt":{"rendered":"","protected":false},"author":7,"featured_media":0,"parent":0,"menu_order":0,"comment_status":"closed","ping_status":"closed","template":"","meta":{"_acf_changed":false,"inline_featured_image":false,"_themeisle_gutenberg_block_has_review":false,"footnotes":""},"categories":[],"class_list":["post-54543","page","type-page","status-publish","hentry"],"acf":[],"yoast_head":"<!-- This site is optimized with the Yoast SEO plugin v23.6 - https:\/\/yoast.com\/wordpress\/plugins\/seo\/ -->\n<title>CERTIFICATS ISO - GLT Foundation<\/title>\n<meta name=\"robots\" content=\"index, follow, max-snippet:-1, max-image-preview:large, max-video-preview:-1\" \/>\n<link rel=\"canonical\" href=\"https:\/\/www.gltfoundation.com\/fr\/iso-90012015-certification\/\" \/>\n<meta property=\"og:locale\" content=\"fr_FR\" \/>\n<meta property=\"og:type\" content=\"article\" \/>\n<meta property=\"og:title\" content=\"CERTIFICATS ISO - GLT Foundation\" \/>\n<meta property=\"og:url\" content=\"https:\/\/www.gltfoundation.com\/fr\/iso-90012015-certification\/\" \/>\n<meta property=\"og:site_name\" content=\"GLT Foundation\" \/>\n<meta property=\"article:publisher\" content=\"https:\/\/www.facebook.com\/GlobalThinkingFoundation\/\" \/>\n<meta property=\"article:modified_time\" content=\"2025-07-24T08:44:41+00:00\" \/>\n<meta name=\"twitter:card\" content=\"summary_large_image\" \/>\n<meta name=\"twitter:site\" content=\"@GltFoundation\" \/>\n<meta name=\"twitter:label1\" content=\"Dur\u00e9e de lecture estim\u00e9e\" \/>\n\t<meta name=\"twitter:data1\" content=\"2 minutes\" \/>\n<script type=\"application\/ld+json\" class=\"yoast-schema-graph\">{\"@context\":\"https:\/\/schema.org\",\"@graph\":[{\"@type\":\"WebPage\",\"@id\":\"https:\/\/www.gltfoundation.com\/fr\/iso-90012015-certification\/\",\"url\":\"https:\/\/www.gltfoundation.com\/fr\/iso-90012015-certification\/\",\"name\":\"CERTIFICATS ISO - GLT Foundation\",\"isPartOf\":{\"@id\":\"https:\/\/www.gltfoundation.com\/#website\"},\"datePublished\":\"2023-04-20T10:57:37+00:00\",\"dateModified\":\"2025-07-24T08:44:41+00:00\",\"breadcrumb\":{\"@id\":\"https:\/\/www.gltfoundation.com\/fr\/iso-90012015-certification\/#breadcrumb\"},\"inLanguage\":\"fr-FR\",\"potentialAction\":[{\"@type\":\"ReadAction\",\"target\":[\"https:\/\/www.gltfoundation.com\/fr\/iso-90012015-certification\/\"]}]},{\"@type\":\"BreadcrumbList\",\"@id\":\"https:\/\/www.gltfoundation.com\/fr\/iso-90012015-certification\/#breadcrumb\",\"itemListElement\":[{\"@type\":\"ListItem\",\"position\":1,\"name\":\"Home\",\"item\":\"https:\/\/www.gltfoundation.com\/fr\/\"},{\"@type\":\"ListItem\",\"position\":2,\"name\":\"CERTIFICATS ISO\"}]},{\"@type\":\"WebSite\",\"@id\":\"https:\/\/www.gltfoundation.com\/#website\",\"url\":\"https:\/\/www.gltfoundation.com\/\",\"name\":\"GLT Foundation\",\"description\":\"\",\"publisher\":{\"@id\":\"https:\/\/www.gltfoundation.com\/#organization\"},\"potentialAction\":[{\"@type\":\"SearchAction\",\"target\":{\"@type\":\"EntryPoint\",\"urlTemplate\":\"https:\/\/www.gltfoundation.com\/?s={search_term_string}\"},\"query-input\":{\"@type\":\"PropertyValueSpecification\",\"valueRequired\":true,\"valueName\":\"search_term_string\"}}],\"inLanguage\":\"fr-FR\"},{\"@type\":\"Organization\",\"@id\":\"https:\/\/www.gltfoundation.com\/#organization\",\"name\":\"GLT Foundation\",\"url\":\"https:\/\/www.gltfoundation.com\/\",\"logo\":{\"@type\":\"ImageObject\",\"inLanguage\":\"fr-FR\",\"@id\":\"https:\/\/www.gltfoundation.com\/#\/schema\/logo\/image\/\",\"url\":\"https:\/\/www.gltfoundation.com\/wp-content\/uploads\/2023\/05\/logo-glt.png\",\"contentUrl\":\"https:\/\/www.gltfoundation.com\/wp-content\/uploads\/2023\/05\/logo-glt.png\",\"width\":152,\"height\":67,\"caption\":\"GLT Foundation\"},\"image\":{\"@id\":\"https:\/\/www.gltfoundation.com\/#\/schema\/logo\/image\/\"},\"sameAs\":[\"https:\/\/www.facebook.com\/GlobalThinkingFoundation\/\",\"https:\/\/x.com\/GltFoundation\",\"https:\/\/www.youtube.com\/channel\/UCDNBF4vXJH618xaFlqdyYhw\",\"https:\/\/www.linkedin.com\/company\/10678527\/\",\"https:\/\/www.instagram.com\/globalthinkingfoundation\/\"]}]}<\/script>\n<!-- \/ Yoast SEO plugin. -->","yoast_head_json":{"title":"CERTIFICATS ISO - GLT Foundation","robots":{"index":"index","follow":"follow","max-snippet":"max-snippet:-1","max-image-preview":"max-image-preview:large","max-video-preview":"max-video-preview:-1"},"canonical":"https:\/\/www.gltfoundation.com\/fr\/iso-90012015-certification\/","og_locale":"fr_FR","og_type":"article","og_title":"CERTIFICATS ISO - GLT Foundation","og_url":"https:\/\/www.gltfoundation.com\/fr\/iso-90012015-certification\/","og_site_name":"GLT Foundation","article_publisher":"https:\/\/www.facebook.com\/GlobalThinkingFoundation\/","article_modified_time":"2025-07-24T08:44:41+00:00","twitter_card":"summary_large_image","twitter_site":"@GltFoundation","twitter_misc":{"Dur\u00e9e de lecture estim\u00e9e":"2 minutes"},"schema":{"@context":"https:\/\/schema.org","@graph":[{"@type":"WebPage","@id":"https:\/\/www.gltfoundation.com\/fr\/iso-90012015-certification\/","url":"https:\/\/www.gltfoundation.com\/fr\/iso-90012015-certification\/","name":"CERTIFICATS ISO - GLT Foundation","isPartOf":{"@id":"https:\/\/www.gltfoundation.com\/#website"},"datePublished":"2023-04-20T10:57:37+00:00","dateModified":"2025-07-24T08:44:41+00:00","breadcrumb":{"@id":"https:\/\/www.gltfoundation.com\/fr\/iso-90012015-certification\/#breadcrumb"},"inLanguage":"fr-FR","potentialAction":[{"@type":"ReadAction","target":["https:\/\/www.gltfoundation.com\/fr\/iso-90012015-certification\/"]}]},{"@type":"BreadcrumbList","@id":"https:\/\/www.gltfoundation.com\/fr\/iso-90012015-certification\/#breadcrumb","itemListElement":[{"@type":"ListItem","position":1,"name":"Home","item":"https:\/\/www.gltfoundation.com\/fr\/"},{"@type":"ListItem","position":2,"name":"CERTIFICATS ISO"}]},{"@type":"WebSite","@id":"https:\/\/www.gltfoundation.com\/#website","url":"https:\/\/www.gltfoundation.com\/","name":"GLT Foundation","description":"","publisher":{"@id":"https:\/\/www.gltfoundation.com\/#organization"},"potentialAction":[{"@type":"SearchAction","target":{"@type":"EntryPoint","urlTemplate":"https:\/\/www.gltfoundation.com\/?s={search_term_string}"},"query-input":{"@type":"PropertyValueSpecification","valueRequired":true,"valueName":"search_term_string"}}],"inLanguage":"fr-FR"},{"@type":"Organization","@id":"https:\/\/www.gltfoundation.com\/#organization","name":"GLT Foundation","url":"https:\/\/www.gltfoundation.com\/","logo":{"@type":"ImageObject","inLanguage":"fr-FR","@id":"https:\/\/www.gltfoundation.com\/#\/schema\/logo\/image\/","url":"https:\/\/www.gltfoundation.com\/wp-content\/uploads\/2023\/05\/logo-glt.png","contentUrl":"https:\/\/www.gltfoundation.com\/wp-content\/uploads\/2023\/05\/logo-glt.png","width":152,"height":67,"caption":"GLT Foundation"},"image":{"@id":"https:\/\/www.gltfoundation.com\/#\/schema\/logo\/image\/"},"sameAs":["https:\/\/www.facebook.com\/GlobalThinkingFoundation\/","https:\/\/x.com\/GltFoundation","https:\/\/www.youtube.com\/channel\/UCDNBF4vXJH618xaFlqdyYhw","https:\/\/www.linkedin.com\/company\/10678527\/","https:\/\/www.instagram.com\/globalthinkingfoundation\/"]}]}},"_links":{"self":[{"href":"https:\/\/www.gltfoundation.com\/fr\/wp-json\/wp\/v2\/pages\/54543"}],"collection":[{"href":"https:\/\/www.gltfoundation.com\/fr\/wp-json\/wp\/v2\/pages"}],"about":[{"href":"https:\/\/www.gltfoundation.com\/fr\/wp-json\/wp\/v2\/types\/page"}],"author":[{"embeddable":true,"href":"https:\/\/www.gltfoundation.com\/fr\/wp-json\/wp\/v2\/users\/7"}],"replies":[{"embeddable":true,"href":"https:\/\/www.gltfoundation.com\/fr\/wp-json\/wp\/v2\/comments?post=54543"}],"version-history":[{"count":4,"href":"https:\/\/www.gltfoundation.com\/fr\/wp-json\/wp\/v2\/pages\/54543\/revisions"}],"predecessor-version":[{"id":67770,"href":"https:\/\/www.gltfoundation.com\/fr\/wp-json\/wp\/v2\/pages\/54543\/revisions\/67770"}],"wp:attachment":[{"href":"https:\/\/www.gltfoundation.com\/fr\/wp-json\/wp\/v2\/media?parent=54543"}],"wp:term":[{"taxonomy":"category","embeddable":true,"href":"https:\/\/www.gltfoundation.com\/fr\/wp-json\/wp\/v2\/categories?post=54543"}],"curies":[{"name":"wp","href":"https:\/\/api.w.org\/{rel}","templated":true}]}}