{"id":54558,"date":"2023-04-20T12:55:49","date_gmt":"2023-04-20T10:55:49","guid":{"rendered":"https:\/\/www.gltfoundation.com\/?page_id=54558"},"modified":"2025-06-27T10:16:56","modified_gmt":"2025-06-27T08:16:56","slug":"conseil-dadministration","status":"publish","type":"page","link":"https:\/\/www.gltfoundation.com\/fr\/conseil-dadministration\/","title":{"rendered":"CONSEIL D\u2019ADMINISTRATION"},"content":{"rendered":"<section class=\"alternate-text-block\">\r\n    <div class=\"container\">\r\n        <div class=\"row\">\r\n            <div class=\"col\">\r\n\r\n                <!-- ALT TEXT -->\r\n                <div class=\"alternate-text\">\r\n                                        <!-- ITEM -->\r\n                    <div class=\"alternate-text-item\">\r\n                        <h5 class=\"pre-title\"><\/h5>\r\n                        <div class=\"text-box\">\r\n                            <div class=\"img-wrapper\">\r\n                                <img decoding=\"async\" class=\"\" src=\"https:\/\/www.gltfoundation.com\/wp-content\/uploads\/2020\/02\/ClaudiaSegre.png\" alt=\"\">\r\n                            <\/div>\r\n                            <div class=\"content-wrapper\">\r\n                                <h3 class=\"text-title\">Claudia Segre<\/h3>\r\n                                <h4 class=\"text-subtitle\"><\/h4>\r\n                                <div class=\"text-content\">\r\n                                    <h3>Pr\u00e9sidente et fondatrice<\/h3>\n<hr \/>\n<p>Sa carri\u00e8re de 33 ans en tant que trader et directeur financier s&rsquo;est d\u00e9velopp\u00e9e dans les principales banques italiennes. Elle s&rsquo;est sp\u00e9cialis\u00e9e sur les march\u00e9s internationaux dans l&rsquo;\u00e9tude approfondie des dynamiques g\u00e9opolitiques mondiales et des corr\u00e9lations \u00e9conomico-financi\u00e8res qui en d\u00e9coulent. Elle occupe des fonctions op\u00e9rationnelles et manag\u00e9riales dans les soci\u00e9t\u00e9s m\u00e8res de Gruppo Intesa, Unicredit et Credem.<\/p>\n<p><strong>En 2016, elle a fond\u00e9 la <a href=\"https:\/\/www.gltfoundation.com\/fr\/\" target=\"_blank\" rel=\"noopener\">Global Thinking Foundation<\/a><\/strong> en <strong>Italie<\/strong> et en <strong>France<\/strong>. Dans le cadre de ses activit\u00e9s de relations internationales avec le FMI et l&rsquo;OCDE, elle a combin\u00e9 son engagement sur <strong>Womenomics avec des enseignements en \u00c9ducation Financi\u00e8re et la promotion de l&rsquo;\u00c9galit\u00e9 des Sexes<\/strong> depuis 1997. Membre du Conseil d&rsquo;experts de la VIe Commission des finances de la Chambre des d\u00e9put\u00e9s, pr\u00e9sidente du Conseil d&rsquo;\u00e9ducation d&rsquo;ACI FX International de 2012 \u00e0 2015, aujourd&rsquo;hui membre honoraire. Membre fondateur de l&rsquo;<strong>ASSIOM FOREX<\/strong> &#8211; anciennement vice-pr\u00e9sidente de l&rsquo;ASSIOM et active au sein de l&rsquo;association depuis 1993 &#8211; elle a \u00e9t\u00e9 secr\u00e9taire g\u00e9n\u00e9rale de l&rsquo;ASSIOM FOREX de 2009 \u00e0 2016 et occupe actuellement le poste de r\u00e9dactrice en chef des publications depuis 2006 et de membre du conseil d&rsquo;administration et du <strong>Comit\u00e9 Technique et Scientifique<\/strong>.<\/p>\n<p><strong>Claudia Segre est une figure de proue de la finance durable et de la fintech.<\/strong> Vice-pr\u00e9sidente d&rsquo;AssoFintech, membre du comit\u00e9 technique et scientifique de Terre des Hommes Italia, membre du comit\u00e9 directeur de l&rsquo;inclusion des femmes et personne de contact pour la technologie GDL. En outre, ancien membre du conseil d&rsquo;administration du Forum for Sustainable Finance et membre, 2022\/2024, de la Commission pour l&rsquo;\u00e9galit\u00e9 des chances de l&rsquo;Accademia dei Lincei.<\/p>\n<p><u>Elle est \u00e9galement membre de l&rsquo;organe consultatif du garant pour la protection des victimes de la criminalit\u00e9 de la r\u00e9gion de Lombardie et du comit\u00e9 technique et scientifique de l&rsquo;Observatoire de la violence \u00e0 l&rsquo;\u00e9gard des femmes et de la violence domestique au d\u00e9partement de l&rsquo;\u00e9galit\u00e9 des chances de la pr\u00e9sidence du Conseil des ministres, et consultante aupr\u00e8s de la commission d&rsquo;enqu\u00eate parlementaire sur le f\u00e9minicide et toutes les formes de violence fond\u00e9e sur le genre.<\/u><\/p>\n<p><strong>Nomm\u00e9e l&rsquo;une des 100 premi\u00e8res Italiennes \u00e0 succ\u00e8s 2019 par Forbes, elle figure parmi les 100 premi\u00e8res femmes mondiales en mati\u00e8re de leadership par le GCPIT Inde 2021<\/strong>.<br \/>\nElle est coauteur du livre \u00abL&rsquo;Italie des autonomies. Au test COVID-19\u00bb. Coauteur de la publication: \u00abFinancial Inclusion: The importance of financial literacy and the promotion of better labour market outcomes for women and youth\u00bb (Inclusion financi\u00e8re: l&rsquo;importance de l&rsquo;\u00e9ducation financi\u00e8re et la promotion de meilleurs r\u00e9sultats sur le march\u00e9 du travail pour les femmes et les jeunes) pour T6\/G20 2021 et \u00abThe Financial Wellbeing Index\u00bb: \u201cDonne Al Quadrato\u201d and the relevant impact measurement\u00bb (L&rsquo;indice de bien-\u00eatre financier : les femmes au carr\u00e9 et la mesure d&rsquo;impact pertinente) pour ISPCAN 2021.<\/p>\n<p><strong>Conf\u00e9renci\u00e8re TEDx<\/strong>: en 2021 \u00e0 Riesi sur le th\u00e8me \u00abIslands towards new frontiers\u00bb et en 2023 \u00e0 Cagliari sur le th\u00e8me \u00abHuman Capital\u00bb . Nomm\u00e9e en 2023 <strong>Italy Country Chair AI,Data &amp; Cybersecurity par le G100: Mission Million<\/strong>.<br \/>\nAncienne copr\u00e9sidente de Women7, le groupe officiel d&rsquo;engagement civil du sommet du G7, aujourd&rsquo;hui <strong>d\u00e9l\u00e9gu\u00e9e de Women7 Italie pour le G7 Canada et conseill\u00e8re du groupe de travail sur les technologies \u00e9mergentes.<br \/>\n<\/strong>En 2025, elle est nomm\u00e9e vice-pr\u00e9sidente de la <strong>Fondation Pubblicit\u00e0 Progresso<\/strong>.<strong><br \/>\n<\/strong><\/p>\n                                <\/div>\r\n                            <\/div>\r\n                        <\/div>\r\n                    <\/div>\r\n                    <!-- \/\/ ITEM -->\r\n                                        <!-- ITEM -->\r\n                    <div class=\"alternate-text-item\">\r\n                        <h5 class=\"pre-title\"><\/h5>\r\n                        <div class=\"text-box\">\r\n                            <div class=\"img-wrapper\">\r\n                                <img decoding=\"async\" class=\"\" src=\"https:\/\/www.gltfoundation.com\/wp-content\/uploads\/2024\/04\/cda-300x300.png\" alt=\"\">\r\n                            <\/div>\r\n                            <div class=\"content-wrapper\">\r\n                                <h3 class=\"text-title\">Ortali Davide<\/h3>\r\n                                <h4 class=\"text-subtitle\">March\u00e9s financiers et gouvernance<\/h4>\r\n                                <div class=\"text-content\">\r\n                                    <p><strong>Ortali Davide<\/strong> a commenc\u00e9 sa carri\u00e8re \u00e0 la Banca Popolare di Ravenna, puis en 1989 \u00e0 la CME Commissionaria di Borsa avec la qualification de \u00ab\u00a0Procureur criant de <strong>Borsa Italiana<\/strong>. En 1991, il est devenu chef du march\u00e9 obligataire \u00e0 <strong>Monte Paschi<\/strong> Mercato Sim (plus tard Intermonte Sim). En 1992, elle devient membre du groupe de travail Borsa Italiana\/Consob pour la transition de la bourse \u00ab\u00a0en grille\u00a0\u00bb \u00e0 la bourse \u00ab\u00a0t\u00e9l\u00e9matique\u00a0\u00bb. Depuis 2001, il est \u00e9galement responsable de la tr\u00e9sorerie du groupe Intermonte. De 1998 \u00e0 2005, il est nomm\u00e9 \u00ab\u00a0<strong>Commissaire aux comptes de Associazione Assobat<\/strong>\u00ab\u00a0, puis \u00ab\u00a0<strong>Assiom<\/strong>\u00a0\u00bb ; ensuite, de 2005 \u00e0 2012, il devient membre du Conseil d&rsquo;administration de l&rsquo;Association Assiom, puis Assiom Forex, et en 2009, il devient l&rsquo;un des \u00ab\u00a0Membres fondateurs de l&rsquo;<strong>Association Assiom Forex<\/strong>\u00ab\u00a0.<\/p>\n<p>Toujours en 2005, il devient membre fondateur, membre directeur et tr\u00e9sorier de l&rsquo;association de quartier \u00ab\u00a0<strong>Vivisarpi<\/strong>\u00ab\u00a0.<\/p>\n<p>Enfin, de 2013 \u00e0 2015, il a \u00e9t\u00e9 nomm\u00e9<strong> vice-pr\u00e9sident du conseil d&rsquo;administration<\/strong> de l&rsquo;<strong>Istituto Comprensivo Giusti-Panzini<\/strong>.<\/p>\n                                <\/div>\r\n                            <\/div>\r\n                        <\/div>\r\n                    <\/div>\r\n                    <!-- \/\/ ITEM -->\r\n                                        <!-- ITEM -->\r\n                    <div class=\"alternate-text-item\">\r\n                        <h5 class=\"pre-title\"><\/h5>\r\n                        <div class=\"text-box\">\r\n                            <div class=\"img-wrapper\">\r\n                                <img decoding=\"async\" class=\"\" src=\"https:\/\/www.gltfoundation.com\/wp-content\/uploads\/2024\/05\/alessandra-orlando-300x300.png\" alt=\"\">\r\n                            <\/div>\r\n                            <div class=\"content-wrapper\">\r\n                                <h3 class=\"text-title\">Alessandra Orlando<\/h3>\r\n                                <h4 class=\"text-subtitle\">Vice-pr\u00e9sident &#8211; L\u00e9gislation et fiscalit\u00e9<\/h4>\r\n                                <div class=\"text-content\">\r\n                                    <p><strong>Alessandra Orlando<\/strong>, ancienne secr\u00e9taire \u00e0 la <strong>Coordination du groupe populaire<\/strong>, a \u00e9t\u00e9 \u00e9lue en 2013 \u00e0 l\u2019ex\u00e9cutif national du Fisc , \u00e0 la CGIL puis a \u00e9t\u00e9 nomm\u00e9e secr\u00e9taire g\u00e9n\u00e9rale du <a href=\"https:\/\/www.fisac-cgil.it\/\" target=\"_blank\" rel=\"noopener\">FISAC<\/a> \u00e0 la <a href=\"https:\/\/www.fisac-cgil.it\/category\/territori\/fisac-cgil-milano-lombardia\" target=\"_blank\" rel=\"noopener\">CGIL Lombardy<\/a>.<\/p>\n                                <\/div>\r\n                            <\/div>\r\n                        <\/div>\r\n                    <\/div>\r\n                    <!-- \/\/ ITEM -->\r\n                                        <!-- ITEM -->\r\n                    <div class=\"alternate-text-item\">\r\n                        <h5 class=\"pre-title\"><\/h5>\r\n                        <div class=\"text-box\">\r\n                            <div class=\"img-wrapper\">\r\n                                <img decoding=\"async\" class=\"\" src=\"https:\/\/www.gltfoundation.com\/wp-content\/uploads\/2024\/01\/Chiara-Gironi-copia-300x300.webp\" alt=\"\">\r\n                            <\/div>\r\n                            <div class=\"content-wrapper\">\r\n                                <h3 class=\"text-title\">Chiara Gironi<\/h3>\r\n                                <h4 class=\"text-subtitle\">Communication D&#038;I<\/h4>\r\n                                <div class=\"text-content\">\r\n                                    <p><strong>Responsable du marketing et de la communication chez TIGROS S.p.A. depuis 2019.<\/strong><\/p>\n<p><strong>Chiara Gironi<\/strong>, dipl\u00f4m\u00e9e en relations publiques \u00e0 l&rsquo;universit\u00e9 IULM de Milan avec une th\u00e8se en s\u00e9miotique, a plus de 20 ans d&rsquo;exp\u00e9rience professionnelle dans des entreprises telles que Chiquita, Giochi Preziosi, Barilla, McCann World Group.<\/p>\n<p>Elle a toujours \u00e9t\u00e9 intrigu\u00e9e et int\u00e9ress\u00e9e par les tendances sociales, les dynamiques sociales et comportementales et les influences que la communication peut exercer sur elles.<\/p>\n                                <\/div>\r\n                            <\/div>\r\n                        <\/div>\r\n                    <\/div>\r\n                    <!-- \/\/ ITEM -->\r\n                                        <!-- ITEM -->\r\n                    <div class=\"alternate-text-item\">\r\n                        <h5 class=\"pre-title\"><\/h5>\r\n                        <div class=\"text-box\">\r\n                            <div class=\"img-wrapper\">\r\n                                <img decoding=\"async\" class=\"\" src=\"https:\/\/www.gltfoundation.com\/wp-content\/uploads\/2019\/04\/Mazzocchi_.png\" alt=\"\">\r\n                            <\/div>\r\n                            <div class=\"content-wrapper\">\r\n                                <h3 class=\"text-title\">Massimo Mazzocchi<\/h3>\r\n                                <h4 class=\"text-subtitle\">Post Trading et Settlement<\/h4>\r\n                                <div class=\"text-content\">\r\n                                    <p><strong>Massimo Mazzocchi<\/strong> commence sa carri\u00e8re en 1985 chez <strong>Caboto SIM<\/strong> ( ensuite transform\u00e9 en l\u2019actuelle division aux Op\u00e9ration d\u2019 <a href=\"https:\/\/www.intesasanpaolo.com\/\" target=\"_blank\" rel=\"noopener\">Intesa Sanpaolo<\/a> ) en couvrant des r\u00f4les de plus en plus complexes.<br \/>\nDepuis 2006, il occupe le r\u00f4le de <strong>responsable du D\u00e9partement de la R\u00e9glementation des valeurs mobili\u00e8res<\/strong>.<\/p>\n<p>Dans le pass\u00e9, il a collabor\u00e9 avec <strong>AIOTE<\/strong> ( association italienne des op\u00e9rateurs de valeurs mobili\u00e8res \u00e9trang\u00e8res ) et durant de nombreuses ann\u00e9es avec <a href=\"https:\/\/www.assiomforex.it\/\" target=\"_blank\" rel=\"noopener\">ASSIOM FOREX<\/a> en tant qu\u2019enseignant sur le fonctionnement de la r\u00e9glementation sur les march\u00e9s financiers.<\/p>\n                                <\/div>\r\n                            <\/div>\r\n                        <\/div>\r\n                    <\/div>\r\n                    <!-- \/\/ ITEM -->\r\n                                    <\/div>\r\n                <!-- \/\/ ALT TEXT -->\r\n\r\n            <\/div>\r\n        <\/div>\r\n    <\/div>\r\n<\/section>\r\n","protected":false},"excerpt":{"rendered":"","protected":false},"author":7,"featured_media":0,"parent":0,"menu_order":0,"comment_status":"closed","ping_status":"closed","template":"","meta":{"_acf_changed":false,"inline_featured_image":false,"_themeisle_gutenberg_block_has_review":false,"footnotes":""},"categories":[],"class_list":["post-54558","page","type-page","status-publish","hentry"],"acf":[],"yoast_head":"<!-- This site is optimized with the Yoast SEO plugin v23.6 - https:\/\/yoast.com\/wordpress\/plugins\/seo\/ -->\n<title>CONSEIL D\u2019ADMINISTRATION - GLT Foundation<\/title>\n<meta name=\"robots\" content=\"index, follow, max-snippet:-1, max-image-preview:large, max-video-preview:-1\" \/>\n<link rel=\"canonical\" href=\"https:\/\/www.gltfoundation.com\/fr\/conseil-dadministration\/\" \/>\n<meta property=\"og:locale\" content=\"fr_FR\" \/>\n<meta property=\"og:type\" content=\"article\" \/>\n<meta property=\"og:title\" content=\"CONSEIL D\u2019ADMINISTRATION - GLT Foundation\" \/>\n<meta property=\"og:url\" content=\"https:\/\/www.gltfoundation.com\/fr\/conseil-dadministration\/\" \/>\n<meta property=\"og:site_name\" content=\"GLT Foundation\" \/>\n<meta property=\"article:publisher\" content=\"https:\/\/www.facebook.com\/GlobalThinkingFoundation\/\" \/>\n<meta property=\"article:modified_time\" content=\"2025-06-27T08:16:56+00:00\" \/>\n<meta name=\"twitter:card\" content=\"summary_large_image\" \/>\n<meta name=\"twitter:site\" content=\"@GltFoundation\" \/>\n<meta name=\"twitter:label1\" content=\"Dur\u00e9e de lecture estim\u00e9e\" \/>\n\t<meta name=\"twitter:data1\" content=\"6 minutes\" \/>\n<script type=\"application\/ld+json\" class=\"yoast-schema-graph\">{\"@context\":\"https:\/\/schema.org\",\"@graph\":[{\"@type\":\"WebPage\",\"@id\":\"https:\/\/www.gltfoundation.com\/fr\/conseil-dadministration\/\",\"url\":\"https:\/\/www.gltfoundation.com\/fr\/conseil-dadministration\/\",\"name\":\"CONSEIL D\u2019ADMINISTRATION - GLT Foundation\",\"isPartOf\":{\"@id\":\"https:\/\/www.gltfoundation.com\/#website\"},\"datePublished\":\"2023-04-20T10:55:49+00:00\",\"dateModified\":\"2025-06-27T08:16:56+00:00\",\"breadcrumb\":{\"@id\":\"https:\/\/www.gltfoundation.com\/fr\/conseil-dadministration\/#breadcrumb\"},\"inLanguage\":\"fr-FR\",\"potentialAction\":[{\"@type\":\"ReadAction\",\"target\":[\"https:\/\/www.gltfoundation.com\/fr\/conseil-dadministration\/\"]}]},{\"@type\":\"BreadcrumbList\",\"@id\":\"https:\/\/www.gltfoundation.com\/fr\/conseil-dadministration\/#breadcrumb\",\"itemListElement\":[{\"@type\":\"ListItem\",\"position\":1,\"name\":\"Home\",\"item\":\"https:\/\/www.gltfoundation.com\/fr\/\"},{\"@type\":\"ListItem\",\"position\":2,\"name\":\"CONSEIL D\u2019ADMINISTRATION\"}]},{\"@type\":\"WebSite\",\"@id\":\"https:\/\/www.gltfoundation.com\/#website\",\"url\":\"https:\/\/www.gltfoundation.com\/\",\"name\":\"GLT Foundation\",\"description\":\"\",\"publisher\":{\"@id\":\"https:\/\/www.gltfoundation.com\/#organization\"},\"potentialAction\":[{\"@type\":\"SearchAction\",\"target\":{\"@type\":\"EntryPoint\",\"urlTemplate\":\"https:\/\/www.gltfoundation.com\/?s={search_term_string}\"},\"query-input\":{\"@type\":\"PropertyValueSpecification\",\"valueRequired\":true,\"valueName\":\"search_term_string\"}}],\"inLanguage\":\"fr-FR\"},{\"@type\":\"Organization\",\"@id\":\"https:\/\/www.gltfoundation.com\/#organization\",\"name\":\"GLT Foundation\",\"url\":\"https:\/\/www.gltfoundation.com\/\",\"logo\":{\"@type\":\"ImageObject\",\"inLanguage\":\"fr-FR\",\"@id\":\"https:\/\/www.gltfoundation.com\/#\/schema\/logo\/image\/\",\"url\":\"https:\/\/www.gltfoundation.com\/wp-content\/uploads\/2023\/05\/logo-glt.png\",\"contentUrl\":\"https:\/\/www.gltfoundation.com\/wp-content\/uploads\/2023\/05\/logo-glt.png\",\"width\":152,\"height\":67,\"caption\":\"GLT Foundation\"},\"image\":{\"@id\":\"https:\/\/www.gltfoundation.com\/#\/schema\/logo\/image\/\"},\"sameAs\":[\"https:\/\/www.facebook.com\/GlobalThinkingFoundation\/\",\"https:\/\/x.com\/GltFoundation\",\"https:\/\/www.youtube.com\/channel\/UCDNBF4vXJH618xaFlqdyYhw\",\"https:\/\/www.linkedin.com\/company\/10678527\/\",\"https:\/\/www.instagram.com\/globalthinkingfoundation\/\"]}]}<\/script>\n<!-- \/ Yoast SEO plugin. -->","yoast_head_json":{"title":"CONSEIL D\u2019ADMINISTRATION - GLT Foundation","robots":{"index":"index","follow":"follow","max-snippet":"max-snippet:-1","max-image-preview":"max-image-preview:large","max-video-preview":"max-video-preview:-1"},"canonical":"https:\/\/www.gltfoundation.com\/fr\/conseil-dadministration\/","og_locale":"fr_FR","og_type":"article","og_title":"CONSEIL D\u2019ADMINISTRATION - GLT Foundation","og_url":"https:\/\/www.gltfoundation.com\/fr\/conseil-dadministration\/","og_site_name":"GLT Foundation","article_publisher":"https:\/\/www.facebook.com\/GlobalThinkingFoundation\/","article_modified_time":"2025-06-27T08:16:56+00:00","twitter_card":"summary_large_image","twitter_site":"@GltFoundation","twitter_misc":{"Dur\u00e9e de lecture estim\u00e9e":"6 minutes"},"schema":{"@context":"https:\/\/schema.org","@graph":[{"@type":"WebPage","@id":"https:\/\/www.gltfoundation.com\/fr\/conseil-dadministration\/","url":"https:\/\/www.gltfoundation.com\/fr\/conseil-dadministration\/","name":"CONSEIL D\u2019ADMINISTRATION - GLT Foundation","isPartOf":{"@id":"https:\/\/www.gltfoundation.com\/#website"},"datePublished":"2023-04-20T10:55:49+00:00","dateModified":"2025-06-27T08:16:56+00:00","breadcrumb":{"@id":"https:\/\/www.gltfoundation.com\/fr\/conseil-dadministration\/#breadcrumb"},"inLanguage":"fr-FR","potentialAction":[{"@type":"ReadAction","target":["https:\/\/www.gltfoundation.com\/fr\/conseil-dadministration\/"]}]},{"@type":"BreadcrumbList","@id":"https:\/\/www.gltfoundation.com\/fr\/conseil-dadministration\/#breadcrumb","itemListElement":[{"@type":"ListItem","position":1,"name":"Home","item":"https:\/\/www.gltfoundation.com\/fr\/"},{"@type":"ListItem","position":2,"name":"CONSEIL D\u2019ADMINISTRATION"}]},{"@type":"WebSite","@id":"https:\/\/www.gltfoundation.com\/#website","url":"https:\/\/www.gltfoundation.com\/","name":"GLT Foundation","description":"","publisher":{"@id":"https:\/\/www.gltfoundation.com\/#organization"},"potentialAction":[{"@type":"SearchAction","target":{"@type":"EntryPoint","urlTemplate":"https:\/\/www.gltfoundation.com\/?s={search_term_string}"},"query-input":{"@type":"PropertyValueSpecification","valueRequired":true,"valueName":"search_term_string"}}],"inLanguage":"fr-FR"},{"@type":"Organization","@id":"https:\/\/www.gltfoundation.com\/#organization","name":"GLT Foundation","url":"https:\/\/www.gltfoundation.com\/","logo":{"@type":"ImageObject","inLanguage":"fr-FR","@id":"https:\/\/www.gltfoundation.com\/#\/schema\/logo\/image\/","url":"https:\/\/www.gltfoundation.com\/wp-content\/uploads\/2023\/05\/logo-glt.png","contentUrl":"https:\/\/www.gltfoundation.com\/wp-content\/uploads\/2023\/05\/logo-glt.png","width":152,"height":67,"caption":"GLT Foundation"},"image":{"@id":"https:\/\/www.gltfoundation.com\/#\/schema\/logo\/image\/"},"sameAs":["https:\/\/www.facebook.com\/GlobalThinkingFoundation\/","https:\/\/x.com\/GltFoundation","https:\/\/www.youtube.com\/channel\/UCDNBF4vXJH618xaFlqdyYhw","https:\/\/www.linkedin.com\/company\/10678527\/","https:\/\/www.instagram.com\/globalthinkingfoundation\/"]}]}},"_links":{"self":[{"href":"https:\/\/www.gltfoundation.com\/fr\/wp-json\/wp\/v2\/pages\/54558"}],"collection":[{"href":"https:\/\/www.gltfoundation.com\/fr\/wp-json\/wp\/v2\/pages"}],"about":[{"href":"https:\/\/www.gltfoundation.com\/fr\/wp-json\/wp\/v2\/types\/page"}],"author":[{"embeddable":true,"href":"https:\/\/www.gltfoundation.com\/fr\/wp-json\/wp\/v2\/users\/7"}],"replies":[{"embeddable":true,"href":"https:\/\/www.gltfoundation.com\/fr\/wp-json\/wp\/v2\/comments?post=54558"}],"version-history":[{"count":28,"href":"https:\/\/www.gltfoundation.com\/fr\/wp-json\/wp\/v2\/pages\/54558\/revisions"}],"predecessor-version":[{"id":67476,"href":"https:\/\/www.gltfoundation.com\/fr\/wp-json\/wp\/v2\/pages\/54558\/revisions\/67476"}],"wp:attachment":[{"href":"https:\/\/www.gltfoundation.com\/fr\/wp-json\/wp\/v2\/media?parent=54558"}],"wp:term":[{"taxonomy":"category","embeddable":true,"href":"https:\/\/www.gltfoundation.com\/fr\/wp-json\/wp\/v2\/categories?post=54558"}],"curies":[{"name":"wp","href":"https:\/\/api.w.org\/{rel}","templated":true}]}}