{"id":54600,"date":"2023-04-20T14:33:17","date_gmt":"2023-04-20T12:33:17","guid":{"rendered":"https:\/\/www.gltfoundation.com\/?page_id=54600"},"modified":"2024-03-22T14:20:09","modified_gmt":"2024-03-22T13:20:09","slug":"les-femmes-et-les-familles","status":"publish","type":"page","link":"https:\/\/www.gltfoundation.com\/fr\/les-femmes-et-les-familles\/","title":{"rendered":"Les femmes et les familles"},"content":{"rendered":"   \n\n      <!-- INTRO INNER PAGE -->\n   <section class=\"intro-part-1\">\n       <div class=\"intro-inner-page bg-pink glt-top-space\">\n           <!-- rounded box -->\n           <div class=\"container\">\n               <div class=\"row\">\n                   <div class=\"col\">\n                       <div class=\"el-rounded has-shadow-big bg-white\">\n                           <p class=\"breadcrumbs\" id=\"breadcrumbs\"><span><span><a href=\"https:\/\/www.gltfoundation.com\/fr\/\">Home<\/a><\/span><\/span><\/p>\n                           <div class=\"row justify-content-center\">\n                               <div class=\"col mb-4\">\n                                                                          <h2>Les femmes et les familles<\/h2>\n                                                                                                             <h5 class=\"mt-5\"><p><span class=\"HwtZe\" lang=\"fr\"><span class=\"jCAhz ChMk0b\"><span class=\"ryNqvb\">Nous sommes aux c\u00f4t\u00e9s des femmes et des familles, nous le faisons concr\u00e8tement en proposant des outils efficaces pour conna\u00eetre et agir.<\/span><\/span><br \/>\n<span class=\"jCAhz ChMk0b\"><span class=\"ryNqvb\">Afin de contrer la violence \u00e9conomique, promouvoir l\u2019inclusion financi\u00e8re et sociale mais aussi \u00e9duquer \u00e0 la durabilit\u00e9.<\/span><\/span><\/span><\/p>\n<\/h5>\n                                                                  <\/div>\n                                                                  <div class=\"col-auto\">\n                                       <img decoding=\"async\" src=\"https:\/\/www.gltfoundation.com\/wp-content\/uploads\/2023\/10\/hp-donne-e-famiglia.jpg\" class=\"is-svg card-ill el-rounded\" alt=\"\">\n                                   <\/div>\n                                                          <\/div>\n                                                          <div class=\"share-box mt-8\">\n                                   <span>Partager<\/span>\n                                   <div class=\"a2a_kit a2a_kit_size_ addtoany_list\" data-a2a-url=\"https:\/\/www.gltfoundation.com\/fr\/les-femmes-et-les-familles\/\" data-a2a-title=\"Les femmes et les familles\"><a class=\"a2a_button_facebook\" href=\"https:\/\/www.addtoany.com\/add_to\/facebook?linkurl=https%3A%2F%2Fwww.gltfoundation.com%2Ffr%2Fles-femmes-et-les-familles%2F&amp;linkname=Les%20femmes%20et%20les%20familles\" title=\"Facebook\" rel=\"nofollow noopener\" target=\"_blank\"><img decoding=\"async\" src=\"\/wp-content\/themes\/GLT\/images\/icons\/facebook.png\" width=\"24\" alt=\"Facebook\"><\/a><a class=\"a2a_button_whatsapp\" href=\"https:\/\/www.addtoany.com\/add_to\/whatsapp?linkurl=https%3A%2F%2Fwww.gltfoundation.com%2Ffr%2Fles-femmes-et-les-familles%2F&amp;linkname=Les%20femmes%20et%20les%20familles\" title=\"WhatsApp\" rel=\"nofollow noopener\" target=\"_blank\"><img decoding=\"async\" src=\"\/wp-content\/themes\/GLT\/images\/icons\/whatsapp.png\" width=\"24\" alt=\"WhatsApp\"><\/a><a class=\"a2a_button_telegram\" href=\"https:\/\/www.addtoany.com\/add_to\/telegram?linkurl=https%3A%2F%2Fwww.gltfoundation.com%2Ffr%2Fles-femmes-et-les-familles%2F&amp;linkname=Les%20femmes%20et%20les%20familles\" title=\"Telegram\" rel=\"nofollow noopener\" target=\"_blank\"><img decoding=\"async\" src=\"\/wp-content\/themes\/GLT\/images\/icons\/telegram.png\" width=\"24\" alt=\"Telegram\"><\/a><a class=\"a2a_button_twitter\" href=\"https:\/\/www.addtoany.com\/add_to\/twitter?linkurl=https%3A%2F%2Fwww.gltfoundation.com%2Ffr%2Fles-femmes-et-les-familles%2F&amp;linkname=Les%20femmes%20et%20les%20familles\" title=\"Twitter\" rel=\"nofollow noopener\" target=\"_blank\"><img decoding=\"async\" src=\"\/wp-content\/themes\/GLT\/images\/icons\/twitter.png\" width=\"24\" alt=\"Twitter\"><\/a><a class=\"a2a_button_linkedin\" href=\"https:\/\/www.addtoany.com\/add_to\/linkedin?linkurl=https%3A%2F%2Fwww.gltfoundation.com%2Ffr%2Fles-femmes-et-les-familles%2F&amp;linkname=Les%20femmes%20et%20les%20familles\" title=\"LinkedIn\" rel=\"nofollow noopener\" target=\"_blank\"><img decoding=\"async\" src=\"\/wp-content\/themes\/GLT\/images\/icons\/linkedin.png\" width=\"24\" alt=\"LinkedIn\"><\/a><\/div>                               <\/div>\n                                                  <\/div>\n                   <\/div>\n               <\/div>\n           <\/div>\n           <!-- \/\/ rounded box -->\n       <\/div>\n   <\/section>\n   <!-- \/\/ INTRO INNER PAGE -->\n\n    <!-- MACRO BOX -->\r\n    <section class=\"section-macro-box\">\r\n        <div class=\"container\">\r\n                        <!-- row -->\r\n            <div class=\"row\">\r\n                <div class=\"col mb-5 text-center\">\r\n                    <h2>Nos projets<\/h2>\r\n                <\/div>\r\n            <\/div>\r\n            <!-- \/\/ row -->\r\n                                    <!-- row -->\r\n            <div class=\"row\">\r\n                <div class=\"col mb-10 text-center text-tab-start\">\r\n                    <div class=\"h5\"><p><span class=\"HwtZe\" lang=\"fr\"><span class=\"jCAhz ChMk0b\"><span class=\"ryNqvb\">Une fois de plus, le rapport mondial sur l&rsquo;\u00e9cart entre les sexes publi\u00e9 par le Forum \u00e9conomique mondial souligne qu&rsquo;en mati\u00e8re de participation \u00e9conomique des femmes, \u00e0 l&rsquo;instar de la dimension travail propos\u00e9e par l&rsquo;EIGE, l&rsquo;Italie reste en bas de la liste des pays de l&rsquo;UE.<\/span><\/span><br \/>\n<span class=\"jCAhz ChMk0b\"><span class=\"ryNqvb\">L\u2019urgence de promouvoir la pleine participation au travail et l\u2019inclusion sociale des femmes et des groupes les plus vuln\u00e9rables ne nous prend pas au d\u00e9pourvu et cette section avec ses vastes projets de formation le d\u00e9montre.<\/span><\/span><\/span><\/p>\n<\/div>\r\n                <\/div>\r\n            <\/div>\r\n            <!-- \/\/ row -->\r\n                                    <!-- row -->\r\n            <div class=\"row macro-box\">\r\n                                <!-- col -->\r\n                <div class=\"col-auto mb-20 mb-tab-10\">\r\n                                       <img decoding=\"async\" src=\"https:\/\/www.gltfoundation.com\/wp-content\/uploads\/2023\/09\/Logo-D2-1.png\" class=\"el-rounded has-shadow-big\" alt=\"\">\r\n                    <h4>DONNE AL QUADRATO<\/h4>\r\n                    <p><span class=\"HwtZe\" lang=\"fr\"><span class=\"jCAhz ChMk0b\"><span class=\"ryNqvb\">Des femmes pour les femmes.<\/span><\/span> <span class=\"jCAhz ChMk0b\"><span class=\"ryNqvb\">Quatre cours de formation financi\u00e8re, entrepreneuriale et professionnelle en personne ou dans des classes num\u00e9riques interactives et des r\u00e9unions de mentorat individuelles, pour d\u00e9velopper des comp\u00e9tences financi\u00e8res et atteindre un plein \u00e9panouissement professionnel, en encourageant des choix de vie ind\u00e9pendants et conscients.<\/span><\/span><\/span><\/p>\n                     \r\n                    <a href=\"\/fr\/les-femmes-et-la-familles\/donne-al-quadrato\/\" target=\"\" class=\"btn btn-large btn-hover-blue-fluo\">En savoir plus<\/a>\r\n                                    <\/div>\r\n                <!-- \/\/ col -->\r\n                                <!-- col -->\r\n                <div class=\"col-auto mb-20 mb-tab-10\">\r\n                                       <img decoding=\"async\" src=\"https:\/\/www.gltfoundation.com\/wp-content\/uploads\/2023\/09\/FamilyMe_logo-768x768.png\" class=\"el-rounded has-shadow-big\" alt=\"\">\r\n                    <h4>FAMILYMI<\/h4>\r\n                    <p><span class=\"HwtZe\" lang=\"fr\"><span class=\"jCAhz ChMk0b\"><span class=\"ryNqvb\">Le projet FamilyMI est n\u00e9 de la n\u00e9cessit\u00e9 d&rsquo;accompagner les familles des Millennials (n\u00e9s entre 1980 et 2000) dans le d\u00e9bat sur l&rsquo;\u00e9volution et l&rsquo;inclusion financi\u00e8re.<\/span><\/span><\/span><\/p>\n                     \r\n                    <a href=\"\/fr\/les-femmes-et-la-familles\/familymi\/\" target=\"\" class=\"btn btn-large btn-hover-blue-fluo\">En savoir plus<\/a>\r\n                                    <\/div>\r\n                <!-- \/\/ col -->\r\n                                <!-- col -->\r\n                <div class=\"col-auto mb-20 mb-tab-10\">\r\n                                       <img decoding=\"async\" src=\"https:\/\/www.gltfoundation.com\/wp-content\/uploads\/2023\/09\/GLT-logo-app-consapevoli-indipendenti.png\" class=\"el-rounded has-shadow-big\" alt=\"\">\r\n                    <h4>CONSCIENT ET INDEP\u00c8NDANT<\/h4>\r\n                    <p><span class=\"HwtZe\" lang=\"fr\"><span class=\"jCAhz ChMk0b\"><span class=\"ryNqvb\">\u00ab\u00a0Consapevoli &amp; Indipendenti\u00a0\u00bb<\/span><\/span> <span class=\"jCAhz ChMk0b\"><span class=\"ryNqvb\">est la premi\u00e8re application d\u00e9di\u00e9e \u00e0 l&rsquo;\u00e9ducation financi\u00e8re pour la pr\u00e9vention des violences \u00e9conomiques.<\/span><\/span> <span class=\"jCAhz ChMk0b\"><span class=\"ryNqvb\">L&rsquo;objectif de l&rsquo;application est de diffuser la culture de l&rsquo;\u00e9pargne et de la valeur de l&rsquo;argent, d&rsquo;augmenter la durabilit\u00e9 \u00e9conomique des familles, \u00e0 la disposition des citoyens et, l\u00e0 o\u00f9 ils sont disponibles, de tous nos documents consultables et inscription aux \u00e9v\u00e9nements et cours qui ont lieu sur territoire national.<\/span><\/span><\/span><\/p>\n                     \r\n                    <a href=\"\/fr\/les-femmes-et-la-familles\/app-coscient-independant\/\" target=\"\" class=\"btn btn-large btn-hover-blue-fluo\">En savoir plus<\/a>\r\n                                    <\/div>\r\n                <!-- \/\/ col -->\r\n                                <!-- col -->\r\n                <div class=\"col-auto mb-20 mb-tab-10\">\r\n                                       <img decoding=\"async\" src=\"https:\/\/www.gltfoundation.com\/wp-content\/uploads\/2023\/09\/calcolatore-di-budget-768x768.jpg\" class=\"el-rounded has-shadow-big\" alt=\"\">\r\n                    <h4>CALCULATEUR DE BUDGET<\/h4>\r\n                    <p><span class=\"HwtZe\" lang=\"fr\"><span class=\"jCAhz ChMk0b\"><span class=\"ryNqvb\">Gr\u00e2ce au calculateur de budget, vous pourrez contr\u00f4ler et g\u00e9rer votre argent entrant et sortant.<\/span><\/span> <span class=\"jCAhz ChMk0b\"><span class=\"ryNqvb\">Il vous permet d&rsquo;avoir une vision plus large de votre portefeuille et de pouvoir \u00e9pargner plus facilement pour vos objectifs de vie et faire face aux impr\u00e9vus.<\/span><\/span><\/span><\/p>\n                     \r\n                    <a href=\"\/fr\/calculateur-de-budget\/\" target=\"\" class=\"btn btn-large btn-hover-blue-fluo\">En savoir plus<\/a>\r\n                                    <\/div>\r\n                <!-- \/\/ col -->\r\n                            <\/div>\r\n            <!-- \/\/ row -->\r\n                    <\/div>\r\n    <\/section>\r\n    <!-- \/\/ MACRO BOX -->\r\n","protected":false},"excerpt":{"rendered":"","protected":false},"author":7,"featured_media":56869,"parent":0,"menu_order":0,"comment_status":"closed","ping_status":"closed","template":"page-macro-category.php","meta":{"_acf_changed":false,"inline_featured_image":false,"_themeisle_gutenberg_block_has_review":false,"footnotes":""},"categories":[69],"class_list":["post-54600","page","type-page","status-publish","has-post-thumbnail","hentry","category-les-femmes-et-la-famille"],"acf":[],"yoast_head":"<!-- This site is optimized with the Yoast SEO plugin v23.6 - https:\/\/yoast.com\/wordpress\/plugins\/seo\/ -->\n<title>Les femmes et les familles - GLT Foundation<\/title>\n<meta name=\"robots\" content=\"index, follow, max-snippet:-1, max-image-preview:large, max-video-preview:-1\" \/>\n<link rel=\"canonical\" href=\"https:\/\/www.gltfoundation.com\/fr\/les-femmes-et-les-familles\/\" \/>\n<meta property=\"og:locale\" content=\"fr_FR\" \/>\n<meta property=\"og:type\" content=\"article\" \/>\n<meta property=\"og:title\" content=\"Les femmes et les familles - GLT Foundation\" \/>\n<meta property=\"og:url\" content=\"https:\/\/www.gltfoundation.com\/fr\/les-femmes-et-les-familles\/\" \/>\n<meta property=\"og:site_name\" content=\"GLT Foundation\" \/>\n<meta property=\"article:publisher\" content=\"https:\/\/www.facebook.com\/GlobalThinkingFoundation\/\" \/>\n<meta property=\"article:modified_time\" content=\"2024-03-22T13:20:09+00:00\" \/>\n<meta property=\"og:image\" content=\"https:\/\/www.gltfoundation.com\/wp-content\/uploads\/2023\/10\/hp-donne-e-famiglia.jpg\" \/>\n\t<meta property=\"og:image:width\" content=\"350\" \/>\n\t<meta property=\"og:image:height\" content=\"320\" \/>\n\t<meta property=\"og:image:type\" content=\"image\/jpeg\" \/>\n<meta name=\"twitter:card\" content=\"summary_large_image\" \/>\n<meta name=\"twitter:site\" content=\"@GltFoundation\" \/>\n<meta name=\"twitter:label1\" content=\"Dur\u00e9e de lecture estim\u00e9e\" \/>\n\t<meta name=\"twitter:data1\" content=\"3 minutes\" \/>\n<script type=\"application\/ld+json\" class=\"yoast-schema-graph\">{\"@context\":\"https:\/\/schema.org\",\"@graph\":[{\"@type\":\"WebPage\",\"@id\":\"https:\/\/www.gltfoundation.com\/fr\/les-femmes-et-les-familles\/\",\"url\":\"https:\/\/www.gltfoundation.com\/fr\/les-femmes-et-les-familles\/\",\"name\":\"Les femmes et les familles - GLT Foundation\",\"isPartOf\":{\"@id\":\"https:\/\/www.gltfoundation.com\/#website\"},\"primaryImageOfPage\":{\"@id\":\"https:\/\/www.gltfoundation.com\/fr\/les-femmes-et-les-familles\/#primaryimage\"},\"image\":{\"@id\":\"https:\/\/www.gltfoundation.com\/fr\/les-femmes-et-les-familles\/#primaryimage\"},\"thumbnailUrl\":\"https:\/\/www.gltfoundation.com\/wp-content\/uploads\/2023\/10\/hp-donne-e-famiglia.jpg\",\"datePublished\":\"2023-04-20T12:33:17+00:00\",\"dateModified\":\"2024-03-22T13:20:09+00:00\",\"breadcrumb\":{\"@id\":\"https:\/\/www.gltfoundation.com\/fr\/les-femmes-et-les-familles\/#breadcrumb\"},\"inLanguage\":\"fr-FR\",\"potentialAction\":[{\"@type\":\"ReadAction\",\"target\":[\"https:\/\/www.gltfoundation.com\/fr\/les-femmes-et-les-familles\/\"]}]},{\"@type\":\"ImageObject\",\"inLanguage\":\"fr-FR\",\"@id\":\"https:\/\/www.gltfoundation.com\/fr\/les-femmes-et-les-familles\/#primaryimage\",\"url\":\"https:\/\/www.gltfoundation.com\/wp-content\/uploads\/2023\/10\/hp-donne-e-famiglia.jpg\",\"contentUrl\":\"https:\/\/www.gltfoundation.com\/wp-content\/uploads\/2023\/10\/hp-donne-e-famiglia.jpg\",\"width\":350,\"height\":320,\"caption\":\"home glt foundation\"},{\"@type\":\"BreadcrumbList\",\"@id\":\"https:\/\/www.gltfoundation.com\/fr\/les-femmes-et-les-familles\/#breadcrumb\",\"itemListElement\":[{\"@type\":\"ListItem\",\"position\":1,\"name\":\"Home\",\"item\":\"https:\/\/www.gltfoundation.com\/fr\/\"},{\"@type\":\"ListItem\",\"position\":2,\"name\":\"Les femmes et les familles\"}]},{\"@type\":\"WebSite\",\"@id\":\"https:\/\/www.gltfoundation.com\/#website\",\"url\":\"https:\/\/www.gltfoundation.com\/\",\"name\":\"GLT Foundation\",\"description\":\"\",\"publisher\":{\"@id\":\"https:\/\/www.gltfoundation.com\/#organization\"},\"potentialAction\":[{\"@type\":\"SearchAction\",\"target\":{\"@type\":\"EntryPoint\",\"urlTemplate\":\"https:\/\/www.gltfoundation.com\/?s={search_term_string}\"},\"query-input\":{\"@type\":\"PropertyValueSpecification\",\"valueRequired\":true,\"valueName\":\"search_term_string\"}}],\"inLanguage\":\"fr-FR\"},{\"@type\":\"Organization\",\"@id\":\"https:\/\/www.gltfoundation.com\/#organization\",\"name\":\"GLT Foundation\",\"url\":\"https:\/\/www.gltfoundation.com\/\",\"logo\":{\"@type\":\"ImageObject\",\"inLanguage\":\"fr-FR\",\"@id\":\"https:\/\/www.gltfoundation.com\/#\/schema\/logo\/image\/\",\"url\":\"https:\/\/www.gltfoundation.com\/wp-content\/uploads\/2023\/05\/logo-glt.png\",\"contentUrl\":\"https:\/\/www.gltfoundation.com\/wp-content\/uploads\/2023\/05\/logo-glt.png\",\"width\":152,\"height\":67,\"caption\":\"GLT Foundation\"},\"image\":{\"@id\":\"https:\/\/www.gltfoundation.com\/#\/schema\/logo\/image\/\"},\"sameAs\":[\"https:\/\/www.facebook.com\/GlobalThinkingFoundation\/\",\"https:\/\/x.com\/GltFoundation\",\"https:\/\/www.youtube.com\/channel\/UCDNBF4vXJH618xaFlqdyYhw\",\"https:\/\/www.linkedin.com\/company\/10678527\/\",\"https:\/\/www.instagram.com\/globalthinkingfoundation\/\"]}]}<\/script>\n<!-- \/ Yoast SEO plugin. -->","yoast_head_json":{"title":"Les femmes et les familles - GLT Foundation","robots":{"index":"index","follow":"follow","max-snippet":"max-snippet:-1","max-image-preview":"max-image-preview:large","max-video-preview":"max-video-preview:-1"},"canonical":"https:\/\/www.gltfoundation.com\/fr\/les-femmes-et-les-familles\/","og_locale":"fr_FR","og_type":"article","og_title":"Les femmes et les familles - GLT Foundation","og_url":"https:\/\/www.gltfoundation.com\/fr\/les-femmes-et-les-familles\/","og_site_name":"GLT Foundation","article_publisher":"https:\/\/www.facebook.com\/GlobalThinkingFoundation\/","article_modified_time":"2024-03-22T13:20:09+00:00","og_image":[{"width":350,"height":320,"url":"https:\/\/www.gltfoundation.com\/wp-content\/uploads\/2023\/10\/hp-donne-e-famiglia.jpg","type":"image\/jpeg"}],"twitter_card":"summary_large_image","twitter_site":"@GltFoundation","twitter_misc":{"Dur\u00e9e de lecture estim\u00e9e":"3 minutes"},"schema":{"@context":"https:\/\/schema.org","@graph":[{"@type":"WebPage","@id":"https:\/\/www.gltfoundation.com\/fr\/les-femmes-et-les-familles\/","url":"https:\/\/www.gltfoundation.com\/fr\/les-femmes-et-les-familles\/","name":"Les femmes et les familles - GLT Foundation","isPartOf":{"@id":"https:\/\/www.gltfoundation.com\/#website"},"primaryImageOfPage":{"@id":"https:\/\/www.gltfoundation.com\/fr\/les-femmes-et-les-familles\/#primaryimage"},"image":{"@id":"https:\/\/www.gltfoundation.com\/fr\/les-femmes-et-les-familles\/#primaryimage"},"thumbnailUrl":"https:\/\/www.gltfoundation.com\/wp-content\/uploads\/2023\/10\/hp-donne-e-famiglia.jpg","datePublished":"2023-04-20T12:33:17+00:00","dateModified":"2024-03-22T13:20:09+00:00","breadcrumb":{"@id":"https:\/\/www.gltfoundation.com\/fr\/les-femmes-et-les-familles\/#breadcrumb"},"inLanguage":"fr-FR","potentialAction":[{"@type":"ReadAction","target":["https:\/\/www.gltfoundation.com\/fr\/les-femmes-et-les-familles\/"]}]},{"@type":"ImageObject","inLanguage":"fr-FR","@id":"https:\/\/www.gltfoundation.com\/fr\/les-femmes-et-les-familles\/#primaryimage","url":"https:\/\/www.gltfoundation.com\/wp-content\/uploads\/2023\/10\/hp-donne-e-famiglia.jpg","contentUrl":"https:\/\/www.gltfoundation.com\/wp-content\/uploads\/2023\/10\/hp-donne-e-famiglia.jpg","width":350,"height":320,"caption":"home glt foundation"},{"@type":"BreadcrumbList","@id":"https:\/\/www.gltfoundation.com\/fr\/les-femmes-et-les-familles\/#breadcrumb","itemListElement":[{"@type":"ListItem","position":1,"name":"Home","item":"https:\/\/www.gltfoundation.com\/fr\/"},{"@type":"ListItem","position":2,"name":"Les femmes et les familles"}]},{"@type":"WebSite","@id":"https:\/\/www.gltfoundation.com\/#website","url":"https:\/\/www.gltfoundation.com\/","name":"GLT Foundation","description":"","publisher":{"@id":"https:\/\/www.gltfoundation.com\/#organization"},"potentialAction":[{"@type":"SearchAction","target":{"@type":"EntryPoint","urlTemplate":"https:\/\/www.gltfoundation.com\/?s={search_term_string}"},"query-input":{"@type":"PropertyValueSpecification","valueRequired":true,"valueName":"search_term_string"}}],"inLanguage":"fr-FR"},{"@type":"Organization","@id":"https:\/\/www.gltfoundation.com\/#organization","name":"GLT Foundation","url":"https:\/\/www.gltfoundation.com\/","logo":{"@type":"ImageObject","inLanguage":"fr-FR","@id":"https:\/\/www.gltfoundation.com\/#\/schema\/logo\/image\/","url":"https:\/\/www.gltfoundation.com\/wp-content\/uploads\/2023\/05\/logo-glt.png","contentUrl":"https:\/\/www.gltfoundation.com\/wp-content\/uploads\/2023\/05\/logo-glt.png","width":152,"height":67,"caption":"GLT Foundation"},"image":{"@id":"https:\/\/www.gltfoundation.com\/#\/schema\/logo\/image\/"},"sameAs":["https:\/\/www.facebook.com\/GlobalThinkingFoundation\/","https:\/\/x.com\/GltFoundation","https:\/\/www.youtube.com\/channel\/UCDNBF4vXJH618xaFlqdyYhw","https:\/\/www.linkedin.com\/company\/10678527\/","https:\/\/www.instagram.com\/globalthinkingfoundation\/"]}]}},"_links":{"self":[{"href":"https:\/\/www.gltfoundation.com\/fr\/wp-json\/wp\/v2\/pages\/54600"}],"collection":[{"href":"https:\/\/www.gltfoundation.com\/fr\/wp-json\/wp\/v2\/pages"}],"about":[{"href":"https:\/\/www.gltfoundation.com\/fr\/wp-json\/wp\/v2\/types\/page"}],"author":[{"embeddable":true,"href":"https:\/\/www.gltfoundation.com\/fr\/wp-json\/wp\/v2\/users\/7"}],"replies":[{"embeddable":true,"href":"https:\/\/www.gltfoundation.com\/fr\/wp-json\/wp\/v2\/comments?post=54600"}],"version-history":[{"count":15,"href":"https:\/\/www.gltfoundation.com\/fr\/wp-json\/wp\/v2\/pages\/54600\/revisions"}],"predecessor-version":[{"id":60365,"href":"https:\/\/www.gltfoundation.com\/fr\/wp-json\/wp\/v2\/pages\/54600\/revisions\/60365"}],"wp:featuredmedia":[{"embeddable":true,"href":"https:\/\/www.gltfoundation.com\/fr\/wp-json\/wp\/v2\/media\/56869"}],"wp:attachment":[{"href":"https:\/\/www.gltfoundation.com\/fr\/wp-json\/wp\/v2\/media?parent=54600"}],"wp:term":[{"taxonomy":"category","embeddable":true,"href":"https:\/\/www.gltfoundation.com\/fr\/wp-json\/wp\/v2\/categories?post=54600"}],"curies":[{"name":"wp","href":"https:\/\/api.w.org\/{rel}","templated":true}]}}