{"id":54653,"date":"2023-04-20T11:19:27","date_gmt":"2023-04-20T09:19:27","guid":{"rendered":"https:\/\/www.gltfoundation.com\/?page_id=54653"},"modified":"2024-05-14T14:55:31","modified_gmt":"2024-05-14T12:55:31","slug":"libre-de-vivre","status":"publish","type":"page","link":"https:\/\/www.gltfoundation.com\/fr\/ecole\/libre-de-vivre\/","title":{"rendered":"Libre de\u2026Vivre"},"content":{"rendered":"   \n\n      <!-- INTRO INNER PAGE -->\n   <section class=\"intro-part-1\">\n       <div class=\"intro-inner-page bg-green-light glt-top-space\">\n           <!-- rounded box -->\n           <div class=\"container\">\n               <div class=\"row\">\n                   <div class=\"col\">\n                       <div class=\"el-rounded has-shadow-big bg-white\">\n                           <p class=\"breadcrumbs\" id=\"breadcrumbs\"><span><span><a href=\"https:\/\/www.gltfoundation.com\/fr\/\">Home<\/a><\/span><\/span><\/p>\n                           <div class=\"row justify-content-center\">\n                               <div class=\"col mb-4\">\n                                                                          <h2>Libre de\u2026Vivre<\/h2>\n                                                                                                             <h5 class=\"mt-5\"><p>\u00ab\u00a0La r\u00e9alisation de l&rsquo;\u00e9galit\u00e9 des sexes passe par la d\u00e9faite de la sous-culture de la violence des hommes envers les femmes, mais aussi par l&rsquo;\u00e9limination des barri\u00e8res et des obstacles qui rendent les femmes plus faibles en raison de l&rsquo;inf\u00e9riorit\u00e9 salariale ou de la d\u00e9pendance \u00e9conomique ou de la discrimination r\u00e9p\u00e9t\u00e9e qui nuit et entrave le travail, la croissance sociale et professionnelle des femmes\u00a0\u00bb.<\/p>\n<p style=\"text-align: justify;\"><em>Federico Cafiero de Raho<\/em><\/p>\n<\/h5>\n                                                                  <\/div>\n                                                                  <div class=\"col-auto\">\n                                       <img decoding=\"async\" src=\"https:\/\/www.gltfoundation.com\/wp-content\/uploads\/2020\/06\/Libere-di-vivere_logo-300x281.png\" class=\"is-svg card-ill\" alt=\"\">\n                                   <\/div>\n                                                          <\/div>\n                                                          <div class=\"share-box mt-8\">\n                                   <span>Partager<\/span>\n                                   <div class=\"a2a_kit a2a_kit_size_ addtoany_list\" data-a2a-url=\"https:\/\/www.gltfoundation.com\/fr\/ecole\/libre-de-vivre\/\" data-a2a-title=\"Libre de\u2026Vivre\"><a class=\"a2a_button_facebook\" href=\"https:\/\/www.addtoany.com\/add_to\/facebook?linkurl=https%3A%2F%2Fwww.gltfoundation.com%2Ffr%2Fecole%2Flibre-de-vivre%2F&amp;linkname=Libre%20de%E2%80%A6Vivre\" title=\"Facebook\" rel=\"nofollow noopener\" target=\"_blank\"><img decoding=\"async\" src=\"\/wp-content\/themes\/GLT\/images\/icons\/facebook.png\" width=\"24\" alt=\"Facebook\"><\/a><a class=\"a2a_button_whatsapp\" href=\"https:\/\/www.addtoany.com\/add_to\/whatsapp?linkurl=https%3A%2F%2Fwww.gltfoundation.com%2Ffr%2Fecole%2Flibre-de-vivre%2F&amp;linkname=Libre%20de%E2%80%A6Vivre\" title=\"WhatsApp\" rel=\"nofollow noopener\" target=\"_blank\"><img decoding=\"async\" src=\"\/wp-content\/themes\/GLT\/images\/icons\/whatsapp.png\" width=\"24\" alt=\"WhatsApp\"><\/a><a class=\"a2a_button_telegram\" href=\"https:\/\/www.addtoany.com\/add_to\/telegram?linkurl=https%3A%2F%2Fwww.gltfoundation.com%2Ffr%2Fecole%2Flibre-de-vivre%2F&amp;linkname=Libre%20de%E2%80%A6Vivre\" title=\"Telegram\" rel=\"nofollow noopener\" target=\"_blank\"><img decoding=\"async\" src=\"\/wp-content\/themes\/GLT\/images\/icons\/telegram.png\" width=\"24\" alt=\"Telegram\"><\/a><a class=\"a2a_button_twitter\" href=\"https:\/\/www.addtoany.com\/add_to\/twitter?linkurl=https%3A%2F%2Fwww.gltfoundation.com%2Ffr%2Fecole%2Flibre-de-vivre%2F&amp;linkname=Libre%20de%E2%80%A6Vivre\" title=\"Twitter\" rel=\"nofollow noopener\" target=\"_blank\"><img decoding=\"async\" src=\"\/wp-content\/themes\/GLT\/images\/icons\/twitter.png\" width=\"24\" alt=\"Twitter\"><\/a><a class=\"a2a_button_linkedin\" href=\"https:\/\/www.addtoany.com\/add_to\/linkedin?linkurl=https%3A%2F%2Fwww.gltfoundation.com%2Ffr%2Fecole%2Flibre-de-vivre%2F&amp;linkname=Libre%20de%E2%80%A6Vivre\" title=\"LinkedIn\" rel=\"nofollow noopener\" target=\"_blank\"><img decoding=\"async\" src=\"\/wp-content\/themes\/GLT\/images\/icons\/linkedin.png\" width=\"24\" alt=\"LinkedIn\"><\/a><\/div>                               <\/div>\n                                                  <\/div>\n                   <\/div>\n               <\/div>\n           <\/div>\n           <!-- \/\/ rounded box -->\n       <\/div>\n   <\/section>\n   <!-- \/\/ INTRO INNER PAGE -->\n\n    <section class=\"intro-part-2 \">\r\n        <div class=\"intro-inner-page\">\r\n            <!-- custom content -->\r\n            <div class=\"custom-content left\">\r\n                <div class=\"row\">\r\n                    <div class=\"col-auto mt-8 img-wrapper\">\r\n                        <img decoding=\"async\" class=\"el-rounded has-shadow-big\" src=\"https:\/\/www.gltfoundation.com\/wp-content\/uploads\/2023\/07\/box-02.jpg\" alt=\"\">\r\n                    <\/div>\r\n                    <div class=\"col-auto mt-8 content-wrapper\">\r\n                                                                            <p>\r\n                                <p style=\"text-align: justify;\"><strong><a href=\"https:\/\/www.liberedivivere.com\/fr\/\" target=\"_blank\" rel=\"noopener\">Libere di&#8230; VIVERE<\/a> <\/strong>(Libre de&#8230; VIVRE) est un projet didactique, une exposition itin\u00e9rante et un docu-film que nous pr\u00e9sentons dans les \u00e9coles de toute l&rsquo;Italie pour sensibiliser les \u00e9l\u00e8ves \u00e0 deux questions \u00e9troitement li\u00e9es : l<strong>&lsquo;\u00e9ducation financi\u00e8re<\/strong> et l&rsquo;<strong>\u00e9galit\u00e9 entre les hommes et les femmes<\/strong>.<br \/>\nL&rsquo;outil utilis\u00e9 pour capter l&rsquo;attention des jeunes, et qui a fait ses preuves ces derni\u00e8res ann\u00e9es, est la <strong>bande dessin\u00e9e<\/strong>.<\/p>\n<p style=\"text-align: justify;\">Le projet, gr\u00e2ce \u00e0 sa polyvalence et \u00e0 la quantit\u00e9 impressionnante de mat\u00e9riel mis \u00e0 disposition gratuitement, se pr\u00eate efficacement \u00e0 une utilisation \u00e0 la fois dans le cadre du programme d&rsquo;\u00e9ducation civique et en tant que PCTO.<\/p>\n<p style=\"text-align: justify;\">Les \u00e9coles concern\u00e9es par ce projet sont les \u00e9coles secondaires de premi\u00e8re et deuxi\u00e8me ann\u00e9es.Avec les enfants de trois ans, un cours long de 30 heures peut \u00eatre envisag\u00e9, avec des activit\u00e9s en atelier et une r\u00e9union finale de restitution avec un commentaire sur le travail effectu\u00e9 ; des r\u00e9unions plus courtes peuvent \u00e9galement \u00eatre formul\u00e9es.<\/p>\n<p>&nbsp;<\/p>\n                            <\/p>\r\n                                            <\/div>\r\n                <\/div>\r\n            <\/div>\r\n            <!-- \/\/ custom content -->\r\n        <\/div>\r\n    <\/section>\r\n\n\n<p style=\"text-align: center;\"><!-- rounded box --><\/p>\n<p style=\"text-align: center;\"><a class=\"h4 btn btn-large bg-raspberry btn-hover-raspberry me-2 ms-2\" href=\"https:\/\/www.liberedivivere.com\/fr\/\" target=\"_blank\" rel=\"noopener\">CONNEXION AU PORTAIL<\/a> <!-- \/\/ rounded box --><\/p>\n\n<!-- INTRO INNER PAGE -->\r\n<section>\r\n    <div class=\"intro-inner-page\">\r\n        <!-- rounded box -->\r\n        <div class=\"container\">\r\n           \r\n                    <div class=\"el-rounded has-shadow-big bg-white\">\r\n                    \n    <div class=\"glt-flex-content-editor\">\n            <div class=\"row\">\n            <div class=\"col\">\n\n                    <div><p>Le c\u0153ur du projet consiste \u00e0 visionner les <a href=\"https:\/\/www.liberedivivere.com\/fr\/virtual-tour\/\" target=\"_blank\" rel=\"noopener\">images de l&rsquo;exposition<\/a>, qui sont divis\u00e9es en 3 zones th\u00e9matiques:<\/p>\n<ol style=\"text-align: justify;\">\n<li><strong>Les h\u00e9ro\u00efnes de la bande dessin\u00e9e<\/strong>: l&rsquo;analyse iconographique des h\u00e9ro\u00efnes de la bande dessin\u00e9e permet de r\u00e9fl\u00e9chir \u00e0 l&rsquo;\u00e9volution de la <strong>lutte pour les droits des femmes<\/strong> et de comprendre pourquoi ce n&rsquo;est qu&rsquo;aujourd&rsquo;hui que l&rsquo;on peut enfin parler de <strong>violence \u00e9conomique<\/strong>.<\/li>\n<li><strong>Les images de la violence \u00e9conomique<\/strong>: ces images, command\u00e9es par la Fondation \u00e0 des artistes de <a href=\"https:\/\/www.albertina.academy\/\" target=\"_blank\" rel=\"noopener\">l&rsquo;Acad\u00e9mie des beaux-arts Albertina<\/a> de Turin, sont utilis\u00e9es pour inspirer les gar\u00e7ons et les filles et les faire r\u00e9fl\u00e9chir sur la dynamique de la violence \u00e9conomique, afin de leur enseigner les strat\u00e9gies \u00e0 mettre en \u0153uvre pour la contrer.<\/li>\n<li><strong>Le roman graphique<\/strong> \u00ab\u00a0<a href=\"https:\/\/www.liberedivivere.com\/fr\/category\/romans-graphiques\/\" target=\"_blank\" rel=\"noopener\">La r\u00e8gle du vide<\/a>\u00ab\u00a0. Avec l&rsquo;analyse de ce roman graphique, produit en exclusivit\u00e9 par la Global Thinking Foundation, nous attirons l&rsquo;attention des gar\u00e7ons et des filles sur le minimum d&rsquo;informations qu&rsquo;ils doivent ma\u00eetriser pour devenir des adultes conscients de l&rsquo;importance de la gestion de l&rsquo;argent.<\/li>\n<\/ol>\n<p>&nbsp;<\/p>\n<p>Ensuite, l&rsquo;approfondissement change en fonction de l&rsquo;ordre d&rsquo;enseignement.<\/p>\n<p>Au coll\u00e8ge, l&rsquo;accent est mis sur l&rsquo;aspect graphique et historique de la lutte pour les <strong>droits des femmes<\/strong>.<br \/>\nDans l&rsquo;enseignement secondaire, par contre, il y a diff\u00e9rents niveaux d&rsquo;approfondissement avec des le\u00e7ons sur l&rsquo;<strong>\u00e9ducation financi\u00e8re<\/strong>, l&rsquo;<strong>utilisation consciente de l&rsquo;argent<\/strong> et l&rsquo;<strong>importance de l&rsquo;ind\u00e9pendance \u00e9conomique<\/strong>.<\/p>\n<p>En accord avec la Fondation, il est possible d&rsquo;amener l&rsquo;exposition dans les locaux de l&rsquo;\u00e9cole et d&rsquo;organiser un cours de formation pour les enseignants et les \u00e9l\u00e8ves.<br \/>\nDans l&rsquo;enseignement secondaire, nous recommandons toujours de visionner le <a href=\"https:\/\/www.liberedivivere.com\/fr\/libre-de-vivre-le-docufilm\/\" target=\"_blank\" rel=\"noopener\">film documentaire<\/a> de 75 minutes du m\u00eame nom, qui pr\u00e9sente le t\u00e9moignage de certaines victimes de la violence \u00e9conomique. Ce visionnage est toujours suivi d&rsquo;un d\u00e9bat en pr\u00e9sence du personnel de la Fondation et, si possible, du r\u00e9alisateur.<\/p>\n<p>Afin de rendre le projet accessible \u00e0 tous les enseignants, un manuel a \u00e9galement \u00e9t\u00e9 r\u00e9dig\u00e9 et publi\u00e9 par DeAgostini pour l&rsquo;UTET, qui illustre tout le mat\u00e9riel et la mani\u00e8re de l&rsquo;utiliser en classe, avec des fiches d&rsquo;information, des propositions didactiques \u00e0 r\u00e9aliser en classe et \u00e0 la maison, des fiches sur les films, des explications sur la mani\u00e8re de mettre en place les le\u00e7ons en classe par ordre scolaire et \u00e9galement des fiches d&rsquo;\u00e9valuation. Pour plus de d\u00e9tails, veuillez vous r\u00e9f\u00e9rer \u00e0 la <a href=\"https:\/\/www.liberedivivere.com\/fr\/methode-avn-1-0\/\" target=\"_blank\" rel=\"noopener\">fiche du livre<\/a>.<\/p>\n<p>Le projet s&rsquo;accompagne d&rsquo;une collection de romans graphiques mettant en sc\u00e8ne des femmes extraordinaires qui, \u00e0 diff\u00e9rentes p\u00e9riodes de l&rsquo;histoire, ont contribu\u00e9 \u00e0 r\u00e9duire l&rsquo;\u00e9cart entre les hommes et les femmes. Ces romans, qui peuvent \u00eatre consult\u00e9s librement sur le site web, sont traduits en anglais et en fran\u00e7ais pour \u00eatre utilis\u00e9s par des \u00e9tudiants \u00e9trangers ainsi que dans le cadre de cours EMILE.<\/p>\n<p>Le projet a \u00e9t\u00e9 accept\u00e9 sur la plateforme de <a href=\"https:\/\/www.istruzione.it\/ri-generazione-scuola\/index.html\" target=\"_blank\" rel=\"noopener\">r\u00e9g\u00e9n\u00e9ration des \u00e9coles du minist\u00e8re de l&rsquo;\u00e9ducation et du m\u00e9rite.<\/a><\/p>\n<p>De plus amples informations sont disponibles sur le <a href=\"http:\/\/www.liberedivivere.com\/fr\/\" target=\"_blank\" rel=\"noopener\">site web du projet<\/a>.<\/p>\n<\/div>\r\n            <\/div>\n        <\/div>\n\n        <\/div>\n\n    \n                    <\/div>\r\n              \r\n        <\/div>\r\n        <!-- \/\/ rounded box -->\r\n    <\/div>\r\n<\/section>\r\n<!-- \/\/ INTRO INNER PAGE -->\r\n\n\n<!-- INTRO INNER PAGE -->\r\n<section>\r\n    <div class=\"intro-inner-page\">\r\n        <!-- rounded box -->\r\n        <div class=\"container\">\r\n           \r\n                    <div class=\"el-rounded  bg-white\">\r\n                    \n    <div class=\"glt-flex-content-editor\">\n            <div class=\"row\">\n            <div class=\"col\">\n\n                    <div><p style=\"text-align: center;\"><!-- rounded box --><br \/>\n<a class=\"h4 btn btn-large bg-green btn-hover-green me-2 ms-2\" href=\"mailto:segreteria@gltfoundation.com\" target=\"_blank\" rel=\"noopener\">Pour plus d&rsquo;informations sur nos projets avec les \u00e9coles cliquez ici<\/a><br \/>\n<!-- \/\/ rounded box --><\/p>\n<\/div>\r\n            <\/div>\n        <\/div>\n\n        <\/div>\n\n    \n                    <\/div>\r\n              \r\n        <\/div>\r\n        <!-- \/\/ rounded box -->\r\n    <\/div>\r\n<\/section>\r\n<!-- \/\/ INTRO INNER PAGE -->\r\n","protected":false},"excerpt":{"rendered":"<p>CONNEXION AU PORTAIL<\/p>\n","protected":false},"author":7,"featured_media":39637,"parent":54650,"menu_order":0,"comment_status":"closed","ping_status":"closed","template":"","meta":{"_acf_changed":false,"inline_featured_image":false,"_themeisle_gutenberg_block_has_review":false,"footnotes":""},"categories":[],"class_list":["post-54653","page","type-page","status-publish","has-post-thumbnail","hentry"],"acf":[],"yoast_head":"<!-- This site is optimized with the Yoast SEO plugin v23.6 - https:\/\/yoast.com\/wordpress\/plugins\/seo\/ -->\n<title>Libre de\u2026Vivre - GLT Foundation<\/title>\n<meta name=\"robots\" content=\"index, follow, max-snippet:-1, max-image-preview:large, max-video-preview:-1\" \/>\n<link rel=\"canonical\" href=\"https:\/\/www.gltfoundation.com\/fr\/ecole\/libre-de-vivre\/\" \/>\n<meta property=\"og:locale\" content=\"fr_FR\" \/>\n<meta property=\"og:type\" content=\"article\" \/>\n<meta property=\"og:title\" content=\"Libre de\u2026Vivre - GLT Foundation\" \/>\n<meta property=\"og:description\" content=\"CONNEXION AU PORTAIL\" \/>\n<meta property=\"og:url\" content=\"https:\/\/www.gltfoundation.com\/fr\/ecole\/libre-de-vivre\/\" \/>\n<meta property=\"og:site_name\" content=\"GLT Foundation\" \/>\n<meta property=\"article:publisher\" content=\"https:\/\/www.facebook.com\/GlobalThinkingFoundation\/\" \/>\n<meta property=\"article:modified_time\" content=\"2024-05-14T12:55:31+00:00\" \/>\n<meta property=\"og:image\" content=\"https:\/\/www.gltfoundation.com\/wp-content\/uploads\/2020\/06\/Libere-di-vivere_logo-e1693479348508.png\" \/>\n\t<meta property=\"og:image:width\" content=\"600\" \/>\n\t<meta property=\"og:image:height\" content=\"561\" \/>\n\t<meta property=\"og:image:type\" content=\"image\/png\" \/>\n<meta name=\"twitter:card\" content=\"summary_large_image\" \/>\n<meta name=\"twitter:site\" content=\"@GltFoundation\" \/>\n<meta name=\"twitter:label1\" content=\"Dur\u00e9e de lecture estim\u00e9e\" \/>\n\t<meta name=\"twitter:data1\" content=\"5 minutes\" \/>\n<script type=\"application\/ld+json\" class=\"yoast-schema-graph\">{\"@context\":\"https:\/\/schema.org\",\"@graph\":[{\"@type\":\"WebPage\",\"@id\":\"https:\/\/www.gltfoundation.com\/fr\/ecole\/libre-de-vivre\/\",\"url\":\"https:\/\/www.gltfoundation.com\/fr\/ecole\/libre-de-vivre\/\",\"name\":\"Libre de\u2026Vivre - GLT Foundation\",\"isPartOf\":{\"@id\":\"https:\/\/www.gltfoundation.com\/#website\"},\"primaryImageOfPage\":{\"@id\":\"https:\/\/www.gltfoundation.com\/fr\/ecole\/libre-de-vivre\/#primaryimage\"},\"image\":{\"@id\":\"https:\/\/www.gltfoundation.com\/fr\/ecole\/libre-de-vivre\/#primaryimage\"},\"thumbnailUrl\":\"https:\/\/www.gltfoundation.com\/wp-content\/uploads\/2020\/06\/Libere-di-vivere_logo-e1693479348508.png\",\"datePublished\":\"2023-04-20T09:19:27+00:00\",\"dateModified\":\"2024-05-14T12:55:31+00:00\",\"breadcrumb\":{\"@id\":\"https:\/\/www.gltfoundation.com\/fr\/ecole\/libre-de-vivre\/#breadcrumb\"},\"inLanguage\":\"fr-FR\",\"potentialAction\":[{\"@type\":\"ReadAction\",\"target\":[\"https:\/\/www.gltfoundation.com\/fr\/ecole\/libre-de-vivre\/\"]}]},{\"@type\":\"ImageObject\",\"inLanguage\":\"fr-FR\",\"@id\":\"https:\/\/www.gltfoundation.com\/fr\/ecole\/libre-de-vivre\/#primaryimage\",\"url\":\"https:\/\/www.gltfoundation.com\/wp-content\/uploads\/2020\/06\/Libere-di-vivere_logo-e1693479348508.png\",\"contentUrl\":\"https:\/\/www.gltfoundation.com\/wp-content\/uploads\/2020\/06\/Libere-di-vivere_logo-e1693479348508.png\",\"width\":600,\"height\":561,\"caption\":\"Scuola\"},{\"@type\":\"BreadcrumbList\",\"@id\":\"https:\/\/www.gltfoundation.com\/fr\/ecole\/libre-de-vivre\/#breadcrumb\",\"itemListElement\":[{\"@type\":\"ListItem\",\"position\":1,\"name\":\"Home\",\"item\":\"https:\/\/www.gltfoundation.com\/fr\/\"},{\"@type\":\"ListItem\",\"position\":2,\"name\":\"\u00c9cole\",\"item\":\"https:\/\/www.gltfoundation.com\/fr\/ecole\/\"},{\"@type\":\"ListItem\",\"position\":3,\"name\":\"Libre de\u2026Vivre\"}]},{\"@type\":\"WebSite\",\"@id\":\"https:\/\/www.gltfoundation.com\/#website\",\"url\":\"https:\/\/www.gltfoundation.com\/\",\"name\":\"GLT Foundation\",\"description\":\"\",\"publisher\":{\"@id\":\"https:\/\/www.gltfoundation.com\/#organization\"},\"potentialAction\":[{\"@type\":\"SearchAction\",\"target\":{\"@type\":\"EntryPoint\",\"urlTemplate\":\"https:\/\/www.gltfoundation.com\/?s={search_term_string}\"},\"query-input\":{\"@type\":\"PropertyValueSpecification\",\"valueRequired\":true,\"valueName\":\"search_term_string\"}}],\"inLanguage\":\"fr-FR\"},{\"@type\":\"Organization\",\"@id\":\"https:\/\/www.gltfoundation.com\/#organization\",\"name\":\"GLT Foundation\",\"url\":\"https:\/\/www.gltfoundation.com\/\",\"logo\":{\"@type\":\"ImageObject\",\"inLanguage\":\"fr-FR\",\"@id\":\"https:\/\/www.gltfoundation.com\/#\/schema\/logo\/image\/\",\"url\":\"https:\/\/www.gltfoundation.com\/wp-content\/uploads\/2023\/05\/logo-glt.png\",\"contentUrl\":\"https:\/\/www.gltfoundation.com\/wp-content\/uploads\/2023\/05\/logo-glt.png\",\"width\":152,\"height\":67,\"caption\":\"GLT Foundation\"},\"image\":{\"@id\":\"https:\/\/www.gltfoundation.com\/#\/schema\/logo\/image\/\"},\"sameAs\":[\"https:\/\/www.facebook.com\/GlobalThinkingFoundation\/\",\"https:\/\/x.com\/GltFoundation\",\"https:\/\/www.youtube.com\/channel\/UCDNBF4vXJH618xaFlqdyYhw\",\"https:\/\/www.linkedin.com\/company\/10678527\/\",\"https:\/\/www.instagram.com\/globalthinkingfoundation\/\"]}]}<\/script>\n<!-- \/ Yoast SEO plugin. -->","yoast_head_json":{"title":"Libre de\u2026Vivre - GLT Foundation","robots":{"index":"index","follow":"follow","max-snippet":"max-snippet:-1","max-image-preview":"max-image-preview:large","max-video-preview":"max-video-preview:-1"},"canonical":"https:\/\/www.gltfoundation.com\/fr\/ecole\/libre-de-vivre\/","og_locale":"fr_FR","og_type":"article","og_title":"Libre de\u2026Vivre - GLT Foundation","og_description":"CONNEXION AU PORTAIL","og_url":"https:\/\/www.gltfoundation.com\/fr\/ecole\/libre-de-vivre\/","og_site_name":"GLT Foundation","article_publisher":"https:\/\/www.facebook.com\/GlobalThinkingFoundation\/","article_modified_time":"2024-05-14T12:55:31+00:00","og_image":[{"width":600,"height":561,"url":"https:\/\/www.gltfoundation.com\/wp-content\/uploads\/2020\/06\/Libere-di-vivere_logo-e1693479348508.png","type":"image\/png"}],"twitter_card":"summary_large_image","twitter_site":"@GltFoundation","twitter_misc":{"Dur\u00e9e de lecture estim\u00e9e":"5 minutes"},"schema":{"@context":"https:\/\/schema.org","@graph":[{"@type":"WebPage","@id":"https:\/\/www.gltfoundation.com\/fr\/ecole\/libre-de-vivre\/","url":"https:\/\/www.gltfoundation.com\/fr\/ecole\/libre-de-vivre\/","name":"Libre de\u2026Vivre - GLT Foundation","isPartOf":{"@id":"https:\/\/www.gltfoundation.com\/#website"},"primaryImageOfPage":{"@id":"https:\/\/www.gltfoundation.com\/fr\/ecole\/libre-de-vivre\/#primaryimage"},"image":{"@id":"https:\/\/www.gltfoundation.com\/fr\/ecole\/libre-de-vivre\/#primaryimage"},"thumbnailUrl":"https:\/\/www.gltfoundation.com\/wp-content\/uploads\/2020\/06\/Libere-di-vivere_logo-e1693479348508.png","datePublished":"2023-04-20T09:19:27+00:00","dateModified":"2024-05-14T12:55:31+00:00","breadcrumb":{"@id":"https:\/\/www.gltfoundation.com\/fr\/ecole\/libre-de-vivre\/#breadcrumb"},"inLanguage":"fr-FR","potentialAction":[{"@type":"ReadAction","target":["https:\/\/www.gltfoundation.com\/fr\/ecole\/libre-de-vivre\/"]}]},{"@type":"ImageObject","inLanguage":"fr-FR","@id":"https:\/\/www.gltfoundation.com\/fr\/ecole\/libre-de-vivre\/#primaryimage","url":"https:\/\/www.gltfoundation.com\/wp-content\/uploads\/2020\/06\/Libere-di-vivere_logo-e1693479348508.png","contentUrl":"https:\/\/www.gltfoundation.com\/wp-content\/uploads\/2020\/06\/Libere-di-vivere_logo-e1693479348508.png","width":600,"height":561,"caption":"Scuola"},{"@type":"BreadcrumbList","@id":"https:\/\/www.gltfoundation.com\/fr\/ecole\/libre-de-vivre\/#breadcrumb","itemListElement":[{"@type":"ListItem","position":1,"name":"Home","item":"https:\/\/www.gltfoundation.com\/fr\/"},{"@type":"ListItem","position":2,"name":"\u00c9cole","item":"https:\/\/www.gltfoundation.com\/fr\/ecole\/"},{"@type":"ListItem","position":3,"name":"Libre de\u2026Vivre"}]},{"@type":"WebSite","@id":"https:\/\/www.gltfoundation.com\/#website","url":"https:\/\/www.gltfoundation.com\/","name":"GLT Foundation","description":"","publisher":{"@id":"https:\/\/www.gltfoundation.com\/#organization"},"potentialAction":[{"@type":"SearchAction","target":{"@type":"EntryPoint","urlTemplate":"https:\/\/www.gltfoundation.com\/?s={search_term_string}"},"query-input":{"@type":"PropertyValueSpecification","valueRequired":true,"valueName":"search_term_string"}}],"inLanguage":"fr-FR"},{"@type":"Organization","@id":"https:\/\/www.gltfoundation.com\/#organization","name":"GLT Foundation","url":"https:\/\/www.gltfoundation.com\/","logo":{"@type":"ImageObject","inLanguage":"fr-FR","@id":"https:\/\/www.gltfoundation.com\/#\/schema\/logo\/image\/","url":"https:\/\/www.gltfoundation.com\/wp-content\/uploads\/2023\/05\/logo-glt.png","contentUrl":"https:\/\/www.gltfoundation.com\/wp-content\/uploads\/2023\/05\/logo-glt.png","width":152,"height":67,"caption":"GLT Foundation"},"image":{"@id":"https:\/\/www.gltfoundation.com\/#\/schema\/logo\/image\/"},"sameAs":["https:\/\/www.facebook.com\/GlobalThinkingFoundation\/","https:\/\/x.com\/GltFoundation","https:\/\/www.youtube.com\/channel\/UCDNBF4vXJH618xaFlqdyYhw","https:\/\/www.linkedin.com\/company\/10678527\/","https:\/\/www.instagram.com\/globalthinkingfoundation\/"]}]}},"_links":{"self":[{"href":"https:\/\/www.gltfoundation.com\/fr\/wp-json\/wp\/v2\/pages\/54653"}],"collection":[{"href":"https:\/\/www.gltfoundation.com\/fr\/wp-json\/wp\/v2\/pages"}],"about":[{"href":"https:\/\/www.gltfoundation.com\/fr\/wp-json\/wp\/v2\/types\/page"}],"author":[{"embeddable":true,"href":"https:\/\/www.gltfoundation.com\/fr\/wp-json\/wp\/v2\/users\/7"}],"replies":[{"embeddable":true,"href":"https:\/\/www.gltfoundation.com\/fr\/wp-json\/wp\/v2\/comments?post=54653"}],"version-history":[{"count":12,"href":"https:\/\/www.gltfoundation.com\/fr\/wp-json\/wp\/v2\/pages\/54653\/revisions"}],"predecessor-version":[{"id":61575,"href":"https:\/\/www.gltfoundation.com\/fr\/wp-json\/wp\/v2\/pages\/54653\/revisions\/61575"}],"up":[{"embeddable":true,"href":"https:\/\/www.gltfoundation.com\/fr\/wp-json\/wp\/v2\/pages\/54650"}],"wp:featuredmedia":[{"embeddable":true,"href":"https:\/\/www.gltfoundation.com\/fr\/wp-json\/wp\/v2\/media\/39637"}],"wp:attachment":[{"href":"https:\/\/www.gltfoundation.com\/fr\/wp-json\/wp\/v2\/media?parent=54653"}],"wp:term":[{"taxonomy":"category","embeddable":true,"href":"https:\/\/www.gltfoundation.com\/fr\/wp-json\/wp\/v2\/categories?post=54653"}],"curies":[{"name":"wp","href":"https:\/\/api.w.org\/{rel}","templated":true}]}}