{"id":54660,"date":"2023-04-20T11:15:50","date_gmt":"2023-04-20T09:15:50","guid":{"rendered":"https:\/\/www.gltfoundation.com\/?page_id=54660"},"modified":"2024-07-05T09:23:02","modified_gmt":"2024-07-05T07:23:02","slug":"orientation","status":"publish","type":"page","link":"https:\/\/www.gltfoundation.com\/fr\/ecole\/orientation\/","title":{"rendered":"ORIENTATION"},"content":{"rendered":"   \n\n      <!-- INTRO INNER PAGE -->\n   <section class=\"intro-part-1\">\n       <div class=\"intro-inner-page bg-blue-light glt-top-space\">\n           <!-- rounded box -->\n           <div class=\"container\">\n               <div class=\"row\">\n                   <div class=\"col\">\n                       <div class=\"el-rounded has-shadow-big bg-white\">\n                           <p class=\"breadcrumbs\" id=\"breadcrumbs\"><span><span><a href=\"https:\/\/www.gltfoundation.com\/fr\/\">Home<\/a><\/span><\/span><\/p>\n                           <div class=\"row justify-content-center\">\n                               <div class=\"col mb-4\">\n                                                                          <h2>ORIENTATION<\/h2>\n                                                                                                             <h5 class=\"mt-5\"><p>\u201cLe but de l&rsquo;\u00e9cole est de former les jeunes \u00e0 s&rsquo;\u00e9duquer eux-m\u00eames pour la vie\u201d<\/p>\n<p>R.M. Hutchins<\/p>\n<\/h5>\n                                                                  <\/div>\n                                                          <\/div>\n                                                          <div class=\"share-box mt-8\">\n                                   <span>Partager<\/span>\n                                   <div class=\"a2a_kit a2a_kit_size_ addtoany_list\" data-a2a-url=\"https:\/\/www.gltfoundation.com\/fr\/ecole\/orientation\/\" data-a2a-title=\"ORIENTATION\"><a class=\"a2a_button_facebook\" href=\"https:\/\/www.addtoany.com\/add_to\/facebook?linkurl=https%3A%2F%2Fwww.gltfoundation.com%2Ffr%2Fecole%2Forientation%2F&amp;linkname=ORIENTATION\" title=\"Facebook\" rel=\"nofollow noopener\" target=\"_blank\"><img decoding=\"async\" src=\"\/wp-content\/themes\/GLT\/images\/icons\/facebook.png\" width=\"24\" alt=\"Facebook\"><\/a><a class=\"a2a_button_whatsapp\" href=\"https:\/\/www.addtoany.com\/add_to\/whatsapp?linkurl=https%3A%2F%2Fwww.gltfoundation.com%2Ffr%2Fecole%2Forientation%2F&amp;linkname=ORIENTATION\" title=\"WhatsApp\" rel=\"nofollow noopener\" target=\"_blank\"><img decoding=\"async\" src=\"\/wp-content\/themes\/GLT\/images\/icons\/whatsapp.png\" width=\"24\" alt=\"WhatsApp\"><\/a><a class=\"a2a_button_telegram\" href=\"https:\/\/www.addtoany.com\/add_to\/telegram?linkurl=https%3A%2F%2Fwww.gltfoundation.com%2Ffr%2Fecole%2Forientation%2F&amp;linkname=ORIENTATION\" title=\"Telegram\" rel=\"nofollow noopener\" target=\"_blank\"><img decoding=\"async\" src=\"\/wp-content\/themes\/GLT\/images\/icons\/telegram.png\" width=\"24\" alt=\"Telegram\"><\/a><a class=\"a2a_button_twitter\" href=\"https:\/\/www.addtoany.com\/add_to\/twitter?linkurl=https%3A%2F%2Fwww.gltfoundation.com%2Ffr%2Fecole%2Forientation%2F&amp;linkname=ORIENTATION\" title=\"Twitter\" rel=\"nofollow noopener\" target=\"_blank\"><img decoding=\"async\" src=\"\/wp-content\/themes\/GLT\/images\/icons\/twitter.png\" width=\"24\" alt=\"Twitter\"><\/a><a class=\"a2a_button_linkedin\" href=\"https:\/\/www.addtoany.com\/add_to\/linkedin?linkurl=https%3A%2F%2Fwww.gltfoundation.com%2Ffr%2Fecole%2Forientation%2F&amp;linkname=ORIENTATION\" title=\"LinkedIn\" rel=\"nofollow noopener\" target=\"_blank\"><img decoding=\"async\" src=\"\/wp-content\/themes\/GLT\/images\/icons\/linkedin.png\" width=\"24\" alt=\"LinkedIn\"><\/a><\/div>                               <\/div>\n                                                  <\/div>\n                   <\/div>\n               <\/div>\n           <\/div>\n           <!-- \/\/ rounded box -->\n       <\/div>\n   <\/section>\n   <!-- \/\/ INTRO INNER PAGE -->\n\n    <section class=\"intro-part-2 bg-blue-light\">\r\n        <div class=\"intro-inner-page\">\r\n            <!-- custom content -->\r\n            <div class=\"custom-content left\">\r\n                <div class=\"row\">\r\n                    <div class=\"col-auto mt-8 img-wrapper\">\r\n                        <img decoding=\"async\" class=\"el-rounded has-shadow-big\" src=\"https:\/\/www.gltfoundation.com\/wp-content\/uploads\/2023\/08\/modulo4d2.png\" alt=\"\">\r\n                    <\/div>\r\n                    <div class=\"col-auto mt-8 content-wrapper\">\r\n                                                                            <p>\r\n                                <p style=\"text-align: justify;\">Cette affirmation, bien repr\u00e9sent\u00e9e dans les comp\u00e9tences cl\u00e9s de la citoyennet\u00e9, manque n\u00e9anmoins d&rsquo;efficacit\u00e9 lorsque, \u00e0 la fin de leurs \u00e9tudes, les \u00e9tudiants sont confront\u00e9s au <strong>march\u00e9 du travail<\/strong>.<br \/>\nC&rsquo;est pourquoi nous avons con\u00e7u un parcours d&rsquo;orientation qui clarifie pour les \u00e9tudiants la dynamique et les exigences du march\u00e9 du travail.<\/p>\n<p style=\"text-align: justify;\">Il s&rsquo;agit d&rsquo;un cours con\u00e7u comme une <strong>orientation entrante<\/strong>, visant \u00e9galement \u00e0 lutter contre l&rsquo;<strong>abandon scolaire<\/strong>, et destin\u00e9 \u00e0 inciter les \u00e9tudiants \u00e0 aborder leurs \u00e9tudes avec plus de conviction et de d\u00e9termination, pr\u00e9cis\u00e9ment parce qu&rsquo;ils sont motiv\u00e9s par la compr\u00e9hension des dynamiques du monde du travail.<\/p>\n<p style=\"text-align: justify;\">\n                            <\/p>\r\n                                            <\/div>\r\n                <\/div>\r\n            <\/div>\r\n            <!-- \/\/ custom content -->\r\n        <\/div>\r\n    <\/section>\r\n\n\n<!-- INTRO INNER PAGE -->\r\n<section>\r\n    <div class=\"intro-inner-page\">\r\n        <!-- rounded box -->\r\n        <div class=\"container\">\r\n           \r\n                    <div class=\"el-rounded has-shadow-big bg-white\">\r\n                    \n    <div class=\"glt-flex-content-editor\">\n            <div class=\"row\">\n            <div class=\"col\">\n\n                    <div><p>Le parcours, d\u00e9velopp\u00e9 sur la base de notre exp\u00e9rience d\u00e9sormais consolid\u00e9e en classe avec les jeunes, vise \u00e0 apporter des r\u00e9ponses concr\u00e8tes \u00e0 l&rsquo;incertitude du march\u00e9 du travail, en stimulant la r\u00e9flexion sur l&rsquo;importance de l&rsquo;engagement scolaire et extrascolaire et sur la n\u00e9cessit\u00e9 d&rsquo;activer des comp\u00e9tences r\u00e9silientes aux changements du march\u00e9, des technologies, des modes et du temps. D&rsquo;autre part, le monde du travail \u00e9volue de mani\u00e8re de plus en plus impr\u00e9visible et \u00e0 une vitesse stup\u00e9fiante. Il y a constamment quelque chose de nouveau \u00e0 apprendre, un changement auquel il faut s&rsquo;adapter, de nouvelles technologies \u00e0 utiliser.<\/p>\n<p>Il s&rsquo;agit de 4 r\u00e9unions de 2 heures chacune, structur\u00e9es comme suit:<\/p>\n<p><strong>1. RECONNA\u00ceTRE ET D\u00c9VELOPPER SON POTENTIEL<br \/>\n<\/strong><\/p>\n<ul>\n<li>Comp\u00e9tences non techniques : de STEM \u00e0 STEAM, la contamination et la revanche des comp\u00e9tences non techniques.<\/li>\n<li>Remise \u00e0 niveau et am\u00e9lioration des comp\u00e9tences : l&rsquo;importance de la formation continue.<\/li>\n<li>Conna\u00eetre ses forces et transformer ses faiblesses en opportunit\u00e9s d&rsquo;am\u00e9lioration: o\u00f9 et comment d\u00e9velopper ses comp\u00e9tences.<\/li>\n<\/ul>\n<p>&nbsp;<\/p>\n<p><strong>2. PERSONAL BRANDING : PR\u00c9SENTER SON POTENTIEL ET TROUVER UN EMPLOI<\/strong><\/p>\n<ul>\n<li>L&rsquo;\u00e9tat d&rsquo;esprit: comment aborder la recherche de l&#8217;emploi qui vous convient?<\/li>\n<li>Comment trouver un emploi et se faire rep\u00e9rer<\/li>\n<li>Obtenir un emploi: CV, <a href=\"https:\/\/www.linkedin.com\/feed\/\" target=\"_blank\" rel=\"noopener\">LinkedIn<\/a> et entretien<\/li>\n<\/ul>\n<p>&nbsp;<\/p>\n<p><strong>3. TRAVAILLER INTELLIGEMMENT OU TRAVAILLER DE MANI\u00c8RE INTELLIGENTE: STRAT\u00c9GIES ET NOUVEAUX SC\u00c9NARIOS<br \/>\n<\/strong><\/p>\n<ul>\n<li>Mindset &amp; Strategy: comment travailler en projet<\/li>\n<li>Sc\u00e9narios d&rsquo;aujourd&rsquo;hui et de demain : nouvelles professions, m\u00e9thodes de travail et contextes<\/li>\n<li>Les droits et les DEVOIRS du travailleur<\/li>\n<\/ul>\n<p>&nbsp;<\/p>\n<p><strong>4. LE MONDE DU TRAVAIL : D\u00c9FIS ET OPPORTUNIT\u00c9S<br \/>\n<\/strong><\/p>\n<ul>\n<li>Durabilit\u00e9<\/li>\n<li>La num\u00e9risation<\/li>\n<\/ul>\n<p>&nbsp;<\/p>\n<p>Les r\u00e9unions seront tenues (en pr\u00e9sence) par un ou plusieurs enseignants de la Fondation et peuvent se d\u00e9rouler pendant les heures scolaires ou extrascolaires ou, \u00e0 la demande de l&rsquo;\u00e9cole, en pr\u00e9sence des parents.<\/p>\n<p>Tout le mat\u00e9riel utilis\u00e9 pendant les r\u00e9unions sera mis \u00e0 disposition sur la plateforme EDU4future, dont les identifiants seront fournis lors de l&rsquo;activation du cours.<\/p>\n<p>L&rsquo;activation du projet est soumise \u00e0 la signature d&rsquo;une convention entre l&rsquo;\u00e9cole et la Fondation.<\/p>\n<\/div>\r\n            <\/div>\n        <\/div>\n\n        <\/div>\n\n    \n                    <\/div>\r\n              \r\n        <\/div>\r\n        <!-- \/\/ rounded box -->\r\n    <\/div>\r\n<\/section>\r\n<!-- \/\/ INTRO INNER PAGE -->\r\n\n\n<!-- INTRO INNER PAGE -->\r\n<section>\r\n    <div class=\"intro-inner-page\">\r\n        <!-- rounded box -->\r\n        <div class=\"container\">\r\n           \r\n                    <div class=\"el-rounded  bg-white\">\r\n                    \n    <div class=\"glt-flex-content-editor\">\n            <div class=\"row\">\n            <div class=\"col\">\n\n                    <div><p style=\"text-align: center;\"><!-- rounded box --><br \/>\n<a class=\"h4 btn btn-large bg-green btn-hover-green me-2 ms-2\" href=\"mailto:segreteria@gltfoundation.com\" target=\"_blank\" rel=\"noopener\">Pour plus d&rsquo;informations sur nos projets avec les \u00e9coles cliquez ici<\/a><br \/>\n<!-- \/\/ rounded box --><\/p>\n<\/div>\r\n            <\/div>\n        <\/div>\n\n        <\/div>\n\n    \n                    <\/div>\r\n              \r\n        <\/div>\r\n        <!-- \/\/ rounded box -->\r\n    <\/div>\r\n<\/section>\r\n<!-- \/\/ INTRO INNER PAGE -->\r\n","protected":false},"excerpt":{"rendered":"","protected":false},"author":7,"featured_media":0,"parent":54650,"menu_order":0,"comment_status":"closed","ping_status":"closed","template":"","meta":{"_acf_changed":false,"inline_featured_image":false,"_themeisle_gutenberg_block_has_review":false,"footnotes":""},"categories":[68],"class_list":["post-54660","page","type-page","status-publish","hentry","category-ecole"],"acf":[],"yoast_head":"<!-- This site is optimized with the Yoast SEO plugin v23.6 - https:\/\/yoast.com\/wordpress\/plugins\/seo\/ -->\n<title>ORIENTATION - GLT Foundation<\/title>\n<meta name=\"robots\" content=\"index, follow, max-snippet:-1, max-image-preview:large, max-video-preview:-1\" \/>\n<link rel=\"canonical\" href=\"https:\/\/www.gltfoundation.com\/fr\/ecole\/orientation\/\" \/>\n<meta property=\"og:locale\" content=\"fr_FR\" \/>\n<meta property=\"og:type\" content=\"article\" \/>\n<meta property=\"og:title\" content=\"ORIENTATION - GLT Foundation\" \/>\n<meta property=\"og:url\" content=\"https:\/\/www.gltfoundation.com\/fr\/ecole\/orientation\/\" \/>\n<meta property=\"og:site_name\" content=\"GLT Foundation\" \/>\n<meta property=\"article:publisher\" content=\"https:\/\/www.facebook.com\/GlobalThinkingFoundation\/\" \/>\n<meta property=\"article:modified_time\" content=\"2024-07-05T07:23:02+00:00\" \/>\n<meta name=\"twitter:card\" content=\"summary_large_image\" \/>\n<meta name=\"twitter:site\" content=\"@GltFoundation\" \/>\n<meta name=\"twitter:label1\" content=\"Dur\u00e9e de lecture estim\u00e9e\" \/>\n\t<meta name=\"twitter:data1\" content=\"3 minutes\" \/>\n<script type=\"application\/ld+json\" class=\"yoast-schema-graph\">{\"@context\":\"https:\/\/schema.org\",\"@graph\":[{\"@type\":\"WebPage\",\"@id\":\"https:\/\/www.gltfoundation.com\/fr\/ecole\/orientation\/\",\"url\":\"https:\/\/www.gltfoundation.com\/fr\/ecole\/orientation\/\",\"name\":\"ORIENTATION - GLT Foundation\",\"isPartOf\":{\"@id\":\"https:\/\/www.gltfoundation.com\/#website\"},\"datePublished\":\"2023-04-20T09:15:50+00:00\",\"dateModified\":\"2024-07-05T07:23:02+00:00\",\"breadcrumb\":{\"@id\":\"https:\/\/www.gltfoundation.com\/fr\/ecole\/orientation\/#breadcrumb\"},\"inLanguage\":\"fr-FR\",\"potentialAction\":[{\"@type\":\"ReadAction\",\"target\":[\"https:\/\/www.gltfoundation.com\/fr\/ecole\/orientation\/\"]}]},{\"@type\":\"BreadcrumbList\",\"@id\":\"https:\/\/www.gltfoundation.com\/fr\/ecole\/orientation\/#breadcrumb\",\"itemListElement\":[{\"@type\":\"ListItem\",\"position\":1,\"name\":\"Home\",\"item\":\"https:\/\/www.gltfoundation.com\/fr\/\"},{\"@type\":\"ListItem\",\"position\":2,\"name\":\"\u00c9cole\",\"item\":\"https:\/\/www.gltfoundation.com\/fr\/ecole\/\"},{\"@type\":\"ListItem\",\"position\":3,\"name\":\"ORIENTATION\"}]},{\"@type\":\"WebSite\",\"@id\":\"https:\/\/www.gltfoundation.com\/#website\",\"url\":\"https:\/\/www.gltfoundation.com\/\",\"name\":\"GLT Foundation\",\"description\":\"\",\"publisher\":{\"@id\":\"https:\/\/www.gltfoundation.com\/#organization\"},\"potentialAction\":[{\"@type\":\"SearchAction\",\"target\":{\"@type\":\"EntryPoint\",\"urlTemplate\":\"https:\/\/www.gltfoundation.com\/?s={search_term_string}\"},\"query-input\":{\"@type\":\"PropertyValueSpecification\",\"valueRequired\":true,\"valueName\":\"search_term_string\"}}],\"inLanguage\":\"fr-FR\"},{\"@type\":\"Organization\",\"@id\":\"https:\/\/www.gltfoundation.com\/#organization\",\"name\":\"GLT Foundation\",\"url\":\"https:\/\/www.gltfoundation.com\/\",\"logo\":{\"@type\":\"ImageObject\",\"inLanguage\":\"fr-FR\",\"@id\":\"https:\/\/www.gltfoundation.com\/#\/schema\/logo\/image\/\",\"url\":\"https:\/\/www.gltfoundation.com\/wp-content\/uploads\/2023\/05\/logo-glt.png\",\"contentUrl\":\"https:\/\/www.gltfoundation.com\/wp-content\/uploads\/2023\/05\/logo-glt.png\",\"width\":152,\"height\":67,\"caption\":\"GLT Foundation\"},\"image\":{\"@id\":\"https:\/\/www.gltfoundation.com\/#\/schema\/logo\/image\/\"},\"sameAs\":[\"https:\/\/www.facebook.com\/GlobalThinkingFoundation\/\",\"https:\/\/x.com\/GltFoundation\",\"https:\/\/www.youtube.com\/channel\/UCDNBF4vXJH618xaFlqdyYhw\",\"https:\/\/www.linkedin.com\/company\/10678527\/\",\"https:\/\/www.instagram.com\/globalthinkingfoundation\/\"]}]}<\/script>\n<!-- \/ Yoast SEO plugin. -->","yoast_head_json":{"title":"ORIENTATION - GLT Foundation","robots":{"index":"index","follow":"follow","max-snippet":"max-snippet:-1","max-image-preview":"max-image-preview:large","max-video-preview":"max-video-preview:-1"},"canonical":"https:\/\/www.gltfoundation.com\/fr\/ecole\/orientation\/","og_locale":"fr_FR","og_type":"article","og_title":"ORIENTATION - GLT Foundation","og_url":"https:\/\/www.gltfoundation.com\/fr\/ecole\/orientation\/","og_site_name":"GLT Foundation","article_publisher":"https:\/\/www.facebook.com\/GlobalThinkingFoundation\/","article_modified_time":"2024-07-05T07:23:02+00:00","twitter_card":"summary_large_image","twitter_site":"@GltFoundation","twitter_misc":{"Dur\u00e9e de lecture estim\u00e9e":"3 minutes"},"schema":{"@context":"https:\/\/schema.org","@graph":[{"@type":"WebPage","@id":"https:\/\/www.gltfoundation.com\/fr\/ecole\/orientation\/","url":"https:\/\/www.gltfoundation.com\/fr\/ecole\/orientation\/","name":"ORIENTATION - GLT Foundation","isPartOf":{"@id":"https:\/\/www.gltfoundation.com\/#website"},"datePublished":"2023-04-20T09:15:50+00:00","dateModified":"2024-07-05T07:23:02+00:00","breadcrumb":{"@id":"https:\/\/www.gltfoundation.com\/fr\/ecole\/orientation\/#breadcrumb"},"inLanguage":"fr-FR","potentialAction":[{"@type":"ReadAction","target":["https:\/\/www.gltfoundation.com\/fr\/ecole\/orientation\/"]}]},{"@type":"BreadcrumbList","@id":"https:\/\/www.gltfoundation.com\/fr\/ecole\/orientation\/#breadcrumb","itemListElement":[{"@type":"ListItem","position":1,"name":"Home","item":"https:\/\/www.gltfoundation.com\/fr\/"},{"@type":"ListItem","position":2,"name":"\u00c9cole","item":"https:\/\/www.gltfoundation.com\/fr\/ecole\/"},{"@type":"ListItem","position":3,"name":"ORIENTATION"}]},{"@type":"WebSite","@id":"https:\/\/www.gltfoundation.com\/#website","url":"https:\/\/www.gltfoundation.com\/","name":"GLT Foundation","description":"","publisher":{"@id":"https:\/\/www.gltfoundation.com\/#organization"},"potentialAction":[{"@type":"SearchAction","target":{"@type":"EntryPoint","urlTemplate":"https:\/\/www.gltfoundation.com\/?s={search_term_string}"},"query-input":{"@type":"PropertyValueSpecification","valueRequired":true,"valueName":"search_term_string"}}],"inLanguage":"fr-FR"},{"@type":"Organization","@id":"https:\/\/www.gltfoundation.com\/#organization","name":"GLT Foundation","url":"https:\/\/www.gltfoundation.com\/","logo":{"@type":"ImageObject","inLanguage":"fr-FR","@id":"https:\/\/www.gltfoundation.com\/#\/schema\/logo\/image\/","url":"https:\/\/www.gltfoundation.com\/wp-content\/uploads\/2023\/05\/logo-glt.png","contentUrl":"https:\/\/www.gltfoundation.com\/wp-content\/uploads\/2023\/05\/logo-glt.png","width":152,"height":67,"caption":"GLT Foundation"},"image":{"@id":"https:\/\/www.gltfoundation.com\/#\/schema\/logo\/image\/"},"sameAs":["https:\/\/www.facebook.com\/GlobalThinkingFoundation\/","https:\/\/x.com\/GltFoundation","https:\/\/www.youtube.com\/channel\/UCDNBF4vXJH618xaFlqdyYhw","https:\/\/www.linkedin.com\/company\/10678527\/","https:\/\/www.instagram.com\/globalthinkingfoundation\/"]}]}},"_links":{"self":[{"href":"https:\/\/www.gltfoundation.com\/fr\/wp-json\/wp\/v2\/pages\/54660"}],"collection":[{"href":"https:\/\/www.gltfoundation.com\/fr\/wp-json\/wp\/v2\/pages"}],"about":[{"href":"https:\/\/www.gltfoundation.com\/fr\/wp-json\/wp\/v2\/types\/page"}],"author":[{"embeddable":true,"href":"https:\/\/www.gltfoundation.com\/fr\/wp-json\/wp\/v2\/users\/7"}],"replies":[{"embeddable":true,"href":"https:\/\/www.gltfoundation.com\/fr\/wp-json\/wp\/v2\/comments?post=54660"}],"version-history":[{"count":10,"href":"https:\/\/www.gltfoundation.com\/fr\/wp-json\/wp\/v2\/pages\/54660\/revisions"}],"predecessor-version":[{"id":62494,"href":"https:\/\/www.gltfoundation.com\/fr\/wp-json\/wp\/v2\/pages\/54660\/revisions\/62494"}],"up":[{"embeddable":true,"href":"https:\/\/www.gltfoundation.com\/fr\/wp-json\/wp\/v2\/pages\/54650"}],"wp:attachment":[{"href":"https:\/\/www.gltfoundation.com\/fr\/wp-json\/wp\/v2\/media?parent=54660"}],"wp:term":[{"taxonomy":"category","embeddable":true,"href":"https:\/\/www.gltfoundation.com\/fr\/wp-json\/wp\/v2\/categories?post=54660"}],"curies":[{"name":"wp","href":"https:\/\/api.w.org\/{rel}","templated":true}]}}