{"id":54789,"date":"2023-08-31T18:05:55","date_gmt":"2023-08-31T16:05:55","guid":{"rendered":"https:\/\/www.gltfoundation.com\/?page_id=54789"},"modified":"2023-09-28T18:24:59","modified_gmt":"2023-09-28T16:24:59","slug":"17-etapes-vers-la-durabilite","status":"publish","type":"page","link":"https:\/\/www.gltfoundation.com\/fr\/ecole\/young612\/17-etapes-vers-la-durabilite\/","title":{"rendered":"17 \u00c9TAPES VERS LA DURABILIT\u00c9"},"content":{"rendered":"<!-- INTRO INNER PAGE -->\r\n<section>\r\n    <div class=\"intro-inner-page\">\r\n        <!-- rounded box -->\r\n        <div class=\"container\">\r\n           \r\n                    <div class=\"el-rounded has-shadow-big bg-white\">\r\n                    \n    <div class=\"glt-flex-content-editor\">\n            <div class=\"row\">\n            <div class=\"col\">\n\n                    <div><p>Comment expliquer aux filles et aux gar\u00e7ons l&rsquo;importance de l&rsquo;<a href=\"https:\/\/www.agenziacoesione.gov.it\/comunicazione\/agenda-2030-per-lo-sviluppo-sostenibile\/\" target=\"_blank\" rel=\"noopener\">agenda 2030 de l&rsquo;ONU<\/a> et de ses <strong>17 objectifs mondiaux<\/strong> ?<\/p>\n<p>C&rsquo;est pour r\u00e9pondre \u00e0 cette question qu&rsquo;est n\u00e9 le projet <strong>17 Steps Towards Sustainability<\/strong> : des \u00e9l\u00e8ves, du coll\u00e8ge au d\u00e9but du lyc\u00e9e, interrogeront des experts et des repr\u00e9sentants des <strong>17 ODD<\/strong> de l&rsquo;Agenda de l&rsquo;ONU, en leur posant des questions auxquelles il n&rsquo;est g\u00e9n\u00e9ralement pas r\u00e9pondu. Une attention particuli\u00e8re est accord\u00e9e aux actions qui peuvent \u00eatre entreprises pour atteindre ou am\u00e9liorer les diff\u00e9rents objectifs.<\/p>\n<p>Compte tenu de la particularit\u00e9 des intervieweurs, ces dialogues peuvent \u00e9galement \u00eatre appr\u00e9ci\u00e9s par les plus jeunes et devenir un excellent point de d\u00e9part pour une \u00e9tude approfondie en classe.<\/p>\n<p>Ces m\u00eames vid\u00e9os sont en fait utilis\u00e9es dans le projet <a href=\"https:\/\/www.gltfoundation.com\/fr\/ecole\/immaginiamo-sostenibile\/\"><strong>ImmaginiAMO sostenibile<\/strong><\/a><\/p>\n<\/div>\r\n            <\/div>\n        <\/div>\n\n        <\/div>\n\n    \n                    <\/div>\r\n              \r\n        <\/div>\r\n        <!-- \/\/ rounded box -->\r\n    <\/div>\r\n<\/section>\r\n<!-- \/\/ INTRO INNER PAGE -->\r\n\n\n \r\n <!-- VIDEO CONTAINER -->\r\n <section class=\"mt-10 glt-video-slider\">\r\n     <div class=\"container\">\r\n                      <div class=\"row\">\r\n                 <div class=\"col text-center\">\r\n                     <h3>\r\n                         Nous sommes \u00e9galement sur STEMintheCity !                     <\/h3>\r\n                 <\/div>\r\n             <\/div>\r\n         \r\n                      <div class=\"row\">\r\n                 <div class=\"col\">\r\n                     <div class=\"common-container el-rounded bg-green mt-4\">\r\n\r\n                         <!-- VIDEO SLIDER -->\r\n                         \r\n                         <div class=\"swiper common-slider video-slider single-element\">\r\n\r\n                             <div class=\"swiper-wrapper\">\r\n\r\n                                                                      <!-- slide -->\r\n                                     <div class=\"swiper-slide\">\r\n                                         <div class=\"video-sizer\">\r\n                                             <iframe loading=\"lazy\" title=\"17 Passi Verso La Sostenibilit\u00e0 per STEMintheCity\" width=\"500\" height=\"281\" src=\"https:\/\/www.youtube.com\/embed\/IiWRlvUuCQA?feature=oembed\" frameborder=\"0\" allow=\"accelerometer; autoplay; clipboard-write; encrypted-media; gyroscope; picture-in-picture; web-share\" referrerpolicy=\"strict-origin-when-cross-origin\" allowfullscreen><\/iframe>                                         <\/div>\r\n                                                                              <\/div>\r\n                                     <!-- \/\/ slide -->\r\n                                 \r\n                             <\/div>\r\n\r\n                             <div class=\"swiper-button-prev\"><\/div>\r\n                             <div class=\"swiper-button-next\"><\/div>\r\n                         <\/div>\r\n                         <!-- \/\/ VIDEO SLIDER -->\r\n\r\n                         <!-- div class=\"text-center mt-5\">\r\n                             <p><strong>Non riesci a scaricare o utilizzare<\/strong> la Nostra App? Scarica il nostro tutorial!<\/p>\r\n\r\n                             <a href=\"#\" class=\"btn btn-large mt-3\">\r\n                                 <img decoding=\"async\" src=\"images\/ico-download.svg\" class=\"is-svg me-2\" alt=\"\">\r\n                                 Scarica il nostro tutorial\r\n                             <\/a>\r\n                         <\/div-->\r\n\r\n                     <\/div>\r\n                 <\/div>\r\n             <\/div>\r\n              <\/div>\r\n <\/section>\r\n <!-- \/\/ VIDEO CONTAINER -->\n\n\n\n<!-- INTRO INNER PAGE -->\r\n<section>\r\n    <div class=\"intro-inner-page\">\r\n        <!-- rounded box -->\r\n        <div class=\"container\">\r\n           \r\n                    <div class=\"el-rounded  bg-white\">\r\n                    \n    <div class=\"glt-flex-content-editor\">\n            <div class=\"row\">\n            <div class=\"col\">\n\n                    <div><p style=\"text-align: center;\"><!-- rounded box --><br \/>\n<a class=\"h4 btn btn-large bg-green btn-hover-green me-2 ms-2\" href=\"mailto:segreteria@gltfoundation.com\" target=\"_blank\" rel=\"noopener\">Pour plus d&rsquo;informations sur nos projets avec les \u00e9coles cliquez ici<\/a><br \/>\n<!-- \/\/ rounded box --><\/p>\n<\/div>\r\n            <\/div>\n        <\/div>\n\n        <\/div>\n\n    \n                    <\/div>\r\n              \r\n        <\/div>\r\n        <!-- \/\/ rounded box -->\r\n    <\/div>\r\n<\/section>\r\n<!-- \/\/ INTRO INNER PAGE -->\r\n","protected":false},"excerpt":{"rendered":"","protected":false},"author":7,"featured_media":0,"parent":54667,"menu_order":0,"comment_status":"closed","ping_status":"closed","template":"","meta":{"_acf_changed":false,"inline_featured_image":false,"_themeisle_gutenberg_block_has_review":false,"footnotes":""},"categories":[68],"class_list":["post-54789","page","type-page","status-publish","hentry","category-ecole"],"acf":[],"yoast_head":"<!-- This site is optimized with the Yoast SEO plugin v23.6 - https:\/\/yoast.com\/wordpress\/plugins\/seo\/ -->\n<title>17 \u00c9TAPES VERS LA DURABILIT\u00c9 - GLT Foundation<\/title>\n<meta name=\"robots\" content=\"index, follow, max-snippet:-1, max-image-preview:large, max-video-preview:-1\" \/>\n<link rel=\"canonical\" href=\"https:\/\/www.gltfoundation.com\/scuola\/young612\/17-passi-verso-la-sostenibilita\/\" \/>\n<meta property=\"og:locale\" content=\"fr_FR\" \/>\n<meta property=\"og:type\" content=\"article\" \/>\n<meta property=\"og:title\" content=\"17 \u00c9TAPES VERS LA DURABILIT\u00c9 - GLT Foundation\" \/>\n<meta property=\"og:url\" content=\"https:\/\/www.gltfoundation.com\/scuola\/young612\/17-passi-verso-la-sostenibilita\/\" \/>\n<meta property=\"og:site_name\" content=\"GLT Foundation\" \/>\n<meta property=\"article:publisher\" content=\"https:\/\/www.facebook.com\/GlobalThinkingFoundation\/\" \/>\n<meta property=\"article:modified_time\" content=\"2023-09-28T16:24:59+00:00\" \/>\n<meta name=\"twitter:card\" content=\"summary_large_image\" \/>\n<meta name=\"twitter:site\" content=\"@GltFoundation\" \/>\n<script type=\"application\/ld+json\" class=\"yoast-schema-graph\">{\"@context\":\"https:\/\/schema.org\",\"@graph\":[{\"@type\":\"WebPage\",\"@id\":\"https:\/\/www.gltfoundation.com\/scuola\/young612\/17-passi-verso-la-sostenibilita\/\",\"url\":\"https:\/\/www.gltfoundation.com\/scuola\/young612\/17-passi-verso-la-sostenibilita\/\",\"name\":\"17 \u00c9TAPES VERS LA DURABILIT\u00c9 - GLT Foundation\",\"isPartOf\":{\"@id\":\"https:\/\/www.gltfoundation.com\/#website\"},\"datePublished\":\"2023-08-31T16:05:55+00:00\",\"dateModified\":\"2023-09-28T16:24:59+00:00\",\"breadcrumb\":{\"@id\":\"https:\/\/www.gltfoundation.com\/scuola\/young612\/17-passi-verso-la-sostenibilita\/#breadcrumb\"},\"inLanguage\":\"fr-FR\",\"potentialAction\":[{\"@type\":\"ReadAction\",\"target\":[\"https:\/\/www.gltfoundation.com\/scuola\/young612\/17-passi-verso-la-sostenibilita\/\"]}]},{\"@type\":\"BreadcrumbList\",\"@id\":\"https:\/\/www.gltfoundation.com\/scuola\/young612\/17-passi-verso-la-sostenibilita\/#breadcrumb\",\"itemListElement\":[{\"@type\":\"ListItem\",\"position\":1,\"name\":\"Home\",\"item\":\"https:\/\/www.gltfoundation.com\/fr\/\"},{\"@type\":\"ListItem\",\"position\":2,\"name\":\"\u00c9cole\",\"item\":\"https:\/\/www.gltfoundation.com\/fr\/ecole\/\"},{\"@type\":\"ListItem\",\"position\":3,\"name\":\"YOUNG612+\",\"item\":\"https:\/\/www.gltfoundation.com\/fr\/ecole\/young612\/\"},{\"@type\":\"ListItem\",\"position\":4,\"name\":\"17 \u00c9TAPES VERS LA DURABILIT\u00c9\"}]},{\"@type\":\"WebSite\",\"@id\":\"https:\/\/www.gltfoundation.com\/#website\",\"url\":\"https:\/\/www.gltfoundation.com\/\",\"name\":\"GLT Foundation\",\"description\":\"\",\"publisher\":{\"@id\":\"https:\/\/www.gltfoundation.com\/#organization\"},\"potentialAction\":[{\"@type\":\"SearchAction\",\"target\":{\"@type\":\"EntryPoint\",\"urlTemplate\":\"https:\/\/www.gltfoundation.com\/?s={search_term_string}\"},\"query-input\":{\"@type\":\"PropertyValueSpecification\",\"valueRequired\":true,\"valueName\":\"search_term_string\"}}],\"inLanguage\":\"fr-FR\"},{\"@type\":\"Organization\",\"@id\":\"https:\/\/www.gltfoundation.com\/#organization\",\"name\":\"GLT Foundation\",\"url\":\"https:\/\/www.gltfoundation.com\/\",\"logo\":{\"@type\":\"ImageObject\",\"inLanguage\":\"fr-FR\",\"@id\":\"https:\/\/www.gltfoundation.com\/#\/schema\/logo\/image\/\",\"url\":\"https:\/\/www.gltfoundation.com\/wp-content\/uploads\/2023\/05\/logo-glt.png\",\"contentUrl\":\"https:\/\/www.gltfoundation.com\/wp-content\/uploads\/2023\/05\/logo-glt.png\",\"width\":152,\"height\":67,\"caption\":\"GLT Foundation\"},\"image\":{\"@id\":\"https:\/\/www.gltfoundation.com\/#\/schema\/logo\/image\/\"},\"sameAs\":[\"https:\/\/www.facebook.com\/GlobalThinkingFoundation\/\",\"https:\/\/x.com\/GltFoundation\",\"https:\/\/www.youtube.com\/channel\/UCDNBF4vXJH618xaFlqdyYhw\",\"https:\/\/www.linkedin.com\/company\/10678527\/\",\"https:\/\/www.instagram.com\/globalthinkingfoundation\/\"]}]}<\/script>\n<!-- \/ Yoast SEO plugin. -->","yoast_head_json":{"title":"17 \u00c9TAPES VERS LA DURABILIT\u00c9 - GLT Foundation","robots":{"index":"index","follow":"follow","max-snippet":"max-snippet:-1","max-image-preview":"max-image-preview:large","max-video-preview":"max-video-preview:-1"},"canonical":"https:\/\/www.gltfoundation.com\/scuola\/young612\/17-passi-verso-la-sostenibilita\/","og_locale":"fr_FR","og_type":"article","og_title":"17 \u00c9TAPES VERS LA DURABILIT\u00c9 - GLT Foundation","og_url":"https:\/\/www.gltfoundation.com\/scuola\/young612\/17-passi-verso-la-sostenibilita\/","og_site_name":"GLT Foundation","article_publisher":"https:\/\/www.facebook.com\/GlobalThinkingFoundation\/","article_modified_time":"2023-09-28T16:24:59+00:00","twitter_card":"summary_large_image","twitter_site":"@GltFoundation","schema":{"@context":"https:\/\/schema.org","@graph":[{"@type":"WebPage","@id":"https:\/\/www.gltfoundation.com\/scuola\/young612\/17-passi-verso-la-sostenibilita\/","url":"https:\/\/www.gltfoundation.com\/scuola\/young612\/17-passi-verso-la-sostenibilita\/","name":"17 \u00c9TAPES VERS LA DURABILIT\u00c9 - GLT Foundation","isPartOf":{"@id":"https:\/\/www.gltfoundation.com\/#website"},"datePublished":"2023-08-31T16:05:55+00:00","dateModified":"2023-09-28T16:24:59+00:00","breadcrumb":{"@id":"https:\/\/www.gltfoundation.com\/scuola\/young612\/17-passi-verso-la-sostenibilita\/#breadcrumb"},"inLanguage":"fr-FR","potentialAction":[{"@type":"ReadAction","target":["https:\/\/www.gltfoundation.com\/scuola\/young612\/17-passi-verso-la-sostenibilita\/"]}]},{"@type":"BreadcrumbList","@id":"https:\/\/www.gltfoundation.com\/scuola\/young612\/17-passi-verso-la-sostenibilita\/#breadcrumb","itemListElement":[{"@type":"ListItem","position":1,"name":"Home","item":"https:\/\/www.gltfoundation.com\/fr\/"},{"@type":"ListItem","position":2,"name":"\u00c9cole","item":"https:\/\/www.gltfoundation.com\/fr\/ecole\/"},{"@type":"ListItem","position":3,"name":"YOUNG612+","item":"https:\/\/www.gltfoundation.com\/fr\/ecole\/young612\/"},{"@type":"ListItem","position":4,"name":"17 \u00c9TAPES VERS LA DURABILIT\u00c9"}]},{"@type":"WebSite","@id":"https:\/\/www.gltfoundation.com\/#website","url":"https:\/\/www.gltfoundation.com\/","name":"GLT Foundation","description":"","publisher":{"@id":"https:\/\/www.gltfoundation.com\/#organization"},"potentialAction":[{"@type":"SearchAction","target":{"@type":"EntryPoint","urlTemplate":"https:\/\/www.gltfoundation.com\/?s={search_term_string}"},"query-input":{"@type":"PropertyValueSpecification","valueRequired":true,"valueName":"search_term_string"}}],"inLanguage":"fr-FR"},{"@type":"Organization","@id":"https:\/\/www.gltfoundation.com\/#organization","name":"GLT Foundation","url":"https:\/\/www.gltfoundation.com\/","logo":{"@type":"ImageObject","inLanguage":"fr-FR","@id":"https:\/\/www.gltfoundation.com\/#\/schema\/logo\/image\/","url":"https:\/\/www.gltfoundation.com\/wp-content\/uploads\/2023\/05\/logo-glt.png","contentUrl":"https:\/\/www.gltfoundation.com\/wp-content\/uploads\/2023\/05\/logo-glt.png","width":152,"height":67,"caption":"GLT Foundation"},"image":{"@id":"https:\/\/www.gltfoundation.com\/#\/schema\/logo\/image\/"},"sameAs":["https:\/\/www.facebook.com\/GlobalThinkingFoundation\/","https:\/\/x.com\/GltFoundation","https:\/\/www.youtube.com\/channel\/UCDNBF4vXJH618xaFlqdyYhw","https:\/\/www.linkedin.com\/company\/10678527\/","https:\/\/www.instagram.com\/globalthinkingfoundation\/"]}]}},"_links":{"self":[{"href":"https:\/\/www.gltfoundation.com\/fr\/wp-json\/wp\/v2\/pages\/54789"}],"collection":[{"href":"https:\/\/www.gltfoundation.com\/fr\/wp-json\/wp\/v2\/pages"}],"about":[{"href":"https:\/\/www.gltfoundation.com\/fr\/wp-json\/wp\/v2\/types\/page"}],"author":[{"embeddable":true,"href":"https:\/\/www.gltfoundation.com\/fr\/wp-json\/wp\/v2\/users\/7"}],"replies":[{"embeddable":true,"href":"https:\/\/www.gltfoundation.com\/fr\/wp-json\/wp\/v2\/comments?post=54789"}],"version-history":[{"count":4,"href":"https:\/\/www.gltfoundation.com\/fr\/wp-json\/wp\/v2\/pages\/54789\/revisions"}],"predecessor-version":[{"id":54796,"href":"https:\/\/www.gltfoundation.com\/fr\/wp-json\/wp\/v2\/pages\/54789\/revisions\/54796"}],"up":[{"embeddable":true,"href":"https:\/\/www.gltfoundation.com\/fr\/wp-json\/wp\/v2\/pages\/54667"}],"wp:attachment":[{"href":"https:\/\/www.gltfoundation.com\/fr\/wp-json\/wp\/v2\/media?parent=54789"}],"wp:term":[{"taxonomy":"category","embeddable":true,"href":"https:\/\/www.gltfoundation.com\/fr\/wp-json\/wp\/v2\/categories?post=54789"}],"curies":[{"name":"wp","href":"https:\/\/api.w.org\/{rel}","templated":true}]}}