{"id":54805,"date":"2023-06-12T12:38:44","date_gmt":"2023-06-12T10:38:44","guid":{"rendered":"https:\/\/www.gltfoundation.com\/?page_id=54805"},"modified":"2025-05-13T16:12:08","modified_gmt":"2025-05-13T14:12:08","slug":"crescere-pari","status":"publish","type":"page","link":"https:\/\/www.gltfoundation.com\/fr\/ecole\/young612\/crescere-pari\/","title":{"rendered":"CRESCERE PARI"},"content":{"rendered":"<!-- INTRO INNER PAGE -->\r\n<section>\r\n    <div class=\"intro-inner-page\">\r\n        <!-- rounded box -->\r\n        <div class=\"container\">\r\n           \r\n                    <div class=\"el-rounded has-shadow-big bg-white\">\r\n                    \n    <div class=\"glt-flex-content-editor\">\n            <div class=\"row\">\n            <div class=\"col\">\n\n                    <div><p><img loading=\"lazy\" decoding=\"async\" class=\"aligncenter wp-image-27705 size-full\" src=\"https:\/\/www.gltfoundation.com\/wp-content\/uploads\/2022\/05\/crescere-pari-logo-basso-1.png\" alt=\"\" width=\"842\" height=\"209\" srcset=\"https:\/\/www.gltfoundation.com\/wp-content\/uploads\/2022\/05\/crescere-pari-logo-basso-1.png 842w, https:\/\/www.gltfoundation.com\/wp-content\/uploads\/2022\/05\/crescere-pari-logo-basso-1-300x74.png 300w, https:\/\/www.gltfoundation.com\/wp-content\/uploads\/2022\/05\/crescere-pari-logo-basso-1-768x191.png 768w, https:\/\/www.gltfoundation.com\/wp-content\/uploads\/2022\/05\/crescere-pari-logo-basso-1-500x124.png 500w\" sizes=\"(max-width: 842px) 100vw, 842px\" \/><\/p>\n<p style=\"text-align: justify;\">Il y a un des objectifs mondiaux de l&rsquo;Agenda 2030 qui traverse et implique tous les 16 autres : c&rsquo;est l&rsquo;objectif 5 sur l&rsquo;<strong>\u00e9galit\u00e9 des genres<\/strong>.<\/p>\n<p style=\"text-align: justify;\">L&rsquo;<strong>\u00e9ducation<\/strong> \u00e0 l&rsquo;\u00e9galit\u00e9 des genres est une forme de pr\u00e9vention de la violence bas\u00e9e sur le genre et c&rsquo;est pourquoi il est important de commencer dans les \u00e9coles &#8211; d\u00e8s l&rsquo;\u00e9cole primaire &#8211; pour accompagner les \u00e9l\u00e8ves \u00e0 se lib\u00e9rer des st\u00e9r\u00e9otypes culturels, en encourageant l&rsquo;assomption de mod\u00e8les anti-violents d&rsquo;identification et de relations.<\/p>\n<p style=\"text-align: justify;\">Les \u00e9l\u00e8ves vivent et habitent l&rsquo;\u00e9cole, un lieu physique de relations: entre pairs de leur propre classe, entre pairs de classes diff\u00e9rentes, avec le personnel adulte, enseignant et non enseignant. Et ces relations ne sont pas neutres ou exemptes de constructions et d&rsquo;h\u00e9ritages culturels, qui entravent la lutte contre la discrimination et peuvent saper les efforts visant \u00e0 cr\u00e9er un environnement inclusif et accueillant, pr\u00eat \u00e0 \u00e9couter.<\/p>\n<p style=\"text-align: justify;\">Avec nos initiatives, nos projets, nos prix, nos bourses et l&rsquo;implication des \u00e9coles dans toutes nos activit\u00e9s de formation et d&rsquo;information, nous nous tenons aux c\u00f4t\u00e9s des enseignants et des chefs d&rsquo;\u00e9tablissement, ainsi que des familles, pour tenter d&rsquo;instaurer ensemble un dialogue pr\u00eat, attentif et permanent qui produise les germes d&rsquo;une culture de respect et de soutien entre les sexes.<\/p>\n<\/div>\r\n            <\/div>\n        <\/div>\n\n        <\/div>\n\n    \n                    <\/div>\r\n              \r\n        <\/div>\r\n        <!-- \/\/ rounded box -->\r\n    <\/div>\r\n<\/section>\r\n<!-- \/\/ INTRO INNER PAGE -->\r\n\n\n\n\n\n\n<!-- INTRO INNER PAGE -->\r\n<section>\r\n    <div class=\"intro-inner-page\">\r\n        <!-- rounded box -->\r\n        <div class=\"container\">\r\n           \r\n                    <div class=\"el-rounded  bg-white\">\r\n                    \n    <div class=\"glt-flex-content-editor\">\n            <div class=\"row\">\n            <div class=\"col\">\n\n                    <div><p style=\"text-align: center;\"><!-- rounded box --><br \/>\n<a class=\"h4 btn btn-large bg-green btn-hover-green me-2 ms-2\" href=\"mailto:segreteria@gltfoundation.com\" target=\"_blank\" rel=\"noopener\">Pour plus d&rsquo;informations sur nos projets avec les \u00e9coles cliquez ici<\/a><br \/>\n<!-- \/\/ rounded box --><\/p>\n<\/div>\r\n            <\/div>\n        <\/div>\n\n        <\/div>\n\n    \n                    <\/div>\r\n              \r\n        <\/div>\r\n        <!-- \/\/ rounded box -->\r\n    <\/div>\r\n<\/section>\r\n<!-- \/\/ INTRO INNER PAGE -->\r\n","protected":false},"excerpt":{"rendered":"","protected":false},"author":7,"featured_media":0,"parent":54667,"menu_order":0,"comment_status":"closed","ping_status":"closed","template":"page-crescere-pari.php","meta":{"_acf_changed":false,"inline_featured_image":false,"_themeisle_gutenberg_block_has_review":false,"footnotes":""},"categories":[],"class_list":["post-54805","page","type-page","status-publish","hentry"],"acf":[],"yoast_head":"<!-- This site is optimized with the Yoast SEO plugin v23.6 - https:\/\/yoast.com\/wordpress\/plugins\/seo\/ -->\n<title>CRESCERE PARI - GLT Foundation<\/title>\n<meta name=\"robots\" content=\"index, follow, max-snippet:-1, max-image-preview:large, max-video-preview:-1\" \/>\n<link rel=\"canonical\" href=\"https:\/\/www.gltfoundation.com\/fr\/ecole\/young612\/crescere-pari\/\" \/>\n<meta property=\"og:locale\" content=\"fr_FR\" \/>\n<meta property=\"og:type\" content=\"article\" \/>\n<meta property=\"og:title\" content=\"CRESCERE PARI - GLT Foundation\" \/>\n<meta property=\"og:url\" content=\"https:\/\/www.gltfoundation.com\/fr\/ecole\/young612\/crescere-pari\/\" \/>\n<meta property=\"og:site_name\" content=\"GLT Foundation\" \/>\n<meta property=\"article:publisher\" content=\"https:\/\/www.facebook.com\/GlobalThinkingFoundation\/\" \/>\n<meta property=\"article:modified_time\" content=\"2025-05-13T14:12:08+00:00\" \/>\n<meta name=\"twitter:card\" content=\"summary_large_image\" \/>\n<meta name=\"twitter:site\" content=\"@GltFoundation\" \/>\n<meta name=\"twitter:label1\" content=\"Dur\u00e9e de lecture estim\u00e9e\" \/>\n\t<meta name=\"twitter:data1\" content=\"7 minutes\" \/>\n<script type=\"application\/ld+json\" class=\"yoast-schema-graph\">{\"@context\":\"https:\/\/schema.org\",\"@graph\":[{\"@type\":\"WebPage\",\"@id\":\"https:\/\/www.gltfoundation.com\/fr\/ecole\/young612\/crescere-pari\/\",\"url\":\"https:\/\/www.gltfoundation.com\/fr\/ecole\/young612\/crescere-pari\/\",\"name\":\"CRESCERE PARI - GLT Foundation\",\"isPartOf\":{\"@id\":\"https:\/\/www.gltfoundation.com\/#website\"},\"datePublished\":\"2023-06-12T10:38:44+00:00\",\"dateModified\":\"2025-05-13T14:12:08+00:00\",\"breadcrumb\":{\"@id\":\"https:\/\/www.gltfoundation.com\/fr\/ecole\/young612\/crescere-pari\/#breadcrumb\"},\"inLanguage\":\"fr-FR\",\"potentialAction\":[{\"@type\":\"ReadAction\",\"target\":[\"https:\/\/www.gltfoundation.com\/fr\/ecole\/young612\/crescere-pari\/\"]}]},{\"@type\":\"BreadcrumbList\",\"@id\":\"https:\/\/www.gltfoundation.com\/fr\/ecole\/young612\/crescere-pari\/#breadcrumb\",\"itemListElement\":[{\"@type\":\"ListItem\",\"position\":1,\"name\":\"Home\",\"item\":\"https:\/\/www.gltfoundation.com\/fr\/\"},{\"@type\":\"ListItem\",\"position\":2,\"name\":\"\u00c9cole\",\"item\":\"https:\/\/www.gltfoundation.com\/fr\/ecole\/\"},{\"@type\":\"ListItem\",\"position\":3,\"name\":\"YOUNG612+\",\"item\":\"https:\/\/www.gltfoundation.com\/fr\/ecole\/young612\/\"},{\"@type\":\"ListItem\",\"position\":4,\"name\":\"CRESCERE PARI\"}]},{\"@type\":\"WebSite\",\"@id\":\"https:\/\/www.gltfoundation.com\/#website\",\"url\":\"https:\/\/www.gltfoundation.com\/\",\"name\":\"GLT Foundation\",\"description\":\"\",\"publisher\":{\"@id\":\"https:\/\/www.gltfoundation.com\/#organization\"},\"potentialAction\":[{\"@type\":\"SearchAction\",\"target\":{\"@type\":\"EntryPoint\",\"urlTemplate\":\"https:\/\/www.gltfoundation.com\/?s={search_term_string}\"},\"query-input\":{\"@type\":\"PropertyValueSpecification\",\"valueRequired\":true,\"valueName\":\"search_term_string\"}}],\"inLanguage\":\"fr-FR\"},{\"@type\":\"Organization\",\"@id\":\"https:\/\/www.gltfoundation.com\/#organization\",\"name\":\"GLT Foundation\",\"url\":\"https:\/\/www.gltfoundation.com\/\",\"logo\":{\"@type\":\"ImageObject\",\"inLanguage\":\"fr-FR\",\"@id\":\"https:\/\/www.gltfoundation.com\/#\/schema\/logo\/image\/\",\"url\":\"https:\/\/www.gltfoundation.com\/wp-content\/uploads\/2023\/05\/logo-glt.png\",\"contentUrl\":\"https:\/\/www.gltfoundation.com\/wp-content\/uploads\/2023\/05\/logo-glt.png\",\"width\":152,\"height\":67,\"caption\":\"GLT Foundation\"},\"image\":{\"@id\":\"https:\/\/www.gltfoundation.com\/#\/schema\/logo\/image\/\"},\"sameAs\":[\"https:\/\/www.facebook.com\/GlobalThinkingFoundation\/\",\"https:\/\/x.com\/GltFoundation\",\"https:\/\/www.youtube.com\/channel\/UCDNBF4vXJH618xaFlqdyYhw\",\"https:\/\/www.linkedin.com\/company\/10678527\/\",\"https:\/\/www.instagram.com\/globalthinkingfoundation\/\"]}]}<\/script>\n<!-- \/ Yoast SEO plugin. -->","yoast_head_json":{"title":"CRESCERE PARI - GLT Foundation","robots":{"index":"index","follow":"follow","max-snippet":"max-snippet:-1","max-image-preview":"max-image-preview:large","max-video-preview":"max-video-preview:-1"},"canonical":"https:\/\/www.gltfoundation.com\/fr\/ecole\/young612\/crescere-pari\/","og_locale":"fr_FR","og_type":"article","og_title":"CRESCERE PARI - GLT Foundation","og_url":"https:\/\/www.gltfoundation.com\/fr\/ecole\/young612\/crescere-pari\/","og_site_name":"GLT Foundation","article_publisher":"https:\/\/www.facebook.com\/GlobalThinkingFoundation\/","article_modified_time":"2025-05-13T14:12:08+00:00","twitter_card":"summary_large_image","twitter_site":"@GltFoundation","twitter_misc":{"Dur\u00e9e de lecture estim\u00e9e":"7 minutes"},"schema":{"@context":"https:\/\/schema.org","@graph":[{"@type":"WebPage","@id":"https:\/\/www.gltfoundation.com\/fr\/ecole\/young612\/crescere-pari\/","url":"https:\/\/www.gltfoundation.com\/fr\/ecole\/young612\/crescere-pari\/","name":"CRESCERE PARI - GLT Foundation","isPartOf":{"@id":"https:\/\/www.gltfoundation.com\/#website"},"datePublished":"2023-06-12T10:38:44+00:00","dateModified":"2025-05-13T14:12:08+00:00","breadcrumb":{"@id":"https:\/\/www.gltfoundation.com\/fr\/ecole\/young612\/crescere-pari\/#breadcrumb"},"inLanguage":"fr-FR","potentialAction":[{"@type":"ReadAction","target":["https:\/\/www.gltfoundation.com\/fr\/ecole\/young612\/crescere-pari\/"]}]},{"@type":"BreadcrumbList","@id":"https:\/\/www.gltfoundation.com\/fr\/ecole\/young612\/crescere-pari\/#breadcrumb","itemListElement":[{"@type":"ListItem","position":1,"name":"Home","item":"https:\/\/www.gltfoundation.com\/fr\/"},{"@type":"ListItem","position":2,"name":"\u00c9cole","item":"https:\/\/www.gltfoundation.com\/fr\/ecole\/"},{"@type":"ListItem","position":3,"name":"YOUNG612+","item":"https:\/\/www.gltfoundation.com\/fr\/ecole\/young612\/"},{"@type":"ListItem","position":4,"name":"CRESCERE PARI"}]},{"@type":"WebSite","@id":"https:\/\/www.gltfoundation.com\/#website","url":"https:\/\/www.gltfoundation.com\/","name":"GLT Foundation","description":"","publisher":{"@id":"https:\/\/www.gltfoundation.com\/#organization"},"potentialAction":[{"@type":"SearchAction","target":{"@type":"EntryPoint","urlTemplate":"https:\/\/www.gltfoundation.com\/?s={search_term_string}"},"query-input":{"@type":"PropertyValueSpecification","valueRequired":true,"valueName":"search_term_string"}}],"inLanguage":"fr-FR"},{"@type":"Organization","@id":"https:\/\/www.gltfoundation.com\/#organization","name":"GLT Foundation","url":"https:\/\/www.gltfoundation.com\/","logo":{"@type":"ImageObject","inLanguage":"fr-FR","@id":"https:\/\/www.gltfoundation.com\/#\/schema\/logo\/image\/","url":"https:\/\/www.gltfoundation.com\/wp-content\/uploads\/2023\/05\/logo-glt.png","contentUrl":"https:\/\/www.gltfoundation.com\/wp-content\/uploads\/2023\/05\/logo-glt.png","width":152,"height":67,"caption":"GLT Foundation"},"image":{"@id":"https:\/\/www.gltfoundation.com\/#\/schema\/logo\/image\/"},"sameAs":["https:\/\/www.facebook.com\/GlobalThinkingFoundation\/","https:\/\/x.com\/GltFoundation","https:\/\/www.youtube.com\/channel\/UCDNBF4vXJH618xaFlqdyYhw","https:\/\/www.linkedin.com\/company\/10678527\/","https:\/\/www.instagram.com\/globalthinkingfoundation\/"]}]}},"_links":{"self":[{"href":"https:\/\/www.gltfoundation.com\/fr\/wp-json\/wp\/v2\/pages\/54805"}],"collection":[{"href":"https:\/\/www.gltfoundation.com\/fr\/wp-json\/wp\/v2\/pages"}],"about":[{"href":"https:\/\/www.gltfoundation.com\/fr\/wp-json\/wp\/v2\/types\/page"}],"author":[{"embeddable":true,"href":"https:\/\/www.gltfoundation.com\/fr\/wp-json\/wp\/v2\/users\/7"}],"replies":[{"embeddable":true,"href":"https:\/\/www.gltfoundation.com\/fr\/wp-json\/wp\/v2\/comments?post=54805"}],"version-history":[{"count":9,"href":"https:\/\/www.gltfoundation.com\/fr\/wp-json\/wp\/v2\/pages\/54805\/revisions"}],"predecessor-version":[{"id":66859,"href":"https:\/\/www.gltfoundation.com\/fr\/wp-json\/wp\/v2\/pages\/54805\/revisions\/66859"}],"up":[{"embeddable":true,"href":"https:\/\/www.gltfoundation.com\/fr\/wp-json\/wp\/v2\/pages\/54667"}],"wp:attachment":[{"href":"https:\/\/www.gltfoundation.com\/fr\/wp-json\/wp\/v2\/media?parent=54805"}],"wp:term":[{"taxonomy":"category","embeddable":true,"href":"https:\/\/www.gltfoundation.com\/fr\/wp-json\/wp\/v2\/categories?post=54805"}],"curies":[{"name":"wp","href":"https:\/\/api.w.org\/{rel}","templated":true}]}}