{"id":54816,"date":"2023-04-20T11:26:09","date_gmt":"2023-04-20T09:26:09","guid":{"rendered":"https:\/\/www.gltfoundation.com\/?page_id=54816"},"modified":"2024-05-21T12:28:03","modified_gmt":"2024-05-21T10:28:03","slug":"materiel-gratuit","status":"publish","type":"page","link":"https:\/\/www.gltfoundation.com\/fr\/ecole\/materiel-gratuit\/","title":{"rendered":"MAT\u00c9RIEL GRATUIT"},"content":{"rendered":"   \n\n      <!-- INTRO INNER PAGE -->\n   <section class=\"intro-part-1\">\n       <div class=\"intro-inner-page bg-blue-light glt-top-space\">\n           <!-- rounded box -->\n           <div class=\"container\">\n               <div class=\"row\">\n                   <div class=\"col\">\n                       <div class=\"el-rounded has-shadow-big bg-white\">\n                           <p class=\"breadcrumbs\" id=\"breadcrumbs\"><span><span><a href=\"https:\/\/www.gltfoundation.com\/fr\/\">Home<\/a><\/span><\/span><\/p>\n                           <div class=\"row justify-content-center\">\n                               <div class=\"col mb-4\">\n                                                                          <h2>MAT\u00c9RIEL GRATUIT<\/h2>\n                                                                                                             <h5 class=\"mt-5\"><p style=\"text-align: justify;\"><span class=\"HwtZe\" lang=\"en\"><span class=\"HwtZe\" lang=\"fr\"><span class=\"jCAhz ChMk0b\"><span class=\"ryNqvb\">D\u00e9couvrez la vari\u00e9t\u00e9 de tous nos mat\u00e9riels mis \u00e0 la disposition des enseignants, des \u00e9tudiants, des familles et des adultes.<\/span><\/span> <span class=\"jCAhz ChMk0b\"><span class=\"ryNqvb\">Ces m\u00eames mat\u00e9riels sont utilis\u00e9s par nos professeurs lors des r\u00e9unions avec les \u00e9tudiants et ont \u00e9t\u00e9 appr\u00e9ci\u00e9s par des milliers d&rsquo;\u00e9tudiants dans toute l&rsquo;Italie.<\/span><\/span><\/span><br \/>\n<\/span><\/p>\n<\/h5>\n                                                                  <\/div>\n                                                          <\/div>\n                                                          <div class=\"share-box mt-8\">\n                                   <span>Partager<\/span>\n                                   <div class=\"a2a_kit a2a_kit_size_ addtoany_list\" data-a2a-url=\"https:\/\/www.gltfoundation.com\/fr\/ecole\/materiel-gratuit\/\" data-a2a-title=\"MAT\u00c9RIEL GRATUIT\"><a class=\"a2a_button_facebook\" href=\"https:\/\/www.addtoany.com\/add_to\/facebook?linkurl=https%3A%2F%2Fwww.gltfoundation.com%2Ffr%2Fecole%2Fmateriel-gratuit%2F&amp;linkname=MAT%C3%89RIEL%20GRATUIT\" title=\"Facebook\" rel=\"nofollow noopener\" target=\"_blank\"><img decoding=\"async\" src=\"\/wp-content\/themes\/GLT\/images\/icons\/facebook.png\" width=\"24\" alt=\"Facebook\"><\/a><a class=\"a2a_button_whatsapp\" href=\"https:\/\/www.addtoany.com\/add_to\/whatsapp?linkurl=https%3A%2F%2Fwww.gltfoundation.com%2Ffr%2Fecole%2Fmateriel-gratuit%2F&amp;linkname=MAT%C3%89RIEL%20GRATUIT\" title=\"WhatsApp\" rel=\"nofollow noopener\" target=\"_blank\"><img decoding=\"async\" src=\"\/wp-content\/themes\/GLT\/images\/icons\/whatsapp.png\" width=\"24\" alt=\"WhatsApp\"><\/a><a class=\"a2a_button_telegram\" href=\"https:\/\/www.addtoany.com\/add_to\/telegram?linkurl=https%3A%2F%2Fwww.gltfoundation.com%2Ffr%2Fecole%2Fmateriel-gratuit%2F&amp;linkname=MAT%C3%89RIEL%20GRATUIT\" title=\"Telegram\" rel=\"nofollow noopener\" target=\"_blank\"><img decoding=\"async\" src=\"\/wp-content\/themes\/GLT\/images\/icons\/telegram.png\" width=\"24\" alt=\"Telegram\"><\/a><a class=\"a2a_button_twitter\" href=\"https:\/\/www.addtoany.com\/add_to\/twitter?linkurl=https%3A%2F%2Fwww.gltfoundation.com%2Ffr%2Fecole%2Fmateriel-gratuit%2F&amp;linkname=MAT%C3%89RIEL%20GRATUIT\" title=\"Twitter\" rel=\"nofollow noopener\" target=\"_blank\"><img decoding=\"async\" src=\"\/wp-content\/themes\/GLT\/images\/icons\/twitter.png\" width=\"24\" alt=\"Twitter\"><\/a><a class=\"a2a_button_linkedin\" href=\"https:\/\/www.addtoany.com\/add_to\/linkedin?linkurl=https%3A%2F%2Fwww.gltfoundation.com%2Ffr%2Fecole%2Fmateriel-gratuit%2F&amp;linkname=MAT%C3%89RIEL%20GRATUIT\" title=\"LinkedIn\" rel=\"nofollow noopener\" target=\"_blank\"><img decoding=\"async\" src=\"\/wp-content\/themes\/GLT\/images\/icons\/linkedin.png\" width=\"24\" alt=\"LinkedIn\"><\/a><\/div>                               <\/div>\n                                                  <\/div>\n                   <\/div>\n               <\/div>\n           <\/div>\n           <!-- \/\/ rounded box -->\n       <\/div>\n   <\/section>\n   <!-- \/\/ INTRO INNER PAGE -->\n\n\r\n    <section class=\"cards-alternate\">\r\n        \r\n                <!-- custom content -->\r\n                <div class=\"custom-content left\">\r\n                    <div class=\"row mb-5\">\r\n                        <div class=\"col-auto mt-8 img-wrapper\">\r\n                                                            <img decoding=\"async\" class=\"el-rounded is-logo\" src=\"https:\/\/www.gltfoundation.com\/wp-content\/uploads\/2023\/09\/en_glossario-mini-book.png\" alt=\"\">\r\n                            \r\n                        <\/div>\r\n                        <div class=\"col-auto mt-8 content-wrapper text-center text-tab-start\">\r\n                            <h4>GLOSSAIRE POUR L\u2019EDUCATION FINANCI\u00c8RE<\/h4>\r\n                            <p style=\"text-align: left;\">D\u00e9sormais dans sa 4\u00e8me \u00e9dition, le Glossaire se confirme comme un outil fondamental pour trouver des informations dont l&rsquo;exactitude et la mise \u00e0 jour sont garanties par la supervision continue des professionnels qui travaillent et collaborent avec la Fondation. Dans cette derni\u00e8re version, les sections assurances et s\u00e9curit\u00e9 sociale ont \u00e9t\u00e9 \u00e9largies et une nouvelle d\u00e9di\u00e9e aux cryptomonnaies a \u00e9t\u00e9 cr\u00e9\u00e9e. Distribu\u00e9 \u00e0 plus de 150 000 exemplaires, il s&rsquo;av\u00e8re \u00eatre le glossaire le plus r\u00e9pandu et le plus consult\u00e9 dans toute l&rsquo;Italie !<\/p>\n                                                            <div class=\"d-flex justify-content-center justify-content-tab-end mt-5 mt-tab-auto\">\r\n                                    <a href=\"https:\/\/www.gltfoundation.com\/fr\/ecole\/glossaire-pour-leducation-financiere\/\" target=\"\" class=\"btn btn-large btn-hover-blue-fluo\">EN SAVOIR PLUS<\/a>\r\n                                <\/div>\r\n                                                    <\/div>\r\n                    <\/div>\r\n                <\/div>\r\n                <!-- \/\/ custom content -->\r\n\r\n\r\n        \r\n                <!-- custom content -->\r\n                <div class=\"custom-content right\">\r\n                    <div class=\"row mb-5\">\r\n                        <div class=\"col-auto mt-8 img-wrapper\">\r\n                                                            <img decoding=\"async\" class=\"el-rounded is-logo\" src=\"https:\/\/www.gltfoundation.com\/wp-content\/uploads\/2023\/06\/young.png\" alt=\"\">\r\n                            \r\n                        <\/div>\r\n                        <div class=\"col-auto mt-8 content-wrapper text-center text-tab-start\">\r\n                            <h4>17 \u00c9TAPES VERS LA DURABILIT\u00c9<\/h4>\r\n                            <p style=\"text-align: left;\">Comment expliquer aux filles et aux gar\u00e7ons l\u2019importance de l\u2019<a href=\"https:\/\/www.agenziacoesione.gov.it\/comunicazione\/agenda-2030-per-lo-sviluppo-sostenibile\/\" target=\"_blank\" rel=\"noopener\">agenda 2030 de l\u2019ONU<\/a> et de ses <strong>17 objectifs mondiaux<\/strong>?<\/p>\n<p style=\"text-align: left;\">C\u2019est pour r\u00e9pondre \u00e0 cette question qu\u2019est n\u00e9 le projet <strong>17 Steps Towards Sustainability<\/strong>: des \u00e9l\u00e8ves, du coll\u00e8ge au d\u00e9but du lyc\u00e9e, interrogeront des experts et des repr\u00e9sentants des <strong>17 ODD<\/strong> de l\u2019Agenda de l\u2019ONU, en leur posant des questions aux quelles il n\u2019est g\u00e9n\u00e9ralement pas r\u00e9pondu. Une attention particuli\u00e8re est accord\u00e9e aux actions qui peuvent \u00eatre entreprises pour atteindre ou am\u00e9liorer les diff\u00e9rents objectifs.<\/p>\n<p style=\"text-align: left;\">Compte tenu de la particularit\u00e9 des intervieweurs, ces dialogues peuvent \u00e9galement \u00eatre appr\u00e9ci\u00e9s par les plus jeunes et devenir un excellent point de d\u00e9part pour une \u00e9tude approfondie en classe.<\/p>\n<p style=\"text-align: left;\">Ces m\u00eames vid\u00e9os sont en fait utilis\u00e9es dans le projet <a href=\"https:\/\/www.gltfoundation.com\/fr\/ecole\/immaginiamo-sostenibile\/\"><strong>ImmaginiAMO sostenibile<\/strong><\/a><\/p>\n                                                            <div class=\"d-flex justify-content-center justify-content-tab-end mt-5 mt-tab-auto\">\r\n                                    <a href=\"https:\/\/www.gltfoundation.com\/fr\/ecole\/young612\/17-etapes-vers-la-durabilite\/\" target=\"\" class=\"btn btn-large btn-hover-blue-fluo\">EN SAVOIR PLUS<\/a>\r\n                                <\/div>\r\n                                                    <\/div>\r\n                    <\/div>\r\n                <\/div>\r\n                <!-- \/\/ custom content -->\r\n\r\n\r\n        \r\n                <!-- custom content -->\r\n                <div class=\"custom-content left\">\r\n                    <div class=\"row mb-5\">\r\n                        <div class=\"col-auto mt-8 img-wrapper\">\r\n                                                            <img decoding=\"async\" class=\"el-rounded is-logo\" src=\"https:\/\/www.gltfoundation.com\/wp-content\/uploads\/2023\/08\/img-cropped-768x333.jpg\" alt=\"\">\r\n                            \r\n                        <\/div>\r\n                        <div class=\"col-auto mt-8 content-wrapper text-center text-tab-start\">\r\n                            <h4>GUIDE PRATIQUE VIOLENCE \u00c9CONOMIQUE ET CONJUGALE <\/h4>\r\n                            <p style=\"text-align: left;\">Ce manuel, unique en son genre, est le r\u00e9sultat d&rsquo;ann\u00e9es d&rsquo;\u00e9tudes, de recherches et d&rsquo;observations de la Fondation.<br \/>\nDans ce texte, vous trouverez tout ce que vous pouvez et devez savoir pour comprendre et combattre la violence \u00e9conomique. Outre la d\u00e9finition de la violence \u00e9conomique, les implications juridiques, civiles et p\u00e9nales ainsi que les aspects du droit de la famille sont abord\u00e9s.<\/p>\n<p style=\"text-align: left;\">Un outil unique avec de nombreux conseils pratiques pour \u00e9viter de sombrer dans la violence \u00e9conomique et de nombreuses aides concr\u00e8tes pour ceux qui ont un besoin urgent d&rsquo;en sortir.<\/p>\n                                                            <div class=\"d-flex justify-content-center justify-content-tab-end mt-5 mt-tab-auto\">\r\n                                    <a href=\"https:\/\/www.gltfoundation.com\/fr\/les-femmes-et-la-familles\/education-financiere-pour-combattre-la-violence-economique\/\" target=\"\" class=\"btn btn-large btn-hover-blue-fluo\">EN SAVOIR PLUS<\/a>\r\n                                <\/div>\r\n                                                    <\/div>\r\n                    <\/div>\r\n                <\/div>\r\n                <!-- \/\/ custom content -->\r\n\r\n\r\n        \r\n                <!-- custom content -->\r\n                <div class=\"custom-content right\">\r\n                    <div class=\"row mb-5\">\r\n                        <div class=\"col-auto mt-8 img-wrapper\">\r\n                                                            <img decoding=\"async\" class=\"el-rounded is-logo\" src=\"https:\/\/www.gltfoundation.com\/wp-content\/uploads\/2023\/08\/B4Kidz_logo_CMYK_STACKED_NF-no-tagline-300x217-1.png\" alt=\"\">\r\n                            \r\n                        <\/div>\r\n                        <div class=\"col-auto mt-8 content-wrapper text-center text-tab-start\">\r\n                            <h4>MANUEL LEGO<\/h4>\r\n                            <p style=\"text-align: left;\">Con\u00e7u pour les enseignants des \u00e9coles maternelles et primaires, ce manuel fournit des informations approfondies sur le th\u00e8me de la durabilit\u00e9, mais simplifi\u00e9es et rendues accessibles aux plus jeunes.<\/p>\n<p style=\"text-align: left;\">L&rsquo;utilisation de LEGO, dans le sillage de la gamification, rend l&rsquo;apprentissage ludique et donc durable sur un sujet qui doit devenir la priorit\u00e9 de chacun: la durabilit\u00e9 dans ses acceptions environnementales, sociales et \u00e9conomiques.<\/p>\n                                                            <div class=\"d-flex justify-content-center justify-content-tab-end mt-5 mt-tab-auto\">\r\n                                    <a href=\"https:\/\/www.gltfoundation.com\/fr\/ecole\/young612\/economie-durable-avec-lego\/\" target=\"\" class=\"btn btn-large btn-hover-blue-fluo\">EN SAVOIR PLUS<\/a>\r\n                                <\/div>\r\n                                                    <\/div>\r\n                    <\/div>\r\n                <\/div>\r\n                <!-- \/\/ custom content -->\r\n\r\n\r\n        \r\n                <!-- custom content -->\r\n                <div class=\"custom-content left\">\r\n                    <div class=\"row mb-5\">\r\n                        <div class=\"col-auto mt-8 img-wrapper\">\r\n                                                            <img decoding=\"async\" class=\"el-rounded is-logo\" src=\"https:\/\/www.gltfoundation.com\/wp-content\/uploads\/2023\/12\/rassegna-3-scaled-e1701446586797.jpeg\" alt=\"\">\r\n                            \r\n                        <\/div>\r\n                        <div class=\"col-auto mt-8 content-wrapper text-center text-tab-start\">\r\n                            <h4>REVUE DE PRESSE<\/h4>\r\n                            <p style=\"text-align: left;\">Cette collection archive toutes les contributions de la Global Thinking Foundation dans les diff\u00e9rents m\u00e9dias de presse: entretiens avec la pr\u00e9sidente Claudia Segre, articles sur les projets publi\u00e9s par des journaux italiens et \u00e9trangers, contributions r\u00e9dig\u00e9es pour la presse du secteur, etc.<\/p>\n                                                            <div class=\"d-flex justify-content-center justify-content-tab-end mt-5 mt-tab-auto\">\r\n                                    <a href=\"https:\/\/www.gltfoundation.com\/fr\/rassegna-stampa\/\" target=\"\" class=\"btn btn-large btn-hover-blue-fluo\">EN SAVOIR PLUS<\/a>\r\n                                <\/div>\r\n                                                    <\/div>\r\n                    <\/div>\r\n                <\/div>\r\n                <!-- \/\/ custom content -->\r\n\r\n\r\n        \r\n                <!-- custom content -->\r\n                <div class=\"custom-content right\">\r\n                    <div class=\"row mb-5\">\r\n                        <div class=\"col-auto mt-8 img-wrapper\">\r\n                                                            <img decoding=\"async\" class=\"el-rounded is-logo\" src=\"https:\/\/www.gltfoundation.com\/wp-content\/uploads\/2023\/12\/pubblicazioni-2-768x512.jpeg\" alt=\"\">\r\n                            \r\n                        <\/div>\r\n                        <div class=\"col-auto mt-8 content-wrapper text-center text-tab-start\">\r\n                            <h4>TOUTES LES PUBLICATIONS<\/h4>\r\n                            <p style=\"text-align: left;\">D&rsquo;innombrables publications gratuites, cinq collections de podcasts, deux publicit\u00e9s et un docufilm: mais les publications de GLT ne s&rsquo;arr\u00eatent jamais et sont constamment mises \u00e0 jour.<\/p>\n                                                            <div class=\"d-flex justify-content-center justify-content-tab-end mt-5 mt-tab-auto\">\r\n                                    <a href=\"https:\/\/www.gltfoundation.com\/fr\/pubblicazioni\/\" target=\"\" class=\"btn btn-large btn-hover-blue-fluo\">EN SAVOIR PLUS<\/a>\r\n                                <\/div>\r\n                                                    <\/div>\r\n                    <\/div>\r\n                <\/div>\r\n                <!-- \/\/ custom content -->\r\n\r\n\r\n        \r\n    <\/section>\r\n\r\n","protected":false},"excerpt":{"rendered":"","protected":false},"author":7,"featured_media":0,"parent":54650,"menu_order":0,"comment_status":"closed","ping_status":"closed","template":"","meta":{"_acf_changed":false,"inline_featured_image":false,"_themeisle_gutenberg_block_has_review":false,"footnotes":""},"categories":[68],"class_list":["post-54816","page","type-page","status-publish","hentry","category-ecole"],"acf":[],"yoast_head":"<!-- This site is optimized with the Yoast SEO plugin v23.6 - https:\/\/yoast.com\/wordpress\/plugins\/seo\/ -->\n<title>MAT\u00c9RIEL GRATUIT - GLT Foundation<\/title>\n<meta name=\"robots\" content=\"index, follow, max-snippet:-1, max-image-preview:large, max-video-preview:-1\" \/>\n<link rel=\"canonical\" href=\"https:\/\/www.gltfoundation.com\/fr\/ecole\/materiel-gratuit\/\" \/>\n<meta property=\"og:locale\" content=\"fr_FR\" \/>\n<meta property=\"og:type\" content=\"article\" \/>\n<meta property=\"og:title\" content=\"MAT\u00c9RIEL GRATUIT - GLT Foundation\" \/>\n<meta property=\"og:url\" content=\"https:\/\/www.gltfoundation.com\/fr\/ecole\/materiel-gratuit\/\" \/>\n<meta property=\"og:site_name\" content=\"GLT Foundation\" \/>\n<meta property=\"article:publisher\" content=\"https:\/\/www.facebook.com\/GlobalThinkingFoundation\/\" \/>\n<meta property=\"article:modified_time\" content=\"2024-05-21T10:28:03+00:00\" \/>\n<meta name=\"twitter:card\" content=\"summary_large_image\" \/>\n<meta name=\"twitter:site\" content=\"@GltFoundation\" \/>\n<meta name=\"twitter:label1\" content=\"Dur\u00e9e de lecture estim\u00e9e\" \/>\n\t<meta name=\"twitter:data1\" content=\"4 minutes\" \/>\n<script type=\"application\/ld+json\" class=\"yoast-schema-graph\">{\"@context\":\"https:\/\/schema.org\",\"@graph\":[{\"@type\":\"WebPage\",\"@id\":\"https:\/\/www.gltfoundation.com\/fr\/ecole\/materiel-gratuit\/\",\"url\":\"https:\/\/www.gltfoundation.com\/fr\/ecole\/materiel-gratuit\/\",\"name\":\"MAT\u00c9RIEL GRATUIT - GLT Foundation\",\"isPartOf\":{\"@id\":\"https:\/\/www.gltfoundation.com\/#website\"},\"datePublished\":\"2023-04-20T09:26:09+00:00\",\"dateModified\":\"2024-05-21T10:28:03+00:00\",\"breadcrumb\":{\"@id\":\"https:\/\/www.gltfoundation.com\/fr\/ecole\/materiel-gratuit\/#breadcrumb\"},\"inLanguage\":\"fr-FR\",\"potentialAction\":[{\"@type\":\"ReadAction\",\"target\":[\"https:\/\/www.gltfoundation.com\/fr\/ecole\/materiel-gratuit\/\"]}]},{\"@type\":\"BreadcrumbList\",\"@id\":\"https:\/\/www.gltfoundation.com\/fr\/ecole\/materiel-gratuit\/#breadcrumb\",\"itemListElement\":[{\"@type\":\"ListItem\",\"position\":1,\"name\":\"Home\",\"item\":\"https:\/\/www.gltfoundation.com\/fr\/\"},{\"@type\":\"ListItem\",\"position\":2,\"name\":\"\u00c9cole\",\"item\":\"https:\/\/www.gltfoundation.com\/fr\/ecole\/\"},{\"@type\":\"ListItem\",\"position\":3,\"name\":\"MAT\u00c9RIEL GRATUIT\"}]},{\"@type\":\"WebSite\",\"@id\":\"https:\/\/www.gltfoundation.com\/#website\",\"url\":\"https:\/\/www.gltfoundation.com\/\",\"name\":\"GLT Foundation\",\"description\":\"\",\"publisher\":{\"@id\":\"https:\/\/www.gltfoundation.com\/#organization\"},\"potentialAction\":[{\"@type\":\"SearchAction\",\"target\":{\"@type\":\"EntryPoint\",\"urlTemplate\":\"https:\/\/www.gltfoundation.com\/?s={search_term_string}\"},\"query-input\":{\"@type\":\"PropertyValueSpecification\",\"valueRequired\":true,\"valueName\":\"search_term_string\"}}],\"inLanguage\":\"fr-FR\"},{\"@type\":\"Organization\",\"@id\":\"https:\/\/www.gltfoundation.com\/#organization\",\"name\":\"GLT Foundation\",\"url\":\"https:\/\/www.gltfoundation.com\/\",\"logo\":{\"@type\":\"ImageObject\",\"inLanguage\":\"fr-FR\",\"@id\":\"https:\/\/www.gltfoundation.com\/#\/schema\/logo\/image\/\",\"url\":\"https:\/\/www.gltfoundation.com\/wp-content\/uploads\/2023\/05\/logo-glt.png\",\"contentUrl\":\"https:\/\/www.gltfoundation.com\/wp-content\/uploads\/2023\/05\/logo-glt.png\",\"width\":152,\"height\":67,\"caption\":\"GLT Foundation\"},\"image\":{\"@id\":\"https:\/\/www.gltfoundation.com\/#\/schema\/logo\/image\/\"},\"sameAs\":[\"https:\/\/www.facebook.com\/GlobalThinkingFoundation\/\",\"https:\/\/x.com\/GltFoundation\",\"https:\/\/www.youtube.com\/channel\/UCDNBF4vXJH618xaFlqdyYhw\",\"https:\/\/www.linkedin.com\/company\/10678527\/\",\"https:\/\/www.instagram.com\/globalthinkingfoundation\/\"]}]}<\/script>\n<!-- \/ Yoast SEO plugin. -->","yoast_head_json":{"title":"MAT\u00c9RIEL GRATUIT - GLT Foundation","robots":{"index":"index","follow":"follow","max-snippet":"max-snippet:-1","max-image-preview":"max-image-preview:large","max-video-preview":"max-video-preview:-1"},"canonical":"https:\/\/www.gltfoundation.com\/fr\/ecole\/materiel-gratuit\/","og_locale":"fr_FR","og_type":"article","og_title":"MAT\u00c9RIEL GRATUIT - GLT Foundation","og_url":"https:\/\/www.gltfoundation.com\/fr\/ecole\/materiel-gratuit\/","og_site_name":"GLT Foundation","article_publisher":"https:\/\/www.facebook.com\/GlobalThinkingFoundation\/","article_modified_time":"2024-05-21T10:28:03+00:00","twitter_card":"summary_large_image","twitter_site":"@GltFoundation","twitter_misc":{"Dur\u00e9e de lecture estim\u00e9e":"4 minutes"},"schema":{"@context":"https:\/\/schema.org","@graph":[{"@type":"WebPage","@id":"https:\/\/www.gltfoundation.com\/fr\/ecole\/materiel-gratuit\/","url":"https:\/\/www.gltfoundation.com\/fr\/ecole\/materiel-gratuit\/","name":"MAT\u00c9RIEL GRATUIT - GLT Foundation","isPartOf":{"@id":"https:\/\/www.gltfoundation.com\/#website"},"datePublished":"2023-04-20T09:26:09+00:00","dateModified":"2024-05-21T10:28:03+00:00","breadcrumb":{"@id":"https:\/\/www.gltfoundation.com\/fr\/ecole\/materiel-gratuit\/#breadcrumb"},"inLanguage":"fr-FR","potentialAction":[{"@type":"ReadAction","target":["https:\/\/www.gltfoundation.com\/fr\/ecole\/materiel-gratuit\/"]}]},{"@type":"BreadcrumbList","@id":"https:\/\/www.gltfoundation.com\/fr\/ecole\/materiel-gratuit\/#breadcrumb","itemListElement":[{"@type":"ListItem","position":1,"name":"Home","item":"https:\/\/www.gltfoundation.com\/fr\/"},{"@type":"ListItem","position":2,"name":"\u00c9cole","item":"https:\/\/www.gltfoundation.com\/fr\/ecole\/"},{"@type":"ListItem","position":3,"name":"MAT\u00c9RIEL GRATUIT"}]},{"@type":"WebSite","@id":"https:\/\/www.gltfoundation.com\/#website","url":"https:\/\/www.gltfoundation.com\/","name":"GLT Foundation","description":"","publisher":{"@id":"https:\/\/www.gltfoundation.com\/#organization"},"potentialAction":[{"@type":"SearchAction","target":{"@type":"EntryPoint","urlTemplate":"https:\/\/www.gltfoundation.com\/?s={search_term_string}"},"query-input":{"@type":"PropertyValueSpecification","valueRequired":true,"valueName":"search_term_string"}}],"inLanguage":"fr-FR"},{"@type":"Organization","@id":"https:\/\/www.gltfoundation.com\/#organization","name":"GLT Foundation","url":"https:\/\/www.gltfoundation.com\/","logo":{"@type":"ImageObject","inLanguage":"fr-FR","@id":"https:\/\/www.gltfoundation.com\/#\/schema\/logo\/image\/","url":"https:\/\/www.gltfoundation.com\/wp-content\/uploads\/2023\/05\/logo-glt.png","contentUrl":"https:\/\/www.gltfoundation.com\/wp-content\/uploads\/2023\/05\/logo-glt.png","width":152,"height":67,"caption":"GLT Foundation"},"image":{"@id":"https:\/\/www.gltfoundation.com\/#\/schema\/logo\/image\/"},"sameAs":["https:\/\/www.facebook.com\/GlobalThinkingFoundation\/","https:\/\/x.com\/GltFoundation","https:\/\/www.youtube.com\/channel\/UCDNBF4vXJH618xaFlqdyYhw","https:\/\/www.linkedin.com\/company\/10678527\/","https:\/\/www.instagram.com\/globalthinkingfoundation\/"]}]}},"_links":{"self":[{"href":"https:\/\/www.gltfoundation.com\/fr\/wp-json\/wp\/v2\/pages\/54816"}],"collection":[{"href":"https:\/\/www.gltfoundation.com\/fr\/wp-json\/wp\/v2\/pages"}],"about":[{"href":"https:\/\/www.gltfoundation.com\/fr\/wp-json\/wp\/v2\/types\/page"}],"author":[{"embeddable":true,"href":"https:\/\/www.gltfoundation.com\/fr\/wp-json\/wp\/v2\/users\/7"}],"replies":[{"embeddable":true,"href":"https:\/\/www.gltfoundation.com\/fr\/wp-json\/wp\/v2\/comments?post=54816"}],"version-history":[{"count":8,"href":"https:\/\/www.gltfoundation.com\/fr\/wp-json\/wp\/v2\/pages\/54816\/revisions"}],"predecessor-version":[{"id":61724,"href":"https:\/\/www.gltfoundation.com\/fr\/wp-json\/wp\/v2\/pages\/54816\/revisions\/61724"}],"up":[{"embeddable":true,"href":"https:\/\/www.gltfoundation.com\/fr\/wp-json\/wp\/v2\/pages\/54650"}],"wp:attachment":[{"href":"https:\/\/www.gltfoundation.com\/fr\/wp-json\/wp\/v2\/media?parent=54816"}],"wp:term":[{"taxonomy":"category","embeddable":true,"href":"https:\/\/www.gltfoundation.com\/fr\/wp-json\/wp\/v2\/categories?post=54816"}],"curies":[{"name":"wp","href":"https:\/\/api.w.org\/{rel}","templated":true}]}}