{"id":54827,"date":"2023-04-20T11:26:35","date_gmt":"2023-04-20T09:26:35","guid":{"rendered":"https:\/\/www.gltfoundation.com\/?page_id=54827"},"modified":"2024-05-21T12:30:40","modified_gmt":"2024-05-21T10:30:40","slug":"portails-et-applications","status":"publish","type":"page","link":"https:\/\/www.gltfoundation.com\/fr\/ecole\/portails-et-applications\/","title":{"rendered":"PORTAILS et APPLICATIONS"},"content":{"rendered":"   \n\n      <!-- INTRO INNER PAGE -->\n   <section class=\"intro-part-1\">\n       <div class=\"intro-inner-page bg-blue-light glt-top-space\">\n           <!-- rounded box -->\n           <div class=\"container\">\n               <div class=\"row\">\n                   <div class=\"col\">\n                       <div class=\"el-rounded has-shadow-big bg-white\">\n                           <p class=\"breadcrumbs\" id=\"breadcrumbs\"><span><span><a href=\"https:\/\/www.gltfoundation.com\/fr\/\">Home<\/a><\/span><\/span><\/p>\n                           <div class=\"row justify-content-center\">\n                               <div class=\"col mb-4\">\n                                                                          <h2>PORTAILS et APPLICATIONS<\/h2>\n                                                                                                             <h5 class=\"mt-5\"><p style=\"text-align: left;\">Emportez toujours Global Thinking Foundation avec vous et t\u00e9l\u00e9chargez l&rsquo;application ou apprenez-en plus gr\u00e2ce \u00e0 nos portails d\u00e9di\u00e9s.<\/p>\n<\/h5>\n                                                                  <\/div>\n                                                          <\/div>\n                                                          <div class=\"share-box mt-8\">\n                                   <span>Partager<\/span>\n                                   <div class=\"a2a_kit a2a_kit_size_ addtoany_list\" data-a2a-url=\"https:\/\/www.gltfoundation.com\/fr\/ecole\/portails-et-applications\/\" data-a2a-title=\"PORTAILS et APPLICATIONS\"><a class=\"a2a_button_facebook\" href=\"https:\/\/www.addtoany.com\/add_to\/facebook?linkurl=https%3A%2F%2Fwww.gltfoundation.com%2Ffr%2Fecole%2Fportails-et-applications%2F&amp;linkname=PORTAILS%20et%20APPLICATIONS\" title=\"Facebook\" rel=\"nofollow noopener\" target=\"_blank\"><img decoding=\"async\" src=\"\/wp-content\/themes\/GLT\/images\/icons\/facebook.png\" width=\"24\" alt=\"Facebook\"><\/a><a class=\"a2a_button_whatsapp\" href=\"https:\/\/www.addtoany.com\/add_to\/whatsapp?linkurl=https%3A%2F%2Fwww.gltfoundation.com%2Ffr%2Fecole%2Fportails-et-applications%2F&amp;linkname=PORTAILS%20et%20APPLICATIONS\" title=\"WhatsApp\" rel=\"nofollow noopener\" target=\"_blank\"><img decoding=\"async\" src=\"\/wp-content\/themes\/GLT\/images\/icons\/whatsapp.png\" width=\"24\" alt=\"WhatsApp\"><\/a><a class=\"a2a_button_telegram\" href=\"https:\/\/www.addtoany.com\/add_to\/telegram?linkurl=https%3A%2F%2Fwww.gltfoundation.com%2Ffr%2Fecole%2Fportails-et-applications%2F&amp;linkname=PORTAILS%20et%20APPLICATIONS\" title=\"Telegram\" rel=\"nofollow noopener\" target=\"_blank\"><img decoding=\"async\" src=\"\/wp-content\/themes\/GLT\/images\/icons\/telegram.png\" width=\"24\" alt=\"Telegram\"><\/a><a class=\"a2a_button_twitter\" href=\"https:\/\/www.addtoany.com\/add_to\/twitter?linkurl=https%3A%2F%2Fwww.gltfoundation.com%2Ffr%2Fecole%2Fportails-et-applications%2F&amp;linkname=PORTAILS%20et%20APPLICATIONS\" title=\"Twitter\" rel=\"nofollow noopener\" target=\"_blank\"><img decoding=\"async\" src=\"\/wp-content\/themes\/GLT\/images\/icons\/twitter.png\" width=\"24\" alt=\"Twitter\"><\/a><a class=\"a2a_button_linkedin\" href=\"https:\/\/www.addtoany.com\/add_to\/linkedin?linkurl=https%3A%2F%2Fwww.gltfoundation.com%2Ffr%2Fecole%2Fportails-et-applications%2F&amp;linkname=PORTAILS%20et%20APPLICATIONS\" title=\"LinkedIn\" rel=\"nofollow noopener\" target=\"_blank\"><img decoding=\"async\" src=\"\/wp-content\/themes\/GLT\/images\/icons\/linkedin.png\" width=\"24\" alt=\"LinkedIn\"><\/a><\/div>                               <\/div>\n                                                  <\/div>\n                   <\/div>\n               <\/div>\n           <\/div>\n           <!-- \/\/ rounded box -->\n       <\/div>\n   <\/section>\n   <!-- \/\/ INTRO INNER PAGE -->\n\n\r\n    <section class=\"cards-alternate\">\r\n        \r\n                <!-- custom content -->\r\n                <div class=\"custom-content left\">\r\n                    <div class=\"row mb-5\">\r\n                        <div class=\"col-auto mt-8 img-wrapper\">\r\n                                                            <img decoding=\"async\" class=\"el-rounded is-logo\" src=\"https:\/\/www.gltfoundation.com\/wp-content\/uploads\/2023\/07\/all_app_en-768x577.png\" alt=\"\">\r\n                            \r\n                        <\/div>\r\n                        <div class=\"col-auto mt-8 content-wrapper text-center text-tab-start\">\r\n                            <h4>La nouvelle APP<\/h4>\r\n                            <p style=\"text-align: left;\">Consapevoli&amp;Indipendenti est la premi\u00e8re application gratuite cr\u00e9\u00e9e pour lutter contre la violence et les abus \u00e9conomiques et promouvoir l&rsquo;inclusion financi\u00e8re.<\/p>\n                                                            <div class=\"d-flex justify-content-center justify-content-tab-end mt-5 mt-tab-auto\">\r\n                                    <a href=\"https:\/\/www.gltfoundation.com\/fr\/les-femmes-et-la-famille\/app-aware-independent\/\" target=\"\" class=\"btn btn-large btn-hover-blue-fluo\">EN SAVOIR PLUS<\/a>\r\n                                <\/div>\r\n                                                    <\/div>\r\n                    <\/div>\r\n                <\/div>\r\n                <!-- \/\/ custom content -->\r\n\r\n\r\n        \r\n                <!-- custom content -->\r\n                <div class=\"custom-content right\">\r\n                    <div class=\"row mb-5\">\r\n                        <div class=\"col-auto mt-8 img-wrapper\">\r\n                                                            <img decoding=\"async\" class=\"el-rounded is-logo\" src=\"https:\/\/www.gltfoundation.com\/wp-content\/uploads\/2022\/11\/desk4-1-768x435.jpg\" alt=\"\">\r\n                            \r\n                        <\/div>\r\n                        <div class=\"col-auto mt-8 content-wrapper text-center text-tab-start\">\r\n                            <h4>GLT Safe&#038;Sound<\/h4>\r\n                            <p style=\"text-align: left;\">Se prot\u00e9ger des cybermenaces implique une intense activit\u00e9 de formation et d\u2019information qui doit faire partie des comp\u00e9tences de chacun.<\/p>\n<p style=\"text-align: left;\">Testez vos connaissances avec notre quiz pour voir dans quelle mesure vous pouvez surfer en toute s\u00e9curit\u00e9.<\/p>\n                                                            <div class=\"d-flex justify-content-center justify-content-tab-end mt-5 mt-tab-auto\">\r\n                                    <a href=\"https:\/\/gltsafeandsound.com\/en\/\" target=\"_blank\" class=\"btn btn-large btn-hover-blue-fluo\">EN SAVOIR PLUS<\/a>\r\n                                <\/div>\r\n                                                    <\/div>\r\n                    <\/div>\r\n                <\/div>\r\n                <!-- \/\/ custom content -->\r\n\r\n\r\n        \r\n                <!-- custom content -->\r\n                <div class=\"custom-content left\">\r\n                    <div class=\"row mb-5\">\r\n                        <div class=\"col-auto mt-8 img-wrapper\">\r\n                                                            <img decoding=\"async\" class=\"el-rounded is-logo\" src=\"https:\/\/www.gltfoundation.com\/wp-content\/uploads\/2019\/07\/logoFamilyMi.jpg\" alt=\"\">\r\n                            \r\n                        <\/div>\r\n                        <div class=\"col-auto mt-8 content-wrapper text-center text-tab-start\">\r\n                            <h4>FamilyMI<\/h4>\r\n                            <p style=\"text-align: left;\">La plateforme FamilyMI est n\u00e9e de la n\u00e9cessit\u00e9 d&rsquo;activer un dialogue constructif sur les connaissances \u00e9conomiques et financi\u00e8res au sein de la famille. Pour cette raison, un parcours d&rsquo;information en pilules vid\u00e9o a \u00e9t\u00e9 cr\u00e9\u00e9 qui part d&rsquo;un questionnaire pour \u00e9valuer les connaissances d\u00e9j\u00e0 ma\u00eetris\u00e9es. Les textes et vid\u00e9os sont \u00e9galement r\u00e9alis\u00e9s en fran\u00e7ais, anglais et LIS pour le plus grand plaisir de tous. De plus, un calculateur de budget gratuit est \u00e9galement disponible sur le portail.<\/p>\n                                                            <div class=\"d-flex justify-content-center justify-content-tab-end mt-5 mt-tab-auto\">\r\n                                    <a href=\"https:\/\/www.familymi.com\/fr\/\" target=\"_blank\" class=\"btn btn-large btn-hover-blue-fluo\">EN SAVOIR PLUS<\/a>\r\n                                <\/div>\r\n                                                    <\/div>\r\n                    <\/div>\r\n                <\/div>\r\n                <!-- \/\/ custom content -->\r\n\r\n\r\n        \r\n    <\/section>\r\n\r\n","protected":false},"excerpt":{"rendered":"","protected":false},"author":7,"featured_media":0,"parent":54650,"menu_order":0,"comment_status":"closed","ping_status":"closed","template":"","meta":{"_acf_changed":false,"inline_featured_image":false,"_themeisle_gutenberg_block_has_review":false,"footnotes":""},"categories":[68],"class_list":["post-54827","page","type-page","status-publish","hentry","category-ecole"],"acf":[],"yoast_head":"<!-- This site is optimized with the Yoast SEO plugin v23.6 - https:\/\/yoast.com\/wordpress\/plugins\/seo\/ -->\n<title>PORTAILS et APPLICATIONS - GLT Foundation<\/title>\n<meta name=\"robots\" content=\"index, follow, max-snippet:-1, max-image-preview:large, max-video-preview:-1\" \/>\n<link rel=\"canonical\" href=\"https:\/\/www.gltfoundation.com\/fr\/ecole\/portails-et-applications\/\" \/>\n<meta property=\"og:locale\" content=\"fr_FR\" \/>\n<meta property=\"og:type\" content=\"article\" \/>\n<meta property=\"og:title\" content=\"PORTAILS et APPLICATIONS - GLT Foundation\" \/>\n<meta property=\"og:url\" content=\"https:\/\/www.gltfoundation.com\/fr\/ecole\/portails-et-applications\/\" \/>\n<meta property=\"og:site_name\" content=\"GLT Foundation\" \/>\n<meta property=\"article:publisher\" content=\"https:\/\/www.facebook.com\/GlobalThinkingFoundation\/\" \/>\n<meta property=\"article:modified_time\" content=\"2024-05-21T10:30:40+00:00\" \/>\n<meta name=\"twitter:card\" content=\"summary_large_image\" \/>\n<meta name=\"twitter:site\" content=\"@GltFoundation\" \/>\n<meta name=\"twitter:label1\" content=\"Dur\u00e9e de lecture estim\u00e9e\" \/>\n\t<meta name=\"twitter:data1\" content=\"2 minutes\" \/>\n<script type=\"application\/ld+json\" class=\"yoast-schema-graph\">{\"@context\":\"https:\/\/schema.org\",\"@graph\":[{\"@type\":\"WebPage\",\"@id\":\"https:\/\/www.gltfoundation.com\/fr\/ecole\/portails-et-applications\/\",\"url\":\"https:\/\/www.gltfoundation.com\/fr\/ecole\/portails-et-applications\/\",\"name\":\"PORTAILS et APPLICATIONS - GLT Foundation\",\"isPartOf\":{\"@id\":\"https:\/\/www.gltfoundation.com\/#website\"},\"datePublished\":\"2023-04-20T09:26:35+00:00\",\"dateModified\":\"2024-05-21T10:30:40+00:00\",\"breadcrumb\":{\"@id\":\"https:\/\/www.gltfoundation.com\/fr\/ecole\/portails-et-applications\/#breadcrumb\"},\"inLanguage\":\"fr-FR\",\"potentialAction\":[{\"@type\":\"ReadAction\",\"target\":[\"https:\/\/www.gltfoundation.com\/fr\/ecole\/portails-et-applications\/\"]}]},{\"@type\":\"BreadcrumbList\",\"@id\":\"https:\/\/www.gltfoundation.com\/fr\/ecole\/portails-et-applications\/#breadcrumb\",\"itemListElement\":[{\"@type\":\"ListItem\",\"position\":1,\"name\":\"Home\",\"item\":\"https:\/\/www.gltfoundation.com\/fr\/\"},{\"@type\":\"ListItem\",\"position\":2,\"name\":\"\u00c9cole\",\"item\":\"https:\/\/www.gltfoundation.com\/fr\/ecole\/\"},{\"@type\":\"ListItem\",\"position\":3,\"name\":\"PORTAILS et APPLICATIONS\"}]},{\"@type\":\"WebSite\",\"@id\":\"https:\/\/www.gltfoundation.com\/#website\",\"url\":\"https:\/\/www.gltfoundation.com\/\",\"name\":\"GLT Foundation\",\"description\":\"\",\"publisher\":{\"@id\":\"https:\/\/www.gltfoundation.com\/#organization\"},\"potentialAction\":[{\"@type\":\"SearchAction\",\"target\":{\"@type\":\"EntryPoint\",\"urlTemplate\":\"https:\/\/www.gltfoundation.com\/?s={search_term_string}\"},\"query-input\":{\"@type\":\"PropertyValueSpecification\",\"valueRequired\":true,\"valueName\":\"search_term_string\"}}],\"inLanguage\":\"fr-FR\"},{\"@type\":\"Organization\",\"@id\":\"https:\/\/www.gltfoundation.com\/#organization\",\"name\":\"GLT Foundation\",\"url\":\"https:\/\/www.gltfoundation.com\/\",\"logo\":{\"@type\":\"ImageObject\",\"inLanguage\":\"fr-FR\",\"@id\":\"https:\/\/www.gltfoundation.com\/#\/schema\/logo\/image\/\",\"url\":\"https:\/\/www.gltfoundation.com\/wp-content\/uploads\/2023\/05\/logo-glt.png\",\"contentUrl\":\"https:\/\/www.gltfoundation.com\/wp-content\/uploads\/2023\/05\/logo-glt.png\",\"width\":152,\"height\":67,\"caption\":\"GLT Foundation\"},\"image\":{\"@id\":\"https:\/\/www.gltfoundation.com\/#\/schema\/logo\/image\/\"},\"sameAs\":[\"https:\/\/www.facebook.com\/GlobalThinkingFoundation\/\",\"https:\/\/x.com\/GltFoundation\",\"https:\/\/www.youtube.com\/channel\/UCDNBF4vXJH618xaFlqdyYhw\",\"https:\/\/www.linkedin.com\/company\/10678527\/\",\"https:\/\/www.instagram.com\/globalthinkingfoundation\/\"]}]}<\/script>\n<!-- \/ Yoast SEO plugin. -->","yoast_head_json":{"title":"PORTAILS et APPLICATIONS - GLT Foundation","robots":{"index":"index","follow":"follow","max-snippet":"max-snippet:-1","max-image-preview":"max-image-preview:large","max-video-preview":"max-video-preview:-1"},"canonical":"https:\/\/www.gltfoundation.com\/fr\/ecole\/portails-et-applications\/","og_locale":"fr_FR","og_type":"article","og_title":"PORTAILS et APPLICATIONS - GLT Foundation","og_url":"https:\/\/www.gltfoundation.com\/fr\/ecole\/portails-et-applications\/","og_site_name":"GLT Foundation","article_publisher":"https:\/\/www.facebook.com\/GlobalThinkingFoundation\/","article_modified_time":"2024-05-21T10:30:40+00:00","twitter_card":"summary_large_image","twitter_site":"@GltFoundation","twitter_misc":{"Dur\u00e9e de lecture estim\u00e9e":"2 minutes"},"schema":{"@context":"https:\/\/schema.org","@graph":[{"@type":"WebPage","@id":"https:\/\/www.gltfoundation.com\/fr\/ecole\/portails-et-applications\/","url":"https:\/\/www.gltfoundation.com\/fr\/ecole\/portails-et-applications\/","name":"PORTAILS et APPLICATIONS - GLT Foundation","isPartOf":{"@id":"https:\/\/www.gltfoundation.com\/#website"},"datePublished":"2023-04-20T09:26:35+00:00","dateModified":"2024-05-21T10:30:40+00:00","breadcrumb":{"@id":"https:\/\/www.gltfoundation.com\/fr\/ecole\/portails-et-applications\/#breadcrumb"},"inLanguage":"fr-FR","potentialAction":[{"@type":"ReadAction","target":["https:\/\/www.gltfoundation.com\/fr\/ecole\/portails-et-applications\/"]}]},{"@type":"BreadcrumbList","@id":"https:\/\/www.gltfoundation.com\/fr\/ecole\/portails-et-applications\/#breadcrumb","itemListElement":[{"@type":"ListItem","position":1,"name":"Home","item":"https:\/\/www.gltfoundation.com\/fr\/"},{"@type":"ListItem","position":2,"name":"\u00c9cole","item":"https:\/\/www.gltfoundation.com\/fr\/ecole\/"},{"@type":"ListItem","position":3,"name":"PORTAILS et APPLICATIONS"}]},{"@type":"WebSite","@id":"https:\/\/www.gltfoundation.com\/#website","url":"https:\/\/www.gltfoundation.com\/","name":"GLT Foundation","description":"","publisher":{"@id":"https:\/\/www.gltfoundation.com\/#organization"},"potentialAction":[{"@type":"SearchAction","target":{"@type":"EntryPoint","urlTemplate":"https:\/\/www.gltfoundation.com\/?s={search_term_string}"},"query-input":{"@type":"PropertyValueSpecification","valueRequired":true,"valueName":"search_term_string"}}],"inLanguage":"fr-FR"},{"@type":"Organization","@id":"https:\/\/www.gltfoundation.com\/#organization","name":"GLT Foundation","url":"https:\/\/www.gltfoundation.com\/","logo":{"@type":"ImageObject","inLanguage":"fr-FR","@id":"https:\/\/www.gltfoundation.com\/#\/schema\/logo\/image\/","url":"https:\/\/www.gltfoundation.com\/wp-content\/uploads\/2023\/05\/logo-glt.png","contentUrl":"https:\/\/www.gltfoundation.com\/wp-content\/uploads\/2023\/05\/logo-glt.png","width":152,"height":67,"caption":"GLT Foundation"},"image":{"@id":"https:\/\/www.gltfoundation.com\/#\/schema\/logo\/image\/"},"sameAs":["https:\/\/www.facebook.com\/GlobalThinkingFoundation\/","https:\/\/x.com\/GltFoundation","https:\/\/www.youtube.com\/channel\/UCDNBF4vXJH618xaFlqdyYhw","https:\/\/www.linkedin.com\/company\/10678527\/","https:\/\/www.instagram.com\/globalthinkingfoundation\/"]}]}},"_links":{"self":[{"href":"https:\/\/www.gltfoundation.com\/fr\/wp-json\/wp\/v2\/pages\/54827"}],"collection":[{"href":"https:\/\/www.gltfoundation.com\/fr\/wp-json\/wp\/v2\/pages"}],"about":[{"href":"https:\/\/www.gltfoundation.com\/fr\/wp-json\/wp\/v2\/types\/page"}],"author":[{"embeddable":true,"href":"https:\/\/www.gltfoundation.com\/fr\/wp-json\/wp\/v2\/users\/7"}],"replies":[{"embeddable":true,"href":"https:\/\/www.gltfoundation.com\/fr\/wp-json\/wp\/v2\/comments?post=54827"}],"version-history":[{"count":3,"href":"https:\/\/www.gltfoundation.com\/fr\/wp-json\/wp\/v2\/pages\/54827\/revisions"}],"predecessor-version":[{"id":61726,"href":"https:\/\/www.gltfoundation.com\/fr\/wp-json\/wp\/v2\/pages\/54827\/revisions\/61726"}],"up":[{"embeddable":true,"href":"https:\/\/www.gltfoundation.com\/fr\/wp-json\/wp\/v2\/pages\/54650"}],"wp:attachment":[{"href":"https:\/\/www.gltfoundation.com\/fr\/wp-json\/wp\/v2\/media?parent=54827"}],"wp:term":[{"taxonomy":"category","embeddable":true,"href":"https:\/\/www.gltfoundation.com\/fr\/wp-json\/wp\/v2\/categories?post=54827"}],"curies":[{"name":"wp","href":"https:\/\/api.w.org\/{rel}","templated":true}]}}