{"id":54838,"date":"2023-04-17T18:20:27","date_gmt":"2023-04-17T16:20:27","guid":{"rendered":"https:\/\/www.gltfoundation.com\/?page_id=54838"},"modified":"2023-09-29T12:58:22","modified_gmt":"2023-09-29T10:58:22","slug":"calculateur-de-budget","status":"publish","type":"page","link":"https:\/\/www.gltfoundation.com\/fr\/calculateur-de-budget\/","title":{"rendered":"Calculateur de budget"},"content":{"rendered":"   \n\n      <!-- INTRO INNER PAGE -->\n   <section class=\"intro-part-1\">\n       <div class=\"intro-inner-page bg-green-light glt-top-space\">\n           <!-- rounded box -->\n           <div class=\"container\">\n               <div class=\"row\">\n                   <div class=\"col\">\n                       <div class=\"el-rounded has-shadow-big bg-white\">\n                           <p class=\"breadcrumbs\" id=\"breadcrumbs\"><span><span><a href=\"https:\/\/www.gltfoundation.com\/fr\/\">Home<\/a><\/span><\/span><\/p>\n                           <div class=\"row justify-content-center\">\n                               <div class=\"col mb-4\">\n                                                                          <h2>Calculateur de budget<\/h2>\n                                                                                                             <h5 class=\"mt-5\"><h3><strong style=\"color:red\">Estimation moyenne personnelle<\/strong><\/h3>\n<p>Ce calculateur vous aidera \u00e0 \u00e9tablir un budget simplifi\u00e9.<br \/>\nIl est facile \u00e0 remplir. Vous inscrivez poste par poste vos revenus et vos d\u00e9penses, en choisissant leur fr\u00e9quence (hebdomadaire, mensuelle&#8230;).<br \/>\nLe calculateur fera le reste, il vous dira ce qu\u2019en moyenne vous gagnez et d\u00e9pensez par mois.<\/p>\n<p>Vous saurez ainsi si vous arrivez \u00e0 mettre de l\u2019argent de c\u00f4t\u00e9 ou si vous \u00eates dans le rouge.<\/p>\n<\/h5>\n                                                                  <\/div>\n                                                          <\/div>\n                                                          <div class=\"share-box mt-8\">\n                                   <span>Partager<\/span>\n                                   <div class=\"a2a_kit a2a_kit_size_ addtoany_list\" data-a2a-url=\"https:\/\/www.gltfoundation.com\/fr\/calculateur-de-budget\/\" data-a2a-title=\"Calculateur de budget\"><a class=\"a2a_button_facebook\" href=\"https:\/\/www.addtoany.com\/add_to\/facebook?linkurl=https%3A%2F%2Fwww.gltfoundation.com%2Ffr%2Fcalculateur-de-budget%2F&amp;linkname=Calculateur%20de%20budget\" title=\"Facebook\" rel=\"nofollow noopener\" target=\"_blank\"><img decoding=\"async\" src=\"\/wp-content\/themes\/GLT\/images\/icons\/facebook.png\" width=\"24\" alt=\"Facebook\"><\/a><a class=\"a2a_button_whatsapp\" href=\"https:\/\/www.addtoany.com\/add_to\/whatsapp?linkurl=https%3A%2F%2Fwww.gltfoundation.com%2Ffr%2Fcalculateur-de-budget%2F&amp;linkname=Calculateur%20de%20budget\" title=\"WhatsApp\" rel=\"nofollow noopener\" target=\"_blank\"><img decoding=\"async\" src=\"\/wp-content\/themes\/GLT\/images\/icons\/whatsapp.png\" width=\"24\" alt=\"WhatsApp\"><\/a><a class=\"a2a_button_telegram\" href=\"https:\/\/www.addtoany.com\/add_to\/telegram?linkurl=https%3A%2F%2Fwww.gltfoundation.com%2Ffr%2Fcalculateur-de-budget%2F&amp;linkname=Calculateur%20de%20budget\" title=\"Telegram\" rel=\"nofollow noopener\" target=\"_blank\"><img decoding=\"async\" src=\"\/wp-content\/themes\/GLT\/images\/icons\/telegram.png\" width=\"24\" alt=\"Telegram\"><\/a><a class=\"a2a_button_twitter\" href=\"https:\/\/www.addtoany.com\/add_to\/twitter?linkurl=https%3A%2F%2Fwww.gltfoundation.com%2Ffr%2Fcalculateur-de-budget%2F&amp;linkname=Calculateur%20de%20budget\" title=\"Twitter\" rel=\"nofollow noopener\" target=\"_blank\"><img decoding=\"async\" src=\"\/wp-content\/themes\/GLT\/images\/icons\/twitter.png\" width=\"24\" alt=\"Twitter\"><\/a><a class=\"a2a_button_linkedin\" href=\"https:\/\/www.addtoany.com\/add_to\/linkedin?linkurl=https%3A%2F%2Fwww.gltfoundation.com%2Ffr%2Fcalculateur-de-budget%2F&amp;linkname=Calculateur%20de%20budget\" title=\"LinkedIn\" rel=\"nofollow noopener\" target=\"_blank\"><img decoding=\"async\" src=\"\/wp-content\/themes\/GLT\/images\/icons\/linkedin.png\" width=\"24\" alt=\"LinkedIn\"><\/a><\/div>                               <\/div>\n                                                  <\/div>\n                   <\/div>\n               <\/div>\n           <\/div>\n           <!-- \/\/ rounded box -->\n       <\/div>\n   <\/section>\n   <!-- \/\/ INTRO INNER PAGE -->\n\n\n<p><\/p>\n\n\n\n<p><\/p>\n","protected":false},"excerpt":{"rendered":"","protected":false},"author":7,"featured_media":0,"parent":0,"menu_order":0,"comment_status":"closed","ping_status":"closed","template":"page-budget-calculator.php","meta":{"_acf_changed":false,"inline_featured_image":false,"_themeisle_gutenberg_block_has_review":false,"footnotes":""},"categories":[],"class_list":["post-54838","page","type-page","status-publish","hentry"],"acf":[],"yoast_head":"<!-- This site is optimized with the Yoast SEO plugin v23.6 - https:\/\/yoast.com\/wordpress\/plugins\/seo\/ -->\n<title>Calculateur de budget - GLT Foundation<\/title>\n<meta name=\"robots\" content=\"index, follow, max-snippet:-1, max-image-preview:large, max-video-preview:-1\" \/>\n<link rel=\"canonical\" href=\"https:\/\/www.gltfoundation.com\/fr\/calculateur-de-budget\/\" \/>\n<meta property=\"og:locale\" content=\"fr_FR\" \/>\n<meta property=\"og:type\" content=\"article\" \/>\n<meta property=\"og:title\" content=\"Calculateur de budget - GLT Foundation\" \/>\n<meta property=\"og:url\" content=\"https:\/\/www.gltfoundation.com\/fr\/calculateur-de-budget\/\" \/>\n<meta property=\"og:site_name\" content=\"GLT Foundation\" \/>\n<meta property=\"article:publisher\" content=\"https:\/\/www.facebook.com\/GlobalThinkingFoundation\/\" \/>\n<meta property=\"article:modified_time\" content=\"2023-09-29T10:58:22+00:00\" \/>\n<meta name=\"twitter:card\" content=\"summary_large_image\" \/>\n<meta name=\"twitter:site\" content=\"@GltFoundation\" \/>\n<script type=\"application\/ld+json\" class=\"yoast-schema-graph\">{\"@context\":\"https:\/\/schema.org\",\"@graph\":[{\"@type\":\"WebPage\",\"@id\":\"https:\/\/www.gltfoundation.com\/fr\/calculateur-de-budget\/\",\"url\":\"https:\/\/www.gltfoundation.com\/fr\/calculateur-de-budget\/\",\"name\":\"Calculateur de budget - GLT Foundation\",\"isPartOf\":{\"@id\":\"https:\/\/www.gltfoundation.com\/#website\"},\"datePublished\":\"2023-04-17T16:20:27+00:00\",\"dateModified\":\"2023-09-29T10:58:22+00:00\",\"breadcrumb\":{\"@id\":\"https:\/\/www.gltfoundation.com\/fr\/calculateur-de-budget\/#breadcrumb\"},\"inLanguage\":\"fr-FR\",\"potentialAction\":[{\"@type\":\"ReadAction\",\"target\":[\"https:\/\/www.gltfoundation.com\/fr\/calculateur-de-budget\/\"]}]},{\"@type\":\"BreadcrumbList\",\"@id\":\"https:\/\/www.gltfoundation.com\/fr\/calculateur-de-budget\/#breadcrumb\",\"itemListElement\":[{\"@type\":\"ListItem\",\"position\":1,\"name\":\"Home\",\"item\":\"https:\/\/www.gltfoundation.com\/fr\/\"},{\"@type\":\"ListItem\",\"position\":2,\"name\":\"Calculateur de budget\"}]},{\"@type\":\"WebSite\",\"@id\":\"https:\/\/www.gltfoundation.com\/#website\",\"url\":\"https:\/\/www.gltfoundation.com\/\",\"name\":\"GLT Foundation\",\"description\":\"\",\"publisher\":{\"@id\":\"https:\/\/www.gltfoundation.com\/#organization\"},\"potentialAction\":[{\"@type\":\"SearchAction\",\"target\":{\"@type\":\"EntryPoint\",\"urlTemplate\":\"https:\/\/www.gltfoundation.com\/?s={search_term_string}\"},\"query-input\":{\"@type\":\"PropertyValueSpecification\",\"valueRequired\":true,\"valueName\":\"search_term_string\"}}],\"inLanguage\":\"fr-FR\"},{\"@type\":\"Organization\",\"@id\":\"https:\/\/www.gltfoundation.com\/#organization\",\"name\":\"GLT Foundation\",\"url\":\"https:\/\/www.gltfoundation.com\/\",\"logo\":{\"@type\":\"ImageObject\",\"inLanguage\":\"fr-FR\",\"@id\":\"https:\/\/www.gltfoundation.com\/#\/schema\/logo\/image\/\",\"url\":\"https:\/\/www.gltfoundation.com\/wp-content\/uploads\/2023\/05\/logo-glt.png\",\"contentUrl\":\"https:\/\/www.gltfoundation.com\/wp-content\/uploads\/2023\/05\/logo-glt.png\",\"width\":152,\"height\":67,\"caption\":\"GLT Foundation\"},\"image\":{\"@id\":\"https:\/\/www.gltfoundation.com\/#\/schema\/logo\/image\/\"},\"sameAs\":[\"https:\/\/www.facebook.com\/GlobalThinkingFoundation\/\",\"https:\/\/x.com\/GltFoundation\",\"https:\/\/www.youtube.com\/channel\/UCDNBF4vXJH618xaFlqdyYhw\",\"https:\/\/www.linkedin.com\/company\/10678527\/\",\"https:\/\/www.instagram.com\/globalthinkingfoundation\/\"]}]}<\/script>\n<!-- \/ Yoast SEO plugin. -->","yoast_head_json":{"title":"Calculateur de budget - GLT Foundation","robots":{"index":"index","follow":"follow","max-snippet":"max-snippet:-1","max-image-preview":"max-image-preview:large","max-video-preview":"max-video-preview:-1"},"canonical":"https:\/\/www.gltfoundation.com\/fr\/calculateur-de-budget\/","og_locale":"fr_FR","og_type":"article","og_title":"Calculateur de budget - GLT Foundation","og_url":"https:\/\/www.gltfoundation.com\/fr\/calculateur-de-budget\/","og_site_name":"GLT Foundation","article_publisher":"https:\/\/www.facebook.com\/GlobalThinkingFoundation\/","article_modified_time":"2023-09-29T10:58:22+00:00","twitter_card":"summary_large_image","twitter_site":"@GltFoundation","schema":{"@context":"https:\/\/schema.org","@graph":[{"@type":"WebPage","@id":"https:\/\/www.gltfoundation.com\/fr\/calculateur-de-budget\/","url":"https:\/\/www.gltfoundation.com\/fr\/calculateur-de-budget\/","name":"Calculateur de budget - GLT Foundation","isPartOf":{"@id":"https:\/\/www.gltfoundation.com\/#website"},"datePublished":"2023-04-17T16:20:27+00:00","dateModified":"2023-09-29T10:58:22+00:00","breadcrumb":{"@id":"https:\/\/www.gltfoundation.com\/fr\/calculateur-de-budget\/#breadcrumb"},"inLanguage":"fr-FR","potentialAction":[{"@type":"ReadAction","target":["https:\/\/www.gltfoundation.com\/fr\/calculateur-de-budget\/"]}]},{"@type":"BreadcrumbList","@id":"https:\/\/www.gltfoundation.com\/fr\/calculateur-de-budget\/#breadcrumb","itemListElement":[{"@type":"ListItem","position":1,"name":"Home","item":"https:\/\/www.gltfoundation.com\/fr\/"},{"@type":"ListItem","position":2,"name":"Calculateur de budget"}]},{"@type":"WebSite","@id":"https:\/\/www.gltfoundation.com\/#website","url":"https:\/\/www.gltfoundation.com\/","name":"GLT Foundation","description":"","publisher":{"@id":"https:\/\/www.gltfoundation.com\/#organization"},"potentialAction":[{"@type":"SearchAction","target":{"@type":"EntryPoint","urlTemplate":"https:\/\/www.gltfoundation.com\/?s={search_term_string}"},"query-input":{"@type":"PropertyValueSpecification","valueRequired":true,"valueName":"search_term_string"}}],"inLanguage":"fr-FR"},{"@type":"Organization","@id":"https:\/\/www.gltfoundation.com\/#organization","name":"GLT Foundation","url":"https:\/\/www.gltfoundation.com\/","logo":{"@type":"ImageObject","inLanguage":"fr-FR","@id":"https:\/\/www.gltfoundation.com\/#\/schema\/logo\/image\/","url":"https:\/\/www.gltfoundation.com\/wp-content\/uploads\/2023\/05\/logo-glt.png","contentUrl":"https:\/\/www.gltfoundation.com\/wp-content\/uploads\/2023\/05\/logo-glt.png","width":152,"height":67,"caption":"GLT Foundation"},"image":{"@id":"https:\/\/www.gltfoundation.com\/#\/schema\/logo\/image\/"},"sameAs":["https:\/\/www.facebook.com\/GlobalThinkingFoundation\/","https:\/\/x.com\/GltFoundation","https:\/\/www.youtube.com\/channel\/UCDNBF4vXJH618xaFlqdyYhw","https:\/\/www.linkedin.com\/company\/10678527\/","https:\/\/www.instagram.com\/globalthinkingfoundation\/"]}]}},"_links":{"self":[{"href":"https:\/\/www.gltfoundation.com\/fr\/wp-json\/wp\/v2\/pages\/54838"}],"collection":[{"href":"https:\/\/www.gltfoundation.com\/fr\/wp-json\/wp\/v2\/pages"}],"about":[{"href":"https:\/\/www.gltfoundation.com\/fr\/wp-json\/wp\/v2\/types\/page"}],"author":[{"embeddable":true,"href":"https:\/\/www.gltfoundation.com\/fr\/wp-json\/wp\/v2\/users\/7"}],"replies":[{"embeddable":true,"href":"https:\/\/www.gltfoundation.com\/fr\/wp-json\/wp\/v2\/comments?post=54838"}],"version-history":[{"count":2,"href":"https:\/\/www.gltfoundation.com\/fr\/wp-json\/wp\/v2\/pages\/54838\/revisions"}],"predecessor-version":[{"id":54840,"href":"https:\/\/www.gltfoundation.com\/fr\/wp-json\/wp\/v2\/pages\/54838\/revisions\/54840"}],"wp:attachment":[{"href":"https:\/\/www.gltfoundation.com\/fr\/wp-json\/wp\/v2\/media?parent=54838"}],"wp:term":[{"taxonomy":"category","embeddable":true,"href":"https:\/\/www.gltfoundation.com\/fr\/wp-json\/wp\/v2\/categories?post=54838"}],"curies":[{"name":"wp","href":"https:\/\/api.w.org\/{rel}","templated":true}]}}