{"id":56749,"date":"2023-10-12T14:50:05","date_gmt":"2023-10-12T12:50:05","guid":{"rendered":"https:\/\/www.gltfoundation.com\/contatti\/"},"modified":"2025-04-15T17:20:17","modified_gmt":"2025-04-15T15:20:17","slug":"contacts","status":"publish","type":"page","link":"https:\/\/www.gltfoundation.com\/fr\/contacts\/","title":{"rendered":"Contacts"},"content":{"rendered":"<div class=\"row footer-list\">\n<div class=\"col col-tablet-auto mt-10\">\n<h4>GLOBAL THINKING FOUNDATION<\/h4>\n<div>\n<p><strong>Si\u00e8ge juridique et op\u00e9rationnel<\/strong><br \/>\nVia Aosta, 21<br \/>\n20155 Milan<br \/>\n<a href=\"tel:0249540302\">+39 02 4954 0302<\/a><br \/>\n<a href=\"mailto:segreteria@gltfoundation.com\">segreteria@gltfoundation.com<\/a><br \/>\nPEC: <a href=\"mailto:gltfoundation@pec.it\">gltfoundation@pec.it<\/a><br \/>\nP. IVA: 09578750961<\/p>\n<\/div>\n<\/div>\n<div class=\"col col-tablet-auto mt-10\">\n<h4>COURS GRATUITS POUR DONNE AL QUADRATO ET BRANCHES POUR DONNE AL QUADRATO<\/h4>\n<div>\n<p><a href=\"mailto:donnealquadrato@gltfoundation.com\">donnealquadrato@gltfoundation.com<\/a><br \/>\n<a href=\"mailto:sportelloglt@gmail.com\">sportelloglt@gmail.com<\/a><br \/>\n<strong>Whatsapp Chat 24\/7<br \/>\n<a href=\"tel:3317918617\">+39 331 7918617<\/a><\/strong><\/p>\n<\/div>\n<h4>\u00c9V\u00c9NEMENTS GRATUITS<\/h4>\n<p><a href=\"mailto:eventi@gltfoundation.com\">eventi@gltfoundation.com<\/a><\/p>\n<\/div>\n<div class=\"col col-tablet-auto mt-10\">\n<h4>SI\u00c8GE OP\u00c9RATIONNEL \u00c0 ROME<\/h4>\n<div>\n<p>Via Marsala, 29H<br \/>\n00185 Rome<br \/>\n(presso : Binario F)<br \/>\n<strong>R\u00e9f\u00e9rent responsable:<\/strong><br \/>\nClaudia Pieroni<br \/>\n<a href=\"mailto:socialimpact@gltfoundation.com\">socialimpact@gltfoundation.com<\/a><\/p>\n<\/div>\n<\/div>\n<div class=\"col col-tablet-auto mt-10\">\n<h4>SI\u00c8GE OP\u00c9RATIONNEL \u00c0 PALERME-SICILE<\/h4>\n<div>\n<p>Piazza Don Luigi Sturzo, 14<br \/>\n90139 Palermo<br \/>\n<strong>R\u00e9f\u00e9rent responsable:<\/strong><br \/>\nDott.ssa Martina Gangi<br \/>\n<a href=\"mailto:progettifocussud@gltfoundation.com\">progettifocussud@gltfoundation.com<\/a><\/p>\n<\/div>\n<\/div>\n<div class=\"col col-tablet-auto mt-10\">\n<h4>LECCE Cours gratuits pour Femmes au carr\u00e9 et branches pour Femmes au carr\u00e9<\/h4>\n<div>\n<p>Chiesa di San Sebastiano,<br \/>\nVicolo dei Sotteranei<br \/>\n73100 Lecce<br \/>\n(\u00e0 la Fondation Palmieri Onlus)<br \/>\n<strong>R\u00e9f\u00e9rent responsable:<\/strong><br \/>\nAvv. Federica Montesardi<br \/>\n<a href=\"mailto:federica.montesardi@gltfoundation.com\">federica.montesardi@gltfoundation.com<\/a><\/p>\n<\/div>\n<\/div>\n<div class=\"col col-tablet-auto mt-10\">\n<h4>SI\u00c8GE OP\u00c9RATIONNEL \u00c0 TURIN<\/h4>\n<div>\n<p>Via Michele Ponza, 3<br \/>\n10121 Turin<br \/>\n<strong>R\u00e9f\u00e9rent responsable:<\/strong><br \/>\nDott.ssa Elisabetta Priano<br \/>\n<a href=\"mailto:elisabetta.priano@gltfoundation.com\">elisabetta.priano@gltfoundation.com<\/a><br \/>\n<a href=\"mailto:segreteria@gltfoundation.com\">segreteria@gltfoundation.com<\/a><\/p>\n<\/div>\n<\/div>\n<div class=\"col col-tablet-auto mt-10\">\n<h4>GLOBAL THINKING ASSOCIATION FRANCE<\/h4>\n<div>\n<p>9, Rue de Vaugirard<br \/>\n75006 Paris, France<br \/>\n(\u00e0 La Cit\u00e9 Audacieuse)<br \/>\n<a href=\"mailto:secretariatfr@gltfoundation.com\">secretariatfr@gltfoundation.com<\/a><\/p>\n<h4>SI\u00c8GE OP\u00c9RATIONNEL \u00c0 BRUXELLES<\/h4>\n<p>Avenue Louise, 209A<br \/>\n1050 Bruxelles, Belgique<br \/>\n(\u00e0 IBF Foundation\/ICA World Foundation)<br \/>\n<a href=\"mailto:secretariatfr@gltfoundation.com\">secretariatfr@gltfoundation.com<\/a><\/p>\n<\/div>\n<\/div>\n<\/div>\n","protected":false},"excerpt":{"rendered":"<p>GLOBAL THINKING FOUNDATION Si\u00e8ge juridique et op\u00e9rationnel Via Aosta, 21 20155 Milan +39 02 4954 0302 segreteria@gltfoundation.com PEC: gltfoundation@pec.it P. IVA: 09578750961 COURS GRATUITS POUR DONNE AL QUADRATO ET BRANCHES POUR DONNE AL QUADRATO donnealquadrato@gltfoundation.com sportelloglt@gmail.com Whatsapp Chat 24\/7 +39 331 7918617 \u00c9V\u00c9NEMENTS GRATUITS eventi@gltfoundation.com SI\u00c8GE OP\u00c9RATIONNEL \u00c0 ROME Via Marsala, 29H 00185 Rome (presso [&hellip;]<\/p>\n","protected":false},"author":7,"featured_media":0,"parent":0,"menu_order":0,"comment_status":"closed","ping_status":"closed","template":"","meta":{"_acf_changed":false,"inline_featured_image":false,"_themeisle_gutenberg_block_has_review":false,"footnotes":""},"categories":[],"class_list":["post-56749","page","type-page","status-publish","hentry"],"acf":[],"yoast_head":"<!-- This site is optimized with the Yoast SEO plugin v23.6 - https:\/\/yoast.com\/wordpress\/plugins\/seo\/ -->\n<title>Contacts - GLT Foundation<\/title>\n<meta name=\"robots\" content=\"index, follow, max-snippet:-1, max-image-preview:large, max-video-preview:-1\" \/>\n<link rel=\"canonical\" href=\"https:\/\/www.gltfoundation.com\/fr\/contacts\/\" \/>\n<meta property=\"og:locale\" content=\"fr_FR\" \/>\n<meta property=\"og:type\" content=\"article\" \/>\n<meta property=\"og:title\" content=\"Contacts - GLT Foundation\" \/>\n<meta property=\"og:description\" content=\"GLOBAL THINKING FOUNDATION Si\u00e8ge juridique et op\u00e9rationnel Via Aosta, 21 20155 Milan +39 02 4954 0302 segreteria@gltfoundation.com PEC: gltfoundation@pec.it P. IVA: 09578750961 COURS GRATUITS POUR DONNE AL QUADRATO ET BRANCHES POUR DONNE AL QUADRATO donnealquadrato@gltfoundation.com sportelloglt@gmail.com Whatsapp Chat 24\/7 +39 331 7918617 \u00c9V\u00c9NEMENTS GRATUITS eventi@gltfoundation.com SI\u00c8GE OP\u00c9RATIONNEL \u00c0 ROME Via Marsala, 29H 00185 Rome (presso [&hellip;]\" \/>\n<meta property=\"og:url\" content=\"https:\/\/www.gltfoundation.com\/fr\/contacts\/\" \/>\n<meta property=\"og:site_name\" content=\"GLT Foundation\" \/>\n<meta property=\"article:publisher\" content=\"https:\/\/www.facebook.com\/GlobalThinkingFoundation\/\" \/>\n<meta property=\"article:modified_time\" content=\"2025-04-15T15:20:17+00:00\" \/>\n<meta name=\"twitter:card\" content=\"summary_large_image\" \/>\n<meta name=\"twitter:site\" content=\"@GltFoundation\" \/>\n<meta name=\"twitter:label1\" content=\"Dur\u00e9e de lecture estim\u00e9e\" \/>\n\t<meta name=\"twitter:data1\" content=\"1 minute\" \/>\n<script type=\"application\/ld+json\" class=\"yoast-schema-graph\">{\"@context\":\"https:\/\/schema.org\",\"@graph\":[{\"@type\":\"WebPage\",\"@id\":\"https:\/\/www.gltfoundation.com\/fr\/contacts\/\",\"url\":\"https:\/\/www.gltfoundation.com\/fr\/contacts\/\",\"name\":\"Contacts - GLT Foundation\",\"isPartOf\":{\"@id\":\"https:\/\/www.gltfoundation.com\/#website\"},\"datePublished\":\"2023-10-12T12:50:05+00:00\",\"dateModified\":\"2025-04-15T15:20:17+00:00\",\"breadcrumb\":{\"@id\":\"https:\/\/www.gltfoundation.com\/fr\/contacts\/#breadcrumb\"},\"inLanguage\":\"fr-FR\",\"potentialAction\":[{\"@type\":\"ReadAction\",\"target\":[\"https:\/\/www.gltfoundation.com\/fr\/contacts\/\"]}]},{\"@type\":\"BreadcrumbList\",\"@id\":\"https:\/\/www.gltfoundation.com\/fr\/contacts\/#breadcrumb\",\"itemListElement\":[{\"@type\":\"ListItem\",\"position\":1,\"name\":\"Home\",\"item\":\"https:\/\/www.gltfoundation.com\/fr\/\"},{\"@type\":\"ListItem\",\"position\":2,\"name\":\"Contacts\"}]},{\"@type\":\"WebSite\",\"@id\":\"https:\/\/www.gltfoundation.com\/#website\",\"url\":\"https:\/\/www.gltfoundation.com\/\",\"name\":\"GLT Foundation\",\"description\":\"\",\"publisher\":{\"@id\":\"https:\/\/www.gltfoundation.com\/#organization\"},\"potentialAction\":[{\"@type\":\"SearchAction\",\"target\":{\"@type\":\"EntryPoint\",\"urlTemplate\":\"https:\/\/www.gltfoundation.com\/?s={search_term_string}\"},\"query-input\":{\"@type\":\"PropertyValueSpecification\",\"valueRequired\":true,\"valueName\":\"search_term_string\"}}],\"inLanguage\":\"fr-FR\"},{\"@type\":\"Organization\",\"@id\":\"https:\/\/www.gltfoundation.com\/#organization\",\"name\":\"GLT Foundation\",\"url\":\"https:\/\/www.gltfoundation.com\/\",\"logo\":{\"@type\":\"ImageObject\",\"inLanguage\":\"fr-FR\",\"@id\":\"https:\/\/www.gltfoundation.com\/#\/schema\/logo\/image\/\",\"url\":\"https:\/\/www.gltfoundation.com\/wp-content\/uploads\/2023\/05\/logo-glt.png\",\"contentUrl\":\"https:\/\/www.gltfoundation.com\/wp-content\/uploads\/2023\/05\/logo-glt.png\",\"width\":152,\"height\":67,\"caption\":\"GLT Foundation\"},\"image\":{\"@id\":\"https:\/\/www.gltfoundation.com\/#\/schema\/logo\/image\/\"},\"sameAs\":[\"https:\/\/www.facebook.com\/GlobalThinkingFoundation\/\",\"https:\/\/x.com\/GltFoundation\",\"https:\/\/www.youtube.com\/channel\/UCDNBF4vXJH618xaFlqdyYhw\",\"https:\/\/www.linkedin.com\/company\/10678527\/\",\"https:\/\/www.instagram.com\/globalthinkingfoundation\/\"]}]}<\/script>\n<!-- \/ Yoast SEO plugin. -->","yoast_head_json":{"title":"Contacts - GLT Foundation","robots":{"index":"index","follow":"follow","max-snippet":"max-snippet:-1","max-image-preview":"max-image-preview:large","max-video-preview":"max-video-preview:-1"},"canonical":"https:\/\/www.gltfoundation.com\/fr\/contacts\/","og_locale":"fr_FR","og_type":"article","og_title":"Contacts - GLT Foundation","og_description":"GLOBAL THINKING FOUNDATION Si\u00e8ge juridique et op\u00e9rationnel Via Aosta, 21 20155 Milan +39 02 4954 0302 segreteria@gltfoundation.com PEC: gltfoundation@pec.it P. IVA: 09578750961 COURS GRATUITS POUR DONNE AL QUADRATO ET BRANCHES POUR DONNE AL QUADRATO donnealquadrato@gltfoundation.com sportelloglt@gmail.com Whatsapp Chat 24\/7 +39 331 7918617 \u00c9V\u00c9NEMENTS GRATUITS eventi@gltfoundation.com SI\u00c8GE OP\u00c9RATIONNEL \u00c0 ROME Via Marsala, 29H 00185 Rome (presso [&hellip;]","og_url":"https:\/\/www.gltfoundation.com\/fr\/contacts\/","og_site_name":"GLT Foundation","article_publisher":"https:\/\/www.facebook.com\/GlobalThinkingFoundation\/","article_modified_time":"2025-04-15T15:20:17+00:00","twitter_card":"summary_large_image","twitter_site":"@GltFoundation","twitter_misc":{"Dur\u00e9e de lecture estim\u00e9e":"1 minute"},"schema":{"@context":"https:\/\/schema.org","@graph":[{"@type":"WebPage","@id":"https:\/\/www.gltfoundation.com\/fr\/contacts\/","url":"https:\/\/www.gltfoundation.com\/fr\/contacts\/","name":"Contacts - GLT Foundation","isPartOf":{"@id":"https:\/\/www.gltfoundation.com\/#website"},"datePublished":"2023-10-12T12:50:05+00:00","dateModified":"2025-04-15T15:20:17+00:00","breadcrumb":{"@id":"https:\/\/www.gltfoundation.com\/fr\/contacts\/#breadcrumb"},"inLanguage":"fr-FR","potentialAction":[{"@type":"ReadAction","target":["https:\/\/www.gltfoundation.com\/fr\/contacts\/"]}]},{"@type":"BreadcrumbList","@id":"https:\/\/www.gltfoundation.com\/fr\/contacts\/#breadcrumb","itemListElement":[{"@type":"ListItem","position":1,"name":"Home","item":"https:\/\/www.gltfoundation.com\/fr\/"},{"@type":"ListItem","position":2,"name":"Contacts"}]},{"@type":"WebSite","@id":"https:\/\/www.gltfoundation.com\/#website","url":"https:\/\/www.gltfoundation.com\/","name":"GLT Foundation","description":"","publisher":{"@id":"https:\/\/www.gltfoundation.com\/#organization"},"potentialAction":[{"@type":"SearchAction","target":{"@type":"EntryPoint","urlTemplate":"https:\/\/www.gltfoundation.com\/?s={search_term_string}"},"query-input":{"@type":"PropertyValueSpecification","valueRequired":true,"valueName":"search_term_string"}}],"inLanguage":"fr-FR"},{"@type":"Organization","@id":"https:\/\/www.gltfoundation.com\/#organization","name":"GLT Foundation","url":"https:\/\/www.gltfoundation.com\/","logo":{"@type":"ImageObject","inLanguage":"fr-FR","@id":"https:\/\/www.gltfoundation.com\/#\/schema\/logo\/image\/","url":"https:\/\/www.gltfoundation.com\/wp-content\/uploads\/2023\/05\/logo-glt.png","contentUrl":"https:\/\/www.gltfoundation.com\/wp-content\/uploads\/2023\/05\/logo-glt.png","width":152,"height":67,"caption":"GLT Foundation"},"image":{"@id":"https:\/\/www.gltfoundation.com\/#\/schema\/logo\/image\/"},"sameAs":["https:\/\/www.facebook.com\/GlobalThinkingFoundation\/","https:\/\/x.com\/GltFoundation","https:\/\/www.youtube.com\/channel\/UCDNBF4vXJH618xaFlqdyYhw","https:\/\/www.linkedin.com\/company\/10678527\/","https:\/\/www.instagram.com\/globalthinkingfoundation\/"]}]}},"_links":{"self":[{"href":"https:\/\/www.gltfoundation.com\/fr\/wp-json\/wp\/v2\/pages\/56749"}],"collection":[{"href":"https:\/\/www.gltfoundation.com\/fr\/wp-json\/wp\/v2\/pages"}],"about":[{"href":"https:\/\/www.gltfoundation.com\/fr\/wp-json\/wp\/v2\/types\/page"}],"author":[{"embeddable":true,"href":"https:\/\/www.gltfoundation.com\/fr\/wp-json\/wp\/v2\/users\/7"}],"replies":[{"embeddable":true,"href":"https:\/\/www.gltfoundation.com\/fr\/wp-json\/wp\/v2\/comments?post=56749"}],"version-history":[{"count":7,"href":"https:\/\/www.gltfoundation.com\/fr\/wp-json\/wp\/v2\/pages\/56749\/revisions"}],"predecessor-version":[{"id":66419,"href":"https:\/\/www.gltfoundation.com\/fr\/wp-json\/wp\/v2\/pages\/56749\/revisions\/66419"}],"wp:attachment":[{"href":"https:\/\/www.gltfoundation.com\/fr\/wp-json\/wp\/v2\/media?parent=56749"}],"wp:term":[{"taxonomy":"category","embeddable":true,"href":"https:\/\/www.gltfoundation.com\/fr\/wp-json\/wp\/v2\/categories?post=56749"}],"curies":[{"name":"wp","href":"https:\/\/api.w.org\/{rel}","templated":true}]}}