{"id":62021,"date":"2024-06-04T15:40:33","date_gmt":"2024-06-04T13:40:33","guid":{"rendered":"https:\/\/www.gltfoundation.com\/?page_id=62021"},"modified":"2024-06-04T15:40:35","modified_gmt":"2024-06-04T13:40:35","slug":"liens-utiles-vers-les-plateformes-de-projets-glt-faites-defiler-et-cliquez-pour-en-savoir-plus","status":"publish","type":"page","link":"https:\/\/www.gltfoundation.com\/fr\/liens-utiles-vers-les-plateformes-de-projets-glt-faites-defiler-et-cliquez-pour-en-savoir-plus\/","title":{"rendered":"Liens utiles vers les plateformes de projets GLT &#8211; Faites d\u00e9filer et cliquez pour en savoir plus!"},"content":{"rendered":"<p>La premi\u00e8re d\u00e9cennie d&rsquo;activit\u00e9s de la Global Thinking Foundation a \u00e9t\u00e9 consacr\u00e9e \u00e0 r\u00e9pondre aux besoins essentiels des femmes, des filles et des familles en offrant des outils innovants pour la croissance du bien-\u00eatre personnel afin d&rsquo;atteindre l&rsquo;ind\u00e9pendance \u00e9conomique. L&rsquo;\u00e9ducation financi\u00e8re et num\u00e9rique au c\u0153ur d&rsquo;un engagement pour l&rsquo;innovation sociale \u00e0 travers des projets hybrides avec pas moins de 7 plateformes et 2 APPs mises \u00e0 la disposition de tous les citoyens : des enseignants aux travailleurs sociaux qui peuvent participer aux activit\u00e9s de formation et d&rsquo;information gratuites qui nous ont permis de cr\u00e9er le premier \u00c9COSYST\u00c8ME HYBRIDE D&rsquo;\u00c9DUCATION TRANSFORMATIVE qui utilise toutes les opportunit\u00e9s d&rsquo;un syst\u00e8me \u00e9ducatif num\u00e9rique et interactif pour transformer les st\u00e9r\u00e9otypes, les attitudes, les normes et les pratiques en remettant en question les relations st\u00e9r\u00e9otyp\u00e9es pour une pleine \u00e9quit\u00e9 et en augmentant la conscience critique sur les causes profondes des in\u00e9galit\u00e9s et des discriminations afin de favoriser l&rsquo;\u00e9galit\u00e9 des chances pour tous.<\/p>\n<p><img loading=\"lazy\" decoding=\"async\" class=\"size-medium wp-image-61471 aligncenter\" src=\"https:\/\/www.gltfoundation.com\/wp-content\/uploads\/2024\/05\/Logo-familymi-empowered-glt-300x161.jpeg\" alt=\"\" width=\"300\" height=\"161\" srcset=\"https:\/\/www.gltfoundation.com\/wp-content\/uploads\/2024\/05\/Logo-familymi-empowered-glt-300x161.jpeg 300w, https:\/\/www.gltfoundation.com\/wp-content\/uploads\/2024\/05\/Logo-familymi-empowered-glt-1024x550.jpeg 1024w, https:\/\/www.gltfoundation.com\/wp-content\/uploads\/2024\/05\/Logo-familymi-empowered-glt-768x413.jpeg 768w, https:\/\/www.gltfoundation.com\/wp-content\/uploads\/2024\/05\/Logo-familymi-empowered-glt-500x269.jpeg 500w, https:\/\/www.gltfoundation.com\/wp-content\/uploads\/2024\/05\/Logo-familymi-empowered-glt.jpeg 1200w\" sizes=\"(max-width: 300px) 100vw, 300px\" \/><\/p>\n<p style=\"text-align: center;\"><a href=\"https:\/\/www.gltfoundation.com\/fr\/les-femmes-et-les-familles\/familymi\/\" target=\"_blank\" rel=\"noopener\">FamilyMI, la plateforme d&rsquo;\u00e9ducation financi\u00e8re pour les familles<\/a><\/p>\n<p><img loading=\"lazy\" decoding=\"async\" class=\"aligncenter wp-image-61802 size-medium\" src=\"https:\/\/www.gltfoundation.com\/wp-content\/uploads\/2024\/05\/logo-young-612--e1717507254776-300x99.png\" alt=\"\" width=\"300\" height=\"99\" srcset=\"https:\/\/www.gltfoundation.com\/wp-content\/uploads\/2024\/05\/logo-young-612--e1717507254776-300x99.png 300w, https:\/\/www.gltfoundation.com\/wp-content\/uploads\/2024\/05\/logo-young-612--e1717507254776.png 500w\" sizes=\"(max-width: 300px) 100vw, 300px\" \/><\/p>\n<p style=\"text-align: center;\"><a href=\"https:\/\/www.gltfoundation.com\/fr\/ecole\/young612\/\" target=\"_blank\" rel=\"noopener\">La plateforme pour les enfants, d\u00e9di\u00e9e au d\u00e9veloppement durable.<\/a><\/p>\n<p><img loading=\"lazy\" decoding=\"async\" class=\" wp-image-62022 aligncenter\" src=\"https:\/\/www.gltfoundation.com\/wp-content\/uploads\/2024\/06\/Logo-LDV-Empowered-by_FR-300x300.png\" alt=\"\" width=\"267\" height=\"267\" srcset=\"https:\/\/www.gltfoundation.com\/wp-content\/uploads\/2024\/06\/Logo-LDV-Empowered-by_FR-300x300.png 300w, https:\/\/www.gltfoundation.com\/wp-content\/uploads\/2024\/06\/Logo-LDV-Empowered-by_FR-1024x1024.png 1024w, https:\/\/www.gltfoundation.com\/wp-content\/uploads\/2024\/06\/Logo-LDV-Empowered-by_FR-150x150.png 150w, https:\/\/www.gltfoundation.com\/wp-content\/uploads\/2024\/06\/Logo-LDV-Empowered-by_FR-768x768.png 768w, https:\/\/www.gltfoundation.com\/wp-content\/uploads\/2024\/06\/Logo-LDV-Empowered-by_FR-500x500.png 500w, https:\/\/www.gltfoundation.com\/wp-content\/uploads\/2024\/06\/Logo-LDV-Empowered-by_FR-1000x1000.png 1000w, https:\/\/www.gltfoundation.com\/wp-content\/uploads\/2024\/06\/Logo-LDV-Empowered-by_FR.png 1200w\" sizes=\"(max-width: 267px) 100vw, 267px\" \/><\/p>\n<p style=\"text-align: center;\"><a href=\"https:\/\/www.liberedivivere.com\/fr\/\" target=\"_blank\" rel=\"noopener\">Libre de&#8230;LIVRE ! le projet de sensibilisation et de lutte contre la violence \u00e9conomique<\/a><\/p>\n<p><img loading=\"lazy\" decoding=\"async\" class=\"aligncenter wp-image-60694\" src=\"https:\/\/www.gltfoundation.com\/wp-content\/uploads\/2024\/04\/Logo-dipendenze-no-grazie-senza-sfondo-300x300.png\" alt=\"\" width=\"263\" height=\"263\" \/><\/p>\n<p><a href=\"https:\/\/www.gltfoundation.com\/fr\/entreprises-et-citoyennete\/focus-sud\/dependances-non-merci\/\" target=\"_blank\" rel=\"noopener\">Dipendenze: No, Grazie! &#8211; le projet contre les jeux d&rsquo;argent num\u00e9riques et les addictions sans substance<\/a><\/p>\n<p><img loading=\"lazy\" decoding=\"async\" class=\"size-medium wp-image-56855 aligncenter\" src=\"https:\/\/www.gltfoundation.com\/wp-content\/uploads\/2023\/10\/hp-donazioni-300x225.jpg\" alt=\"\" width=\"300\" height=\"225\" srcset=\"https:\/\/www.gltfoundation.com\/wp-content\/uploads\/2023\/10\/hp-donazioni-300x225.jpg 300w, https:\/\/www.gltfoundation.com\/wp-content\/uploads\/2023\/10\/hp-donazioni.jpg 400w\" sizes=\"(max-width: 300px) 100vw, 300px\" \/><\/p>\n<p style=\"text-align: center;\"><a href=\"https:\/\/www.gltfoundation.com\/fr\/des-dons\/\" target=\"_blank\" rel=\"noopener\">Dons &#8211; Vous souhaitez soutenir GLT ou l&rsquo;un de nos projets ?<\/a><\/p>\n","protected":false},"excerpt":{"rendered":"<p>La premi\u00e8re d\u00e9cennie d&rsquo;activit\u00e9s de la Global Thinking Foundation a \u00e9t\u00e9 consacr\u00e9e \u00e0 r\u00e9pondre aux besoins essentiels des femmes, des filles et des familles en offrant des outils innovants pour la croissance du bien-\u00eatre personnel afin d&rsquo;atteindre l&rsquo;ind\u00e9pendance \u00e9conomique. L&rsquo;\u00e9ducation financi\u00e8re et num\u00e9rique au c\u0153ur d&rsquo;un engagement pour l&rsquo;innovation sociale \u00e0 travers des projets hybrides [&hellip;]<\/p>\n","protected":false},"author":6,"featured_media":0,"parent":0,"menu_order":0,"comment_status":"closed","ping_status":"closed","template":"","meta":{"_acf_changed":false,"inline_featured_image":false,"_themeisle_gutenberg_block_has_review":false,"footnotes":""},"categories":[],"class_list":["post-62021","page","type-page","status-publish","hentry"],"acf":[],"yoast_head":"<!-- This site is optimized with the Yoast SEO plugin v23.6 - https:\/\/yoast.com\/wordpress\/plugins\/seo\/ -->\n<title>Liens utiles vers les plateformes de projets GLT - Faites d\u00e9filer et cliquez pour en savoir plus! - GLT Foundation<\/title>\n<meta name=\"robots\" content=\"index, follow, max-snippet:-1, max-image-preview:large, max-video-preview:-1\" \/>\n<link rel=\"canonical\" href=\"https:\/\/www.gltfoundation.com\/fr\/liens-utiles-vers-les-plateformes-de-projets-glt-faites-defiler-et-cliquez-pour-en-savoir-plus\/\" \/>\n<meta property=\"og:locale\" content=\"fr_FR\" \/>\n<meta property=\"og:type\" content=\"article\" \/>\n<meta property=\"og:title\" content=\"Liens utiles vers les plateformes de projets GLT - Faites d\u00e9filer et cliquez pour en savoir plus! - GLT Foundation\" \/>\n<meta property=\"og:description\" content=\"La premi\u00e8re d\u00e9cennie d&rsquo;activit\u00e9s de la Global Thinking Foundation a \u00e9t\u00e9 consacr\u00e9e \u00e0 r\u00e9pondre aux besoins essentiels des femmes, des filles et des familles en offrant des outils innovants pour la croissance du bien-\u00eatre personnel afin d&rsquo;atteindre l&rsquo;ind\u00e9pendance \u00e9conomique. L&rsquo;\u00e9ducation financi\u00e8re et num\u00e9rique au c\u0153ur d&rsquo;un engagement pour l&rsquo;innovation sociale \u00e0 travers des projets hybrides [&hellip;]\" \/>\n<meta property=\"og:url\" content=\"https:\/\/www.gltfoundation.com\/fr\/liens-utiles-vers-les-plateformes-de-projets-glt-faites-defiler-et-cliquez-pour-en-savoir-plus\/\" \/>\n<meta property=\"og:site_name\" content=\"GLT Foundation\" \/>\n<meta property=\"article:publisher\" content=\"https:\/\/www.facebook.com\/GlobalThinkingFoundation\/\" \/>\n<meta property=\"article:modified_time\" content=\"2024-06-04T13:40:35+00:00\" \/>\n<meta property=\"og:image\" content=\"https:\/\/www.gltfoundation.com\/wp-content\/uploads\/2024\/05\/Logo-familymi-empowered-glt-300x161.jpeg\" \/>\n<meta name=\"twitter:card\" content=\"summary_large_image\" \/>\n<meta name=\"twitter:site\" content=\"@GltFoundation\" \/>\n<meta name=\"twitter:label1\" content=\"Dur\u00e9e de lecture estim\u00e9e\" \/>\n\t<meta name=\"twitter:data1\" content=\"3 minutes\" \/>\n<script type=\"application\/ld+json\" class=\"yoast-schema-graph\">{\"@context\":\"https:\/\/schema.org\",\"@graph\":[{\"@type\":\"WebPage\",\"@id\":\"https:\/\/www.gltfoundation.com\/fr\/liens-utiles-vers-les-plateformes-de-projets-glt-faites-defiler-et-cliquez-pour-en-savoir-plus\/\",\"url\":\"https:\/\/www.gltfoundation.com\/fr\/liens-utiles-vers-les-plateformes-de-projets-glt-faites-defiler-et-cliquez-pour-en-savoir-plus\/\",\"name\":\"Liens utiles vers les plateformes de projets GLT - Faites d\u00e9filer et cliquez pour en savoir plus! - GLT Foundation\",\"isPartOf\":{\"@id\":\"https:\/\/www.gltfoundation.com\/#website\"},\"primaryImageOfPage\":{\"@id\":\"https:\/\/www.gltfoundation.com\/fr\/liens-utiles-vers-les-plateformes-de-projets-glt-faites-defiler-et-cliquez-pour-en-savoir-plus\/#primaryimage\"},\"image\":{\"@id\":\"https:\/\/www.gltfoundation.com\/fr\/liens-utiles-vers-les-plateformes-de-projets-glt-faites-defiler-et-cliquez-pour-en-savoir-plus\/#primaryimage\"},\"thumbnailUrl\":\"https:\/\/www.gltfoundation.com\/wp-content\/uploads\/2024\/05\/Logo-familymi-empowered-glt-300x161.jpeg\",\"datePublished\":\"2024-06-04T13:40:33+00:00\",\"dateModified\":\"2024-06-04T13:40:35+00:00\",\"breadcrumb\":{\"@id\":\"https:\/\/www.gltfoundation.com\/fr\/liens-utiles-vers-les-plateformes-de-projets-glt-faites-defiler-et-cliquez-pour-en-savoir-plus\/#breadcrumb\"},\"inLanguage\":\"fr-FR\",\"potentialAction\":[{\"@type\":\"ReadAction\",\"target\":[\"https:\/\/www.gltfoundation.com\/fr\/liens-utiles-vers-les-plateformes-de-projets-glt-faites-defiler-et-cliquez-pour-en-savoir-plus\/\"]}]},{\"@type\":\"ImageObject\",\"inLanguage\":\"fr-FR\",\"@id\":\"https:\/\/www.gltfoundation.com\/fr\/liens-utiles-vers-les-plateformes-de-projets-glt-faites-defiler-et-cliquez-pour-en-savoir-plus\/#primaryimage\",\"url\":\"https:\/\/www.gltfoundation.com\/wp-content\/uploads\/2024\/05\/Logo-familymi-empowered-glt-300x161.jpeg\",\"contentUrl\":\"https:\/\/www.gltfoundation.com\/wp-content\/uploads\/2024\/05\/Logo-familymi-empowered-glt-300x161.jpeg\"},{\"@type\":\"BreadcrumbList\",\"@id\":\"https:\/\/www.gltfoundation.com\/fr\/liens-utiles-vers-les-plateformes-de-projets-glt-faites-defiler-et-cliquez-pour-en-savoir-plus\/#breadcrumb\",\"itemListElement\":[{\"@type\":\"ListItem\",\"position\":1,\"name\":\"Home\",\"item\":\"https:\/\/www.gltfoundation.com\/fr\/\"},{\"@type\":\"ListItem\",\"position\":2,\"name\":\"Liens utiles vers les plateformes de projets GLT &#8211; Faites d\u00e9filer et cliquez pour en savoir plus!\"}]},{\"@type\":\"WebSite\",\"@id\":\"https:\/\/www.gltfoundation.com\/#website\",\"url\":\"https:\/\/www.gltfoundation.com\/\",\"name\":\"GLT Foundation\",\"description\":\"\",\"publisher\":{\"@id\":\"https:\/\/www.gltfoundation.com\/#organization\"},\"potentialAction\":[{\"@type\":\"SearchAction\",\"target\":{\"@type\":\"EntryPoint\",\"urlTemplate\":\"https:\/\/www.gltfoundation.com\/?s={search_term_string}\"},\"query-input\":{\"@type\":\"PropertyValueSpecification\",\"valueRequired\":true,\"valueName\":\"search_term_string\"}}],\"inLanguage\":\"fr-FR\"},{\"@type\":\"Organization\",\"@id\":\"https:\/\/www.gltfoundation.com\/#organization\",\"name\":\"GLT Foundation\",\"url\":\"https:\/\/www.gltfoundation.com\/\",\"logo\":{\"@type\":\"ImageObject\",\"inLanguage\":\"fr-FR\",\"@id\":\"https:\/\/www.gltfoundation.com\/#\/schema\/logo\/image\/\",\"url\":\"https:\/\/www.gltfoundation.com\/wp-content\/uploads\/2023\/05\/logo-glt.png\",\"contentUrl\":\"https:\/\/www.gltfoundation.com\/wp-content\/uploads\/2023\/05\/logo-glt.png\",\"width\":152,\"height\":67,\"caption\":\"GLT Foundation\"},\"image\":{\"@id\":\"https:\/\/www.gltfoundation.com\/#\/schema\/logo\/image\/\"},\"sameAs\":[\"https:\/\/www.facebook.com\/GlobalThinkingFoundation\/\",\"https:\/\/x.com\/GltFoundation\",\"https:\/\/www.youtube.com\/channel\/UCDNBF4vXJH618xaFlqdyYhw\",\"https:\/\/www.linkedin.com\/company\/10678527\/\",\"https:\/\/www.instagram.com\/globalthinkingfoundation\/\"]}]}<\/script>\n<!-- \/ Yoast SEO plugin. -->","yoast_head_json":{"title":"Liens utiles vers les plateformes de projets GLT - Faites d\u00e9filer et cliquez pour en savoir plus! - GLT Foundation","robots":{"index":"index","follow":"follow","max-snippet":"max-snippet:-1","max-image-preview":"max-image-preview:large","max-video-preview":"max-video-preview:-1"},"canonical":"https:\/\/www.gltfoundation.com\/fr\/liens-utiles-vers-les-plateformes-de-projets-glt-faites-defiler-et-cliquez-pour-en-savoir-plus\/","og_locale":"fr_FR","og_type":"article","og_title":"Liens utiles vers les plateformes de projets GLT - Faites d\u00e9filer et cliquez pour en savoir plus! - GLT Foundation","og_description":"La premi\u00e8re d\u00e9cennie d&rsquo;activit\u00e9s de la Global Thinking Foundation a \u00e9t\u00e9 consacr\u00e9e \u00e0 r\u00e9pondre aux besoins essentiels des femmes, des filles et des familles en offrant des outils innovants pour la croissance du bien-\u00eatre personnel afin d&rsquo;atteindre l&rsquo;ind\u00e9pendance \u00e9conomique. L&rsquo;\u00e9ducation financi\u00e8re et num\u00e9rique au c\u0153ur d&rsquo;un engagement pour l&rsquo;innovation sociale \u00e0 travers des projets hybrides [&hellip;]","og_url":"https:\/\/www.gltfoundation.com\/fr\/liens-utiles-vers-les-plateformes-de-projets-glt-faites-defiler-et-cliquez-pour-en-savoir-plus\/","og_site_name":"GLT Foundation","article_publisher":"https:\/\/www.facebook.com\/GlobalThinkingFoundation\/","article_modified_time":"2024-06-04T13:40:35+00:00","og_image":[{"url":"https:\/\/www.gltfoundation.com\/wp-content\/uploads\/2024\/05\/Logo-familymi-empowered-glt-300x161.jpeg"}],"twitter_card":"summary_large_image","twitter_site":"@GltFoundation","twitter_misc":{"Dur\u00e9e de lecture estim\u00e9e":"3 minutes"},"schema":{"@context":"https:\/\/schema.org","@graph":[{"@type":"WebPage","@id":"https:\/\/www.gltfoundation.com\/fr\/liens-utiles-vers-les-plateformes-de-projets-glt-faites-defiler-et-cliquez-pour-en-savoir-plus\/","url":"https:\/\/www.gltfoundation.com\/fr\/liens-utiles-vers-les-plateformes-de-projets-glt-faites-defiler-et-cliquez-pour-en-savoir-plus\/","name":"Liens utiles vers les plateformes de projets GLT - Faites d\u00e9filer et cliquez pour en savoir plus! - GLT Foundation","isPartOf":{"@id":"https:\/\/www.gltfoundation.com\/#website"},"primaryImageOfPage":{"@id":"https:\/\/www.gltfoundation.com\/fr\/liens-utiles-vers-les-plateformes-de-projets-glt-faites-defiler-et-cliquez-pour-en-savoir-plus\/#primaryimage"},"image":{"@id":"https:\/\/www.gltfoundation.com\/fr\/liens-utiles-vers-les-plateformes-de-projets-glt-faites-defiler-et-cliquez-pour-en-savoir-plus\/#primaryimage"},"thumbnailUrl":"https:\/\/www.gltfoundation.com\/wp-content\/uploads\/2024\/05\/Logo-familymi-empowered-glt-300x161.jpeg","datePublished":"2024-06-04T13:40:33+00:00","dateModified":"2024-06-04T13:40:35+00:00","breadcrumb":{"@id":"https:\/\/www.gltfoundation.com\/fr\/liens-utiles-vers-les-plateformes-de-projets-glt-faites-defiler-et-cliquez-pour-en-savoir-plus\/#breadcrumb"},"inLanguage":"fr-FR","potentialAction":[{"@type":"ReadAction","target":["https:\/\/www.gltfoundation.com\/fr\/liens-utiles-vers-les-plateformes-de-projets-glt-faites-defiler-et-cliquez-pour-en-savoir-plus\/"]}]},{"@type":"ImageObject","inLanguage":"fr-FR","@id":"https:\/\/www.gltfoundation.com\/fr\/liens-utiles-vers-les-plateformes-de-projets-glt-faites-defiler-et-cliquez-pour-en-savoir-plus\/#primaryimage","url":"https:\/\/www.gltfoundation.com\/wp-content\/uploads\/2024\/05\/Logo-familymi-empowered-glt-300x161.jpeg","contentUrl":"https:\/\/www.gltfoundation.com\/wp-content\/uploads\/2024\/05\/Logo-familymi-empowered-glt-300x161.jpeg"},{"@type":"BreadcrumbList","@id":"https:\/\/www.gltfoundation.com\/fr\/liens-utiles-vers-les-plateformes-de-projets-glt-faites-defiler-et-cliquez-pour-en-savoir-plus\/#breadcrumb","itemListElement":[{"@type":"ListItem","position":1,"name":"Home","item":"https:\/\/www.gltfoundation.com\/fr\/"},{"@type":"ListItem","position":2,"name":"Liens utiles vers les plateformes de projets GLT &#8211; Faites d\u00e9filer et cliquez pour en savoir plus!"}]},{"@type":"WebSite","@id":"https:\/\/www.gltfoundation.com\/#website","url":"https:\/\/www.gltfoundation.com\/","name":"GLT Foundation","description":"","publisher":{"@id":"https:\/\/www.gltfoundation.com\/#organization"},"potentialAction":[{"@type":"SearchAction","target":{"@type":"EntryPoint","urlTemplate":"https:\/\/www.gltfoundation.com\/?s={search_term_string}"},"query-input":{"@type":"PropertyValueSpecification","valueRequired":true,"valueName":"search_term_string"}}],"inLanguage":"fr-FR"},{"@type":"Organization","@id":"https:\/\/www.gltfoundation.com\/#organization","name":"GLT Foundation","url":"https:\/\/www.gltfoundation.com\/","logo":{"@type":"ImageObject","inLanguage":"fr-FR","@id":"https:\/\/www.gltfoundation.com\/#\/schema\/logo\/image\/","url":"https:\/\/www.gltfoundation.com\/wp-content\/uploads\/2023\/05\/logo-glt.png","contentUrl":"https:\/\/www.gltfoundation.com\/wp-content\/uploads\/2023\/05\/logo-glt.png","width":152,"height":67,"caption":"GLT Foundation"},"image":{"@id":"https:\/\/www.gltfoundation.com\/#\/schema\/logo\/image\/"},"sameAs":["https:\/\/www.facebook.com\/GlobalThinkingFoundation\/","https:\/\/x.com\/GltFoundation","https:\/\/www.youtube.com\/channel\/UCDNBF4vXJH618xaFlqdyYhw","https:\/\/www.linkedin.com\/company\/10678527\/","https:\/\/www.instagram.com\/globalthinkingfoundation\/"]}]}},"_links":{"self":[{"href":"https:\/\/www.gltfoundation.com\/fr\/wp-json\/wp\/v2\/pages\/62021"}],"collection":[{"href":"https:\/\/www.gltfoundation.com\/fr\/wp-json\/wp\/v2\/pages"}],"about":[{"href":"https:\/\/www.gltfoundation.com\/fr\/wp-json\/wp\/v2\/types\/page"}],"author":[{"embeddable":true,"href":"https:\/\/www.gltfoundation.com\/fr\/wp-json\/wp\/v2\/users\/6"}],"replies":[{"embeddable":true,"href":"https:\/\/www.gltfoundation.com\/fr\/wp-json\/wp\/v2\/comments?post=62021"}],"version-history":[{"count":1,"href":"https:\/\/www.gltfoundation.com\/fr\/wp-json\/wp\/v2\/pages\/62021\/revisions"}],"predecessor-version":[{"id":62025,"href":"https:\/\/www.gltfoundation.com\/fr\/wp-json\/wp\/v2\/pages\/62021\/revisions\/62025"}],"wp:attachment":[{"href":"https:\/\/www.gltfoundation.com\/fr\/wp-json\/wp\/v2\/media?parent=62021"}],"wp:term":[{"taxonomy":"category","embeddable":true,"href":"https:\/\/www.gltfoundation.com\/fr\/wp-json\/wp\/v2\/categories?post=62021"}],"curies":[{"name":"wp","href":"https:\/\/api.w.org\/{rel}","templated":true}]}}