{"id":63802,"date":"2024-11-14T12:09:53","date_gmt":"2024-11-14T11:09:53","guid":{"rendered":"https:\/\/www.gltfoundation.com\/orange-the-world\/"},"modified":"2025-12-09T11:36:25","modified_gmt":"2025-12-09T10:36:25","slug":"orange-the-world","status":"publish","type":"page","link":"https:\/\/www.gltfoundation.com\/fr\/orange-the-world\/","title":{"rendered":"ORANGE THE WORLD"},"content":{"rendered":"   \n\n      <!-- INTRO INNER PAGE -->\n   <section class=\"intro-part-1\">\n       <div class=\"intro-inner-page bg-green-light glt-top-space\">\n           <!-- rounded box -->\n           <div class=\"container\">\n               <div class=\"row\">\n                   <div class=\"col\">\n                       <div class=\"el-rounded has-shadow-big bg-white\">\n                           <p class=\"breadcrumbs\" id=\"breadcrumbs\"><span><span><a href=\"https:\/\/www.gltfoundation.com\/fr\/\">Home<\/a><\/span><\/span><\/p>\n                           <div class=\"row justify-content-center\">\n                               <div class=\"col mb-4\">\n                                                                          <h2>ORANGE THE WORLD<\/h2>\n                                                                                                             <h5 class=\"mt-5\"><p><img loading=\"lazy\" decoding=\"async\" class=\"size-medium wp-image-63783 aligncenter\" src=\"https:\/\/www.gltfoundation.com\/wp-content\/uploads\/2024\/11\/logo-Orange-the-World-Logo--300x292.webp\" alt=\"\" width=\"300\" height=\"292\" srcset=\"https:\/\/www.gltfoundation.com\/wp-content\/uploads\/2024\/11\/logo-Orange-the-World-Logo--300x292.webp 300w, https:\/\/www.gltfoundation.com\/wp-content\/uploads\/2024\/11\/logo-Orange-the-World-Logo--1024x997.webp 1024w, https:\/\/www.gltfoundation.com\/wp-content\/uploads\/2024\/11\/logo-Orange-the-World-Logo--768x748.webp 768w, https:\/\/www.gltfoundation.com\/wp-content\/uploads\/2024\/11\/logo-Orange-the-World-Logo--1536x1496.webp 1536w, https:\/\/www.gltfoundation.com\/wp-content\/uploads\/2024\/11\/logo-Orange-the-World-Logo--2048x1995.webp 2048w, https:\/\/www.gltfoundation.com\/wp-content\/uploads\/2024\/11\/logo-Orange-the-World-Logo--500x487.webp 500w\" sizes=\"(max-width: 300px) 100vw, 300px\" \/><\/p>\n<div data-content=\"ai-message\" aria-labelledby=\"BayhRZB7RNbYKtUKBk1j3-author BayhRZB7RNbYKtUKBk1j3-content\">\n<div id=\"BayhRZB7RNbYKtUKBk1j3-content\" class=\"space-y-3 break-words\">\n<p><strong>Orange the World<\/strong> est une campagne internationale promue par <strong>ONU Femmes et <b>les Nations Unies<\/b><\/strong>\u00a0pour sensibiliser \u00e0 la violence sexiste. La campagne se d\u00e9roule du <strong>25 novembre<\/strong> (Journ\u00e9e internationale pour l&rsquo;\u00e9limination de la violence \u00e0 l&rsquo;\u00e9gard des femmes) au <strong>10 d\u00e9cembre<\/strong> (Journ\u00e9e internationale des droits de l&rsquo;homme), soit <strong>16 jours d&rsquo;activisme au total<\/strong>.<\/p>\n<p>La couleur orange, symbole d&rsquo;optimisme et d&rsquo;espoir, repr\u00e9sente un avenir exempt de toute forme de violence \u00e0 l&rsquo;\u00e9gard des femmes et des filles. Pendant ces 16 jours, les gens sont invit\u00e9s \u00e0 porter la couleur orange et \u00e0 participer \u00e0 des initiatives de sensibilisation pour lutter contre la violence fond\u00e9e sur le genre sous toutes ses formes, que ce soit \u00e0 la maison, \u00e0 l&rsquo;\u00e9cole, au travail ou en public.<\/p>\n<p>M\u00eame en cette p\u00e9riode, notre activisme en mati\u00e8re de pr\u00e9vention de la violence et de droits des femmes et des filles ne manque pas de faire entendre sa voix et son soutien aux initiatives de nos parties prenantes sur le territoire national, fran\u00e7ais et belge.<\/p>\n<\/div>\n<p><strong>\u00c9V\u00c9NEMENTS 2025<\/strong>:<\/p>\n<p data-start=\"3917\" data-end=\"4111\"><strong data-start=\"3917\" data-end=\"3963\">25 novembre \u2013 09h00\/12h00, Palestrina (RM)<\/strong><br data-start=\"3963\" data-end=\"3966\" \/>Projection du docufilm <em data-start=\"3989\" data-end=\"4011\">\u00ab Libere di\u2026VIVERE \u00bb<\/em> pour les \u00e9coles, en collaboration avec le Liceo Economico Sociale, aupr\u00e8s de l\u2019IIS Eliano-Luzzatti.<\/p>\n<p data-start=\"4113\" data-end=\"4353\"><strong data-start=\"4113\" data-end=\"4148\">25 novembre \u2013 18h30, Milan (MI)<\/strong><br data-start=\"4148\" data-end=\"4151\" \/>\u00c9v\u00e9nement Pomellato <em data-start=\"4171\" data-end=\"4257\">\u00ab Il prezzo della libert\u00e0. Come si manifesta la violenza economica contro le donne \u00bb<\/em> destin\u00e9 au grand public, en collaboration avec la SDA Bocconi, \u00e0 l\u2019Universit\u00e9 Bocconi de Milan.<\/p>\n<p data-start=\"4355\" data-end=\"4594\"><strong data-start=\"4355\" data-end=\"4390\">26 novembre \u2013 17h00, Milan (MI)<\/strong><br data-start=\"4390\" data-end=\"4393\" \/>\u00c9v\u00e9nement PWC <em data-start=\"4407\" data-end=\"4545\">\u00ab Diversity Equity &amp; Inclusion e Pay Transparency: a che punto sono le imprese italiane nei vari settori? I risultati della Survey PWC \u00bb<\/em> destin\u00e9 au grand public, \u00e0 la Tour PWC de Milan.<\/p>\n<p data-start=\"4596\" data-end=\"4763\"><strong data-start=\"4596\" data-end=\"4632\">27 novembre \u2013 09h00, Arezzo (AR)<\/strong><br data-start=\"4632\" data-end=\"4635\" \/>\u00c9v\u00e9nement du Forum Risk Management <em data-start=\"4670\" data-end=\"4710\">\u00ab Il futuro della medicina di genere \u00bb<\/em> destin\u00e9 au grand public, \u00e0 Arezzo Fiere e Congressi.<\/p>\n<p data-start=\"4765\" data-end=\"4929\"><strong data-start=\"4765\" data-end=\"4799\">27 novembre \u2013 15h00, Rome (RM)<\/strong><br data-start=\"4799\" data-end=\"4802\" \/>\u00c9v\u00e9nement iDEE et BCC <em data-start=\"4824\" data-end=\"4880\">\u00ab Domani. BCC per l\u2019indipendenza economica femminile \u00bb<\/em> destin\u00e9 au grand public, aupr\u00e8s d\u2019ICCREA \u00e0 Rome.<\/p>\n<p data-start=\"4931\" data-end=\"5143\"><strong data-start=\"4931\" data-end=\"4972\">27 novembre \u2013 10h00\/14h00, Turin (TO)<\/strong><br data-start=\"4972\" data-end=\"4975\" \/>Projection du docufilm <em data-start=\"4998\" data-end=\"5020\">\u00ab Libere di\u2026VIVERE \u00bb<\/em> pour les \u00e9coles, en collaboration avec l\u2019Istituto di Istruzione Superiore V. Bosso \u2013 A. Monti, dans le m\u00eame \u00e9tablissement.<\/p>\n<p data-start=\"5145\" data-end=\"5352\"><strong data-start=\"5145\" data-end=\"5191\">27 novembre \u2013 08h15\/10h15, Noicattaro (BA)<\/strong><br data-start=\"5191\" data-end=\"5194\" \/>Projection du documentaire <em data-start=\"5221\" data-end=\"5250\">\u00ab Dipendenze: NO, Grazie! \u00bb<\/em> pour les \u00e9coles, en collaboration avec l\u2019Istituto Alberghiero D. Modugno, dans le m\u00eame \u00e9tablissement.<\/p>\n<p data-start=\"5354\" data-end=\"5581\"><strong data-start=\"5354\" data-end=\"5391\">28 novembre \u2013 14h30, Bolzano (BZ)<\/strong><br data-start=\"5391\" data-end=\"5394\" \/>\u00c9v\u00e9nement de l\u2019Universit\u00e9 de Bolzano <em data-start=\"5431\" data-end=\"5529\">\u00ab 25 novembre \u2013 eliminare la violenza di genere: tra realt\u00e0, prevenzione e strategie di difesa \u00bb<\/em> destin\u00e9 au grand public, \u00e0 l\u2019Universit\u00e9 de Bolzano.<\/p>\n<p data-start=\"5583\" data-end=\"5866\"><strong data-start=\"5583\" data-end=\"5619\">28 novembre \u2013 11h00, Mod\u00e8ne (MO)<\/strong><br data-start=\"5619\" data-end=\"5622\" \/>\u00c9v\u00e9nement de l\u2019Universit\u00e9 de Mod\u00e8ne et Reggio Emilia <em data-start=\"5675\" data-end=\"5766\">\u00ab La formazione come strumento di prevenzione e contrasto alla violenza contro le donne \u00bb<\/em> destin\u00e9 au grand public, aupr\u00e8s du D\u00e9partement de Droit de l\u2019Universit\u00e9 de Mod\u00e8ne et Reggio Emilia.<\/p>\n<p data-start=\"5868\" data-end=\"6256\"><strong data-start=\"5868\" data-end=\"5906\">03 d\u00e9cembre \u2013 18h00, Brindisi (BR)<\/strong><br data-start=\"5906\" data-end=\"5909\" \/>\u00c9v\u00e9nement de Confcommercio Brindisi <em data-start=\"5945\" data-end=\"6023\">\u00ab Imprenditoria Femminile: verso equit\u00e0 welfare e certificazione di genere \u00bb<\/em> destin\u00e9 au grand public. Avec le patronage de la Municipalit\u00e9 de Brindisi et en collaboration avec Global Thinking Foundation, Consigliere al Lavoro, Chambre de Commerce de Brindisi\u2013Taranto, CityModa, au Palazzo Nervegna \u00e0 Brindisi.<\/p>\n<p data-start=\"6258\" data-end=\"6490\"><strong data-start=\"6258\" data-end=\"6294\">04 d\u00e9cembre \u2013 16h00, Sienne (SI)<\/strong><br data-start=\"6294\" data-end=\"6297\" \/>Projection du docufilm <em data-start=\"6320\" data-end=\"6342\">\u00ab Libere di\u2026VIVERE \u00bb<\/em> destin\u00e9e au grand public, en collaboration avec la Municipalit\u00e9 de Sienne et la Regione Toscana \u2013 Consiglio Regionale, au Palazzo Patrizi \u00e0 Sienne.<\/p>\n<p data-start=\"6492\" data-end=\"6757\"><strong data-start=\"6492\" data-end=\"6527\">04 d\u00e9cembre \u2013 18h00, Lecce (LE)<\/strong><br data-start=\"6527\" data-end=\"6530\" \/>\u00c9v\u00e9nement Lions International <em data-start=\"6560\" data-end=\"6588\">\u00ab Le donne (non) contano \u00bb<\/em> destin\u00e9 au grand public, en collaboration avec le Comitato New Voices et le Comitato Distrettuale Educazione Finanziaria, au Mus\u00e9e \u00ab Sigismondo Castomediano \u00bb de Lecce.<\/p>\n<p data-start=\"6759\" data-end=\"7174\"><strong data-start=\"6759\" data-end=\"6808\">09 d\u00e9cembre \u2013 20h00\/21h00, Nova Milanese (MB)<\/strong><br data-start=\"6808\" data-end=\"6811\" \/>\u00c9v\u00e9nement <em data-start=\"6821\" data-end=\"6868\">\u00ab Diritti in rosso: I conti che non tornano \u00bb<\/em> destin\u00e9 au grand public, en collaboration avec la Ville de Nova Milanese, le Distretto Urbano del Commercio di Nova Milanese, Confartigianato Donne Impresa, Confartigianato Imprese Milano \u2013 Monza e Brianza, Confcommercio Imprese per l\u2019Italia Milano\u2013Lodi\u2013Monza e Brianza, \u00e0 la Villa Brivio \u00e0 Nova Milanese.<\/p>\n<p data-start=\"7262\" data-end=\"7402\">La p\u00e9riode <em data-start=\"7273\" data-end=\"7291\">Orange The World<\/em> de Global Thinking Foundation se conclut par le lancement du jumelage Maroc\u2013France\u2013Italie au mois de d\u00e9cembre.<br \/>\n<strong data-start=\"7404\" data-end=\"7426\">Casablanca (Maroc)<\/strong><br data-start=\"7426\" data-end=\"7429\" \/>Exposition, activit\u00e9s de formation et projection du docufilm <em data-start=\"7490\" data-end=\"7512\">\u00ab Libere di\u2026VIVERE \u00bb<\/em> pour les \u00e9coles, en collaboration avec la Scuola Italiana Paritaria E. Mattei, le Consolato Generale d\u2019Italia Casablanca et la Societ\u00e0 Dante Alighieri Casablanca, aupr\u00e8s de la Scuola Italiana Paritaria E. Mattei.<\/p>\n<\/div>\n<\/h5>\n                                                                  <\/div>\n                                                          <\/div>\n                                                          <div class=\"share-box mt-8\">\n                                   <span>Partager<\/span>\n                                   <div class=\"a2a_kit a2a_kit_size_ addtoany_list\" data-a2a-url=\"https:\/\/www.gltfoundation.com\/fr\/orange-the-world\/\" data-a2a-title=\"ORANGE THE WORLD\"><a class=\"a2a_button_facebook\" href=\"https:\/\/www.addtoany.com\/add_to\/facebook?linkurl=https%3A%2F%2Fwww.gltfoundation.com%2Ffr%2Forange-the-world%2F&amp;linkname=ORANGE%20THE%20WORLD\" title=\"Facebook\" rel=\"nofollow noopener\" target=\"_blank\"><img decoding=\"async\" src=\"\/wp-content\/themes\/GLT\/images\/icons\/facebook.png\" width=\"24\" alt=\"Facebook\"><\/a><a class=\"a2a_button_whatsapp\" href=\"https:\/\/www.addtoany.com\/add_to\/whatsapp?linkurl=https%3A%2F%2Fwww.gltfoundation.com%2Ffr%2Forange-the-world%2F&amp;linkname=ORANGE%20THE%20WORLD\" title=\"WhatsApp\" rel=\"nofollow noopener\" target=\"_blank\"><img decoding=\"async\" src=\"\/wp-content\/themes\/GLT\/images\/icons\/whatsapp.png\" width=\"24\" alt=\"WhatsApp\"><\/a><a class=\"a2a_button_telegram\" href=\"https:\/\/www.addtoany.com\/add_to\/telegram?linkurl=https%3A%2F%2Fwww.gltfoundation.com%2Ffr%2Forange-the-world%2F&amp;linkname=ORANGE%20THE%20WORLD\" title=\"Telegram\" rel=\"nofollow noopener\" target=\"_blank\"><img decoding=\"async\" src=\"\/wp-content\/themes\/GLT\/images\/icons\/telegram.png\" width=\"24\" alt=\"Telegram\"><\/a><a class=\"a2a_button_twitter\" href=\"https:\/\/www.addtoany.com\/add_to\/twitter?linkurl=https%3A%2F%2Fwww.gltfoundation.com%2Ffr%2Forange-the-world%2F&amp;linkname=ORANGE%20THE%20WORLD\" title=\"Twitter\" rel=\"nofollow noopener\" target=\"_blank\"><img decoding=\"async\" src=\"\/wp-content\/themes\/GLT\/images\/icons\/twitter.png\" width=\"24\" alt=\"Twitter\"><\/a><a class=\"a2a_button_linkedin\" href=\"https:\/\/www.addtoany.com\/add_to\/linkedin?linkurl=https%3A%2F%2Fwww.gltfoundation.com%2Ffr%2Forange-the-world%2F&amp;linkname=ORANGE%20THE%20WORLD\" title=\"LinkedIn\" rel=\"nofollow noopener\" target=\"_blank\"><img decoding=\"async\" src=\"\/wp-content\/themes\/GLT\/images\/icons\/linkedin.png\" width=\"24\" alt=\"LinkedIn\"><\/a><\/div>                               <\/div>\n                                                  <\/div>\n                   <\/div>\n               <\/div>\n           <\/div>\n           <!-- \/\/ rounded box -->\n       <\/div>\n   <\/section>\n   <!-- \/\/ INTRO INNER PAGE -->","protected":false},"excerpt":{"rendered":"","protected":false},"author":3,"featured_media":0,"parent":0,"menu_order":0,"comment_status":"closed","ping_status":"closed","template":"","meta":{"_acf_changed":false,"inline_featured_image":false,"_themeisle_gutenberg_block_has_review":false,"footnotes":""},"categories":[],"class_list":["post-63802","page","type-page","status-publish","hentry"],"acf":[],"yoast_head":"<!-- This site is optimized with the Yoast SEO plugin v23.6 - https:\/\/yoast.com\/wordpress\/plugins\/seo\/ -->\n<title>ORANGE THE WORLD - GLT Foundation<\/title>\n<meta name=\"description\" content=\"Orange the World \u00e8 una campagna internazionale promossa da UN Women e dall&#039;ONU per sensibilizzare contro la violenza di genere. La campagna si svolge dal 25 novembre (Giornata Internazionale per l&#039;Eliminazione della Violenza contro le Donne) al 10 dicembre (Giornata Internazionale dei Diritti Umani), per un totale di 16 giorni di attivismo.\" \/>\n<meta name=\"robots\" content=\"index, follow, max-snippet:-1, max-image-preview:large, max-video-preview:-1\" \/>\n<link rel=\"canonical\" href=\"https:\/\/www.gltfoundation.com\/fr\/orange-the-world\/\" \/>\n<meta property=\"og:locale\" content=\"fr_FR\" \/>\n<meta property=\"og:type\" content=\"article\" \/>\n<meta property=\"og:title\" content=\"ORANGE THE WORLD - GLT Foundation\" \/>\n<meta property=\"og:description\" content=\"Orange the World \u00e8 una campagna internazionale promossa da UN Women e dall&#039;ONU per sensibilizzare contro la violenza di genere. La campagna si svolge dal 25 novembre (Giornata Internazionale per l&#039;Eliminazione della Violenza contro le Donne) al 10 dicembre (Giornata Internazionale dei Diritti Umani), per un totale di 16 giorni di attivismo.\" \/>\n<meta property=\"og:url\" content=\"https:\/\/www.gltfoundation.com\/fr\/orange-the-world\/\" \/>\n<meta property=\"og:site_name\" content=\"GLT Foundation\" \/>\n<meta property=\"article:publisher\" content=\"https:\/\/www.facebook.com\/GlobalThinkingFoundation\/\" \/>\n<meta property=\"article:modified_time\" content=\"2025-12-09T10:36:25+00:00\" \/>\n<meta name=\"twitter:card\" content=\"summary_large_image\" \/>\n<meta name=\"twitter:site\" content=\"@GltFoundation\" \/>\n<meta name=\"twitter:label1\" content=\"Dur\u00e9e de lecture estim\u00e9e\" \/>\n\t<meta name=\"twitter:data1\" content=\"4 minutes\" \/>\n<script type=\"application\/ld+json\" class=\"yoast-schema-graph\">{\"@context\":\"https:\/\/schema.org\",\"@graph\":[{\"@type\":\"WebPage\",\"@id\":\"https:\/\/www.gltfoundation.com\/fr\/orange-the-world\/\",\"url\":\"https:\/\/www.gltfoundation.com\/fr\/orange-the-world\/\",\"name\":\"ORANGE THE WORLD - GLT Foundation\",\"isPartOf\":{\"@id\":\"https:\/\/www.gltfoundation.com\/#website\"},\"datePublished\":\"2024-11-14T11:09:53+00:00\",\"dateModified\":\"2025-12-09T10:36:25+00:00\",\"description\":\"Orange the World \u00e8 una campagna internazionale promossa da UN Women e dall'ONU per sensibilizzare contro la violenza di genere. La campagna si svolge dal 25 novembre (Giornata Internazionale per l'Eliminazione della Violenza contro le Donne) al 10 dicembre (Giornata Internazionale dei Diritti Umani), per un totale di 16 giorni di attivismo.\",\"breadcrumb\":{\"@id\":\"https:\/\/www.gltfoundation.com\/fr\/orange-the-world\/#breadcrumb\"},\"inLanguage\":\"fr-FR\",\"potentialAction\":[{\"@type\":\"ReadAction\",\"target\":[\"https:\/\/www.gltfoundation.com\/fr\/orange-the-world\/\"]}]},{\"@type\":\"BreadcrumbList\",\"@id\":\"https:\/\/www.gltfoundation.com\/fr\/orange-the-world\/#breadcrumb\",\"itemListElement\":[{\"@type\":\"ListItem\",\"position\":1,\"name\":\"Home\",\"item\":\"https:\/\/www.gltfoundation.com\/fr\/\"},{\"@type\":\"ListItem\",\"position\":2,\"name\":\"ORANGE THE WORLD\"}]},{\"@type\":\"WebSite\",\"@id\":\"https:\/\/www.gltfoundation.com\/#website\",\"url\":\"https:\/\/www.gltfoundation.com\/\",\"name\":\"GLT Foundation\",\"description\":\"\",\"publisher\":{\"@id\":\"https:\/\/www.gltfoundation.com\/#organization\"},\"potentialAction\":[{\"@type\":\"SearchAction\",\"target\":{\"@type\":\"EntryPoint\",\"urlTemplate\":\"https:\/\/www.gltfoundation.com\/?s={search_term_string}\"},\"query-input\":{\"@type\":\"PropertyValueSpecification\",\"valueRequired\":true,\"valueName\":\"search_term_string\"}}],\"inLanguage\":\"fr-FR\"},{\"@type\":\"Organization\",\"@id\":\"https:\/\/www.gltfoundation.com\/#organization\",\"name\":\"GLT Foundation\",\"url\":\"https:\/\/www.gltfoundation.com\/\",\"logo\":{\"@type\":\"ImageObject\",\"inLanguage\":\"fr-FR\",\"@id\":\"https:\/\/www.gltfoundation.com\/#\/schema\/logo\/image\/\",\"url\":\"https:\/\/www.gltfoundation.com\/wp-content\/uploads\/2023\/05\/logo-glt.png\",\"contentUrl\":\"https:\/\/www.gltfoundation.com\/wp-content\/uploads\/2023\/05\/logo-glt.png\",\"width\":152,\"height\":67,\"caption\":\"GLT Foundation\"},\"image\":{\"@id\":\"https:\/\/www.gltfoundation.com\/#\/schema\/logo\/image\/\"},\"sameAs\":[\"https:\/\/www.facebook.com\/GlobalThinkingFoundation\/\",\"https:\/\/x.com\/GltFoundation\",\"https:\/\/www.youtube.com\/channel\/UCDNBF4vXJH618xaFlqdyYhw\",\"https:\/\/www.linkedin.com\/company\/10678527\/\",\"https:\/\/www.instagram.com\/globalthinkingfoundation\/\"]}]}<\/script>\n<!-- \/ Yoast SEO plugin. -->","yoast_head_json":{"title":"ORANGE THE WORLD - GLT Foundation","description":"Orange the World \u00e8 una campagna internazionale promossa da UN Women e dall'ONU per sensibilizzare contro la violenza di genere. La campagna si svolge dal 25 novembre (Giornata Internazionale per l'Eliminazione della Violenza contro le Donne) al 10 dicembre (Giornata Internazionale dei Diritti Umani), per un totale di 16 giorni di attivismo.","robots":{"index":"index","follow":"follow","max-snippet":"max-snippet:-1","max-image-preview":"max-image-preview:large","max-video-preview":"max-video-preview:-1"},"canonical":"https:\/\/www.gltfoundation.com\/fr\/orange-the-world\/","og_locale":"fr_FR","og_type":"article","og_title":"ORANGE THE WORLD - GLT Foundation","og_description":"Orange the World \u00e8 una campagna internazionale promossa da UN Women e dall'ONU per sensibilizzare contro la violenza di genere. La campagna si svolge dal 25 novembre (Giornata Internazionale per l'Eliminazione della Violenza contro le Donne) al 10 dicembre (Giornata Internazionale dei Diritti Umani), per un totale di 16 giorni di attivismo.","og_url":"https:\/\/www.gltfoundation.com\/fr\/orange-the-world\/","og_site_name":"GLT Foundation","article_publisher":"https:\/\/www.facebook.com\/GlobalThinkingFoundation\/","article_modified_time":"2025-12-09T10:36:25+00:00","twitter_card":"summary_large_image","twitter_site":"@GltFoundation","twitter_misc":{"Dur\u00e9e de lecture estim\u00e9e":"4 minutes"},"schema":{"@context":"https:\/\/schema.org","@graph":[{"@type":"WebPage","@id":"https:\/\/www.gltfoundation.com\/fr\/orange-the-world\/","url":"https:\/\/www.gltfoundation.com\/fr\/orange-the-world\/","name":"ORANGE THE WORLD - GLT Foundation","isPartOf":{"@id":"https:\/\/www.gltfoundation.com\/#website"},"datePublished":"2024-11-14T11:09:53+00:00","dateModified":"2025-12-09T10:36:25+00:00","description":"Orange the World \u00e8 una campagna internazionale promossa da UN Women e dall'ONU per sensibilizzare contro la violenza di genere. La campagna si svolge dal 25 novembre (Giornata Internazionale per l'Eliminazione della Violenza contro le Donne) al 10 dicembre (Giornata Internazionale dei Diritti Umani), per un totale di 16 giorni di attivismo.","breadcrumb":{"@id":"https:\/\/www.gltfoundation.com\/fr\/orange-the-world\/#breadcrumb"},"inLanguage":"fr-FR","potentialAction":[{"@type":"ReadAction","target":["https:\/\/www.gltfoundation.com\/fr\/orange-the-world\/"]}]},{"@type":"BreadcrumbList","@id":"https:\/\/www.gltfoundation.com\/fr\/orange-the-world\/#breadcrumb","itemListElement":[{"@type":"ListItem","position":1,"name":"Home","item":"https:\/\/www.gltfoundation.com\/fr\/"},{"@type":"ListItem","position":2,"name":"ORANGE THE WORLD"}]},{"@type":"WebSite","@id":"https:\/\/www.gltfoundation.com\/#website","url":"https:\/\/www.gltfoundation.com\/","name":"GLT Foundation","description":"","publisher":{"@id":"https:\/\/www.gltfoundation.com\/#organization"},"potentialAction":[{"@type":"SearchAction","target":{"@type":"EntryPoint","urlTemplate":"https:\/\/www.gltfoundation.com\/?s={search_term_string}"},"query-input":{"@type":"PropertyValueSpecification","valueRequired":true,"valueName":"search_term_string"}}],"inLanguage":"fr-FR"},{"@type":"Organization","@id":"https:\/\/www.gltfoundation.com\/#organization","name":"GLT Foundation","url":"https:\/\/www.gltfoundation.com\/","logo":{"@type":"ImageObject","inLanguage":"fr-FR","@id":"https:\/\/www.gltfoundation.com\/#\/schema\/logo\/image\/","url":"https:\/\/www.gltfoundation.com\/wp-content\/uploads\/2023\/05\/logo-glt.png","contentUrl":"https:\/\/www.gltfoundation.com\/wp-content\/uploads\/2023\/05\/logo-glt.png","width":152,"height":67,"caption":"GLT Foundation"},"image":{"@id":"https:\/\/www.gltfoundation.com\/#\/schema\/logo\/image\/"},"sameAs":["https:\/\/www.facebook.com\/GlobalThinkingFoundation\/","https:\/\/x.com\/GltFoundation","https:\/\/www.youtube.com\/channel\/UCDNBF4vXJH618xaFlqdyYhw","https:\/\/www.linkedin.com\/company\/10678527\/","https:\/\/www.instagram.com\/globalthinkingfoundation\/"]}]}},"_links":{"self":[{"href":"https:\/\/www.gltfoundation.com\/fr\/wp-json\/wp\/v2\/pages\/63802"}],"collection":[{"href":"https:\/\/www.gltfoundation.com\/fr\/wp-json\/wp\/v2\/pages"}],"about":[{"href":"https:\/\/www.gltfoundation.com\/fr\/wp-json\/wp\/v2\/types\/page"}],"author":[{"embeddable":true,"href":"https:\/\/www.gltfoundation.com\/fr\/wp-json\/wp\/v2\/users\/3"}],"replies":[{"embeddable":true,"href":"https:\/\/www.gltfoundation.com\/fr\/wp-json\/wp\/v2\/comments?post=63802"}],"version-history":[{"count":6,"href":"https:\/\/www.gltfoundation.com\/fr\/wp-json\/wp\/v2\/pages\/63802\/revisions"}],"predecessor-version":[{"id":69734,"href":"https:\/\/www.gltfoundation.com\/fr\/wp-json\/wp\/v2\/pages\/63802\/revisions\/69734"}],"wp:attachment":[{"href":"https:\/\/www.gltfoundation.com\/fr\/wp-json\/wp\/v2\/media?parent=63802"}],"wp:term":[{"taxonomy":"category","embeddable":true,"href":"https:\/\/www.gltfoundation.com\/fr\/wp-json\/wp\/v2\/categories?post=63802"}],"curies":[{"name":"wp","href":"https:\/\/api.w.org\/{rel}","templated":true}]}}