{"id":64590,"date":"2025-01-14T12:54:07","date_gmt":"2025-01-14T11:54:07","guid":{"rendered":"https:\/\/www.gltfoundation.com\/vero-volley\/"},"modified":"2025-05-28T11:23:53","modified_gmt":"2025-05-28T09:23:53","slug":"vero-volley","status":"publish","type":"page","link":"https:\/\/www.gltfoundation.com\/fr\/vero-volley\/","title":{"rendered":"VERO VOLLEY"},"content":{"rendered":"<!-- INTRO INNER PAGE -->\r\n<section>\r\n    <div class=\"intro-inner-page\">\r\n        <!-- rounded box -->\r\n        <div class=\"container\">\r\n           \r\n                    <div class=\"el-rounded has-shadow-big bg-white\">\r\n                    \n    <div class=\"glt-flex-content-editor\">\n            <div class=\"row\">\n            <div class=\"col\">\n\n                    <div><p>Nos activit\u00e9s de soutien aux femmes dans le monde du sport se poursuivent \u00e0 un rythme soutenu! Nous avons \u00e9t\u00e9 invit\u00e9s en tant que Match Sponsor de l&rsquo;\u00e9quipe f\u00e9minine <strong>Vero Volley Monza<\/strong> lors d&rsquo;un match de barrage pour le Scudetto qui a vu nos joueuses de volley-ball l&#8217;emporter trois \u00e0 z\u00e9ro! Une occasion passionnante de faire conna\u00eetre \u00e0 plus de 4 000 fans r\u00e9unis \u00e0 guichets ferm\u00e9s dans la magnifique ar\u00e8ne de Monza l&rsquo;importance de l&rsquo;\u00e9galit\u00e9 des sexes, de l&rsquo;\u00e9mancipation des femmes et de la valeur que les femmes apportent au monde du sport. Au l&rsquo;appelle de \u00abfemmes et sport, une combinaison gagnante\u00bb, nous sommes ravies d&rsquo;avoir r\u00e9compens\u00e9 la meilleure joueuse sur le terrain et d&rsquo;avoir rencontr\u00e9 les deux gagnantes de notre quiz sur l&rsquo;\u00e9ducation financi\u00e8re! Ce n&rsquo;est que le d\u00e9but d&rsquo;une merveilleuse collaboration qui se poursuit avec <strong>Vero Volley Young<\/strong> pour la diffusion de l&rsquo;\u00e9ducation financi\u00e8re aupr\u00e8s de la jeune g\u00e9n\u00e9ration.<\/p>\n<p><a href=\"https:\/\/www.gltfoundation.com\/fr\/vero-volley\/mg_logo_c-pefaj1h7b8mg0o2dmwwqv9fwudgxi40h8egv9y08w4\/\"><img loading=\"lazy\" decoding=\"async\" class=\"size-medium wp-image-28594 aligncenter\" src=\"https:\/\/www.gltfoundation.com\/wp-content\/uploads\/2022\/07\/MG_LOGO_C-pefaj1h7b8mg0o2dmwwqv9fwudgxi40h8egv9y08w4-1-300x176.png\" alt=\"\" width=\"300\" height=\"176\" srcset=\"https:\/\/www.gltfoundation.com\/wp-content\/uploads\/2022\/07\/MG_LOGO_C-pefaj1h7b8mg0o2dmwwqv9fwudgxi40h8egv9y08w4-1-300x176.png 300w, https:\/\/www.gltfoundation.com\/wp-content\/uploads\/2022\/07\/MG_LOGO_C-pefaj1h7b8mg0o2dmwwqv9fwudgxi40h8egv9y08w4-1.png 480w\" sizes=\"(max-width: 300px) 100vw, 300px\" \/><\/a><\/p>\n<\/div>\r\n            <\/div>\n        <\/div>\n\n        <\/div>\n\n    \n                    <\/div>\r\n              \r\n        <\/div>\r\n        <!-- \/\/ rounded box -->\r\n    <\/div>\r\n<\/section>\r\n<!-- \/\/ INTRO INNER PAGE -->\r\n\n\n<!-- INTRO INNER PAGE -->\r\n<section>\r\n    <div class=\"intro-inner-page\">\r\n        <!-- rounded box -->\r\n        <div class=\"container\">\r\n           \r\n                    <div class=\"el-rounded  bg-white\">\r\n                    \n    <div class=\"glt-flex-content-editor\">\n            <div class=\"row\">\n            <div class=\"col\">\n\n                    <div><h4>M\u00e9daille d&rsquo;or: Moins de 19 ans Assiplan Vero Volley et Moins de 18 ans Torneria Colombo &#8211; 27 avril 2025<\/h4>\n<p>Lors du premier week-end de finales, les moins de 19 ans de l&rsquo;Assiplan Vero Volley et les moins de 18 ans de la Torneria Colombo ont remport\u00e9 l&rsquo;or le 27 avril. Les gar\u00e7ons de moins de 19 ans ont remport\u00e9 le titre r\u00e9gional en battant Allianz Diavoli Rosa 3-0 au Pala Kennedy \u00e0 Brugherio, renouant ainsi avec la victoire apr\u00e8s un an. Les filles de moins de 18 ans, dirig\u00e9es par l&rsquo;entra\u00eeneur Robbiati, ont confirm\u00e9 le succ\u00e8s de l&rsquo;ann\u00e9e derni\u00e8re en battant le Spazio Conad Busnago 3-0.<\/p>\n<p>D\u00e9couvrez les r\u00e9sultats des <a href=\"https:\/\/www.verovolley.com\/en-plein-di-successi-alle-finali-regionali-per-le-squadre-vero-volley\/\" target=\"_blank\" rel=\"noopener\">Finales R\u00e9gionales<\/a> et ceux des <a href=\"https:\/\/www.verovolley.com\/dominio-vero-volley-alle-finali-territoriali-giovanili-quattro-titoli-e-sei-medaglie-totali\/\" target=\"_blank\" rel=\"noopener\">Finales Territoriales<\/a>.<\/p>\n<p><img loading=\"lazy\" decoding=\"async\" class=\"alignnone  wp-image-67026\" src=\"https:\/\/www.gltfoundation.com\/wp-content\/uploads\/2025\/05\/Regionali-young-r5p9a7a2znf3u8bifpllbzwzh3pi6pwvrf278l12y8-300x169.png\" alt=\"\" width=\"641\" height=\"361\" srcset=\"https:\/\/www.gltfoundation.com\/wp-content\/uploads\/2025\/05\/Regionali-young-r5p9a7a2znf3u8bifpllbzwzh3pi6pwvrf278l12y8-300x169.png 300w, https:\/\/www.gltfoundation.com\/wp-content\/uploads\/2025\/05\/Regionali-young-r5p9a7a2znf3u8bifpllbzwzh3pi6pwvrf278l12y8-1024x576.png 1024w, https:\/\/www.gltfoundation.com\/wp-content\/uploads\/2025\/05\/Regionali-young-r5p9a7a2znf3u8bifpllbzwzh3pi6pwvrf278l12y8-768x432.png 768w, https:\/\/www.gltfoundation.com\/wp-content\/uploads\/2025\/05\/Regionali-young-r5p9a7a2znf3u8bifpllbzwzh3pi6pwvrf278l12y8-1536x864.png 1536w, https:\/\/www.gltfoundation.com\/wp-content\/uploads\/2025\/05\/Regionali-young-r5p9a7a2znf3u8bifpllbzwzh3pi6pwvrf278l12y8-500x281.png 500w, https:\/\/www.gltfoundation.com\/wp-content\/uploads\/2025\/05\/Regionali-young-r5p9a7a2znf3u8bifpllbzwzh3pi6pwvrf278l12y8.png 1920w\" sizes=\"(max-width: 641px) 100vw, 641px\" \/><\/p>\n<p>&nbsp;<\/p>\n<\/div>\r\n            <\/div>\n        <\/div>\n\n        <\/div>\n\n    \n                    <\/div>\r\n              \r\n        <\/div>\r\n        <!-- \/\/ rounded box -->\r\n    <\/div>\r\n<\/section>\r\n<!-- \/\/ INTRO INNER PAGE -->\r\n\n\n<!-- INTRO INNER PAGE -->\r\n<section>\r\n    <div class=\"intro-inner-page\">\r\n        <!-- rounded box -->\r\n        <div class=\"container\">\r\n           \r\n                    <div class=\"el-rounded  bg-white\">\r\n                    \n    <div class=\"glt-flex-content-editor\">\n            <div class=\"row\">\n            <div class=\"col\">\n\n                    <div><h4>Paola Egonu \u00e9lue meilleure joueuse mondiale 2024<\/h4>\n<p>2024 a \u00e9t\u00e9 une ann\u00e9e historique pour le volley-ball f\u00e9minin italien, avec des succ\u00e8s au niveau des clubs et une m\u00e9daille d&rsquo;or olympique pour l&rsquo;\u00e9quipe nationale aux Jeux de Paris. Pour certifier ce moment de gloire, <strong>Volleyball World<\/strong> a honor\u00e9 <strong>Paola Egonu<\/strong> en tant que <strong>meilleure joueuse du monde<\/strong> et a motiv\u00e9 la r\u00e9compense en soulignant le r\u00f4le fondamental de Paola pour mener l&rsquo;Italie \u00e0 la victoire en VNL et au triomphe olympique, ajoutant un autre titre prestigieux \u00e0 sa carri\u00e8re.<\/p>\n<p><a href=\"https:\/\/www.gltfoundation.com\/?attachment_id=64486\" rel=\"attachment wp-att-64486\"><img loading=\"lazy\" decoding=\"async\" class=\"alignnone size-medium wp-image-64486\" src=\"https:\/\/www.gltfoundation.com\/wp-content\/uploads\/2025\/01\/Egonu-qzgxtlcvhaaqseex8uv9ubkf5wvbun4l9su3uxfzg0-300x169.png\" alt=\"\" width=\"300\" height=\"169\" srcset=\"https:\/\/www.gltfoundation.com\/wp-content\/uploads\/2025\/01\/Egonu-qzgxtlcvhaaqseex8uv9ubkf5wvbun4l9su3uxfzg0-300x169.png 300w, https:\/\/www.gltfoundation.com\/wp-content\/uploads\/2025\/01\/Egonu-qzgxtlcvhaaqseex8uv9ubkf5wvbun4l9su3uxfzg0-1024x576.png 1024w, https:\/\/www.gltfoundation.com\/wp-content\/uploads\/2025\/01\/Egonu-qzgxtlcvhaaqseex8uv9ubkf5wvbun4l9su3uxfzg0-768x432.png 768w, https:\/\/www.gltfoundation.com\/wp-content\/uploads\/2025\/01\/Egonu-qzgxtlcvhaaqseex8uv9ubkf5wvbun4l9su3uxfzg0-1536x864.png 1536w, https:\/\/www.gltfoundation.com\/wp-content\/uploads\/2025\/01\/Egonu-qzgxtlcvhaaqseex8uv9ubkf5wvbun4l9su3uxfzg0-500x281.png 500w, https:\/\/www.gltfoundation.com\/wp-content\/uploads\/2025\/01\/Egonu-qzgxtlcvhaaqseex8uv9ubkf5wvbun4l9su3uxfzg0.png 1920w\" sizes=\"(max-width: 300px) 100vw, 300px\" \/><\/a><\/p>\n<\/div>\r\n            <\/div>\n        <\/div>\n\n        <\/div>\n\n    \n                    <\/div>\r\n              \r\n        <\/div>\r\n        <!-- \/\/ rounded box -->\r\n    <\/div>\r\n<\/section>\r\n<!-- \/\/ INTRO INNER PAGE -->\r\n\n\n<!-- INTRO INNER PAGE -->\r\n<section>\r\n    <div class=\"intro-inner-page\">\r\n        <!-- rounded box -->\r\n        <div class=\"container\">\r\n           \r\n                    <div class=\"el-rounded  bg-white\">\r\n                    \n    <div class=\"glt-flex-content-editor\">\n            <div class=\"row\">\n            <div class=\"col\">\n\n                    <div><h4>Championnat du monde des clubs 2024 : Vero Volley Milan troisi\u00e8me du monde &#8211; 22 d\u00e9cembre, Hangzhou (Chine)<\/h4>\n<p><strong>Vero Volley Milano<\/strong> a remport\u00e9 la <strong>troisi\u00e8me place<\/strong> au <strong>Championnat du monde des clubs 2024<\/strong>, un exploit historique qui confirme la force de l&rsquo;\u00e9quipe. La comp\u00e9tition, qui s&rsquo;est d\u00e9roul\u00e9e \u00e0 <strong>Hangzhou, en Chine<\/strong>, a vu les Milanaises se battre avec d\u00e9termination contre les meilleures \u00e9quipes du monde, obtenant une place sur le podium bien m\u00e9rit\u00e9e. Ce r\u00e9sultat ajoute une nouvelle \u00e9tape importante \u00e0 la saison d\u00e9j\u00e0 brillante du club, consolidant sa position parmi l&rsquo;\u00e9lite mondiale du volley-ball f\u00e9minin.<\/p>\n<p><a href=\"https:\/\/www.gltfoundation.com\/fr\/imprese-e-cittadinanza\/glt-e-lo-sport-solidarieta-e-welfare-sociale\/vero-volley-thirs-in-the-world\/\" rel=\"attachment wp-att-64363\"><img loading=\"lazy\" decoding=\"async\" class=\"alignnone size-medium wp-image-64363\" src=\"https:\/\/www.gltfoundation.com\/wp-content\/uploads\/2025\/01\/Vero-Volley-Thirs-in-the-World-300x200.jpg\" alt=\"\" width=\"300\" height=\"200\" srcset=\"https:\/\/www.gltfoundation.com\/wp-content\/uploads\/2025\/01\/Vero-Volley-Thirs-in-the-World-300x200.jpg 300w, https:\/\/www.gltfoundation.com\/wp-content\/uploads\/2025\/01\/Vero-Volley-Thirs-in-the-World-1024x683.jpg 1024w, https:\/\/www.gltfoundation.com\/wp-content\/uploads\/2025\/01\/Vero-Volley-Thirs-in-the-World-768x512.jpg 768w, https:\/\/www.gltfoundation.com\/wp-content\/uploads\/2025\/01\/Vero-Volley-Thirs-in-the-World-1536x1024.jpg 1536w, https:\/\/www.gltfoundation.com\/wp-content\/uploads\/2025\/01\/Vero-Volley-Thirs-in-the-World-500x333.jpg 500w, https:\/\/www.gltfoundation.com\/wp-content\/uploads\/2025\/01\/Vero-Volley-Thirs-in-the-World.jpg 1600w\" sizes=\"(max-width: 300px) 100vw, 300px\" \/><\/a><\/p>\n<\/div>\r\n            <\/div>\n        <\/div>\n\n        <\/div>\n\n    \n                    <\/div>\r\n              \r\n        <\/div>\r\n        <!-- \/\/ rounded box -->\r\n    <\/div>\r\n<\/section>\r\n<!-- \/\/ INTRO INNER PAGE -->\r\n\n\n<!-- INTRO INNER PAGE -->\r\n<section>\r\n    <div class=\"intro-inner-page\">\r\n        <!-- rounded box -->\r\n        <div class=\"container\">\r\n           \r\n                    <div class=\"el-rounded  bg-white\">\r\n                    \n    <div class=\"glt-flex-content-editor\">\n            <div class=\"row\">\n            <div class=\"col\">\n\n                    <div><h4>Stronger together<\/h4>\n<p>Et nous voil\u00e0 aussi dans la <strong>Gazzetta dello Sport<\/strong>!<\/p>\n<p><a href=\"https:\/\/www.gltfoundation.com\/fr\/vero-volley\/photo-2022-07-19-11-43-36\/\"><img loading=\"lazy\" decoding=\"async\" class=\"alignnone wp-image-28597\" src=\"https:\/\/www.gltfoundation.com\/wp-content\/uploads\/2022\/07\/PHOTO-2022-07-19-11-43-36-1-225x300.jpg\" alt=\"\" width=\"262\" height=\"349\" srcset=\"https:\/\/www.gltfoundation.com\/wp-content\/uploads\/2022\/07\/PHOTO-2022-07-19-11-43-36-1-225x300.jpg 225w, https:\/\/www.gltfoundation.com\/wp-content\/uploads\/2022\/07\/PHOTO-2022-07-19-11-43-36-1-768x1024.jpg 768w, https:\/\/www.gltfoundation.com\/wp-content\/uploads\/2022\/07\/PHOTO-2022-07-19-11-43-36-1-1152x1536.jpg 1152w, https:\/\/www.gltfoundation.com\/wp-content\/uploads\/2022\/07\/PHOTO-2022-07-19-11-43-36-1-500x667.jpg 500w, https:\/\/www.gltfoundation.com\/wp-content\/uploads\/2022\/07\/PHOTO-2022-07-19-11-43-36-1.jpg 1200w\" sizes=\"(max-width: 262px) 100vw, 262px\" \/><\/a><a href=\"https:\/\/www.gltfoundation.com\/fr\/vero-volley\/grafica\/\"><img loading=\"lazy\" decoding=\"async\" class=\"alignnone wp-image-28618 size-medium\" src=\"https:\/\/www.gltfoundation.com\/wp-content\/uploads\/2022\/07\/Grafica-1-e1736860956867-300x298.jpg\" alt=\"\" width=\"300\" height=\"298\" srcset=\"https:\/\/www.gltfoundation.com\/wp-content\/uploads\/2022\/07\/Grafica-1-e1736860956867-300x298.jpg 300w, https:\/\/www.gltfoundation.com\/wp-content\/uploads\/2022\/07\/Grafica-1-e1736860956867-1024x1019.jpg 1024w, https:\/\/www.gltfoundation.com\/wp-content\/uploads\/2022\/07\/Grafica-1-e1736860956867-150x150.jpg 150w, https:\/\/www.gltfoundation.com\/wp-content\/uploads\/2022\/07\/Grafica-1-e1736860956867-768x764.jpg 768w, https:\/\/www.gltfoundation.com\/wp-content\/uploads\/2022\/07\/Grafica-1-e1736860956867-500x497.jpg 500w, https:\/\/www.gltfoundation.com\/wp-content\/uploads\/2022\/07\/Grafica-1-e1736860956867.jpg 1155w\" sizes=\"(max-width: 300px) 100vw, 300px\" \/><\/a><\/p>\n<\/div>\r\n            <\/div>\n        <\/div>\n\n        <\/div>\n\n    \n                    <\/div>\r\n              \r\n        <\/div>\r\n        <!-- \/\/ rounded box -->\r\n    <\/div>\r\n<\/section>\r\n<!-- \/\/ INTRO INNER PAGE -->\r\n\n\n","protected":false},"excerpt":{"rendered":"","protected":false},"author":6,"featured_media":0,"parent":0,"menu_order":0,"comment_status":"closed","ping_status":"closed","template":"","meta":{"_acf_changed":false,"inline_featured_image":false,"_themeisle_gutenberg_block_has_review":false,"footnotes":""},"categories":[],"class_list":["post-64590","page","type-page","status-publish","hentry"],"acf":[],"yoast_head":"<!-- This site is optimized with the Yoast SEO plugin v23.6 - https:\/\/yoast.com\/wordpress\/plugins\/seo\/ -->\n<title>VERO VOLLEY - GLT Foundation<\/title>\n<meta name=\"robots\" content=\"index, follow, max-snippet:-1, max-image-preview:large, max-video-preview:-1\" \/>\n<link rel=\"canonical\" href=\"https:\/\/www.gltfoundation.com\/fr\/vero-volley\/\" \/>\n<meta property=\"og:locale\" content=\"fr_FR\" \/>\n<meta property=\"og:type\" content=\"article\" \/>\n<meta property=\"og:title\" content=\"VERO VOLLEY - GLT Foundation\" \/>\n<meta property=\"og:url\" content=\"https:\/\/www.gltfoundation.com\/fr\/vero-volley\/\" \/>\n<meta property=\"og:site_name\" content=\"GLT Foundation\" \/>\n<meta property=\"article:publisher\" content=\"https:\/\/www.facebook.com\/GlobalThinkingFoundation\/\" \/>\n<meta property=\"article:modified_time\" content=\"2025-05-28T09:23:53+00:00\" \/>\n<meta name=\"twitter:card\" content=\"summary_large_image\" \/>\n<meta name=\"twitter:site\" content=\"@GltFoundation\" \/>\n<meta name=\"twitter:label1\" content=\"Dur\u00e9e de lecture estim\u00e9e\" \/>\n\t<meta name=\"twitter:data1\" content=\"4 minutes\" \/>\n<script type=\"application\/ld+json\" class=\"yoast-schema-graph\">{\"@context\":\"https:\/\/schema.org\",\"@graph\":[{\"@type\":\"WebPage\",\"@id\":\"https:\/\/www.gltfoundation.com\/fr\/vero-volley\/\",\"url\":\"https:\/\/www.gltfoundation.com\/fr\/vero-volley\/\",\"name\":\"VERO VOLLEY - GLT Foundation\",\"isPartOf\":{\"@id\":\"https:\/\/www.gltfoundation.com\/#website\"},\"datePublished\":\"2025-01-14T11:54:07+00:00\",\"dateModified\":\"2025-05-28T09:23:53+00:00\",\"breadcrumb\":{\"@id\":\"https:\/\/www.gltfoundation.com\/fr\/vero-volley\/#breadcrumb\"},\"inLanguage\":\"fr-FR\",\"potentialAction\":[{\"@type\":\"ReadAction\",\"target\":[\"https:\/\/www.gltfoundation.com\/fr\/vero-volley\/\"]}]},{\"@type\":\"BreadcrumbList\",\"@id\":\"https:\/\/www.gltfoundation.com\/fr\/vero-volley\/#breadcrumb\",\"itemListElement\":[{\"@type\":\"ListItem\",\"position\":1,\"name\":\"Home\",\"item\":\"https:\/\/www.gltfoundation.com\/fr\/\"},{\"@type\":\"ListItem\",\"position\":2,\"name\":\"VERO VOLLEY\"}]},{\"@type\":\"WebSite\",\"@id\":\"https:\/\/www.gltfoundation.com\/#website\",\"url\":\"https:\/\/www.gltfoundation.com\/\",\"name\":\"GLT Foundation\",\"description\":\"\",\"publisher\":{\"@id\":\"https:\/\/www.gltfoundation.com\/#organization\"},\"potentialAction\":[{\"@type\":\"SearchAction\",\"target\":{\"@type\":\"EntryPoint\",\"urlTemplate\":\"https:\/\/www.gltfoundation.com\/?s={search_term_string}\"},\"query-input\":{\"@type\":\"PropertyValueSpecification\",\"valueRequired\":true,\"valueName\":\"search_term_string\"}}],\"inLanguage\":\"fr-FR\"},{\"@type\":\"Organization\",\"@id\":\"https:\/\/www.gltfoundation.com\/#organization\",\"name\":\"GLT Foundation\",\"url\":\"https:\/\/www.gltfoundation.com\/\",\"logo\":{\"@type\":\"ImageObject\",\"inLanguage\":\"fr-FR\",\"@id\":\"https:\/\/www.gltfoundation.com\/#\/schema\/logo\/image\/\",\"url\":\"https:\/\/www.gltfoundation.com\/wp-content\/uploads\/2023\/05\/logo-glt.png\",\"contentUrl\":\"https:\/\/www.gltfoundation.com\/wp-content\/uploads\/2023\/05\/logo-glt.png\",\"width\":152,\"height\":67,\"caption\":\"GLT Foundation\"},\"image\":{\"@id\":\"https:\/\/www.gltfoundation.com\/#\/schema\/logo\/image\/\"},\"sameAs\":[\"https:\/\/www.facebook.com\/GlobalThinkingFoundation\/\",\"https:\/\/x.com\/GltFoundation\",\"https:\/\/www.youtube.com\/channel\/UCDNBF4vXJH618xaFlqdyYhw\",\"https:\/\/www.linkedin.com\/company\/10678527\/\",\"https:\/\/www.instagram.com\/globalthinkingfoundation\/\"]}]}<\/script>\n<!-- \/ Yoast SEO plugin. -->","yoast_head_json":{"title":"VERO VOLLEY - GLT Foundation","robots":{"index":"index","follow":"follow","max-snippet":"max-snippet:-1","max-image-preview":"max-image-preview:large","max-video-preview":"max-video-preview:-1"},"canonical":"https:\/\/www.gltfoundation.com\/fr\/vero-volley\/","og_locale":"fr_FR","og_type":"article","og_title":"VERO VOLLEY - GLT Foundation","og_url":"https:\/\/www.gltfoundation.com\/fr\/vero-volley\/","og_site_name":"GLT Foundation","article_publisher":"https:\/\/www.facebook.com\/GlobalThinkingFoundation\/","article_modified_time":"2025-05-28T09:23:53+00:00","twitter_card":"summary_large_image","twitter_site":"@GltFoundation","twitter_misc":{"Dur\u00e9e de lecture estim\u00e9e":"4 minutes"},"schema":{"@context":"https:\/\/schema.org","@graph":[{"@type":"WebPage","@id":"https:\/\/www.gltfoundation.com\/fr\/vero-volley\/","url":"https:\/\/www.gltfoundation.com\/fr\/vero-volley\/","name":"VERO VOLLEY - GLT Foundation","isPartOf":{"@id":"https:\/\/www.gltfoundation.com\/#website"},"datePublished":"2025-01-14T11:54:07+00:00","dateModified":"2025-05-28T09:23:53+00:00","breadcrumb":{"@id":"https:\/\/www.gltfoundation.com\/fr\/vero-volley\/#breadcrumb"},"inLanguage":"fr-FR","potentialAction":[{"@type":"ReadAction","target":["https:\/\/www.gltfoundation.com\/fr\/vero-volley\/"]}]},{"@type":"BreadcrumbList","@id":"https:\/\/www.gltfoundation.com\/fr\/vero-volley\/#breadcrumb","itemListElement":[{"@type":"ListItem","position":1,"name":"Home","item":"https:\/\/www.gltfoundation.com\/fr\/"},{"@type":"ListItem","position":2,"name":"VERO VOLLEY"}]},{"@type":"WebSite","@id":"https:\/\/www.gltfoundation.com\/#website","url":"https:\/\/www.gltfoundation.com\/","name":"GLT Foundation","description":"","publisher":{"@id":"https:\/\/www.gltfoundation.com\/#organization"},"potentialAction":[{"@type":"SearchAction","target":{"@type":"EntryPoint","urlTemplate":"https:\/\/www.gltfoundation.com\/?s={search_term_string}"},"query-input":{"@type":"PropertyValueSpecification","valueRequired":true,"valueName":"search_term_string"}}],"inLanguage":"fr-FR"},{"@type":"Organization","@id":"https:\/\/www.gltfoundation.com\/#organization","name":"GLT Foundation","url":"https:\/\/www.gltfoundation.com\/","logo":{"@type":"ImageObject","inLanguage":"fr-FR","@id":"https:\/\/www.gltfoundation.com\/#\/schema\/logo\/image\/","url":"https:\/\/www.gltfoundation.com\/wp-content\/uploads\/2023\/05\/logo-glt.png","contentUrl":"https:\/\/www.gltfoundation.com\/wp-content\/uploads\/2023\/05\/logo-glt.png","width":152,"height":67,"caption":"GLT Foundation"},"image":{"@id":"https:\/\/www.gltfoundation.com\/#\/schema\/logo\/image\/"},"sameAs":["https:\/\/www.facebook.com\/GlobalThinkingFoundation\/","https:\/\/x.com\/GltFoundation","https:\/\/www.youtube.com\/channel\/UCDNBF4vXJH618xaFlqdyYhw","https:\/\/www.linkedin.com\/company\/10678527\/","https:\/\/www.instagram.com\/globalthinkingfoundation\/"]}]}},"_links":{"self":[{"href":"https:\/\/www.gltfoundation.com\/fr\/wp-json\/wp\/v2\/pages\/64590"}],"collection":[{"href":"https:\/\/www.gltfoundation.com\/fr\/wp-json\/wp\/v2\/pages"}],"about":[{"href":"https:\/\/www.gltfoundation.com\/fr\/wp-json\/wp\/v2\/types\/page"}],"author":[{"embeddable":true,"href":"https:\/\/www.gltfoundation.com\/fr\/wp-json\/wp\/v2\/users\/6"}],"replies":[{"embeddable":true,"href":"https:\/\/www.gltfoundation.com\/fr\/wp-json\/wp\/v2\/comments?post=64590"}],"version-history":[{"count":5,"href":"https:\/\/www.gltfoundation.com\/fr\/wp-json\/wp\/v2\/pages\/64590\/revisions"}],"predecessor-version":[{"id":67163,"href":"https:\/\/www.gltfoundation.com\/fr\/wp-json\/wp\/v2\/pages\/64590\/revisions\/67163"}],"wp:attachment":[{"href":"https:\/\/www.gltfoundation.com\/fr\/wp-json\/wp\/v2\/media?parent=64590"}],"wp:term":[{"taxonomy":"category","embeddable":true,"href":"https:\/\/www.gltfoundation.com\/fr\/wp-json\/wp\/v2\/categories?post=64590"}],"curies":[{"name":"wp","href":"https:\/\/api.w.org\/{rel}","templated":true}]}}