{"id":65499,"date":"2025-02-19T11:56:52","date_gmt":"2025-02-19T10:56:52","guid":{"rendered":"https:\/\/www.gltfoundation.com\/unione-sportiva-livorno\/"},"modified":"2025-02-26T13:33:13","modified_gmt":"2025-02-26T12:33:13","slug":"asd-livorno-calcio-femminile","status":"publish","type":"page","link":"https:\/\/www.gltfoundation.com\/fr\/asd-livorno-calcio-femminile\/","title":{"rendered":"ASD LIVORNO CALCIO FEMMINILE"},"content":{"rendered":"<!-- INTRO INNER PAGE -->\r\n<section>\r\n    <div class=\"intro-inner-page\">\r\n        <!-- rounded box -->\r\n        <div class=\"container\">\r\n           \r\n                    <div class=\"el-rounded has-shadow-big bg-white\">\r\n                    \n    <div class=\"glt-flex-content-editor\">\n            <div class=\"row\">\n            <div class=\"col\">\n\n                    <div><p>ASD Livorno Calcio Femminile est une \u00e9quipe de football f\u00e9minin bas\u00e9e \u00e0 Livourne, en Italie. L&rsquo;\u00e9quipe \u00e9volue actuellement dans la ligue Eccellenza Toscana, qui fait partie du syst\u00e8me italien de ligue de football f\u00e9minin.<\/p>\n<p><a href=\"https:\/\/www.gltfoundation.com\/fr\/imprese-e-cittadinanza\/glt-e-lo-sport-solidarieta-e-welfare-sociale\/livorno-calcio-women\/\" rel=\"attachment wp-att-64480\"><img loading=\"lazy\" decoding=\"async\" class=\"size-medium wp-image-64480 aligncenter\" src=\"https:\/\/www.gltfoundation.com\/wp-content\/uploads\/2025\/01\/Livorno-Calcio-Women-1-300x300.png\" alt=\"\" width=\"300\" height=\"300\" srcset=\"https:\/\/www.gltfoundation.com\/wp-content\/uploads\/2025\/01\/Livorno-Calcio-Women-1-300x300.png 300w, https:\/\/www.gltfoundation.com\/wp-content\/uploads\/2025\/01\/Livorno-Calcio-Women-1-1024x1024.png 1024w, https:\/\/www.gltfoundation.com\/wp-content\/uploads\/2025\/01\/Livorno-Calcio-Women-1-150x150.png 150w, https:\/\/www.gltfoundation.com\/wp-content\/uploads\/2025\/01\/Livorno-Calcio-Women-1-768x768.png 768w, https:\/\/www.gltfoundation.com\/wp-content\/uploads\/2025\/01\/Livorno-Calcio-Women-1-500x500.png 500w, https:\/\/www.gltfoundation.com\/wp-content\/uploads\/2025\/01\/Livorno-Calcio-Women-1-1000x1000.png 1000w, https:\/\/www.gltfoundation.com\/wp-content\/uploads\/2025\/01\/Livorno-Calcio-Women-1.png 1080w\" sizes=\"(max-width: 300px) 100vw, 300px\" \/><\/a><\/p>\n<\/div>\r\n            <\/div>\n        <\/div>\n\n        <\/div>\n\n    \n                    <\/div>\r\n              \r\n        <\/div>\r\n        <!-- \/\/ rounded box -->\r\n    <\/div>\r\n<\/section>\r\n<!-- \/\/ INTRO INNER PAGE -->\r\n\n\n<!-- INTRO INNER PAGE -->\r\n<section>\r\n    <div class=\"intro-inner-page\">\r\n        <!-- rounded box -->\r\n        <div class=\"container\">\r\n           \r\n                    <div class=\"el-rounded  bg-white\">\r\n                    \n    <div class=\"glt-flex-content-editor\">\n            <div class=\"row\">\n            <div class=\"col\">\n\n                    <div><h4>Bourses d&rsquo;\u00e9tudes \u00ab\u00a0WOMEN SPORT GLT AWARD\u00a0\u00bb et Prix A.S. 2025\/2026<\/h4>\n<p>Global Thinking Foundation soutient les \u00e9tudiantes et les athl\u00e8tes f\u00e9minines par l&rsquo;attribution de 5 bourses et de 5 prix pour le m\u00e9rite sportif et scolaire, dans le but d&rsquo;aider \u00e0 \u00e9liminer les obstacles socio-\u00e9conomiques qui pourraient affecter n\u00e9gativement la carri\u00e8re scolaire et sportive de jeunes talents issus de familles pauvres ou d\u00e9favoris\u00e9es, en leur donnant l&rsquo;opportunit\u00e9 de continuer avec succ\u00e8s dans le monde du sport et de l&rsquo;\u00e9ducation.<\/p>\n<p style=\"text-align: center;\"><code><div class=\"_df_thumb \" id=\"df_65407\"  wpoptions=\"true\" thumb=\"https:\/\/www.gltfoundation.com\/wp-content\/uploads\/2025\/02\/Screenshot-2025-02-17-alle-17.50.53.png\" >Borse di Studio \u00ab\u00a0Women Sport GLT Award\u00a0\u00bb e Premi di Studio &#8211; A.s 2025\/2026<\/div><script data-cfasync=\"false\">var option_df_65407 = {\"outline\":[],\"forceFit\":\"true\",\"autoEnableOutline\":\"false\",\"autoEnableThumbnail\":\"false\",\"overwritePDFOutline\":\"false\",\"enableDownload\":\"false\",\"direction\":\"1\",\"pageMode\":\"0\",\"source\":\"https:\\\/\\\/www.gltfoundation.com\\\/wp-content\\\/uploads\\\/2025\\\/02\\\/Regolamento-Concorso-A.S.-2025_2026_compressed-1.pdf\",\"wpOptions\":\"true\"}; if(window.DFLIP && DFLIP.parseBooks){DFLIP.parseBooks();}<\/script><\/code><\/p>\n<\/div>\r\n            <\/div>\n        <\/div>\n\n        <\/div>\n\n    \n                    <\/div>\r\n              \r\n        <\/div>\r\n        <!-- \/\/ rounded box -->\r\n    <\/div>\r\n<\/section>\r\n<!-- \/\/ INTRO INNER PAGE -->\r\n\n\n<!-- INTRO INNER PAGE -->\r\n<section>\r\n    <div class=\"intro-inner-page\">\r\n        <!-- rounded box -->\r\n        <div class=\"container\">\r\n           \r\n                    <div class=\"el-rounded  bg-white\">\r\n                    \n    <div class=\"glt-flex-content-editor\">\n            <div class=\"row\">\n            <div class=\"col\">\n\n                    <div><h4>Accord de collaboration entre Global Thinking Foundation et Unione Sportiva Livorno<\/h4>\n<p>En janvier 2025, la Global Thinking Foundation et l&rsquo;Unione Sportiva Livorno 1915 ont sign\u00e9 un accord de collaboration visant \u00e0 promouvoir l&rsquo;inclusion sociale, l&rsquo;\u00e9ducation financi\u00e8re et num\u00e9rique parmi les fans et la communaut\u00e9 sportive.<\/p>\n<p><a href=\"https:\/\/www.gltfoundation.com\/?attachment_id=65439\" rel=\"attachment wp-att-65439\"><img loading=\"lazy\" decoding=\"async\" class=\"alignnone size-medium wp-image-65439\" src=\"https:\/\/www.gltfoundation.com\/wp-content\/uploads\/2025\/02\/DSC_3623-Migliorato-NR-300x200.jpg\" alt=\"\" width=\"300\" height=\"200\" srcset=\"https:\/\/www.gltfoundation.com\/wp-content\/uploads\/2025\/02\/DSC_3623-Migliorato-NR-300x200.jpg 300w, https:\/\/www.gltfoundation.com\/wp-content\/uploads\/2025\/02\/DSC_3623-Migliorato-NR-1024x683.jpg 1024w, https:\/\/www.gltfoundation.com\/wp-content\/uploads\/2025\/02\/DSC_3623-Migliorato-NR-768x512.jpg 768w, https:\/\/www.gltfoundation.com\/wp-content\/uploads\/2025\/02\/DSC_3623-Migliorato-NR-1536x1024.jpg 1536w, https:\/\/www.gltfoundation.com\/wp-content\/uploads\/2025\/02\/DSC_3623-Migliorato-NR-2048x1365.jpg 2048w, https:\/\/www.gltfoundation.com\/wp-content\/uploads\/2025\/02\/DSC_3623-Migliorato-NR-500x333.jpg 500w\" sizes=\"(max-width: 300px) 100vw, 300px\" \/><\/a><\/p>\n<p>&nbsp;<\/p>\n<\/div>\r\n            <\/div>\n        <\/div>\n\n        <\/div>\n\n    \n                    <\/div>\r\n              \r\n        <\/div>\r\n        <!-- \/\/ rounded box -->\r\n    <\/div>\r\n<\/section>\r\n<!-- \/\/ INTRO INNER PAGE -->\r\n","protected":false},"excerpt":{"rendered":"","protected":false},"author":6,"featured_media":0,"parent":0,"menu_order":0,"comment_status":"closed","ping_status":"closed","template":"","meta":{"_acf_changed":false,"inline_featured_image":false,"_themeisle_gutenberg_block_has_review":false,"footnotes":""},"categories":[],"class_list":["post-65499","page","type-page","status-publish","hentry"],"acf":[],"yoast_head":"<!-- This site is optimized with the Yoast SEO plugin v23.6 - https:\/\/yoast.com\/wordpress\/plugins\/seo\/ -->\n<title>ASD LIVORNO CALCIO FEMMINILE - GLT Foundation<\/title>\n<meta name=\"robots\" content=\"index, follow, max-snippet:-1, max-image-preview:large, max-video-preview:-1\" \/>\n<link rel=\"canonical\" href=\"https:\/\/www.gltfoundation.com\/fr\/asd-livorno-calcio-femminile\/\" \/>\n<meta property=\"og:locale\" content=\"fr_FR\" \/>\n<meta property=\"og:type\" content=\"article\" \/>\n<meta property=\"og:title\" content=\"ASD LIVORNO CALCIO FEMMINILE - GLT Foundation\" \/>\n<meta property=\"og:url\" content=\"https:\/\/www.gltfoundation.com\/fr\/asd-livorno-calcio-femminile\/\" \/>\n<meta property=\"og:site_name\" content=\"GLT Foundation\" \/>\n<meta property=\"article:publisher\" content=\"https:\/\/www.facebook.com\/GlobalThinkingFoundation\/\" \/>\n<meta property=\"article:modified_time\" content=\"2025-02-26T12:33:13+00:00\" \/>\n<meta name=\"twitter:card\" content=\"summary_large_image\" \/>\n<meta name=\"twitter:site\" content=\"@GltFoundation\" \/>\n<meta name=\"twitter:label1\" content=\"Dur\u00e9e de lecture estim\u00e9e\" \/>\n\t<meta name=\"twitter:data1\" content=\"2 minutes\" \/>\n<script type=\"application\/ld+json\" class=\"yoast-schema-graph\">{\"@context\":\"https:\/\/schema.org\",\"@graph\":[{\"@type\":\"WebPage\",\"@id\":\"https:\/\/www.gltfoundation.com\/fr\/asd-livorno-calcio-femminile\/\",\"url\":\"https:\/\/www.gltfoundation.com\/fr\/asd-livorno-calcio-femminile\/\",\"name\":\"ASD LIVORNO CALCIO FEMMINILE - GLT Foundation\",\"isPartOf\":{\"@id\":\"https:\/\/www.gltfoundation.com\/#website\"},\"datePublished\":\"2025-02-19T10:56:52+00:00\",\"dateModified\":\"2025-02-26T12:33:13+00:00\",\"breadcrumb\":{\"@id\":\"https:\/\/www.gltfoundation.com\/fr\/asd-livorno-calcio-femminile\/#breadcrumb\"},\"inLanguage\":\"fr-FR\",\"potentialAction\":[{\"@type\":\"ReadAction\",\"target\":[\"https:\/\/www.gltfoundation.com\/fr\/asd-livorno-calcio-femminile\/\"]}]},{\"@type\":\"BreadcrumbList\",\"@id\":\"https:\/\/www.gltfoundation.com\/fr\/asd-livorno-calcio-femminile\/#breadcrumb\",\"itemListElement\":[{\"@type\":\"ListItem\",\"position\":1,\"name\":\"Home\",\"item\":\"https:\/\/www.gltfoundation.com\/fr\/\"},{\"@type\":\"ListItem\",\"position\":2,\"name\":\"ASD LIVORNO CALCIO FEMMINILE\"}]},{\"@type\":\"WebSite\",\"@id\":\"https:\/\/www.gltfoundation.com\/#website\",\"url\":\"https:\/\/www.gltfoundation.com\/\",\"name\":\"GLT Foundation\",\"description\":\"\",\"publisher\":{\"@id\":\"https:\/\/www.gltfoundation.com\/#organization\"},\"potentialAction\":[{\"@type\":\"SearchAction\",\"target\":{\"@type\":\"EntryPoint\",\"urlTemplate\":\"https:\/\/www.gltfoundation.com\/?s={search_term_string}\"},\"query-input\":{\"@type\":\"PropertyValueSpecification\",\"valueRequired\":true,\"valueName\":\"search_term_string\"}}],\"inLanguage\":\"fr-FR\"},{\"@type\":\"Organization\",\"@id\":\"https:\/\/www.gltfoundation.com\/#organization\",\"name\":\"GLT Foundation\",\"url\":\"https:\/\/www.gltfoundation.com\/\",\"logo\":{\"@type\":\"ImageObject\",\"inLanguage\":\"fr-FR\",\"@id\":\"https:\/\/www.gltfoundation.com\/#\/schema\/logo\/image\/\",\"url\":\"https:\/\/www.gltfoundation.com\/wp-content\/uploads\/2023\/05\/logo-glt.png\",\"contentUrl\":\"https:\/\/www.gltfoundation.com\/wp-content\/uploads\/2023\/05\/logo-glt.png\",\"width\":152,\"height\":67,\"caption\":\"GLT Foundation\"},\"image\":{\"@id\":\"https:\/\/www.gltfoundation.com\/#\/schema\/logo\/image\/\"},\"sameAs\":[\"https:\/\/www.facebook.com\/GlobalThinkingFoundation\/\",\"https:\/\/x.com\/GltFoundation\",\"https:\/\/www.youtube.com\/channel\/UCDNBF4vXJH618xaFlqdyYhw\",\"https:\/\/www.linkedin.com\/company\/10678527\/\",\"https:\/\/www.instagram.com\/globalthinkingfoundation\/\"]}]}<\/script>\n<!-- \/ Yoast SEO plugin. -->","yoast_head_json":{"title":"ASD LIVORNO CALCIO FEMMINILE - GLT Foundation","robots":{"index":"index","follow":"follow","max-snippet":"max-snippet:-1","max-image-preview":"max-image-preview:large","max-video-preview":"max-video-preview:-1"},"canonical":"https:\/\/www.gltfoundation.com\/fr\/asd-livorno-calcio-femminile\/","og_locale":"fr_FR","og_type":"article","og_title":"ASD LIVORNO CALCIO FEMMINILE - GLT Foundation","og_url":"https:\/\/www.gltfoundation.com\/fr\/asd-livorno-calcio-femminile\/","og_site_name":"GLT Foundation","article_publisher":"https:\/\/www.facebook.com\/GlobalThinkingFoundation\/","article_modified_time":"2025-02-26T12:33:13+00:00","twitter_card":"summary_large_image","twitter_site":"@GltFoundation","twitter_misc":{"Dur\u00e9e de lecture estim\u00e9e":"2 minutes"},"schema":{"@context":"https:\/\/schema.org","@graph":[{"@type":"WebPage","@id":"https:\/\/www.gltfoundation.com\/fr\/asd-livorno-calcio-femminile\/","url":"https:\/\/www.gltfoundation.com\/fr\/asd-livorno-calcio-femminile\/","name":"ASD LIVORNO CALCIO FEMMINILE - GLT Foundation","isPartOf":{"@id":"https:\/\/www.gltfoundation.com\/#website"},"datePublished":"2025-02-19T10:56:52+00:00","dateModified":"2025-02-26T12:33:13+00:00","breadcrumb":{"@id":"https:\/\/www.gltfoundation.com\/fr\/asd-livorno-calcio-femminile\/#breadcrumb"},"inLanguage":"fr-FR","potentialAction":[{"@type":"ReadAction","target":["https:\/\/www.gltfoundation.com\/fr\/asd-livorno-calcio-femminile\/"]}]},{"@type":"BreadcrumbList","@id":"https:\/\/www.gltfoundation.com\/fr\/asd-livorno-calcio-femminile\/#breadcrumb","itemListElement":[{"@type":"ListItem","position":1,"name":"Home","item":"https:\/\/www.gltfoundation.com\/fr\/"},{"@type":"ListItem","position":2,"name":"ASD LIVORNO CALCIO FEMMINILE"}]},{"@type":"WebSite","@id":"https:\/\/www.gltfoundation.com\/#website","url":"https:\/\/www.gltfoundation.com\/","name":"GLT Foundation","description":"","publisher":{"@id":"https:\/\/www.gltfoundation.com\/#organization"},"potentialAction":[{"@type":"SearchAction","target":{"@type":"EntryPoint","urlTemplate":"https:\/\/www.gltfoundation.com\/?s={search_term_string}"},"query-input":{"@type":"PropertyValueSpecification","valueRequired":true,"valueName":"search_term_string"}}],"inLanguage":"fr-FR"},{"@type":"Organization","@id":"https:\/\/www.gltfoundation.com\/#organization","name":"GLT Foundation","url":"https:\/\/www.gltfoundation.com\/","logo":{"@type":"ImageObject","inLanguage":"fr-FR","@id":"https:\/\/www.gltfoundation.com\/#\/schema\/logo\/image\/","url":"https:\/\/www.gltfoundation.com\/wp-content\/uploads\/2023\/05\/logo-glt.png","contentUrl":"https:\/\/www.gltfoundation.com\/wp-content\/uploads\/2023\/05\/logo-glt.png","width":152,"height":67,"caption":"GLT Foundation"},"image":{"@id":"https:\/\/www.gltfoundation.com\/#\/schema\/logo\/image\/"},"sameAs":["https:\/\/www.facebook.com\/GlobalThinkingFoundation\/","https:\/\/x.com\/GltFoundation","https:\/\/www.youtube.com\/channel\/UCDNBF4vXJH618xaFlqdyYhw","https:\/\/www.linkedin.com\/company\/10678527\/","https:\/\/www.instagram.com\/globalthinkingfoundation\/"]}]}},"_links":{"self":[{"href":"https:\/\/www.gltfoundation.com\/fr\/wp-json\/wp\/v2\/pages\/65499"}],"collection":[{"href":"https:\/\/www.gltfoundation.com\/fr\/wp-json\/wp\/v2\/pages"}],"about":[{"href":"https:\/\/www.gltfoundation.com\/fr\/wp-json\/wp\/v2\/types\/page"}],"author":[{"embeddable":true,"href":"https:\/\/www.gltfoundation.com\/fr\/wp-json\/wp\/v2\/users\/6"}],"replies":[{"embeddable":true,"href":"https:\/\/www.gltfoundation.com\/fr\/wp-json\/wp\/v2\/comments?post=65499"}],"version-history":[{"count":2,"href":"https:\/\/www.gltfoundation.com\/fr\/wp-json\/wp\/v2\/pages\/65499\/revisions"}],"predecessor-version":[{"id":65703,"href":"https:\/\/www.gltfoundation.com\/fr\/wp-json\/wp\/v2\/pages\/65499\/revisions\/65703"}],"wp:attachment":[{"href":"https:\/\/www.gltfoundation.com\/fr\/wp-json\/wp\/v2\/media?parent=65499"}],"wp:term":[{"taxonomy":"category","embeddable":true,"href":"https:\/\/www.gltfoundation.com\/fr\/wp-json\/wp\/v2\/categories?post=65499"}],"curies":[{"name":"wp","href":"https:\/\/api.w.org\/{rel}","templated":true}]}}