{"id":68037,"date":"2024-01-11T16:30:10","date_gmt":"2024-01-11T15:30:10","guid":{"rendered":"https:\/\/www.gltfoundation.com\/tra-le-righe\/"},"modified":"2025-12-15T11:47:15","modified_gmt":"2025-12-15T10:47:15","slug":"tra-le-righe","status":"publish","type":"page","link":"https:\/\/www.gltfoundation.com\/fr\/tra-le-righe\/","title":{"rendered":"TRA LE RIGHE: <br>Histoires de livres, de lecteurs et d\u2019espaces qui se rencontrent."},"content":{"rendered":"   \n\n      <!-- INTRO INNER PAGE -->\n   <section class=\"intro-part-1\">\n       <div class=\"intro-inner-page bg-green-light glt-top-space\">\n           <!-- rounded box -->\n           <div class=\"container\">\n               <div class=\"row\">\n                   <div class=\"col\">\n                       <div class=\"el-rounded has-shadow-big bg-white\">\n                           <p class=\"breadcrumbs\" id=\"breadcrumbs\"><span><span><a href=\"https:\/\/www.gltfoundation.com\/fr\/\">Home<\/a><\/span><\/span><\/p>\n                           <div class=\"row justify-content-center\">\n                               <div class=\"col mb-4\">\n                                                                          <h2>TRA LE RIGHE: <br>Histoires de livres, de lecteurs et d\u2019espaces qui se rencontrent.<\/h2>\n                                                                                                             <h5 class=\"mt-5\"><p data-start=\"69\" data-end=\"492\">Le projet <strong>\u00abTra Le Righe. Histoires de livres, de lecteurs et d\u2019espaces qui se rencontrent\u00bb<\/strong>, soutenu par la Fondation Cariplo, s\u2019adresse \u00e0 tous les groupes d\u2019\u00e2ge et vise \u00e0 rapprocher, \u00e9veiller et renforcer la curiosit\u00e9 et l\u2019int\u00e9r\u00eat des personnes pour la lecture et le monde des livres, \u00e0 travers la r\u00e9alisation de parcours, d\u2019activit\u00e9s et d\u2019\u00e9v\u00e9nements sur le territoire milanais : dans les Municipalit\u00e9s 2, 3 et 4.<\/p>\n<p data-start=\"494\" data-end=\"759\">Le projet a \u00e9t\u00e9 lanc\u00e9 en juin 2023 lors d\u2019un \u00e9v\u00e9nement de pr\u00e9sentation organis\u00e9 \u00e0 l\u2019Auditorium Stefano Cerri et s&rsquo;est achev\u00e9 en juin 2025. Ses objectifs s\u2019inscrivent dans la perspective de l\u2019<strong>Objectif 4 sur l\u2019\u00e9ducation de qualit\u00e9 et de l\u2019Objectif 1 pour lutter contre la pauvret\u00e9 \u00e9ducative.<\/strong><\/p>\n<p data-start=\"761\" data-end=\"1315\">Le fil conducteur du projet est le <strong>th\u00e8me du voyage<\/strong>, d\u00e9clin\u00e9 sous ses diff\u00e9rentes facettes : les livres voyageront dans la ville, les personnes voyageront avec leur imagination gr\u00e2ce aux livres, des r\u00e9cits de voyages seront partag\u00e9s, et l\u2019on voyagera dans le temps \u00e0 travers diff\u00e9rentes formes et genres litt\u00e9raires. Tout cela favorisera un \u00e9change d\u2019exp\u00e9riences contribuant \u00e0 la croissance personnelle et culturelle, tout en cultivant une pens\u00e9e critique qui renforce la conscience pour une pleine autod\u00e9termination et une participation sociale active.<\/p>\n<\/h5>\n                                                                  <\/div>\n                                                          <\/div>\n                                                  <\/div>\n                   <\/div>\n               <\/div>\n           <\/div>\n           <!-- \/\/ rounded box -->\n       <\/div>\n   <\/section>\n   <!-- \/\/ INTRO INNER PAGE -->\n\n    <section class=\"intro-part-2 \">\r\n        <div class=\"intro-inner-page\">\r\n            <!-- custom content -->\r\n            <div class=\"custom-content left\">\r\n                <div class=\"row\">\r\n                    <div class=\"col-auto mt-8 img-wrapper\">\r\n                        <img decoding=\"async\" class=\"el-rounded\" src=\"https:\/\/www.gltfoundation.com\/wp-content\/uploads\/2024\/01\/TRA-LE-RIGHE-foto-per-pagina-sito-copia-1024x850.png\" alt=\"\">\r\n                    <\/div>\r\n                    <div class=\"col-auto mt-8 content-wrapper\">\r\n                                                                            <p>\r\n                                <p data-start=\"40\" data-end=\"159\">Plus sp\u00e9cifiquement, le projet <strong>Tra Le Righe<\/strong>\u00a0se structure autour de <strong>quatre actions<\/strong>, indiqu\u00e9es sur les affiches :<\/p>\n<ul>\n<li>Action 1 \u2013 La lecture pour explorer des mondes et des langages<\/li>\n<li>Action 2 \u2013 La lecture pour se raconter et raconter aux autres<\/li>\n<li>Action 3 \u2013 La lecture pour cr\u00e9er du lien communautaire<\/li>\n<li>Action 4 \u2013 Lieux et non-lieux de la lecture<\/li>\n<\/ul>\n                            <\/p>\r\n                                            <\/div>\r\n                <\/div>\r\n            <\/div>\r\n            <!-- \/\/ custom content -->\r\n        <\/div>\r\n    <\/section>\r\n\n\n<!-- INTRO INNER PAGE -->\r\n<section>\r\n    <div class=\"intro-inner-page\">\r\n        <!-- rounded box -->\r\n        <div class=\"container\">\r\n           \r\n                    <div class=\"el-rounded has-shadow-big bg-white\">\r\n                    \n    <div class=\"glt-flex-content-editor\">\n            <div class=\"row\">\n            <div class=\"col\">\n\n                    <div><div>\n<p data-start=\"40\" data-end=\"310\">Nous avons \u00e9t\u00e9 le <strong>chef de file du projet<\/strong> et avons coordonn\u00e9 les actions suivantes, avec des r\u00e9sultats importants dont nous partageons le succ\u00e8s avec <strong>tous les partenaires du projet<\/strong>: Cogess, ABCitt\u00e0, Fondazione Cariplo, Fondazione Franco Fossati, Wow Museo del Fumetto.<\/p>\n<ul>\n<li data-start=\"312\" data-end=\"555\">Action 1: Livres pour explorer et Livres pour changer le monde<\/li>\n<li data-start=\"312\" data-end=\"555\">Action 2: Entre m\u00e9moire et histoires<\/li>\n<li data-start=\"312\" data-end=\"555\">Action 3: Salutations de livres\u2026 magnifiques !<\/li>\n<li data-start=\"312\" data-end=\"555\">Action 4: Une porte dimensionnelle pour atteindre de nombreux mondes<\/li>\n<\/ul>\n<p data-start=\"557\" data-end=\"699\">Nous sommes fiers de la participation et de l\u2019enthousiasme suscit\u00e9s par ces exp\u00e9riences, que nous pouvons r\u00e9sumer num\u00e9riquement comme suit:<\/p>\n<p data-start=\"557\" data-end=\"699\"><img loading=\"lazy\" decoding=\"async\" class=\"alignnone  wp-image-68042\" src=\"https:\/\/www.gltfoundation.com\/wp-content\/uploads\/2025\/08\/Tabella-Tra-le-righe-numeri-fra-300x213.png\" alt=\"\" width=\"649\" height=\"461\" srcset=\"https:\/\/www.gltfoundation.com\/wp-content\/uploads\/2025\/08\/Tabella-Tra-le-righe-numeri-fra-300x213.png 300w, https:\/\/www.gltfoundation.com\/wp-content\/uploads\/2025\/08\/Tabella-Tra-le-righe-numeri-fra-768x544.png 768w, https:\/\/www.gltfoundation.com\/wp-content\/uploads\/2025\/08\/Tabella-Tra-le-righe-numeri-fra-500x354.png 500w, https:\/\/www.gltfoundation.com\/wp-content\/uploads\/2025\/08\/Tabella-Tra-le-righe-numeri-fra.png 1200w\" sizes=\"(max-width: 649px) 100vw, 649px\" \/><\/p>\n<p>&nbsp;<\/p>\n<\/div>\n<\/div>\r\n            <\/div>\n        <\/div>\n\n        <\/div>\n\n    \n                    <\/div>\r\n              \r\n        <\/div>\r\n        <!-- \/\/ rounded box -->\r\n    <\/div>\r\n<\/section>\r\n<!-- \/\/ INTRO INNER PAGE -->\r\n\n\n<section class=\"alternate-text-block\">\r\n    <div class=\"container\">\r\n        <div class=\"row\">\r\n            <div class=\"col\">\r\n\r\n                <!-- ALT TEXT -->\r\n                <div class=\"alternate-text\">\r\n                                        <!-- ITEM -->\r\n                    <div class=\"alternate-text-item\">\r\n                        <h5 class=\"pre-title\"><\/h5>\r\n                        <div class=\"text-box\">\r\n                            <div class=\"img-wrapper\">\r\n                                <img decoding=\"async\" class=\"\" src=\"\" alt=\"\">\r\n                            <\/div>\r\n                            <div class=\"content-wrapper\">\r\n                                <h3 class=\"text-title\">Eventi &#8211; 2024\/2025<\/h3>\r\n                                <h4 class=\"text-subtitle\"><\/h4>\r\n                                <div class=\"text-content\">\r\n                                    <p><a href=\"\/\/www.gltfoundation.com\/tra-le-righe\/\" target=\"_blank\" rel=\"noopener\"><br \/>\n  D\u00e9couvrez les \u00e9v\u00e9nements qui ont eu lieu en Italie.<br \/>\n<\/a><\/p>\n                                <\/div>\r\n                            <\/div>\r\n                        <\/div>\r\n                    <\/div>\r\n                    <!-- \/\/ ITEM -->\r\n                                    <\/div>\r\n                <!-- \/\/ ALT TEXT -->\r\n\r\n            <\/div>\r\n        <\/div>\r\n    <\/div>\r\n<\/section>\r\n\n\n    <!-- PARTNERS -->\r\n    <section>\r\n        <div class=\"container\">\r\n\r\n            <div class=\"common-container el-rounded bg-strawberry mt-4\">\r\n                <div class=\"row\">\r\n                                            <div class=\"col\">\r\n                            <div class=\"text-center\">\r\n                                <h4 class=\"text-white mb-5\"><EM>Les partenaires se sont engag\u00e9s de mani\u00e8re inclusive et \u00e0 grande \u00e9chelle \u00e0 atteindre les objectifs de d\u00e9veloppement durable des Nations Unies pour 2030, notamment la r\u00e9duction des in\u00e9galit\u00e9s (objectif 10), l&rsquo;\u00e9galit\u00e9 des sexes (objectif 5) et la cr\u00e9ation d&#8217;emplois d\u00e9cents et la croissance \u00e9conomique (objectif 8).<\/EM><br\/> <br\/> Projet r\u00e9alis\u00e9 par:<\/h4>\r\n                            <\/div>\r\n                        <\/div>\r\n                                    <\/div>\r\n                                    <div class=\"row partners-section\">\r\n                                        <div class=\"col\">\r\n                        <img decoding=\"async\" src=\"https:\/\/www.gltfoundation.com\/wp-content\/uploads\/2024\/01\/Progetto-senza-titolo-9.png\" alt=\"\">\r\n                    <\/div>\r\n                                    <div class=\"col\">\r\n                        <img decoding=\"async\" src=\"https:\/\/www.gltfoundation.com\/wp-content\/uploads\/2024\/01\/Progetto-senza-titolo-2-3.png\" alt=\"\">\r\n                    <\/div>\r\n                                    <div class=\"col\">\r\n                        <img decoding=\"async\" src=\"https:\/\/www.gltfoundation.com\/wp-content\/uploads\/2024\/01\/Progetto-senza-titolo-3.png\" alt=\"\">\r\n                    <\/div>\r\n                                    <div class=\"col\">\r\n                        <img decoding=\"async\" src=\"https:\/\/www.gltfoundation.com\/wp-content\/uploads\/2024\/01\/Progetto-senza-titolo-4.png\" alt=\"\">\r\n                    <\/div>\r\n                                    <div class=\"col\">\r\n                        <img decoding=\"async\" src=\"https:\/\/www.gltfoundation.com\/wp-content\/uploads\/2024\/01\/Progetto-senza-titolo-7.png\" alt=\"\">\r\n                    <\/div>\r\n                                    <div class=\"col\">\r\n                        <img decoding=\"async\" src=\"https:\/\/www.gltfoundation.com\/wp-content\/uploads\/2024\/01\/Progetto-senza-titolo-10.png\" alt=\"\">\r\n                    <\/div>\r\n                                    <\/div>\r\n                            <\/div>\r\n        <\/div>\r\n\r\n    <\/section>\r\n    <!-- \/\/ PARTNERS -->\r\n","protected":false},"excerpt":{"rendered":"","protected":false},"author":4,"featured_media":0,"parent":0,"menu_order":0,"comment_status":"closed","ping_status":"closed","template":"","meta":{"_acf_changed":false,"inline_featured_image":false,"_themeisle_gutenberg_block_has_review":false,"footnotes":""},"categories":[],"class_list":["post-68037","page","type-page","status-publish","hentry"],"acf":[],"yoast_head":"<!-- This site is optimized with the Yoast SEO plugin v23.6 - https:\/\/yoast.com\/wordpress\/plugins\/seo\/ -->\n<title>TRA LE RIGHE: Histoires de livres, de lecteurs et d\u2019espaces qui se rencontrent. - GLT Foundation<\/title>\n<meta name=\"robots\" content=\"index, follow, max-snippet:-1, max-image-preview:large, max-video-preview:-1\" \/>\n<link rel=\"canonical\" href=\"https:\/\/www.gltfoundation.com\/fr\/tra-le-righe\/\" \/>\n<meta property=\"og:locale\" content=\"fr_FR\" \/>\n<meta property=\"og:type\" content=\"article\" \/>\n<meta property=\"og:title\" content=\"TRA LE RIGHE: Histoires de livres, de lecteurs et d\u2019espaces qui se rencontrent. - GLT Foundation\" \/>\n<meta property=\"og:url\" content=\"https:\/\/www.gltfoundation.com\/fr\/tra-le-righe\/\" \/>\n<meta property=\"og:site_name\" content=\"GLT Foundation\" \/>\n<meta property=\"article:publisher\" content=\"https:\/\/www.facebook.com\/GlobalThinkingFoundation\/\" \/>\n<meta property=\"article:modified_time\" content=\"2025-12-15T10:47:15+00:00\" \/>\n<meta name=\"twitter:card\" content=\"summary_large_image\" \/>\n<meta name=\"twitter:site\" content=\"@GltFoundation\" \/>\n<meta name=\"twitter:label1\" content=\"Dur\u00e9e de lecture estim\u00e9e\" \/>\n\t<meta name=\"twitter:data1\" content=\"4 minutes\" \/>\n<script type=\"application\/ld+json\" class=\"yoast-schema-graph\">{\"@context\":\"https:\/\/schema.org\",\"@graph\":[{\"@type\":\"WebPage\",\"@id\":\"https:\/\/www.gltfoundation.com\/fr\/tra-le-righe\/\",\"url\":\"https:\/\/www.gltfoundation.com\/fr\/tra-le-righe\/\",\"name\":\"TRA LE RIGHE: Histoires de livres, de lecteurs et d\u2019espaces qui se rencontrent. - GLT Foundation\",\"isPartOf\":{\"@id\":\"https:\/\/www.gltfoundation.com\/#website\"},\"datePublished\":\"2024-01-11T15:30:10+00:00\",\"dateModified\":\"2025-12-15T10:47:15+00:00\",\"breadcrumb\":{\"@id\":\"https:\/\/www.gltfoundation.com\/fr\/tra-le-righe\/#breadcrumb\"},\"inLanguage\":\"fr-FR\",\"potentialAction\":[{\"@type\":\"ReadAction\",\"target\":[\"https:\/\/www.gltfoundation.com\/fr\/tra-le-righe\/\"]}]},{\"@type\":\"BreadcrumbList\",\"@id\":\"https:\/\/www.gltfoundation.com\/fr\/tra-le-righe\/#breadcrumb\",\"itemListElement\":[{\"@type\":\"ListItem\",\"position\":1,\"name\":\"Home\",\"item\":\"https:\/\/www.gltfoundation.com\/fr\/\"},{\"@type\":\"ListItem\",\"position\":2,\"name\":\"TRA LE RIGHE: Histoires de livres, de lecteurs et d\u2019espaces qui se rencontrent.\"}]},{\"@type\":\"WebSite\",\"@id\":\"https:\/\/www.gltfoundation.com\/#website\",\"url\":\"https:\/\/www.gltfoundation.com\/\",\"name\":\"GLT Foundation\",\"description\":\"\",\"publisher\":{\"@id\":\"https:\/\/www.gltfoundation.com\/#organization\"},\"potentialAction\":[{\"@type\":\"SearchAction\",\"target\":{\"@type\":\"EntryPoint\",\"urlTemplate\":\"https:\/\/www.gltfoundation.com\/?s={search_term_string}\"},\"query-input\":{\"@type\":\"PropertyValueSpecification\",\"valueRequired\":true,\"valueName\":\"search_term_string\"}}],\"inLanguage\":\"fr-FR\"},{\"@type\":\"Organization\",\"@id\":\"https:\/\/www.gltfoundation.com\/#organization\",\"name\":\"GLT Foundation\",\"url\":\"https:\/\/www.gltfoundation.com\/\",\"logo\":{\"@type\":\"ImageObject\",\"inLanguage\":\"fr-FR\",\"@id\":\"https:\/\/www.gltfoundation.com\/#\/schema\/logo\/image\/\",\"url\":\"https:\/\/www.gltfoundation.com\/wp-content\/uploads\/2023\/05\/logo-glt.png\",\"contentUrl\":\"https:\/\/www.gltfoundation.com\/wp-content\/uploads\/2023\/05\/logo-glt.png\",\"width\":152,\"height\":67,\"caption\":\"GLT Foundation\"},\"image\":{\"@id\":\"https:\/\/www.gltfoundation.com\/#\/schema\/logo\/image\/\"},\"sameAs\":[\"https:\/\/www.facebook.com\/GlobalThinkingFoundation\/\",\"https:\/\/x.com\/GltFoundation\",\"https:\/\/www.youtube.com\/channel\/UCDNBF4vXJH618xaFlqdyYhw\",\"https:\/\/www.linkedin.com\/company\/10678527\/\",\"https:\/\/www.instagram.com\/globalthinkingfoundation\/\"]}]}<\/script>\n<!-- \/ Yoast SEO plugin. -->","yoast_head_json":{"title":"TRA LE RIGHE: Histoires de livres, de lecteurs et d\u2019espaces qui se rencontrent. - GLT Foundation","robots":{"index":"index","follow":"follow","max-snippet":"max-snippet:-1","max-image-preview":"max-image-preview:large","max-video-preview":"max-video-preview:-1"},"canonical":"https:\/\/www.gltfoundation.com\/fr\/tra-le-righe\/","og_locale":"fr_FR","og_type":"article","og_title":"TRA LE RIGHE: Histoires de livres, de lecteurs et d\u2019espaces qui se rencontrent. - GLT Foundation","og_url":"https:\/\/www.gltfoundation.com\/fr\/tra-le-righe\/","og_site_name":"GLT Foundation","article_publisher":"https:\/\/www.facebook.com\/GlobalThinkingFoundation\/","article_modified_time":"2025-12-15T10:47:15+00:00","twitter_card":"summary_large_image","twitter_site":"@GltFoundation","twitter_misc":{"Dur\u00e9e de lecture estim\u00e9e":"4 minutes"},"schema":{"@context":"https:\/\/schema.org","@graph":[{"@type":"WebPage","@id":"https:\/\/www.gltfoundation.com\/fr\/tra-le-righe\/","url":"https:\/\/www.gltfoundation.com\/fr\/tra-le-righe\/","name":"TRA LE RIGHE: Histoires de livres, de lecteurs et d\u2019espaces qui se rencontrent. - GLT Foundation","isPartOf":{"@id":"https:\/\/www.gltfoundation.com\/#website"},"datePublished":"2024-01-11T15:30:10+00:00","dateModified":"2025-12-15T10:47:15+00:00","breadcrumb":{"@id":"https:\/\/www.gltfoundation.com\/fr\/tra-le-righe\/#breadcrumb"},"inLanguage":"fr-FR","potentialAction":[{"@type":"ReadAction","target":["https:\/\/www.gltfoundation.com\/fr\/tra-le-righe\/"]}]},{"@type":"BreadcrumbList","@id":"https:\/\/www.gltfoundation.com\/fr\/tra-le-righe\/#breadcrumb","itemListElement":[{"@type":"ListItem","position":1,"name":"Home","item":"https:\/\/www.gltfoundation.com\/fr\/"},{"@type":"ListItem","position":2,"name":"TRA LE RIGHE: Histoires de livres, de lecteurs et d\u2019espaces qui se rencontrent."}]},{"@type":"WebSite","@id":"https:\/\/www.gltfoundation.com\/#website","url":"https:\/\/www.gltfoundation.com\/","name":"GLT Foundation","description":"","publisher":{"@id":"https:\/\/www.gltfoundation.com\/#organization"},"potentialAction":[{"@type":"SearchAction","target":{"@type":"EntryPoint","urlTemplate":"https:\/\/www.gltfoundation.com\/?s={search_term_string}"},"query-input":{"@type":"PropertyValueSpecification","valueRequired":true,"valueName":"search_term_string"}}],"inLanguage":"fr-FR"},{"@type":"Organization","@id":"https:\/\/www.gltfoundation.com\/#organization","name":"GLT Foundation","url":"https:\/\/www.gltfoundation.com\/","logo":{"@type":"ImageObject","inLanguage":"fr-FR","@id":"https:\/\/www.gltfoundation.com\/#\/schema\/logo\/image\/","url":"https:\/\/www.gltfoundation.com\/wp-content\/uploads\/2023\/05\/logo-glt.png","contentUrl":"https:\/\/www.gltfoundation.com\/wp-content\/uploads\/2023\/05\/logo-glt.png","width":152,"height":67,"caption":"GLT Foundation"},"image":{"@id":"https:\/\/www.gltfoundation.com\/#\/schema\/logo\/image\/"},"sameAs":["https:\/\/www.facebook.com\/GlobalThinkingFoundation\/","https:\/\/x.com\/GltFoundation","https:\/\/www.youtube.com\/channel\/UCDNBF4vXJH618xaFlqdyYhw","https:\/\/www.linkedin.com\/company\/10678527\/","https:\/\/www.instagram.com\/globalthinkingfoundation\/"]}]}},"_links":{"self":[{"href":"https:\/\/www.gltfoundation.com\/fr\/wp-json\/wp\/v2\/pages\/68037"}],"collection":[{"href":"https:\/\/www.gltfoundation.com\/fr\/wp-json\/wp\/v2\/pages"}],"about":[{"href":"https:\/\/www.gltfoundation.com\/fr\/wp-json\/wp\/v2\/types\/page"}],"author":[{"embeddable":true,"href":"https:\/\/www.gltfoundation.com\/fr\/wp-json\/wp\/v2\/users\/4"}],"replies":[{"embeddable":true,"href":"https:\/\/www.gltfoundation.com\/fr\/wp-json\/wp\/v2\/comments?post=68037"}],"version-history":[{"count":12,"href":"https:\/\/www.gltfoundation.com\/fr\/wp-json\/wp\/v2\/pages\/68037\/revisions"}],"predecessor-version":[{"id":69893,"href":"https:\/\/www.gltfoundation.com\/fr\/wp-json\/wp\/v2\/pages\/68037\/revisions\/69893"}],"wp:attachment":[{"href":"https:\/\/www.gltfoundation.com\/fr\/wp-json\/wp\/v2\/media?parent=68037"}],"wp:term":[{"taxonomy":"category","embeddable":true,"href":"https:\/\/www.gltfoundation.com\/fr\/wp-json\/wp\/v2\/categories?post=68037"}],"curies":[{"name":"wp","href":"https:\/\/api.w.org\/{rel}","templated":true}]}}